{"id":903,"date":"2013-05-03T09:00:14","date_gmt":"2013-05-03T07:00:14","guid":{"rendered":"\/?page_id=903"},"modified":"2018-04-26T15:40:17","modified_gmt":"2018-04-26T13:40:17","slug":"vente-dartisanat","status":"publish","type":"page","link":"https:\/\/www.ayudart.org\/es\/lassoication-ayudart\/vente-dartisanat\/","title":{"rendered":"Vente d\u2019artisanat"},"content":{"rendered":"<div style=\"text-align: center;\">Depuis sa cr\u00e9ation, Ayud&#8217;Art a toujours\u00a0refus\u00e9 de solliciter\u00a0votre g\u00e9n\u00e9rosit\u00e9 en restant passivement \u00e0 demander la charit\u00e9.<\/div>\n<div style=\"text-align: center;\"><\/div>\n<div style=\"text-align: center;\">Apr\u00e8s avoir parcouru le P\u00e9rou d&#8217;Est en Ouest, du Nord au Sud, la diversit\u00e9 et la richesse de l&#8217;artisanat produit par de petits producteurs isol\u00e9s nous a saut\u00e9 aux yeux et nous avons d\u00e9cid\u00e9 d&#8217;importer leurs productions -conform\u00e9ment \u00e0 la l\u00e9gislation en vigueur- afin de les proposer \u00e0 la vente et d&#8217;obtenir ainsi une part d&#8217;autofinancement.<\/div>\n<div style=\"text-align: center;\"><\/div>\n<div style=\"text-align: center;\">L&#8217;activit\u00e9 marchande de l&#8217;association n&#8217;est ni sa finalit\u00e9, ni sa raison d&#8217;\u00eatre , ni l&#8217;essentiel de son activit\u00e9\u00a0:\u00a0cet axe \u00a0lucratif d&#8217;Ayud&#8217;Art n&#8217;est pas pr\u00e9pond\u00e9rant.\u00a0 Il s&#8217;agit d&#8217;un moyen de permettre \u00e0 nos producteurs de vivre dignement tout en valorisant le fruit de leurs efforts, de vous rencontrer derri\u00e8re nos stands, d&#8217;\u00eatre pr\u00e9sents \u00e0 de nombreuses manifestations grand public.<\/div>\n<p>&nbsp;<\/p>\n<table>\n<tbody>\n<tr>\n<td><a href=\"https:\/\/www.ayudart.org\/wp-content\/uploads\/2013\/05\/P1150820.v2.jpg\"><img loading=\"lazy\" decoding=\"async\" class=\"size-thumbnail wp-image-2317 aligncenter\" src=\"https:\/\/www.ayudart.org\/wp-content\/uploads\/2013\/05\/P1150820.v2-150x150.jpg\" alt=\"\" width=\"150\" height=\"150\" srcset=\"https:\/\/www.ayudart.org\/wp-content\/uploads\/2013\/05\/P1150820.v2-150x150.jpg 150w, https:\/\/www.ayudart.org\/wp-content\/uploads\/2013\/05\/P1150820.v2-100x100.jpg 100w\" sizes=\"auto, (max-width: 150px) 100vw, 150px\" \/><\/a><\/td>\n<td><a href=\"https:\/\/www.ayudart.org\/wp-content\/uploads\/2013\/05\/photo-1.v2.jpg\"><img loading=\"lazy\" decoding=\"async\" class=\"size-thumbnail wp-image-2318 aligncenter\" src=\"https:\/\/www.ayudart.org\/wp-content\/uploads\/2013\/05\/photo-1.v2-150x150.jpg\" alt=\"\" width=\"150\" height=\"150\" srcset=\"https:\/\/www.ayudart.org\/wp-content\/uploads\/2013\/05\/photo-1.v2-150x150.jpg 150w, https:\/\/www.ayudart.org\/wp-content\/uploads\/2013\/05\/photo-1.v2-100x100.jpg 100w\" sizes=\"auto, (max-width: 150px) 100vw, 150px\" \/><\/a><\/td>\n<td><a href=\"https:\/\/www.ayudart.org\/wp-content\/uploads\/2013\/05\/photo-2222.v2.jpg\"><img loading=\"lazy\" decoding=\"async\" class=\"size-thumbnail wp-image-2319 aligncenter\" src=\"https:\/\/www.ayudart.org\/wp-content\/uploads\/2013\/05\/photo-2222.v2-150x150.jpg\" alt=\"\" width=\"150\" height=\"150\" srcset=\"https:\/\/www.ayudart.org\/wp-content\/uploads\/2013\/05\/photo-2222.v2-150x150.jpg 150w, https:\/\/www.ayudart.org\/wp-content\/uploads\/2013\/05\/photo-2222.v2-100x100.jpg 100w\" sizes=\"auto, (max-width: 150px) 100vw, 150px\" \/><\/a><\/td>\n<td><a href=\"https:\/\/www.ayudart.org\/wp-content\/uploads\/2013\/05\/photo5.v2.jpg\"><img loading=\"lazy\" decoding=\"async\" class=\"size-thumbnail wp-image-2320 aligncenter\" src=\"https:\/\/www.ayudart.org\/wp-content\/uploads\/2013\/05\/photo5.v2-150x150.jpg\" alt=\"\" width=\"150\" height=\"150\" srcset=\"https:\/\/www.ayudart.org\/wp-content\/uploads\/2013\/05\/photo5.v2-150x150.jpg 150w, https:\/\/www.ayudart.org\/wp-content\/uploads\/2013\/05\/photo5.v2-100x100.jpg 100w\" sizes=\"auto, (max-width: 150px) 100vw, 150px\" \/><\/a><\/td>\n<\/tr>\n<tr>\n<td><a href=\"https:\/\/www.ayudart.org\/wp-content\/uploads\/2013\/05\/stand-communiquer.v2.jpg\"><img loading=\"lazy\" decoding=\"async\" class=\"size-thumbnail wp-image-2321 aligncenter\" src=\"https:\/\/www.ayudart.org\/wp-content\/uploads\/2013\/05\/stand-communiquer.v2-150x150.jpg\" alt=\"\" width=\"150\" height=\"150\" srcset=\"https:\/\/www.ayudart.org\/wp-content\/uploads\/2013\/05\/stand-communiquer.v2-150x150.jpg 150w, https:\/\/www.ayudart.org\/wp-content\/uploads\/2013\/05\/stand-communiquer.v2-100x100.jpg 100w\" sizes=\"auto, (max-width: 150px) 100vw, 150px\" \/><\/a><\/td>\n<td><a href=\"https:\/\/www.ayudart.org\/wp-content\/uploads\/2013\/05\/stand-sept-2008-bouxieres-aux-dames-bis.v2.jpg\"><img loading=\"lazy\" decoding=\"async\" class=\"size-thumbnail wp-image-2322 aligncenter\" src=\"https:\/\/www.ayudart.org\/wp-content\/uploads\/2013\/05\/stand-sept-2008-bouxieres-aux-dames-bis.v2-150x150.jpg\" alt=\"\" width=\"150\" height=\"150\" srcset=\"https:\/\/www.ayudart.org\/wp-content\/uploads\/2013\/05\/stand-sept-2008-bouxieres-aux-dames-bis.v2-150x150.jpg 150w, https:\/\/www.ayudart.org\/wp-content\/uploads\/2013\/05\/stand-sept-2008-bouxieres-aux-dames-bis.v2-100x100.jpg 100w\" sizes=\"auto, (max-width: 150px) 100vw, 150px\" \/><\/a><\/td>\n<td><a href=\"https:\/\/www.ayudart.org\/wp-content\/uploads\/2013\/05\/CIMG5592-21.v2.jpg\"><img loading=\"lazy\" decoding=\"async\" class=\"size-thumbnail wp-image-2323 aligncenter\" src=\"https:\/\/www.ayudart.org\/wp-content\/uploads\/2013\/05\/CIMG5592-21.v2-150x150.jpg\" alt=\"\" width=\"150\" height=\"150\" srcset=\"https:\/\/www.ayudart.org\/wp-content\/uploads\/2013\/05\/CIMG5592-21.v2-150x150.jpg 150w, https:\/\/www.ayudart.org\/wp-content\/uploads\/2013\/05\/CIMG5592-21.v2-100x100.jpg 100w\" sizes=\"auto, (max-width: 150px) 100vw, 150px\" \/><\/a><\/td>\n<td><a href=\"https:\/\/www.ayudart.org\/wp-content\/uploads\/2013\/05\/P1130033.v2.jpg\"><img loading=\"lazy\" decoding=\"async\" class=\"size-thumbnail wp-image-2324 aligncenter\" src=\"https:\/\/www.ayudart.org\/wp-content\/uploads\/2013\/05\/P1130033.v2-150x150.jpg\" alt=\"\" width=\"150\" height=\"150\" srcset=\"https:\/\/www.ayudart.org\/wp-content\/uploads\/2013\/05\/P1130033.v2-150x150.jpg 150w, https:\/\/www.ayudart.org\/wp-content\/uploads\/2013\/05\/P1130033.v2-100x100.jpg 100w\" sizes=\"auto, (max-width: 150px) 100vw, 150px\" \/><\/a><\/td>\n<\/tr>\n<\/tbody>\n<\/table>\n<p>Pour d\u00e9couvrir le travail de nos producteurs au P\u00e9rou, <a title=\"Nos producteurs au P\u00e9rou.\" href=\"\/es\/demarche-ethique\/\">cliquez ici<\/a>.<\/p>\n","protected":false},"excerpt":{"rendered":"<p>Depuis sa cr\u00e9ation, Ayud&#8217;Art a toujours\u00a0refus\u00e9 de solliciter\u00a0votre g\u00e9n\u00e9rosit\u00e9 en restant passivement \u00e0 demander la charit\u00e9. Apr\u00e8s avoir parcouru le P\u00e9rou d&#8217;Est en Ouest, du Nord au Sud, la diversit\u00e9 et la richesse de l&#8217;artisanat produit par de petits producteurs isol\u00e9s nous a saut\u00e9 aux yeux et nous avons d\u00e9cid\u00e9 d&#8217;importer leurs productions -conform\u00e9ment \u00e0 &hellip; <\/p>\n<p class=\"link-more\"><a href=\"https:\/\/www.ayudart.org\/es\/lassoication-ayudart\/vente-dartisanat\/\" class=\"more-link\">Continuar leyendo<span class=\"screen-reader-text\"> \u00abVente d\u2019artisanat\u00bb<\/span><\/a><\/p>\n","protected":false},"author":2,"featured_media":0,"parent":6,"menu_order":0,"comment_status":"closed","ping_status":"closed","template":"","meta":{"footnotes":""},"class_list":["post-903","page","type-page","status-publish","hentry"],"yoast_head":"<!-- This site is optimized with the Yoast SEO plugin v27.3 - https:\/\/yoast.com\/product\/yoast-seo-wordpress\/ -->\n<title>Vente d\u2019artisanat<\/title>\n<meta name=\"robots\" content=\"index, follow, max-snippet:-1, max-image-preview:large, max-video-preview:-1\" \/>\n<link rel=\"canonical\" href=\"https:\/\/www.ayudart.org\/es\/lassoication-ayudart\/vente-dartisanat\/\" \/>\n<meta property=\"og:locale\" content=\"es_ES\" \/>\n<meta property=\"og:locale:alternate\" content=\"fr_FR\" \/>\n<meta property=\"og:locale:alternate\" content=\"en_US\" \/>\n<meta property=\"og:type\" content=\"article\" \/>\n<meta property=\"og:title\" content=\"Vente d\u2019artisanat\" \/>\n<meta property=\"og:description\" content=\"Depuis sa cr\u00e9ation, Ayud&#8217;Art a toujours\u00a0refus\u00e9 de solliciter\u00a0votre g\u00e9n\u00e9rosit\u00e9 en restant passivement \u00e0 demander la charit\u00e9. Apr\u00e8s avoir parcouru le P\u00e9rou d&#8217;Est en Ouest, du Nord au Sud, la diversit\u00e9 et la richesse de l&#8217;artisanat produit par de petits producteurs isol\u00e9s nous a saut\u00e9 aux yeux et nous avons d\u00e9cid\u00e9 d&#8217;importer leurs productions -conform\u00e9ment \u00e0 &hellip; Continuar leyendo &quot;Vente d\u2019artisanat&quot;\" \/>\n<meta property=\"og:url\" content=\"https:\/\/www.ayudart.org\/es\/lassoication-ayudart\/vente-dartisanat\/\" \/>\n<meta property=\"og:site_name\" content=\"Association d&#039;aide aux enfants des rues du P\u00e9rou\" \/>\n<meta property=\"article:publisher\" content=\"https:\/\/www.facebook.com\/AyudArt\" \/>\n<meta property=\"article:modified_time\" content=\"2018-04-26T13:40:17+00:00\" \/>\n<meta property=\"og:image\" content=\"https:\/\/www.ayudart.org\/wp-content\/uploads\/2013\/05\/P1150820.v2-150x150.jpg\" \/>\n<meta name=\"twitter:card\" content=\"summary_large_image\" \/>\n<meta name=\"twitter:label1\" content=\"Tiempo de lectura\" \/>\n\t<meta name=\"twitter:data1\" content=\"2 minutos\" \/>\n<script type=\"application\/ld+json\" class=\"yoast-schema-graph\">{\"@context\":\"https:\\\/\\\/schema.org\",\"@graph\":[{\"@type\":\"WebPage\",\"@id\":\"https:\\\/\\\/www.ayudart.org\\\/lassoication-ayudart\\\/vente-dartisanat\\\/\",\"url\":\"https:\\\/\\\/www.ayudart.org\\\/lassoication-ayudart\\\/vente-dartisanat\\\/\",\"name\":\"Vente d\u2019artisanat\",\"isPartOf\":{\"@id\":\"https:\\\/\\\/www.ayudart.org\\\/#website\"},\"primaryImageOfPage\":{\"@id\":\"https:\\\/\\\/www.ayudart.org\\\/lassoication-ayudart\\\/vente-dartisanat\\\/#primaryimage\"},\"image\":{\"@id\":\"https:\\\/\\\/www.ayudart.org\\\/lassoication-ayudart\\\/vente-dartisanat\\\/#primaryimage\"},\"thumbnailUrl\":\"https:\\\/\\\/www.ayudart.org\\\/wp-content\\\/uploads\\\/2013\\\/05\\\/P1150820.v2-150x150.jpg\",\"datePublished\":\"2013-05-03T07:00:14+00:00\",\"dateModified\":\"2018-04-26T13:40:17+00:00\",\"breadcrumb\":{\"@id\":\"https:\\\/\\\/www.ayudart.org\\\/lassoication-ayudart\\\/vente-dartisanat\\\/#breadcrumb\"},\"inLanguage\":\"es-ES\",\"potentialAction\":[{\"@type\":\"ReadAction\",\"target\":[\"https:\\\/\\\/www.ayudart.org\\\/lassoication-ayudart\\\/vente-dartisanat\\\/\"]}]},{\"@type\":\"ImageObject\",\"inLanguage\":\"es-ES\",\"@id\":\"https:\\\/\\\/www.ayudart.org\\\/lassoication-ayudart\\\/vente-dartisanat\\\/#primaryimage\",\"url\":\"https:\\\/\\\/www.ayudart.org\\\/wp-content\\\/uploads\\\/2013\\\/05\\\/P1150820.v2-150x150.jpg\",\"contentUrl\":\"https:\\\/\\\/www.ayudart.org\\\/wp-content\\\/uploads\\\/2013\\\/05\\\/P1150820.v2-150x150.jpg\"},{\"@type\":\"BreadcrumbList\",\"@id\":\"https:\\\/\\\/www.ayudart.org\\\/lassoication-ayudart\\\/vente-dartisanat\\\/#breadcrumb\",\"itemListElement\":[{\"@type\":\"ListItem\",\"position\":1,\"name\":\"Accueil\",\"item\":\"https:\\\/\\\/www.ayudart.org\\\/\"},{\"@type\":\"ListItem\",\"position\":2,\"name\":\"L&rsquo;Association Ayud&rsquo;Art\",\"item\":\"https:\\\/\\\/www.ayudart.org\\\/lassoication-ayudart\\\/\"},{\"@type\":\"ListItem\",\"position\":3,\"name\":\"Vente d&#039;artisanat\"}]},{\"@type\":\"WebSite\",\"@id\":\"https:\\\/\\\/www.ayudart.org\\\/#website\",\"url\":\"https:\\\/\\\/www.ayudart.org\\\/\",\"name\":\"Association d'aide aux enfants des rues du P\u00e9rou\",\"description\":\"\",\"publisher\":{\"@id\":\"https:\\\/\\\/www.ayudart.org\\\/#organization\"},\"potentialAction\":[{\"@type\":\"SearchAction\",\"target\":{\"@type\":\"EntryPoint\",\"urlTemplate\":\"https:\\\/\\\/www.ayudart.org\\\/?s={search_term_string}\"},\"query-input\":{\"@type\":\"PropertyValueSpecification\",\"valueRequired\":true,\"valueName\":\"search_term_string\"}}],\"inLanguage\":\"es-ES\"},{\"@type\":\"Organization\",\"@id\":\"https:\\\/\\\/www.ayudart.org\\\/#organization\",\"name\":\"Ayud'Art\",\"url\":\"https:\\\/\\\/www.ayudart.org\\\/\",\"logo\":{\"@type\":\"ImageObject\",\"inLanguage\":\"es-ES\",\"@id\":\"https:\\\/\\\/www.ayudart.org\\\/#\\\/schema\\\/logo\\\/image\\\/\",\"url\":\"https:\\\/\\\/www.ayudart.org\\\/wp-content\\\/uploads\\\/2018\\\/03\\\/cropped-logo-1000-1.jpg\",\"contentUrl\":\"https:\\\/\\\/www.ayudart.org\\\/wp-content\\\/uploads\\\/2018\\\/03\\\/cropped-logo-1000-1.jpg\",\"width\":547,\"height\":250,\"caption\":\"Ayud'Art\"},\"image\":{\"@id\":\"https:\\\/\\\/www.ayudart.org\\\/#\\\/schema\\\/logo\\\/image\\\/\"},\"sameAs\":[\"https:\\\/\\\/www.facebook.com\\\/AyudArt\",\"https:\\\/\\\/www.instagram.com\\\/ayud.art\\\/\",\"https:\\\/\\\/www.linkedin.com\\\/groups\\\/27245\\\/profile\"]}]}<\/script>\n<!-- \/ Yoast SEO plugin. -->","yoast_head_json":{"title":"Vente d\u2019artisanat","robots":{"index":"index","follow":"follow","max-snippet":"max-snippet:-1","max-image-preview":"max-image-preview:large","max-video-preview":"max-video-preview:-1"},"canonical":"https:\/\/www.ayudart.org\/es\/lassoication-ayudart\/vente-dartisanat\/","og_locale":"es_ES","og_type":"article","og_title":"[:fr]Vente d&#039;artisanat[:es]Vente d\u2019artisanat[:en]Sale of crafts[:] - Association d'aide aux enfants des rues du P\u00e9rou","og_description":"Depuis sa cr\u00e9ation, Ayud&#8217;Art a toujours\u00a0refus\u00e9 de solliciter\u00a0votre g\u00e9n\u00e9rosit\u00e9 en restant passivement \u00e0 demander la charit\u00e9. Apr\u00e8s avoir parcouru le P\u00e9rou d&#8217;Est en Ouest, du Nord au Sud, la diversit\u00e9 et la richesse de l&#8217;artisanat produit par de petits producteurs isol\u00e9s nous a saut\u00e9 aux yeux et nous avons d\u00e9cid\u00e9 d&#8217;importer leurs productions -conform\u00e9ment \u00e0 &hellip; Continuar leyendo \"Vente d\u2019artisanat\"","og_url":"https:\/\/www.ayudart.org\/es\/lassoication-ayudart\/vente-dartisanat\/","og_site_name":"Association d'aide aux enfants des rues du P\u00e9rou","article_publisher":"https:\/\/www.facebook.com\/AyudArt","article_modified_time":"2018-04-26T13:40:17+00:00","og_image":[{"url":"https:\/\/www.ayudart.org\/wp-content\/uploads\/2013\/05\/P1150820.v2-150x150.jpg","type":"","width":"","height":""}],"twitter_card":"summary_large_image","twitter_misc":{"Tiempo de lectura":"2 minutos"},"schema":{"@context":"https:\/\/schema.org","@graph":[{"@type":"WebPage","@id":"https:\/\/www.ayudart.org\/lassoication-ayudart\/vente-dartisanat\/","url":"https:\/\/www.ayudart.org\/lassoication-ayudart\/vente-dartisanat\/","name":"Vente d\u2019artisanat","isPartOf":{"@id":"https:\/\/www.ayudart.org\/#website"},"primaryImageOfPage":{"@id":"https:\/\/www.ayudart.org\/lassoication-ayudart\/vente-dartisanat\/#primaryimage"},"image":{"@id":"https:\/\/www.ayudart.org\/lassoication-ayudart\/vente-dartisanat\/#primaryimage"},"thumbnailUrl":"https:\/\/www.ayudart.org\/wp-content\/uploads\/2013\/05\/P1150820.v2-150x150.jpg","datePublished":"2013-05-03T07:00:14+00:00","dateModified":"2018-04-26T13:40:17+00:00","breadcrumb":{"@id":"https:\/\/www.ayudart.org\/lassoication-ayudart\/vente-dartisanat\/#breadcrumb"},"inLanguage":"es-ES","potentialAction":[{"@type":"ReadAction","target":["https:\/\/www.ayudart.org\/lassoication-ayudart\/vente-dartisanat\/"]}]},{"@type":"ImageObject","inLanguage":"es-ES","@id":"https:\/\/www.ayudart.org\/lassoication-ayudart\/vente-dartisanat\/#primaryimage","url":"https:\/\/www.ayudart.org\/wp-content\/uploads\/2013\/05\/P1150820.v2-150x150.jpg","contentUrl":"https:\/\/www.ayudart.org\/wp-content\/uploads\/2013\/05\/P1150820.v2-150x150.jpg"},{"@type":"BreadcrumbList","@id":"https:\/\/www.ayudart.org\/lassoication-ayudart\/vente-dartisanat\/#breadcrumb","itemListElement":[{"@type":"ListItem","position":1,"name":"Accueil","item":"https:\/\/www.ayudart.org\/"},{"@type":"ListItem","position":2,"name":"L&rsquo;Association Ayud&rsquo;Art","item":"https:\/\/www.ayudart.org\/lassoication-ayudart\/"},{"@type":"ListItem","position":3,"name":"Vente d&#039;artisanat"}]},{"@type":"WebSite","@id":"https:\/\/www.ayudart.org\/#website","url":"https:\/\/www.ayudart.org\/","name":"Association d'aide aux enfants des rues du P\u00e9rou","description":"","publisher":{"@id":"https:\/\/www.ayudart.org\/#organization"},"potentialAction":[{"@type":"SearchAction","target":{"@type":"EntryPoint","urlTemplate":"https:\/\/www.ayudart.org\/?s={search_term_string}"},"query-input":{"@type":"PropertyValueSpecification","valueRequired":true,"valueName":"search_term_string"}}],"inLanguage":"es-ES"},{"@type":"Organization","@id":"https:\/\/www.ayudart.org\/#organization","name":"Ayud'Art","url":"https:\/\/www.ayudart.org\/","logo":{"@type":"ImageObject","inLanguage":"es-ES","@id":"https:\/\/www.ayudart.org\/#\/schema\/logo\/image\/","url":"https:\/\/www.ayudart.org\/wp-content\/uploads\/2018\/03\/cropped-logo-1000-1.jpg","contentUrl":"https:\/\/www.ayudart.org\/wp-content\/uploads\/2018\/03\/cropped-logo-1000-1.jpg","width":547,"height":250,"caption":"Ayud'Art"},"image":{"@id":"https:\/\/www.ayudart.org\/#\/schema\/logo\/image\/"},"sameAs":["https:\/\/www.facebook.com\/AyudArt","https:\/\/www.instagram.com\/ayud.art\/","https:\/\/www.linkedin.com\/groups\/27245\/profile"]}]}},"_links":{"self":[{"href":"https:\/\/www.ayudart.org\/es\/wp-json\/wp\/v2\/pages\/903","targetHints":{"allow":["GET"]}}],"collection":[{"href":"https:\/\/www.ayudart.org\/es\/wp-json\/wp\/v2\/pages"}],"about":[{"href":"https:\/\/www.ayudart.org\/es\/wp-json\/wp\/v2\/types\/page"}],"author":[{"embeddable":true,"href":"https:\/\/www.ayudart.org\/es\/wp-json\/wp\/v2\/users\/2"}],"replies":[{"embeddable":true,"href":"https:\/\/www.ayudart.org\/es\/wp-json\/wp\/v2\/comments?post=903"}],"version-history":[{"count":4,"href":"https:\/\/www.ayudart.org\/es\/wp-json\/wp\/v2\/pages\/903\/revisions"}],"predecessor-version":[{"id":3512,"href":"https:\/\/www.ayudart.org\/es\/wp-json\/wp\/v2\/pages\/903\/revisions\/3512"}],"up":[{"embeddable":true,"href":"https:\/\/www.ayudart.org\/es\/wp-json\/wp\/v2\/pages\/6"}],"wp:attachment":[{"href":"https:\/\/www.ayudart.org\/es\/wp-json\/wp\/v2\/media?parent=903"}],"curies":[{"name":"wp","href":"https:\/\/api.w.org\/{rel}","templated":true}]}}