{"id":901,"date":"2013-05-03T08:56:13","date_gmt":"2013-05-03T06:56:13","guid":{"rendered":"\/?page_id=901"},"modified":"2018-04-24T18:31:01","modified_gmt":"2018-04-24T16:31:01","slug":"envoi-de-volontaires-au-perou","status":"publish","type":"page","link":"https:\/\/www.ayudart.org\/es\/lassoication-ayudart\/envoi-de-volontaires-au-perou\/","title":{"rendered":"Encontrar a ben\u00e9volos(as) y a voluntarios(as)"},"content":{"rendered":"<p style=\"text-align: center;\">La presencia en numerosas manifestaciones de Ayud&#8217;Art dirigidas al p\u00fablico en general y su visibilidad en Internet abre sus acciones a cualquier persona interesada por un voluntariado de solidaridad internacional que desea comprometerse en la vida de la asociaci\u00f3n en el territorio franc\u00e9s o en Per\u00fa.<\/p>\n<table>\n<tbody>\n<tr>\n<td style=\"vertical-align: top;\"><a href=\"https:\/\/www.ayudart.org\/wp-content\/uploads\/2013\/05\/image_101_2.v2.jpg\"><img loading=\"lazy\" decoding=\"async\" class=\"size-thumbnail wp-image-1568 aligncenter\" alt=\"Ayud\u2019art r\u00e9pond \u00e0 une demande exprim\u00e9e de volontariat, conseille, oriente, renseigne.\" src=\"https:\/\/www.ayudart.org\/wp-content\/uploads\/2013\/05\/image_101_2.v2-150x150.jpg\" width=\"150\" height=\"150\" srcset=\"https:\/\/www.ayudart.org\/wp-content\/uploads\/2013\/05\/image_101_2.v2-150x150.jpg 150w, https:\/\/www.ayudart.org\/wp-content\/uploads\/2013\/05\/image_101_2.v2-300x300.jpg 300w, https:\/\/www.ayudart.org\/wp-content\/uploads\/2013\/05\/image_101_2.v2-100x100.jpg 100w, https:\/\/www.ayudart.org\/wp-content\/uploads\/2013\/05\/image_101_2.v2.jpg 500w\" sizes=\"auto, (max-width: 150px) 100vw, 150px\" \/><\/a><\/p>\n<p style=\"text-align: center;\">Encontrar y guiar a<br \/>\nben\u00e9volos(as) que desean<br \/>\ncomprometerse en Francia<br \/>\no en Per\u00fa<\/p>\n<p><div id='gallery-1' class='gallery galleryid-901 gallery-columns-3 gallery-size-thumbnail'><figure class='gallery-item'>\r\n\t\t\t<div class='gallery-icon landscape'>\r\n\t\t\t\t<a href='https:\/\/www.ayudart.org\/wp-content\/uploads\/2013\/05\/2-Aucun-salaire-n\u2019est-vers\u00e9.-Chacun-travaille-\u00e0-son-rythme-et-\u00e0-sa-mesure-mais-sans-aucune-contrepartie-financi\u00e8re.-.v2.jpg'><img loading=\"lazy\" decoding=\"async\" width=\"150\" height=\"150\" src=\"https:\/\/www.ayudart.org\/wp-content\/uploads\/2013\/05\/2-Aucun-salaire-n\u2019est-vers\u00e9.-Chacun-travaille-\u00e0-son-rythme-et-\u00e0-sa-mesure-mais-sans-aucune-contrepartie-financi\u00e8re.-.v2-150x150.jpg\" class=\"attachment-thumbnail size-thumbnail\" alt=\"\" srcset=\"https:\/\/www.ayudart.org\/wp-content\/uploads\/2013\/05\/2-Aucun-salaire-n\u2019est-vers\u00e9.-Chacun-travaille-\u00e0-son-rythme-et-\u00e0-sa-mesure-mais-sans-aucune-contrepartie-financi\u00e8re.-.v2-150x150.jpg 150w, https:\/\/www.ayudart.org\/wp-content\/uploads\/2013\/05\/2-Aucun-salaire-n\u2019est-vers\u00e9.-Chacun-travaille-\u00e0-son-rythme-et-\u00e0-sa-mesure-mais-sans-aucune-contrepartie-financi\u00e8re.-.v2-100x100.jpg 100w\" sizes=\"auto, 100vw\" \/><\/a>\r\n\t\t\t<\/div><\/figure><figure class='gallery-item'>\r\n\t\t\t<div class='gallery-icon landscape'>\r\n\t\t\t\t<a href='https:\/\/www.ayudart.org\/wp-content\/uploads\/2013\/05\/annnn.v2.jpg'><img loading=\"lazy\" decoding=\"async\" width=\"150\" height=\"150\" src=\"https:\/\/www.ayudart.org\/wp-content\/uploads\/2013\/05\/annnn.v2-150x150.jpg\" class=\"attachment-thumbnail size-thumbnail\" alt=\"Chacun travaille \u00e0 son rythme et \u00e0 sa mesure mais sans aucune contrepartie financi\u00e8re.\" srcset=\"https:\/\/www.ayudart.org\/wp-content\/uploads\/2013\/05\/annnn.v2-150x150.jpg 150w, https:\/\/www.ayudart.org\/wp-content\/uploads\/2013\/05\/annnn.v2-100x100.jpg 100w\" sizes=\"auto, 100vw\" \/><\/a>\r\n\t\t\t<\/div><\/figure><figure class='gallery-item'>\r\n\t\t\t<div class='gallery-icon landscape'>\r\n\t\t\t\t<a href='https:\/\/www.ayudart.org\/wp-content\/uploads\/2013\/05\/3-Les-membres-du-bureau-s\u2019engagent-pour-un-an-lors-de-l\u2019assembl\u00e9e-g\u00e9n\u00e9rale.-.v2.jpg'><img loading=\"lazy\" decoding=\"async\" width=\"150\" height=\"150\" src=\"https:\/\/www.ayudart.org\/wp-content\/uploads\/2013\/05\/3-Les-membres-du-bureau-s\u2019engagent-pour-un-an-lors-de-l\u2019assembl\u00e9e-g\u00e9n\u00e9rale.-.v2-150x150.jpg\" class=\"attachment-thumbnail size-thumbnail\" alt=\"\" srcset=\"https:\/\/www.ayudart.org\/wp-content\/uploads\/2013\/05\/3-Les-membres-du-bureau-s\u2019engagent-pour-un-an-lors-de-l\u2019assembl\u00e9e-g\u00e9n\u00e9rale.-.v2-150x150.jpg 150w, https:\/\/www.ayudart.org\/wp-content\/uploads\/2013\/05\/3-Les-membres-du-bureau-s\u2019engagent-pour-un-an-lors-de-l\u2019assembl\u00e9e-g\u00e9n\u00e9rale.-.v2-100x100.jpg 100w\" sizes=\"auto, 100vw\" \/><\/a>\r\n\t\t\t<\/div><\/figure><figure class='gallery-item'>\r\n\t\t\t<div class='gallery-icon landscape'>\r\n\t\t\t\t<a href='https:\/\/www.ayudart.org\/wp-content\/uploads\/2013\/05\/4.v21.jpg'><img loading=\"lazy\" decoding=\"async\" width=\"150\" height=\"150\" src=\"https:\/\/www.ayudart.org\/wp-content\/uploads\/2013\/05\/4.v21-150x150.jpg\" class=\"attachment-thumbnail size-thumbnail\" alt=\"Les membres qui d\u00e9sirent devenir actifs peuvent entrer \u00e0 tout moment dans l\u2019association mais ne si\u00e8gent pas au bureau. Ils sont les bienvenus !\" srcset=\"https:\/\/www.ayudart.org\/wp-content\/uploads\/2013\/05\/4.v21-150x150.jpg 150w, https:\/\/www.ayudart.org\/wp-content\/uploads\/2013\/05\/4.v21-100x100.jpg 100w\" sizes=\"auto, 100vw\" \/><\/a>\r\n\t\t\t<\/div><\/figure><figure class='gallery-item'>\r\n\t\t\t<div class='gallery-icon portrait'>\r\n\t\t\t\t<a href='https:\/\/www.ayudart.org\/wp-content\/uploads\/2013\/05\/5-Il-est-fondamental-pour-garantir-la-p\u00e9rennit\u00e9-et-l\u2019ouverture-de-l\u2019association.v2.jpg'><img loading=\"lazy\" decoding=\"async\" width=\"150\" height=\"150\" src=\"https:\/\/www.ayudart.org\/wp-content\/uploads\/2013\/05\/5-Il-est-fondamental-pour-garantir-la-p\u00e9rennit\u00e9-et-l\u2019ouverture-de-l\u2019association.v2-150x150.jpg\" class=\"attachment-thumbnail size-thumbnail\" alt=\"Il est fondamental pour garantir la p\u00e9r\u00e9nnit\u00e9 et l&#039;ouverture de l&#039;association\" srcset=\"https:\/\/www.ayudart.org\/wp-content\/uploads\/2013\/05\/5-Il-est-fondamental-pour-garantir-la-p\u00e9rennit\u00e9-et-l\u2019ouverture-de-l\u2019association.v2-150x150.jpg 150w, https:\/\/www.ayudart.org\/wp-content\/uploads\/2013\/05\/5-Il-est-fondamental-pour-garantir-la-p\u00e9rennit\u00e9-et-l\u2019ouverture-de-l\u2019association.v2-100x100.jpg 100w\" sizes=\"auto, 100vw\" \/><\/a>\r\n\t\t\t<\/div><\/figure><figure class='gallery-item'>\r\n\t\t\t<div class='gallery-icon portrait'>\r\n\t\t\t\t<a href='https:\/\/www.ayudart.org\/wp-content\/uploads\/2013\/05\/6-de-s\u2019ouvrir-\u00e0-toute-nouvelle-personne-appr\u00e9ciant-les-valeurs-que-nous-d\u00e9fendons-et-notre-mani\u00e8re-de-les-d\u00e9fendre.v2.jpg'><img loading=\"lazy\" decoding=\"async\" width=\"150\" height=\"150\" src=\"https:\/\/www.ayudart.org\/wp-content\/uploads\/2013\/05\/6-de-s\u2019ouvrir-\u00e0-toute-nouvelle-personne-appr\u00e9ciant-les-valeurs-que-nous-d\u00e9fendons-et-notre-mani\u00e8re-de-les-d\u00e9fendre.v2-150x150.jpg\" class=\"attachment-thumbnail size-thumbnail\" alt=\"\" srcset=\"https:\/\/www.ayudart.org\/wp-content\/uploads\/2013\/05\/6-de-s\u2019ouvrir-\u00e0-toute-nouvelle-personne-appr\u00e9ciant-les-valeurs-que-nous-d\u00e9fendons-et-notre-mani\u00e8re-de-les-d\u00e9fendre.v2-150x150.jpg 150w, https:\/\/www.ayudart.org\/wp-content\/uploads\/2013\/05\/6-de-s\u2019ouvrir-\u00e0-toute-nouvelle-personne-appr\u00e9ciant-les-valeurs-que-nous-d\u00e9fendons-et-notre-mani\u00e8re-de-les-d\u00e9fendre.v2-100x100.jpg 100w\" sizes=\"auto, 100vw\" \/><\/a>\r\n\t\t\t<\/div><\/figure><figure class='gallery-item'>\r\n\t\t\t<div class='gallery-icon landscape'>\r\n\t\t\t\t<a href='https:\/\/www.ayudart.org\/wp-content\/uploads\/2013\/05\/7.v2.jpg'><img loading=\"lazy\" decoding=\"async\" width=\"150\" height=\"150\" src=\"https:\/\/www.ayudart.org\/wp-content\/uploads\/2013\/05\/7.v2-150x150.jpg\" class=\"attachment-thumbnail size-thumbnail\" alt=\"C&#039;est pour cela qu&#039;Ayud&#039;Art rencontre chaque personne qui souhaite des informations, un appui au montage de dossier, un soutien avant son d\u00e9part au P\u00e9rou et l&#039;aide dans cette t\u00e2che.\" srcset=\"https:\/\/www.ayudart.org\/wp-content\/uploads\/2013\/05\/7.v2-150x150.jpg 150w, https:\/\/www.ayudart.org\/wp-content\/uploads\/2013\/05\/7.v2-100x100.jpg 100w\" sizes=\"auto, 100vw\" \/><\/a>\r\n\t\t\t<\/div><\/figure><figure class='gallery-item'>\r\n\t\t\t<div class='gallery-icon landscape'>\r\n\t\t\t\t<a href='https:\/\/www.ayudart.org\/wp-content\/uploads\/2013\/01\/Page-quitter.jpg'><img loading=\"lazy\" decoding=\"async\" width=\"150\" height=\"150\" src=\"https:\/\/www.ayudart.org\/wp-content\/uploads\/2013\/01\/Page-quitter-150x150.jpg\" class=\"attachment-thumbnail size-thumbnail\" alt=\"\" srcset=\"https:\/\/www.ayudart.org\/wp-content\/uploads\/2013\/01\/Page-quitter-150x150.jpg 150w, https:\/\/www.ayudart.org\/wp-content\/uploads\/2013\/01\/Page-quitter-100x100.jpg 100w\" sizes=\"auto, 100vw\" \/><\/a>\r\n\t\t\t<\/div><\/figure><\/div>\n\n<\/td>\n<td style=\"vertical-align: top;\"><a href=\"\/es\/envoyer-des-volontaires-au-centre-cima\/\"><img loading=\"lazy\" decoding=\"async\" class=\"size-thumbnail wp-image-1854 aligncenter\" alt=\"avion2.v2\" src=\"https:\/\/www.ayudart.org\/wp-content\/uploads\/2013\/05\/avion2.v2-150x150.jpg\" width=\"150\" height=\"150\" srcset=\"https:\/\/www.ayudart.org\/wp-content\/uploads\/2013\/05\/avion2.v2-150x150.jpg 150w, https:\/\/www.ayudart.org\/wp-content\/uploads\/2013\/05\/avion2.v2-100x100.jpg 100w\" sizes=\"auto, (max-width: 150px) 100vw, 150px\" \/><\/a><\/p>\n<p style=\"text-align: center;\">Mandar a voluntarios(as)<br \/>\nal centro CIMA<\/p>\n<\/td>\n<td style=\"vertical-align: top;\"><a href=\"https:\/\/www.ayudart.org\/wp-content\/uploads\/2013\/05\/conference-6265.v2.jpg\"><img loading=\"lazy\" decoding=\"async\" class=\"size-thumbnail wp-image-1569 aligncenter\" alt=\"A son retour, le volontaire retrouve la \"famille\" Ayud'Art, peut \u00e9changer sur son exp\u00e9rience et communiquer aupr\u00e8s du public.\" src=\"https:\/\/www.ayudart.org\/wp-content\/uploads\/2013\/05\/conference-6265.v2-150x150.jpg\" width=\"150\" height=\"150\" srcset=\"https:\/\/www.ayudart.org\/wp-content\/uploads\/2013\/05\/conference-6265.v2-150x150.jpg 150w, https:\/\/www.ayudart.org\/wp-content\/uploads\/2013\/05\/conference-6265.v2-100x100.jpg 100w\" sizes=\"auto, (max-width: 150px) 100vw, 150px\" \/><\/a><\/p>\n<p style=\"text-align: center;\">Reunirse con el(la) voluntario(a)<br \/>\na su regreso y<br \/>\ncomunicar en Francia<br \/>\nsobre su acci\u00f3n en Per\u00fa<\/p>\n<\/td>\n<\/tr>\n<\/tbody>\n<\/table>\n","protected":false},"excerpt":{"rendered":"<p>La presencia en numerosas manifestaciones de Ayud&#8217;Art dirigidas al p\u00fablico en general y su visibilidad en Internet abre sus acciones a cualquier persona interesada por un voluntariado de solidaridad internacional que desea comprometerse en la vida de la asociaci\u00f3n en el territorio franc\u00e9s o en Per\u00fa. Encontrar y guiar a ben\u00e9volos(as) que desean comprometerse en &hellip; <\/p>\n<p class=\"link-more\"><a href=\"https:\/\/www.ayudart.org\/es\/lassoication-ayudart\/envoi-de-volontaires-au-perou\/\" class=\"more-link\">Continuar leyendo<span class=\"screen-reader-text\"> \u00abEncontrar a ben\u00e9volos(as) y a voluntarios(as)\u00bb<\/span><\/a><\/p>\n","protected":false},"author":2,"featured_media":0,"parent":6,"menu_order":0,"comment_status":"closed","ping_status":"closed","template":"","meta":{"footnotes":""},"class_list":["post-901","page","type-page","status-publish","hentry"],"yoast_head":"<!-- This site is optimized with the Yoast SEO plugin v27.5 - https:\/\/yoast.com\/product\/yoast-seo-wordpress\/ -->\n<title>Encontrar a ben\u00e9volos(as) y a voluntarios(as)<\/title>\n<meta name=\"robots\" content=\"index, follow, max-snippet:-1, max-image-preview:large, max-video-preview:-1\" \/>\n<link rel=\"canonical\" href=\"https:\/\/www.ayudart.org\/es\/lassoication-ayudart\/envoi-de-volontaires-au-perou\/\" \/>\n<meta property=\"og:locale\" content=\"es_ES\" \/>\n<meta property=\"og:locale:alternate\" content=\"fr_FR\" \/>\n<meta property=\"og:locale:alternate\" content=\"en_US\" \/>\n<meta property=\"og:type\" content=\"article\" \/>\n<meta property=\"og:title\" content=\"Encontrar a ben\u00e9volos(as) y a voluntarios(as)\" \/>\n<meta property=\"og:description\" content=\"La presencia en numerosas manifestaciones de Ayud&#8217;Art dirigidas al p\u00fablico en general y su visibilidad en Internet abre sus acciones a cualquier persona interesada por un voluntariado de solidaridad internacional que desea comprometerse en la vida de la asociaci\u00f3n en el territorio franc\u00e9s o en Per\u00fa. Encontrar y guiar a ben\u00e9volos(as) que desean comprometerse en &hellip; Continuar leyendo &quot;Encontrar a ben\u00e9volos(as) y a voluntarios(as)&quot;\" \/>\n<meta property=\"og:url\" content=\"https:\/\/www.ayudart.org\/es\/lassoication-ayudart\/envoi-de-volontaires-au-perou\/\" \/>\n<meta property=\"og:site_name\" content=\"Association d&#039;aide aux enfants des rues du P\u00e9rou\" \/>\n<meta property=\"article:publisher\" content=\"https:\/\/www.facebook.com\/AyudArt\" \/>\n<meta property=\"article:modified_time\" content=\"2018-04-24T16:31:01+00:00\" \/>\n<meta property=\"og:image\" content=\"https:\/\/www.ayudart.org\/wp-content\/uploads\/2013\/05\/2-Aucun-salaire-n\u2019est-vers\u00e9.-Chacun-travaille-\u00e0-son-rythme-et-\u00e0-sa-mesure-mais-sans-aucune-contrepartie-financi\u00e8re.-.v2-150x150.jpg\" \/>\n<meta name=\"twitter:card\" content=\"summary_large_image\" \/>\n<meta name=\"twitter:label1\" content=\"Tiempo de lectura\" \/>\n\t<meta name=\"twitter:data1\" content=\"1 minuto\" \/>\n<script type=\"application\/ld+json\" class=\"yoast-schema-graph\">{\"@context\":\"https:\\\/\\\/schema.org\",\"@graph\":[{\"@type\":\"WebPage\",\"@id\":\"https:\\\/\\\/www.ayudart.org\\\/lassoication-ayudart\\\/envoi-de-volontaires-au-perou\\\/\",\"url\":\"https:\\\/\\\/www.ayudart.org\\\/lassoication-ayudart\\\/envoi-de-volontaires-au-perou\\\/\",\"name\":\"Encontrar a ben\u00e9volos(as) y a voluntarios(as)\",\"isPartOf\":{\"@id\":\"https:\\\/\\\/www.ayudart.org\\\/#website\"},\"primaryImageOfPage\":{\"@id\":\"https:\\\/\\\/www.ayudart.org\\\/lassoication-ayudart\\\/envoi-de-volontaires-au-perou\\\/#primaryimage\"},\"image\":{\"@id\":\"https:\\\/\\\/www.ayudart.org\\\/lassoication-ayudart\\\/envoi-de-volontaires-au-perou\\\/#primaryimage\"},\"thumbnailUrl\":\"https:\\\/\\\/www.ayudart.org\\\/wp-content\\\/uploads\\\/2013\\\/05\\\/image_101_2.v2-150x150.jpg\",\"datePublished\":\"2013-05-03T06:56:13+00:00\",\"dateModified\":\"2018-04-24T16:31:01+00:00\",\"breadcrumb\":{\"@id\":\"https:\\\/\\\/www.ayudart.org\\\/lassoication-ayudart\\\/envoi-de-volontaires-au-perou\\\/#breadcrumb\"},\"inLanguage\":\"es-ES\",\"potentialAction\":[{\"@type\":\"ReadAction\",\"target\":[\"https:\\\/\\\/www.ayudart.org\\\/lassoication-ayudart\\\/envoi-de-volontaires-au-perou\\\/\"]}]},{\"@type\":\"ImageObject\",\"inLanguage\":\"es-ES\",\"@id\":\"https:\\\/\\\/www.ayudart.org\\\/lassoication-ayudart\\\/envoi-de-volontaires-au-perou\\\/#primaryimage\",\"url\":\"https:\\\/\\\/www.ayudart.org\\\/wp-content\\\/uploads\\\/2013\\\/05\\\/image_101_2.v2-150x150.jpg\",\"contentUrl\":\"https:\\\/\\\/www.ayudart.org\\\/wp-content\\\/uploads\\\/2013\\\/05\\\/image_101_2.v2-150x150.jpg\"},{\"@type\":\"BreadcrumbList\",\"@id\":\"https:\\\/\\\/www.ayudart.org\\\/lassoication-ayudart\\\/envoi-de-volontaires-au-perou\\\/#breadcrumb\",\"itemListElement\":[{\"@type\":\"ListItem\",\"position\":1,\"name\":\"Accueil\",\"item\":\"https:\\\/\\\/www.ayudart.org\\\/\"},{\"@type\":\"ListItem\",\"position\":2,\"name\":\"L&rsquo;Association Ayud&rsquo;Art\",\"item\":\"https:\\\/\\\/www.ayudart.org\\\/lassoication-ayudart\\\/\"},{\"@type\":\"ListItem\",\"position\":3,\"name\":\"Rencontrer des b\u00e9n\u00e9voles et des volontaires\"}]},{\"@type\":\"WebSite\",\"@id\":\"https:\\\/\\\/www.ayudart.org\\\/#website\",\"url\":\"https:\\\/\\\/www.ayudart.org\\\/\",\"name\":\"Association d'aide aux enfants des rues du P\u00e9rou\",\"description\":\"\",\"publisher\":{\"@id\":\"https:\\\/\\\/www.ayudart.org\\\/#organization\"},\"potentialAction\":[{\"@type\":\"SearchAction\",\"target\":{\"@type\":\"EntryPoint\",\"urlTemplate\":\"https:\\\/\\\/www.ayudart.org\\\/?s={search_term_string}\"},\"query-input\":{\"@type\":\"PropertyValueSpecification\",\"valueRequired\":true,\"valueName\":\"search_term_string\"}}],\"inLanguage\":\"es-ES\"},{\"@type\":\"Organization\",\"@id\":\"https:\\\/\\\/www.ayudart.org\\\/#organization\",\"name\":\"Ayud'Art\",\"url\":\"https:\\\/\\\/www.ayudart.org\\\/\",\"logo\":{\"@type\":\"ImageObject\",\"inLanguage\":\"es-ES\",\"@id\":\"https:\\\/\\\/www.ayudart.org\\\/#\\\/schema\\\/logo\\\/image\\\/\",\"url\":\"https:\\\/\\\/www.ayudart.org\\\/wp-content\\\/uploads\\\/2018\\\/03\\\/cropped-logo-1000-1.jpg\",\"contentUrl\":\"https:\\\/\\\/www.ayudart.org\\\/wp-content\\\/uploads\\\/2018\\\/03\\\/cropped-logo-1000-1.jpg\",\"width\":547,\"height\":250,\"caption\":\"Ayud'Art\"},\"image\":{\"@id\":\"https:\\\/\\\/www.ayudart.org\\\/#\\\/schema\\\/logo\\\/image\\\/\"},\"sameAs\":[\"https:\\\/\\\/www.facebook.com\\\/AyudArt\",\"https:\\\/\\\/www.instagram.com\\\/ayud.art\\\/\",\"https:\\\/\\\/www.linkedin.com\\\/groups\\\/27245\\\/profile\"]}]}<\/script>\n<!-- \/ Yoast SEO plugin. -->","yoast_head_json":{"title":"Encontrar a ben\u00e9volos(as) y a voluntarios(as)","robots":{"index":"index","follow":"follow","max-snippet":"max-snippet:-1","max-image-preview":"max-image-preview:large","max-video-preview":"max-video-preview:-1"},"canonical":"https:\/\/www.ayudart.org\/es\/lassoication-ayudart\/envoi-de-volontaires-au-perou\/","og_locale":"es_ES","og_type":"article","og_title":"[:fr]Rencontrer des b\u00e9n\u00e9voles et des volontaires[:es]Encontrar a ben\u00e9volos(as) y a voluntarios(as)[:en]Meet volunteers[:] - Association d'aide aux enfants des rues du P\u00e9rou","og_description":"La presencia en numerosas manifestaciones de Ayud&#8217;Art dirigidas al p\u00fablico en general y su visibilidad en Internet abre sus acciones a cualquier persona interesada por un voluntariado de solidaridad internacional que desea comprometerse en la vida de la asociaci\u00f3n en el territorio franc\u00e9s o en Per\u00fa. Encontrar y guiar a ben\u00e9volos(as) que desean comprometerse en &hellip; Continuar leyendo \"Encontrar a ben\u00e9volos(as) y a voluntarios(as)\"","og_url":"https:\/\/www.ayudart.org\/es\/lassoication-ayudart\/envoi-de-volontaires-au-perou\/","og_site_name":"Association d'aide aux enfants des rues du P\u00e9rou","article_publisher":"https:\/\/www.facebook.com\/AyudArt","article_modified_time":"2018-04-24T16:31:01+00:00","og_image":[{"url":"https:\/\/www.ayudart.org\/wp-content\/uploads\/2013\/05\/2-Aucun-salaire-n\u2019est-vers\u00e9.-Chacun-travaille-\u00e0-son-rythme-et-\u00e0-sa-mesure-mais-sans-aucune-contrepartie-financi\u00e8re.-.v2-150x150.jpg","type":"","width":"","height":""}],"twitter_card":"summary_large_image","twitter_misc":{"Tiempo de lectura":"1 minuto"},"schema":{"@context":"https:\/\/schema.org","@graph":[{"@type":"WebPage","@id":"https:\/\/www.ayudart.org\/lassoication-ayudart\/envoi-de-volontaires-au-perou\/","url":"https:\/\/www.ayudart.org\/lassoication-ayudart\/envoi-de-volontaires-au-perou\/","name":"Encontrar a ben\u00e9volos(as) y a voluntarios(as)","isPartOf":{"@id":"https:\/\/www.ayudart.org\/#website"},"primaryImageOfPage":{"@id":"https:\/\/www.ayudart.org\/lassoication-ayudart\/envoi-de-volontaires-au-perou\/#primaryimage"},"image":{"@id":"https:\/\/www.ayudart.org\/lassoication-ayudart\/envoi-de-volontaires-au-perou\/#primaryimage"},"thumbnailUrl":"https:\/\/www.ayudart.org\/wp-content\/uploads\/2013\/05\/image_101_2.v2-150x150.jpg","datePublished":"2013-05-03T06:56:13+00:00","dateModified":"2018-04-24T16:31:01+00:00","breadcrumb":{"@id":"https:\/\/www.ayudart.org\/lassoication-ayudart\/envoi-de-volontaires-au-perou\/#breadcrumb"},"inLanguage":"es-ES","potentialAction":[{"@type":"ReadAction","target":["https:\/\/www.ayudart.org\/lassoication-ayudart\/envoi-de-volontaires-au-perou\/"]}]},{"@type":"ImageObject","inLanguage":"es-ES","@id":"https:\/\/www.ayudart.org\/lassoication-ayudart\/envoi-de-volontaires-au-perou\/#primaryimage","url":"https:\/\/www.ayudart.org\/wp-content\/uploads\/2013\/05\/image_101_2.v2-150x150.jpg","contentUrl":"https:\/\/www.ayudart.org\/wp-content\/uploads\/2013\/05\/image_101_2.v2-150x150.jpg"},{"@type":"BreadcrumbList","@id":"https:\/\/www.ayudart.org\/lassoication-ayudart\/envoi-de-volontaires-au-perou\/#breadcrumb","itemListElement":[{"@type":"ListItem","position":1,"name":"Accueil","item":"https:\/\/www.ayudart.org\/"},{"@type":"ListItem","position":2,"name":"L&rsquo;Association Ayud&rsquo;Art","item":"https:\/\/www.ayudart.org\/lassoication-ayudart\/"},{"@type":"ListItem","position":3,"name":"Rencontrer des b\u00e9n\u00e9voles et des volontaires"}]},{"@type":"WebSite","@id":"https:\/\/www.ayudart.org\/#website","url":"https:\/\/www.ayudart.org\/","name":"Association d'aide aux enfants des rues du P\u00e9rou","description":"","publisher":{"@id":"https:\/\/www.ayudart.org\/#organization"},"potentialAction":[{"@type":"SearchAction","target":{"@type":"EntryPoint","urlTemplate":"https:\/\/www.ayudart.org\/?s={search_term_string}"},"query-input":{"@type":"PropertyValueSpecification","valueRequired":true,"valueName":"search_term_string"}}],"inLanguage":"es-ES"},{"@type":"Organization","@id":"https:\/\/www.ayudart.org\/#organization","name":"Ayud'Art","url":"https:\/\/www.ayudart.org\/","logo":{"@type":"ImageObject","inLanguage":"es-ES","@id":"https:\/\/www.ayudart.org\/#\/schema\/logo\/image\/","url":"https:\/\/www.ayudart.org\/wp-content\/uploads\/2018\/03\/cropped-logo-1000-1.jpg","contentUrl":"https:\/\/www.ayudart.org\/wp-content\/uploads\/2018\/03\/cropped-logo-1000-1.jpg","width":547,"height":250,"caption":"Ayud'Art"},"image":{"@id":"https:\/\/www.ayudart.org\/#\/schema\/logo\/image\/"},"sameAs":["https:\/\/www.facebook.com\/AyudArt","https:\/\/www.instagram.com\/ayud.art\/","https:\/\/www.linkedin.com\/groups\/27245\/profile"]}]}},"_links":{"self":[{"href":"https:\/\/www.ayudart.org\/es\/wp-json\/wp\/v2\/pages\/901","targetHints":{"allow":["GET"]}}],"collection":[{"href":"https:\/\/www.ayudart.org\/es\/wp-json\/wp\/v2\/pages"}],"about":[{"href":"https:\/\/www.ayudart.org\/es\/wp-json\/wp\/v2\/types\/page"}],"author":[{"embeddable":true,"href":"https:\/\/www.ayudart.org\/es\/wp-json\/wp\/v2\/users\/2"}],"replies":[{"embeddable":true,"href":"https:\/\/www.ayudart.org\/es\/wp-json\/wp\/v2\/comments?post=901"}],"version-history":[{"count":16,"href":"https:\/\/www.ayudart.org\/es\/wp-json\/wp\/v2\/pages\/901\/revisions"}],"predecessor-version":[{"id":3437,"href":"https:\/\/www.ayudart.org\/es\/wp-json\/wp\/v2\/pages\/901\/revisions\/3437"}],"up":[{"embeddable":true,"href":"https:\/\/www.ayudart.org\/es\/wp-json\/wp\/v2\/pages\/6"}],"wp:attachment":[{"href":"https:\/\/www.ayudart.org\/es\/wp-json\/wp\/v2\/media?parent=901"}],"curies":[{"name":"wp","href":"https:\/\/api.w.org\/{rel}","templated":true}]}}