{"id":8,"date":"2013-01-22T16:01:53","date_gmt":"2013-01-22T15:01:53","guid":{"rendered":"\/?page_id=8"},"modified":"2018-04-26T16:06:57","modified_gmt":"2018-04-26T14:06:57","slug":"le-centre-cima","status":"publish","type":"page","link":"https:\/\/www.ayudart.org\/es\/le-centre-cima\/","title":{"rendered":"El Centro CIMA"},"content":{"rendered":"<table>\n<tbody>\n<tr>\n<td style=\"text-align: center;\"><a href=\"\/quest-ce-que-cima\/\"><img loading=\"lazy\" decoding=\"async\" class=\"size-thumbnail wp-image-237\" alt=\"\" src=\"https:\/\/www.ayudart.org\/wp-content\/uploads\/2013\/04\/Le-Centre-150x150.jpg\" width=\"150\" height=\"150\" srcset=\"https:\/\/www.ayudart.org\/wp-content\/uploads\/2013\/04\/Le-Centre-150x150.jpg 150w, https:\/\/www.ayudart.org\/wp-content\/uploads\/2013\/04\/Le-Centre-100x100.jpg 100w\" sizes=\"auto, (max-width: 150px) 100vw, 150px\" \/><\/a><br \/>\n\u00bfQu\u00e9 es CIMA?<\/td>\n<td style=\"text-align: center;\"><a href=\"\/les-piliers\/\"><img loading=\"lazy\" decoding=\"async\" class=\"size-thumbnail wp-image-240\" style=\"border: none;\" alt=\"\" src=\"https:\/\/www.ayudart.org\/wp-content\/uploads\/2013\/04\/Origine-Enfants-du-CIMA-150x150.jpg\" width=\"150\" height=\"150\" srcset=\"https:\/\/www.ayudart.org\/wp-content\/uploads\/2013\/04\/Origine-Enfants-du-CIMA-150x150.jpg 150w, https:\/\/www.ayudart.org\/wp-content\/uploads\/2013\/04\/Origine-Enfants-du-CIMA-100x100.jpg 100w\" sizes=\"auto, (max-width: 150px) 100vw, 150px\" \/><\/a><br \/>\n\u00bfQui\u00e9nes son los ni\u00f1os de CIMA?<\/td>\n<td style=\"text-align: center;\"><a href=\"\/ou-qui\/\"><img loading=\"lazy\" decoding=\"async\" class=\"size-thumbnail wp-image-2729\" alt=\"\" src=\"https:\/\/www.ayudart.org\/wp-content\/uploads\/2013\/01\/etude.v2-150x150.jpg\" width=\"150\" height=\"150\" srcset=\"https:\/\/www.ayudart.org\/wp-content\/uploads\/2013\/01\/etude.v2-150x150.jpg 150w, https:\/\/www.ayudart.org\/wp-content\/uploads\/2013\/01\/etude.v2-100x100.jpg 100w\" sizes=\"auto, (max-width: 150px) 100vw, 150px\" \/><\/a><br \/>\nLos pilares<\/td>\n<\/tr>\n<tr>\n<td style=\"text-align: center;\"><a href=\"\/la-formation-technique\/\"><img loading=\"lazy\" decoding=\"async\" class=\"alignnone size-thumbnail wp-image-443\" style=\"border: none;\" alt=\"La formation technique\" src=\"https:\/\/www.ayudart.org\/wp-content\/uploads\/2013\/01\/formtec2-150x150.jpg\" width=\"150\" height=\"150\" srcset=\"https:\/\/www.ayudart.org\/wp-content\/uploads\/2013\/01\/formtec2-150x150.jpg 150w, https:\/\/www.ayudart.org\/wp-content\/uploads\/2013\/01\/formtec2-100x100.jpg 100w\" sizes=\"auto, (max-width: 150px) 100vw, 150px\" \/><\/a><br \/>\nFormaci\u00f3n t\u00e9cnica<\/td>\n<td style=\"text-align: center;\"><a href=\"\/activites-physiques-et-culturelles\/\"><img loading=\"lazy\" decoding=\"async\" class=\"alignnone size-thumbnail wp-image-236\" style=\"border: none;\" alt=\"\" src=\"https:\/\/www.ayudart.org\/wp-content\/uploads\/2013\/04\/Activit\u00e9s-physique-et-artistiques-150x150.jpg\" width=\"150\" height=\"150\" srcset=\"https:\/\/www.ayudart.org\/wp-content\/uploads\/2013\/04\/Activit\u00e9s-physique-et-artistiques-150x150.jpg 150w, https:\/\/www.ayudart.org\/wp-content\/uploads\/2013\/04\/Activit\u00e9s-physique-et-artistiques-100x100.jpg 100w\" sizes=\"auto, (max-width: 150px) 100vw, 150px\" \/><\/a><br \/>\nActividades f\u00edsicas y culturales<\/td>\n<td style=\"text-align: center;\"><a href=\"\/les-valeurs-de-cima\/\"><img loading=\"lazy\" decoding=\"async\" class=\"alignnone size-thumbnail wp-image-2732\" alt=\"\" src=\"https:\/\/www.ayudart.org\/wp-content\/uploads\/2013\/01\/v.entreaide.v2-150x150.jpg\" width=\"150\" height=\"150\" srcset=\"https:\/\/www.ayudart.org\/wp-content\/uploads\/2013\/01\/v.entreaide.v2-150x150.jpg 150w, https:\/\/www.ayudart.org\/wp-content\/uploads\/2013\/01\/v.entreaide.v2-100x100.jpg 100w\" sizes=\"auto, (max-width: 150px) 100vw, 150px\" \/><\/a><br \/>\nLos valores de CIMA<\/td>\n<\/tr>\n<\/tbody>\n<\/table>\n","protected":false},"excerpt":{"rendered":"<p>\u00bfQu\u00e9 es CIMA? \u00bfQui\u00e9nes son los ni\u00f1os de CIMA? Los pilares Formaci\u00f3n t\u00e9cnica Actividades f\u00edsicas y culturales Los valores de CIMA<\/p>\n","protected":false},"author":2,"featured_media":0,"parent":0,"menu_order":0,"comment_status":"closed","ping_status":"closed","template":"","meta":{"footnotes":""},"class_list":["post-8","page","type-page","status-publish","hentry"],"yoast_head":"<!-- This site is optimized with the Yoast SEO plugin v27.5 - https:\/\/yoast.com\/product\/yoast-seo-wordpress\/ -->\n<title>El Centro CIMA<\/title>\n<meta name=\"robots\" content=\"index, follow, max-snippet:-1, max-image-preview:large, max-video-preview:-1\" \/>\n<link rel=\"canonical\" href=\"https:\/\/www.ayudart.org\/es\/le-centre-cima\/\" \/>\n<meta property=\"og:locale\" content=\"es_ES\" \/>\n<meta property=\"og:locale:alternate\" content=\"fr_FR\" \/>\n<meta property=\"og:locale:alternate\" content=\"en_US\" \/>\n<meta property=\"og:type\" content=\"article\" \/>\n<meta property=\"og:title\" content=\"El Centro CIMA\" \/>\n<meta property=\"og:description\" content=\"\u00bfQu\u00e9 es CIMA? \u00bfQui\u00e9nes son los ni\u00f1os de CIMA? Los pilares Formaci\u00f3n t\u00e9cnica Actividades f\u00edsicas y culturales Los valores de CIMA\" \/>\n<meta property=\"og:url\" content=\"https:\/\/www.ayudart.org\/es\/le-centre-cima\/\" \/>\n<meta property=\"og:site_name\" content=\"Association d&#039;aide aux enfants des rues du P\u00e9rou\" \/>\n<meta property=\"article:publisher\" content=\"https:\/\/www.facebook.com\/AyudArt\" \/>\n<meta property=\"article:modified_time\" content=\"2018-04-26T14:06:57+00:00\" \/>\n<meta property=\"og:image\" content=\"https:\/\/www.ayudart.org\/wp-content\/uploads\/2013\/04\/Le-Centre-150x150.jpg\" \/>\n<meta name=\"twitter:card\" content=\"summary_large_image\" \/>\n<script type=\"application\/ld+json\" class=\"yoast-schema-graph\">{\"@context\":\"https:\\\/\\\/schema.org\",\"@graph\":[{\"@type\":\"WebPage\",\"@id\":\"https:\\\/\\\/www.ayudart.org\\\/le-centre-cima\\\/\",\"url\":\"https:\\\/\\\/www.ayudart.org\\\/le-centre-cima\\\/\",\"name\":\"El Centro CIMA\",\"isPartOf\":{\"@id\":\"https:\\\/\\\/www.ayudart.org\\\/#website\"},\"primaryImageOfPage\":{\"@id\":\"https:\\\/\\\/www.ayudart.org\\\/le-centre-cima\\\/#primaryimage\"},\"image\":{\"@id\":\"https:\\\/\\\/www.ayudart.org\\\/le-centre-cima\\\/#primaryimage\"},\"thumbnailUrl\":\"https:\\\/\\\/www.ayudart.org\\\/wp-content\\\/uploads\\\/2013\\\/04\\\/Le-Centre-150x150.jpg\",\"datePublished\":\"2013-01-22T15:01:53+00:00\",\"dateModified\":\"2018-04-26T14:06:57+00:00\",\"breadcrumb\":{\"@id\":\"https:\\\/\\\/www.ayudart.org\\\/le-centre-cima\\\/#breadcrumb\"},\"inLanguage\":\"es-ES\",\"potentialAction\":[{\"@type\":\"ReadAction\",\"target\":[\"https:\\\/\\\/www.ayudart.org\\\/le-centre-cima\\\/\"]}]},{\"@type\":\"ImageObject\",\"inLanguage\":\"es-ES\",\"@id\":\"https:\\\/\\\/www.ayudart.org\\\/le-centre-cima\\\/#primaryimage\",\"url\":\"https:\\\/\\\/www.ayudart.org\\\/wp-content\\\/uploads\\\/2013\\\/04\\\/Le-Centre-150x150.jpg\",\"contentUrl\":\"https:\\\/\\\/www.ayudart.org\\\/wp-content\\\/uploads\\\/2013\\\/04\\\/Le-Centre-150x150.jpg\"},{\"@type\":\"BreadcrumbList\",\"@id\":\"https:\\\/\\\/www.ayudart.org\\\/le-centre-cima\\\/#breadcrumb\",\"itemListElement\":[{\"@type\":\"ListItem\",\"position\":1,\"name\":\"Accueil\",\"item\":\"https:\\\/\\\/www.ayudart.org\\\/\"},{\"@type\":\"ListItem\",\"position\":2,\"name\":\"Le Centre CIMA\"}]},{\"@type\":\"WebSite\",\"@id\":\"https:\\\/\\\/www.ayudart.org\\\/#website\",\"url\":\"https:\\\/\\\/www.ayudart.org\\\/\",\"name\":\"Association d'aide aux enfants des rues du P\u00e9rou\",\"description\":\"\",\"publisher\":{\"@id\":\"https:\\\/\\\/www.ayudart.org\\\/#organization\"},\"potentialAction\":[{\"@type\":\"SearchAction\",\"target\":{\"@type\":\"EntryPoint\",\"urlTemplate\":\"https:\\\/\\\/www.ayudart.org\\\/?s={search_term_string}\"},\"query-input\":{\"@type\":\"PropertyValueSpecification\",\"valueRequired\":true,\"valueName\":\"search_term_string\"}}],\"inLanguage\":\"es-ES\"},{\"@type\":\"Organization\",\"@id\":\"https:\\\/\\\/www.ayudart.org\\\/#organization\",\"name\":\"Ayud'Art\",\"url\":\"https:\\\/\\\/www.ayudart.org\\\/\",\"logo\":{\"@type\":\"ImageObject\",\"inLanguage\":\"es-ES\",\"@id\":\"https:\\\/\\\/www.ayudart.org\\\/#\\\/schema\\\/logo\\\/image\\\/\",\"url\":\"https:\\\/\\\/www.ayudart.org\\\/wp-content\\\/uploads\\\/2018\\\/03\\\/cropped-logo-1000-1.jpg\",\"contentUrl\":\"https:\\\/\\\/www.ayudart.org\\\/wp-content\\\/uploads\\\/2018\\\/03\\\/cropped-logo-1000-1.jpg\",\"width\":547,\"height\":250,\"caption\":\"Ayud'Art\"},\"image\":{\"@id\":\"https:\\\/\\\/www.ayudart.org\\\/#\\\/schema\\\/logo\\\/image\\\/\"},\"sameAs\":[\"https:\\\/\\\/www.facebook.com\\\/AyudArt\",\"https:\\\/\\\/www.instagram.com\\\/ayud.art\\\/\",\"https:\\\/\\\/www.linkedin.com\\\/groups\\\/27245\\\/profile\"]}]}<\/script>\n<!-- \/ Yoast SEO plugin. -->","yoast_head_json":{"title":"El Centro CIMA","robots":{"index":"index","follow":"follow","max-snippet":"max-snippet:-1","max-image-preview":"max-image-preview:large","max-video-preview":"max-video-preview:-1"},"canonical":"https:\/\/www.ayudart.org\/es\/le-centre-cima\/","og_locale":"es_ES","og_type":"article","og_title":"[:fr]Le Centre CIMA[:es]El Centro CIMA[:en]CIMA Center[:] - Association d'aide aux enfants des rues du P\u00e9rou","og_description":"\u00bfQu\u00e9 es CIMA? \u00bfQui\u00e9nes son los ni\u00f1os de CIMA? Los pilares Formaci\u00f3n t\u00e9cnica Actividades f\u00edsicas y culturales Los valores de CIMA","og_url":"https:\/\/www.ayudart.org\/es\/le-centre-cima\/","og_site_name":"Association d'aide aux enfants des rues du P\u00e9rou","article_publisher":"https:\/\/www.facebook.com\/AyudArt","article_modified_time":"2018-04-26T14:06:57+00:00","og_image":[{"url":"https:\/\/www.ayudart.org\/wp-content\/uploads\/2013\/04\/Le-Centre-150x150.jpg","type":"","width":"","height":""}],"twitter_card":"summary_large_image","schema":{"@context":"https:\/\/schema.org","@graph":[{"@type":"WebPage","@id":"https:\/\/www.ayudart.org\/le-centre-cima\/","url":"https:\/\/www.ayudart.org\/le-centre-cima\/","name":"El Centro CIMA","isPartOf":{"@id":"https:\/\/www.ayudart.org\/#website"},"primaryImageOfPage":{"@id":"https:\/\/www.ayudart.org\/le-centre-cima\/#primaryimage"},"image":{"@id":"https:\/\/www.ayudart.org\/le-centre-cima\/#primaryimage"},"thumbnailUrl":"https:\/\/www.ayudart.org\/wp-content\/uploads\/2013\/04\/Le-Centre-150x150.jpg","datePublished":"2013-01-22T15:01:53+00:00","dateModified":"2018-04-26T14:06:57+00:00","breadcrumb":{"@id":"https:\/\/www.ayudart.org\/le-centre-cima\/#breadcrumb"},"inLanguage":"es-ES","potentialAction":[{"@type":"ReadAction","target":["https:\/\/www.ayudart.org\/le-centre-cima\/"]}]},{"@type":"ImageObject","inLanguage":"es-ES","@id":"https:\/\/www.ayudart.org\/le-centre-cima\/#primaryimage","url":"https:\/\/www.ayudart.org\/wp-content\/uploads\/2013\/04\/Le-Centre-150x150.jpg","contentUrl":"https:\/\/www.ayudart.org\/wp-content\/uploads\/2013\/04\/Le-Centre-150x150.jpg"},{"@type":"BreadcrumbList","@id":"https:\/\/www.ayudart.org\/le-centre-cima\/#breadcrumb","itemListElement":[{"@type":"ListItem","position":1,"name":"Accueil","item":"https:\/\/www.ayudart.org\/"},{"@type":"ListItem","position":2,"name":"Le Centre CIMA"}]},{"@type":"WebSite","@id":"https:\/\/www.ayudart.org\/#website","url":"https:\/\/www.ayudart.org\/","name":"Association d'aide aux enfants des rues du P\u00e9rou","description":"","publisher":{"@id":"https:\/\/www.ayudart.org\/#organization"},"potentialAction":[{"@type":"SearchAction","target":{"@type":"EntryPoint","urlTemplate":"https:\/\/www.ayudart.org\/?s={search_term_string}"},"query-input":{"@type":"PropertyValueSpecification","valueRequired":true,"valueName":"search_term_string"}}],"inLanguage":"es-ES"},{"@type":"Organization","@id":"https:\/\/www.ayudart.org\/#organization","name":"Ayud'Art","url":"https:\/\/www.ayudart.org\/","logo":{"@type":"ImageObject","inLanguage":"es-ES","@id":"https:\/\/www.ayudart.org\/#\/schema\/logo\/image\/","url":"https:\/\/www.ayudart.org\/wp-content\/uploads\/2018\/03\/cropped-logo-1000-1.jpg","contentUrl":"https:\/\/www.ayudart.org\/wp-content\/uploads\/2018\/03\/cropped-logo-1000-1.jpg","width":547,"height":250,"caption":"Ayud'Art"},"image":{"@id":"https:\/\/www.ayudart.org\/#\/schema\/logo\/image\/"},"sameAs":["https:\/\/www.facebook.com\/AyudArt","https:\/\/www.instagram.com\/ayud.art\/","https:\/\/www.linkedin.com\/groups\/27245\/profile"]}]}},"_links":{"self":[{"href":"https:\/\/www.ayudart.org\/es\/wp-json\/wp\/v2\/pages\/8","targetHints":{"allow":["GET"]}}],"collection":[{"href":"https:\/\/www.ayudart.org\/es\/wp-json\/wp\/v2\/pages"}],"about":[{"href":"https:\/\/www.ayudart.org\/es\/wp-json\/wp\/v2\/types\/page"}],"author":[{"embeddable":true,"href":"https:\/\/www.ayudart.org\/es\/wp-json\/wp\/v2\/users\/2"}],"replies":[{"embeddable":true,"href":"https:\/\/www.ayudart.org\/es\/wp-json\/wp\/v2\/comments?post=8"}],"version-history":[{"count":4,"href":"https:\/\/www.ayudart.org\/es\/wp-json\/wp\/v2\/pages\/8\/revisions"}],"predecessor-version":[{"id":3527,"href":"https:\/\/www.ayudart.org\/es\/wp-json\/wp\/v2\/pages\/8\/revisions\/3527"}],"wp:attachment":[{"href":"https:\/\/www.ayudart.org\/es\/wp-json\/wp\/v2\/media?parent=8"}],"curies":[{"name":"wp","href":"https:\/\/api.w.org\/{rel}","templated":true}]}}