{"id":693,"date":"2013-05-01T16:47:14","date_gmt":"2013-05-01T14:47:14","guid":{"rendered":"\/?page_id=693"},"modified":"2025-07-02T20:17:22","modified_gmt":"2025-07-02T18:17:22","slug":"donnees-officielles-et-admnistratives","status":"publish","type":"page","link":"https:\/\/www.ayudart.org\/es\/lassoication-ayudart\/donnees-officielles-et-admnistratives\/","title":{"rendered":"Datos oficiales y administrativos"},"content":{"rendered":"<ul>\n<li>\n<h4><strong>Ayud&#8217;Art vu par l&#8217;ambassadeur de France \u00e0 Lima<\/strong><\/h4>\n<\/li>\n<\/ul>\n<p><a href=\"https:\/\/www.ayudart.org\/wp-content\/uploads\/2013\/05\/Lettre-de-lambassadeur-de-France.jpg\"><img loading=\"lazy\" decoding=\"async\" class=\"alignnone size-thumbnail wp-image-2774\" style=\"border: 1px solid grey;\" alt=\"Lettre de l'ambassadeur de France\" src=\"https:\/\/www.ayudart.org\/wp-content\/uploads\/2013\/05\/Lettre-de-lambassadeur-de-France-150x150.jpg\" width=\"150\" height=\"150\" srcset=\"https:\/\/www.ayudart.org\/wp-content\/uploads\/2013\/05\/Lettre-de-lambassadeur-de-France-150x150.jpg 150w, https:\/\/www.ayudart.org\/wp-content\/uploads\/2013\/05\/Lettre-de-lambassadeur-de-France-100x100.jpg 100w\" sizes=\"auto, (max-width: 150px) 100vw, 150px\" \/><\/a><br \/>\n(Cliquez pour agrandir)<\/p>\n<ul>\n<li>\n<h4><strong>Les statuts de l&#8217;association<\/strong><\/h4>\n<\/li>\n<\/ul>\n<p><a href=\"https:\/\/www.ayudart.org\/wp-content\/uploads\/2013\/05\/statuts-association-loi-1901.pdf\">Les statuts de l&#8217;association, premi\u00e8re partie.<\/a><br \/>\n<a href=\"https:\/\/www.ayudart.org\/wp-content\/uploads\/2013\/05\/statuts-2.pdf\">Les statuts de l&#8217;association, seconde partie.<\/a><\/p>\n<div class=\"fancybox-hidden\"><\/div>\n<ul>\n<li>\n<h4><strong>Document INSEE<\/strong><\/h4>\n<\/li>\n<\/ul>\n<p><a href=\"https:\/\/www.ayudart.org\/wp-content\/uploads\/2013\/05\/SIREN.jpg\"><img loading=\"lazy\" decoding=\"async\" class=\"alignnone size-thumbnail wp-image-2780\" style=\"border: 1px solid grey;\" alt=\"Document INSEE\" src=\"https:\/\/www.ayudart.org\/wp-content\/uploads\/2013\/05\/SIREN-150x150.jpg\" width=\"150\" height=\"150\" srcset=\"https:\/\/www.ayudart.org\/wp-content\/uploads\/2013\/05\/SIREN-150x150.jpg 150w, https:\/\/www.ayudart.org\/wp-content\/uploads\/2013\/05\/SIREN-100x100.jpg 100w\" sizes=\"auto, (max-width: 150px) 100vw, 150px\" \/><\/a><br \/>\n(Cliquez pour agrandir)<\/p>\n<ul>\n<li>\n<h4><strong>Publication au Journal Officiel<\/strong><\/h4>\n<\/li>\n<\/ul>\n<p><a href=\"https:\/\/www.ayudart.org\/wp-content\/uploads\/2013\/05\/JO-.jpg\"><img loading=\"lazy\" decoding=\"async\" class=\"alignnone size-thumbnail wp-image-2782\" style=\"border: 1px solid grey;\" alt=\"Parution au journal officiel (page 1)\" src=\"https:\/\/www.ayudart.org\/wp-content\/uploads\/2013\/05\/JO--150x150.jpg\" width=\"150\" height=\"150\" srcset=\"https:\/\/www.ayudart.org\/wp-content\/uploads\/2013\/05\/JO--150x150.jpg 150w, https:\/\/www.ayudart.org\/wp-content\/uploads\/2013\/05\/JO--100x100.jpg 100w\" sizes=\"auto, (max-width: 150px) 100vw, 150px\" \/><\/a><\/p>\n<div class=\"fancybox-hidden\">\n<div id='gallery-1' class='gallery galleryid-693 gallery-columns-3 gallery-size-thumbnail'><figure class='gallery-item'>\r\n\t\t\t<div class='gallery-icon portrait'>\r\n\t\t\t\t<a href='https:\/\/www.ayudart.org\/wp-content\/uploads\/2013\/05\/JO2.jpg'><img loading=\"lazy\" decoding=\"async\" width=\"150\" height=\"150\" src=\"https:\/\/www.ayudart.org\/wp-content\/uploads\/2013\/05\/JO2-150x150.jpg\" class=\"attachment-thumbnail size-thumbnail\" alt=\"\" srcset=\"https:\/\/www.ayudart.org\/wp-content\/uploads\/2013\/05\/JO2-150x150.jpg 150w, https:\/\/www.ayudart.org\/wp-content\/uploads\/2013\/05\/JO2-100x100.jpg 100w\" sizes=\"auto, 100vw\" \/><\/a>\r\n\t\t\t<\/div><\/figure><\/div>\n\n<\/div>\n<p>(Cliquez pour agrandir)<\/p>\n<ul>\n<li>\n<h4><strong>Relev\u00e9 d&#8217;identit\u00e9 bancaire<\/strong><\/h4>\n<\/li>\n<\/ul>\n<p><a href=\"\/wp-content\/uploads\/2013\/01\/RIB-AyudArt-Leg..jpg\"><img loading=\"lazy\" decoding=\"async\" class=\"alignnone size-thumbnail wp-image-189\" style=\"border: 1px solid grey;\" alt=\"RIB Ayud'Art.\" src=\"\/wp-content\/uploads\/2013\/01\/RIB-AyudArt-Leg.-150x150.jpg\" width=\"150\" height=\"150\" \/><\/a><br \/>\n(Cliquez pour agrandir)<\/p>\n<ul>\n<li>\n<h4><strong>Les \u00e9tats financiers d&#8217;Ayud&#8217;Art<\/strong><\/h4>\n<\/li>\n<\/ul>\n<p><a href=\"https:\/\/www.ayudart.org\/wp-content\/uploads\/2013\/01\/Etats-financiers-2006.pdf\">Etats financiers 2006<\/a><br \/>\n<a href=\"https:\/\/www.ayudart.org\/wp-content\/uploads\/2013\/01\/Etats-financier-2007.pdf\">Etats financiers 2007<\/a><br \/>\n<a href=\"https:\/\/www.ayudart.org\/wp-content\/uploads\/2013\/01\/Etats-financier-2008.pdf\">Etats financiers 2008<\/a><br \/>\n<a href=\"https:\/\/www.ayudart.org\/wp-content\/uploads\/2013\/01\/Etats-financier-2009.pdf\">Etats financiers 2009<\/a><br \/>\n<a href=\"https:\/\/www.ayudart.org\/wp-content\/uploads\/2013\/01\/Etats-financier-2010.pdf\">Etats financiers 2010<\/a><br \/>\n<a href=\"https:\/\/www.ayudart.org\/wp-content\/uploads\/2013\/01\/Etats-financier-2011.pdf\">Etats financiers 2011<\/a><br \/>\n<a href=\"https:\/\/www.ayudart.org\/wp-content\/uploads\/2013\/05\/Etats-financiers-2012.pdf\">Etats financiers 2012<\/a><\/p>\n<ul>\n<li><strong>Ayud&#8217;Art membre de Lorsud<\/strong><\/li>\n<\/ul>\n<p>Ayud&#8217;Art est membre de Lorsud : la Coordination Lorraine des Acteurs de Solidarit\u00e9 Internationale. Ayud&#8217;Art appartient au comit\u00e9 de pilotage de l&#8217;organisation du march\u00e9 du monde solidaire.<br \/>\nPour plus d&#8217;informations : <a href=\"http:\/\/www.lorsud.org\/\" target=\"_blank\">http:\/\/www.lorsud.org\/<\/a><\/p>\n<pre><span>Num\u00e9ro de\u00a0 Siren\u00a0:\u00a0 449\u00a0102\u00a0557\nNum\u00e9ro de Siret\u00a0:\u00a0 449\u00a0102\u00a0557 00013\nR\u00e9f\u00e9rences aupr\u00e8s des Imp\u00f4ts\u00a0: I5404 652179 3\nR\u00e9f\u00e9rence aupr\u00e8s de la\u00a0 Pr\u00e9fecture\u00a0: 014609\nR\u00e9f\u00e9rence au Journal Officiel\u00a0: Cr\u00e9atio<\/span><span>n 06\/12\/2001 parution JO 22\/12\/2001 (Num\u00e9ro 2144)<\/span><\/pre>\n<div><\/div>\n","protected":false},"excerpt":{"rendered":"<p>Ayud&#8217;Art vu par l&#8217;ambassadeur de France \u00e0 Lima (Cliquez pour agrandir) Les statuts de l&#8217;association Les statuts de l&#8217;association, premi\u00e8re partie. Les statuts de l&#8217;association, seconde partie. Document INSEE (Cliquez pour agrandir) Publication au Journal Officiel (Cliquez pour agrandir) Relev\u00e9 d&#8217;identit\u00e9 bancaire (Cliquez pour agrandir) Les \u00e9tats financiers d&#8217;Ayud&#8217;Art Etats financiers 2006 Etats financiers 2007 &hellip; <\/p>\n<p class=\"link-more\"><a href=\"https:\/\/www.ayudart.org\/es\/lassoication-ayudart\/donnees-officielles-et-admnistratives\/\" class=\"more-link\">Continuar leyendo<span class=\"screen-reader-text\"> \u00abDatos oficiales y administrativos\u00bb<\/span><\/a><\/p>\n","protected":false},"author":2,"featured_media":0,"parent":6,"menu_order":0,"comment_status":"closed","ping_status":"closed","template":"","meta":{"footnotes":""},"class_list":["post-693","page","type-page","status-publish","hentry"],"yoast_head":"<!-- This site is optimized with the Yoast SEO plugin v27.5 - https:\/\/yoast.com\/product\/yoast-seo-wordpress\/ -->\n<title>Datos oficiales y administrativos<\/title>\n<meta name=\"robots\" content=\"index, follow, max-snippet:-1, max-image-preview:large, max-video-preview:-1\" \/>\n<link rel=\"canonical\" href=\"https:\/\/www.ayudart.org\/es\/lassoication-ayudart\/donnees-officielles-et-admnistratives\/\" \/>\n<meta property=\"og:locale\" content=\"es_ES\" \/>\n<meta property=\"og:locale:alternate\" content=\"fr_FR\" \/>\n<meta property=\"og:locale:alternate\" content=\"en_US\" \/>\n<meta property=\"og:type\" content=\"article\" \/>\n<meta property=\"og:title\" content=\"Datos oficiales y administrativos\" \/>\n<meta property=\"og:description\" content=\"Ayud&#8217;Art vu par l&#8217;ambassadeur de France \u00e0 Lima (Cliquez pour agrandir) Les statuts de l&#8217;association Les statuts de l&#8217;association, premi\u00e8re partie. Les statuts de l&#8217;association, seconde partie. Document INSEE (Cliquez pour agrandir) Publication au Journal Officiel (Cliquez pour agrandir) Relev\u00e9 d&#8217;identit\u00e9 bancaire (Cliquez pour agrandir) Les \u00e9tats financiers d&#8217;Ayud&#8217;Art Etats financiers 2006 Etats financiers 2007 &hellip; Continuar leyendo &quot;Datos oficiales y administrativos&quot;\" \/>\n<meta property=\"og:url\" content=\"https:\/\/www.ayudart.org\/es\/lassoication-ayudart\/donnees-officielles-et-admnistratives\/\" \/>\n<meta property=\"og:site_name\" content=\"Association d&#039;aide aux enfants des rues du P\u00e9rou\" \/>\n<meta property=\"article:publisher\" content=\"https:\/\/www.facebook.com\/AyudArt\" \/>\n<meta property=\"article:modified_time\" content=\"2025-07-02T18:17:22+00:00\" \/>\n<meta property=\"og:image\" content=\"https:\/\/www.ayudart.org\/wp-content\/uploads\/2013\/05\/JO2-150x150.jpg\" \/>\n<meta name=\"twitter:card\" content=\"summary_large_image\" \/>\n<meta name=\"twitter:label1\" content=\"Tiempo de lectura\" \/>\n\t<meta name=\"twitter:data1\" content=\"2 minutos\" \/>\n<script type=\"application\/ld+json\" class=\"yoast-schema-graph\">{\"@context\":\"https:\\\/\\\/schema.org\",\"@graph\":[{\"@type\":\"WebPage\",\"@id\":\"https:\\\/\\\/www.ayudart.org\\\/lassoication-ayudart\\\/donnees-officielles-et-admnistratives\\\/\",\"url\":\"https:\\\/\\\/www.ayudart.org\\\/lassoication-ayudart\\\/donnees-officielles-et-admnistratives\\\/\",\"name\":\"Datos oficiales y administrativos\",\"isPartOf\":{\"@id\":\"https:\\\/\\\/www.ayudart.org\\\/#website\"},\"primaryImageOfPage\":{\"@id\":\"https:\\\/\\\/www.ayudart.org\\\/lassoication-ayudart\\\/donnees-officielles-et-admnistratives\\\/#primaryimage\"},\"image\":{\"@id\":\"https:\\\/\\\/www.ayudart.org\\\/lassoication-ayudart\\\/donnees-officielles-et-admnistratives\\\/#primaryimage\"},\"thumbnailUrl\":\"https:\\\/\\\/www.ayudart.org\\\/wp-content\\\/uploads\\\/2013\\\/05\\\/Lettre-de-lambassadeur-de-France-150x150.jpg\",\"datePublished\":\"2013-05-01T14:47:14+00:00\",\"dateModified\":\"2025-07-02T18:17:22+00:00\",\"breadcrumb\":{\"@id\":\"https:\\\/\\\/www.ayudart.org\\\/lassoication-ayudart\\\/donnees-officielles-et-admnistratives\\\/#breadcrumb\"},\"inLanguage\":\"es-ES\",\"potentialAction\":[{\"@type\":\"ReadAction\",\"target\":[\"https:\\\/\\\/www.ayudart.org\\\/lassoication-ayudart\\\/donnees-officielles-et-admnistratives\\\/\"]}]},{\"@type\":\"ImageObject\",\"inLanguage\":\"es-ES\",\"@id\":\"https:\\\/\\\/www.ayudart.org\\\/lassoication-ayudart\\\/donnees-officielles-et-admnistratives\\\/#primaryimage\",\"url\":\"https:\\\/\\\/www.ayudart.org\\\/wp-content\\\/uploads\\\/2013\\\/05\\\/Lettre-de-lambassadeur-de-France-150x150.jpg\",\"contentUrl\":\"https:\\\/\\\/www.ayudart.org\\\/wp-content\\\/uploads\\\/2013\\\/05\\\/Lettre-de-lambassadeur-de-France-150x150.jpg\"},{\"@type\":\"BreadcrumbList\",\"@id\":\"https:\\\/\\\/www.ayudart.org\\\/lassoication-ayudart\\\/donnees-officielles-et-admnistratives\\\/#breadcrumb\",\"itemListElement\":[{\"@type\":\"ListItem\",\"position\":1,\"name\":\"Accueil\",\"item\":\"https:\\\/\\\/www.ayudart.org\\\/\"},{\"@type\":\"ListItem\",\"position\":2,\"name\":\"L&rsquo;Association Ayud&rsquo;Art\",\"item\":\"https:\\\/\\\/www.ayudart.org\\\/lassoication-ayudart\\\/\"},{\"@type\":\"ListItem\",\"position\":3,\"name\":\"Donn\u00e9es officielles et admnistratives\"}]},{\"@type\":\"WebSite\",\"@id\":\"https:\\\/\\\/www.ayudart.org\\\/#website\",\"url\":\"https:\\\/\\\/www.ayudart.org\\\/\",\"name\":\"Association d'aide aux enfants des rues du P\u00e9rou\",\"description\":\"\",\"publisher\":{\"@id\":\"https:\\\/\\\/www.ayudart.org\\\/#organization\"},\"potentialAction\":[{\"@type\":\"SearchAction\",\"target\":{\"@type\":\"EntryPoint\",\"urlTemplate\":\"https:\\\/\\\/www.ayudart.org\\\/?s={search_term_string}\"},\"query-input\":{\"@type\":\"PropertyValueSpecification\",\"valueRequired\":true,\"valueName\":\"search_term_string\"}}],\"inLanguage\":\"es-ES\"},{\"@type\":\"Organization\",\"@id\":\"https:\\\/\\\/www.ayudart.org\\\/#organization\",\"name\":\"Ayud'Art\",\"url\":\"https:\\\/\\\/www.ayudart.org\\\/\",\"logo\":{\"@type\":\"ImageObject\",\"inLanguage\":\"es-ES\",\"@id\":\"https:\\\/\\\/www.ayudart.org\\\/#\\\/schema\\\/logo\\\/image\\\/\",\"url\":\"https:\\\/\\\/www.ayudart.org\\\/wp-content\\\/uploads\\\/2018\\\/03\\\/cropped-logo-1000-1.jpg\",\"contentUrl\":\"https:\\\/\\\/www.ayudart.org\\\/wp-content\\\/uploads\\\/2018\\\/03\\\/cropped-logo-1000-1.jpg\",\"width\":547,\"height\":250,\"caption\":\"Ayud'Art\"},\"image\":{\"@id\":\"https:\\\/\\\/www.ayudart.org\\\/#\\\/schema\\\/logo\\\/image\\\/\"},\"sameAs\":[\"https:\\\/\\\/www.facebook.com\\\/AyudArt\",\"https:\\\/\\\/www.instagram.com\\\/ayud.art\\\/\",\"https:\\\/\\\/www.linkedin.com\\\/groups\\\/27245\\\/profile\"]}]}<\/script>\n<!-- \/ Yoast SEO plugin. -->","yoast_head_json":{"title":"Datos oficiales y administrativos","robots":{"index":"index","follow":"follow","max-snippet":"max-snippet:-1","max-image-preview":"max-image-preview:large","max-video-preview":"max-video-preview:-1"},"canonical":"https:\/\/www.ayudart.org\/es\/lassoication-ayudart\/donnees-officielles-et-admnistratives\/","og_locale":"es_ES","og_type":"article","og_title":"[:fr]Donn\u00e9es officielles et admnistratives[:es]Datos oficiales y administrativos[:en]Official and administrative data[:] - Association d'aide aux enfants des rues du P\u00e9rou","og_description":"Ayud&#8217;Art vu par l&#8217;ambassadeur de France \u00e0 Lima (Cliquez pour agrandir) Les statuts de l&#8217;association Les statuts de l&#8217;association, premi\u00e8re partie. Les statuts de l&#8217;association, seconde partie. Document INSEE (Cliquez pour agrandir) Publication au Journal Officiel (Cliquez pour agrandir) Relev\u00e9 d&#8217;identit\u00e9 bancaire (Cliquez pour agrandir) Les \u00e9tats financiers d&#8217;Ayud&#8217;Art Etats financiers 2006 Etats financiers 2007 &hellip; Continuar leyendo \"Datos oficiales y administrativos\"","og_url":"https:\/\/www.ayudart.org\/es\/lassoication-ayudart\/donnees-officielles-et-admnistratives\/","og_site_name":"Association d'aide aux enfants des rues du P\u00e9rou","article_publisher":"https:\/\/www.facebook.com\/AyudArt","article_modified_time":"2025-07-02T18:17:22+00:00","og_image":[{"url":"https:\/\/www.ayudart.org\/wp-content\/uploads\/2013\/05\/JO2-150x150.jpg","type":"","width":"","height":""}],"twitter_card":"summary_large_image","twitter_misc":{"Tiempo de lectura":"2 minutos"},"schema":{"@context":"https:\/\/schema.org","@graph":[{"@type":"WebPage","@id":"https:\/\/www.ayudart.org\/lassoication-ayudart\/donnees-officielles-et-admnistratives\/","url":"https:\/\/www.ayudart.org\/lassoication-ayudart\/donnees-officielles-et-admnistratives\/","name":"Datos oficiales y administrativos","isPartOf":{"@id":"https:\/\/www.ayudart.org\/#website"},"primaryImageOfPage":{"@id":"https:\/\/www.ayudart.org\/lassoication-ayudart\/donnees-officielles-et-admnistratives\/#primaryimage"},"image":{"@id":"https:\/\/www.ayudart.org\/lassoication-ayudart\/donnees-officielles-et-admnistratives\/#primaryimage"},"thumbnailUrl":"https:\/\/www.ayudart.org\/wp-content\/uploads\/2013\/05\/Lettre-de-lambassadeur-de-France-150x150.jpg","datePublished":"2013-05-01T14:47:14+00:00","dateModified":"2025-07-02T18:17:22+00:00","breadcrumb":{"@id":"https:\/\/www.ayudart.org\/lassoication-ayudart\/donnees-officielles-et-admnistratives\/#breadcrumb"},"inLanguage":"es-ES","potentialAction":[{"@type":"ReadAction","target":["https:\/\/www.ayudart.org\/lassoication-ayudart\/donnees-officielles-et-admnistratives\/"]}]},{"@type":"ImageObject","inLanguage":"es-ES","@id":"https:\/\/www.ayudart.org\/lassoication-ayudart\/donnees-officielles-et-admnistratives\/#primaryimage","url":"https:\/\/www.ayudart.org\/wp-content\/uploads\/2013\/05\/Lettre-de-lambassadeur-de-France-150x150.jpg","contentUrl":"https:\/\/www.ayudart.org\/wp-content\/uploads\/2013\/05\/Lettre-de-lambassadeur-de-France-150x150.jpg"},{"@type":"BreadcrumbList","@id":"https:\/\/www.ayudart.org\/lassoication-ayudart\/donnees-officielles-et-admnistratives\/#breadcrumb","itemListElement":[{"@type":"ListItem","position":1,"name":"Accueil","item":"https:\/\/www.ayudart.org\/"},{"@type":"ListItem","position":2,"name":"L&rsquo;Association Ayud&rsquo;Art","item":"https:\/\/www.ayudart.org\/lassoication-ayudart\/"},{"@type":"ListItem","position":3,"name":"Donn\u00e9es officielles et admnistratives"}]},{"@type":"WebSite","@id":"https:\/\/www.ayudart.org\/#website","url":"https:\/\/www.ayudart.org\/","name":"Association d'aide aux enfants des rues du P\u00e9rou","description":"","publisher":{"@id":"https:\/\/www.ayudart.org\/#organization"},"potentialAction":[{"@type":"SearchAction","target":{"@type":"EntryPoint","urlTemplate":"https:\/\/www.ayudart.org\/?s={search_term_string}"},"query-input":{"@type":"PropertyValueSpecification","valueRequired":true,"valueName":"search_term_string"}}],"inLanguage":"es-ES"},{"@type":"Organization","@id":"https:\/\/www.ayudart.org\/#organization","name":"Ayud'Art","url":"https:\/\/www.ayudart.org\/","logo":{"@type":"ImageObject","inLanguage":"es-ES","@id":"https:\/\/www.ayudart.org\/#\/schema\/logo\/image\/","url":"https:\/\/www.ayudart.org\/wp-content\/uploads\/2018\/03\/cropped-logo-1000-1.jpg","contentUrl":"https:\/\/www.ayudart.org\/wp-content\/uploads\/2018\/03\/cropped-logo-1000-1.jpg","width":547,"height":250,"caption":"Ayud'Art"},"image":{"@id":"https:\/\/www.ayudart.org\/#\/schema\/logo\/image\/"},"sameAs":["https:\/\/www.facebook.com\/AyudArt","https:\/\/www.instagram.com\/ayud.art\/","https:\/\/www.linkedin.com\/groups\/27245\/profile"]}]}},"_links":{"self":[{"href":"https:\/\/www.ayudart.org\/es\/wp-json\/wp\/v2\/pages\/693","targetHints":{"allow":["GET"]}}],"collection":[{"href":"https:\/\/www.ayudart.org\/es\/wp-json\/wp\/v2\/pages"}],"about":[{"href":"https:\/\/www.ayudart.org\/es\/wp-json\/wp\/v2\/types\/page"}],"author":[{"embeddable":true,"href":"https:\/\/www.ayudart.org\/es\/wp-json\/wp\/v2\/users\/2"}],"replies":[{"embeddable":true,"href":"https:\/\/www.ayudart.org\/es\/wp-json\/wp\/v2\/comments?post=693"}],"version-history":[{"count":5,"href":"https:\/\/www.ayudart.org\/es\/wp-json\/wp\/v2\/pages\/693\/revisions"}],"predecessor-version":[{"id":3990,"href":"https:\/\/www.ayudart.org\/es\/wp-json\/wp\/v2\/pages\/693\/revisions\/3990"}],"up":[{"embeddable":true,"href":"https:\/\/www.ayudart.org\/es\/wp-json\/wp\/v2\/pages\/6"}],"wp:attachment":[{"href":"https:\/\/www.ayudart.org\/es\/wp-json\/wp\/v2\/media?parent=693"}],"curies":[{"name":"wp","href":"https:\/\/api.w.org\/{rel}","templated":true}]}}