{"id":660,"date":"2013-05-01T15:51:36","date_gmt":"2013-05-01T13:51:36","guid":{"rendered":"\/?page_id=660"},"modified":"2018-04-23T17:29:28","modified_gmt":"2018-04-23T15:29:28","slug":"ayudart-au-tout-debut","status":"publish","type":"page","link":"https:\/\/www.ayudart.org\/es\/lassoication-ayudart\/ayudart-au-tout-debut\/","title":{"rendered":"Ayud\u2019Art en sus inicios"},"content":{"rendered":"<p>Estamos en el a\u00f1o 2001.<br \/>\nLa Web de Internet est\u00e1 en sus inicios.<br \/>\nUn minuto de llamada telef\u00f3nica entre Francia y Per\u00fa se traga toda la tarjeta.<br \/>\nTres j\u00f3venes de horizontes distintos pero con el mismo entusiasmo se encuentran, se conectan, se hablan, otra vez, otra vez&#8230;<br \/>\nUno de ellos acaba de regresar despu\u00e9s de pasar seis meses en Per\u00fa donde ha encontrado y descubierto la vida del centro CIMA.<br \/>\nSentimiento compartido de que ha llegado la hora de poner en pie un proyecto pensado, construido y financiado y de salir a descubrir el mundo. Intentar sembrar, compartir \u00abin vivo\u00bb todo lo que los a\u00f1os de estudios y de educaci\u00f3n europeos les ha ofrecido.<br \/>\nDespu\u00e9s de examinar la situaci\u00f3n del sector asociativo loreno, toman conciencia de que existen espl\u00e9ndidos proyectos, estructuras bien estructuradas, pero sienten que nada coincide de verdad con el \u00abfuego\u00bb que late en su coraz\u00f3n. \u00a1C\u00f3mo se podr\u00eda no ser demasiado joven, ni demasiado inexperto, ni bastante biling\u00fce, ni&#8230;!<br \/>\n\u00a1Hala! una vuelta a la prefectura, tres firmas. Cada uno pone cien francos en la mesa.<br \/>\nEl jueves 6 de diciembre de 2001, salen a luz los estatutos de un embri\u00f3n de persona jur\u00eddica.<br \/>\nEn Nancy, est\u00e1 nevando.<br \/>\nCIMA se entusiasma bajo un sol festivo.<\/p>\n","protected":false},"excerpt":{"rendered":"<p>Estamos en el a\u00f1o 2001. La Web de Internet est\u00e1 en sus inicios. Un minuto de llamada telef\u00f3nica entre Francia y Per\u00fa se traga toda la tarjeta. Tres j\u00f3venes de horizontes distintos pero con el mismo entusiasmo se encuentran, se conectan, se hablan, otra vez, otra vez&#8230; Uno de ellos acaba de regresar despu\u00e9s de &hellip; <\/p>\n<p class=\"link-more\"><a href=\"https:\/\/www.ayudart.org\/es\/lassoication-ayudart\/ayudart-au-tout-debut\/\" class=\"more-link\">Continuar leyendo<span class=\"screen-reader-text\"> \u00abAyud\u2019Art en sus inicios\u00bb<\/span><\/a><\/p>\n","protected":false},"author":2,"featured_media":0,"parent":6,"menu_order":0,"comment_status":"closed","ping_status":"closed","template":"","meta":{"footnotes":""},"class_list":["post-660","page","type-page","status-publish","hentry"],"yoast_head":"<!-- This site is optimized with the Yoast SEO plugin v27.4 - https:\/\/yoast.com\/product\/yoast-seo-wordpress\/ -->\n<title>Ayud\u2019Art en sus inicios<\/title>\n<meta name=\"robots\" content=\"index, follow, max-snippet:-1, max-image-preview:large, max-video-preview:-1\" \/>\n<link rel=\"canonical\" href=\"https:\/\/www.ayudart.org\/es\/lassoication-ayudart\/ayudart-au-tout-debut\/\" \/>\n<meta property=\"og:locale\" content=\"es_ES\" \/>\n<meta property=\"og:locale:alternate\" content=\"fr_FR\" \/>\n<meta property=\"og:locale:alternate\" content=\"en_US\" \/>\n<meta property=\"og:type\" content=\"article\" \/>\n<meta property=\"og:title\" content=\"Ayud\u2019Art en sus inicios\" \/>\n<meta property=\"og:description\" content=\"Estamos en el a\u00f1o 2001. La Web de Internet est\u00e1 en sus inicios. Un minuto de llamada telef\u00f3nica entre Francia y Per\u00fa se traga toda la tarjeta. Tres j\u00f3venes de horizontes distintos pero con el mismo entusiasmo se encuentran, se conectan, se hablan, otra vez, otra vez&#8230; Uno de ellos acaba de regresar despu\u00e9s de &hellip; Continuar leyendo &quot;Ayud\u2019Art en sus inicios&quot;\" \/>\n<meta property=\"og:url\" content=\"https:\/\/www.ayudart.org\/es\/lassoication-ayudart\/ayudart-au-tout-debut\/\" \/>\n<meta property=\"og:site_name\" content=\"Association d&#039;aide aux enfants des rues du P\u00e9rou\" \/>\n<meta property=\"article:publisher\" content=\"https:\/\/www.facebook.com\/AyudArt\" \/>\n<meta property=\"article:modified_time\" content=\"2018-04-23T15:29:28+00:00\" \/>\n<meta name=\"twitter:card\" content=\"summary_large_image\" \/>\n<meta name=\"twitter:label1\" content=\"Tiempo de lectura\" \/>\n\t<meta name=\"twitter:data1\" content=\"3 minutos\" \/>\n<script type=\"application\/ld+json\" class=\"yoast-schema-graph\">{\"@context\":\"https:\\\/\\\/schema.org\",\"@graph\":[{\"@type\":\"WebPage\",\"@id\":\"https:\\\/\\\/www.ayudart.org\\\/lassoication-ayudart\\\/ayudart-au-tout-debut\\\/\",\"url\":\"https:\\\/\\\/www.ayudart.org\\\/lassoication-ayudart\\\/ayudart-au-tout-debut\\\/\",\"name\":\"Ayud\u2019Art en sus inicios\",\"isPartOf\":{\"@id\":\"https:\\\/\\\/www.ayudart.org\\\/#website\"},\"datePublished\":\"2013-05-01T13:51:36+00:00\",\"dateModified\":\"2018-04-23T15:29:28+00:00\",\"breadcrumb\":{\"@id\":\"https:\\\/\\\/www.ayudart.org\\\/lassoication-ayudart\\\/ayudart-au-tout-debut\\\/#breadcrumb\"},\"inLanguage\":\"es-ES\",\"potentialAction\":[{\"@type\":\"ReadAction\",\"target\":[\"https:\\\/\\\/www.ayudart.org\\\/lassoication-ayudart\\\/ayudart-au-tout-debut\\\/\"]}]},{\"@type\":\"BreadcrumbList\",\"@id\":\"https:\\\/\\\/www.ayudart.org\\\/lassoication-ayudart\\\/ayudart-au-tout-debut\\\/#breadcrumb\",\"itemListElement\":[{\"@type\":\"ListItem\",\"position\":1,\"name\":\"Accueil\",\"item\":\"https:\\\/\\\/www.ayudart.org\\\/\"},{\"@type\":\"ListItem\",\"position\":2,\"name\":\"L&rsquo;Association Ayud&rsquo;Art\",\"item\":\"https:\\\/\\\/www.ayudart.org\\\/lassoication-ayudart\\\/\"},{\"@type\":\"ListItem\",\"position\":3,\"name\":\"Ayud&#039;Art au tout d\u00e9but\"}]},{\"@type\":\"WebSite\",\"@id\":\"https:\\\/\\\/www.ayudart.org\\\/#website\",\"url\":\"https:\\\/\\\/www.ayudart.org\\\/\",\"name\":\"Association d'aide aux enfants des rues du P\u00e9rou\",\"description\":\"\",\"publisher\":{\"@id\":\"https:\\\/\\\/www.ayudart.org\\\/#organization\"},\"potentialAction\":[{\"@type\":\"SearchAction\",\"target\":{\"@type\":\"EntryPoint\",\"urlTemplate\":\"https:\\\/\\\/www.ayudart.org\\\/?s={search_term_string}\"},\"query-input\":{\"@type\":\"PropertyValueSpecification\",\"valueRequired\":true,\"valueName\":\"search_term_string\"}}],\"inLanguage\":\"es-ES\"},{\"@type\":\"Organization\",\"@id\":\"https:\\\/\\\/www.ayudart.org\\\/#organization\",\"name\":\"Ayud'Art\",\"url\":\"https:\\\/\\\/www.ayudart.org\\\/\",\"logo\":{\"@type\":\"ImageObject\",\"inLanguage\":\"es-ES\",\"@id\":\"https:\\\/\\\/www.ayudart.org\\\/#\\\/schema\\\/logo\\\/image\\\/\",\"url\":\"https:\\\/\\\/www.ayudart.org\\\/wp-content\\\/uploads\\\/2018\\\/03\\\/cropped-logo-1000-1.jpg\",\"contentUrl\":\"https:\\\/\\\/www.ayudart.org\\\/wp-content\\\/uploads\\\/2018\\\/03\\\/cropped-logo-1000-1.jpg\",\"width\":547,\"height\":250,\"caption\":\"Ayud'Art\"},\"image\":{\"@id\":\"https:\\\/\\\/www.ayudart.org\\\/#\\\/schema\\\/logo\\\/image\\\/\"},\"sameAs\":[\"https:\\\/\\\/www.facebook.com\\\/AyudArt\",\"https:\\\/\\\/www.instagram.com\\\/ayud.art\\\/\",\"https:\\\/\\\/www.linkedin.com\\\/groups\\\/27245\\\/profile\"]}]}<\/script>\n<!-- \/ Yoast SEO plugin. -->","yoast_head_json":{"title":"Ayud\u2019Art en sus inicios","robots":{"index":"index","follow":"follow","max-snippet":"max-snippet:-1","max-image-preview":"max-image-preview:large","max-video-preview":"max-video-preview:-1"},"canonical":"https:\/\/www.ayudart.org\/es\/lassoication-ayudart\/ayudart-au-tout-debut\/","og_locale":"es_ES","og_type":"article","og_title":"[:fr]Ayud&#039;Art au tout d\u00e9but[:es]Ayud\u2019Art en sus inicios[:en]Ayud\u2019Art at the very beginning[:] - Association d'aide aux enfants des rues du P\u00e9rou","og_description":"Estamos en el a\u00f1o 2001. La Web de Internet est\u00e1 en sus inicios. Un minuto de llamada telef\u00f3nica entre Francia y Per\u00fa se traga toda la tarjeta. Tres j\u00f3venes de horizontes distintos pero con el mismo entusiasmo se encuentran, se conectan, se hablan, otra vez, otra vez&#8230; Uno de ellos acaba de regresar despu\u00e9s de &hellip; Continuar leyendo \"Ayud\u2019Art en sus inicios\"","og_url":"https:\/\/www.ayudart.org\/es\/lassoication-ayudart\/ayudart-au-tout-debut\/","og_site_name":"Association d'aide aux enfants des rues du P\u00e9rou","article_publisher":"https:\/\/www.facebook.com\/AyudArt","article_modified_time":"2018-04-23T15:29:28+00:00","twitter_card":"summary_large_image","twitter_misc":{"Tiempo de lectura":"3 minutos"},"schema":{"@context":"https:\/\/schema.org","@graph":[{"@type":"WebPage","@id":"https:\/\/www.ayudart.org\/lassoication-ayudart\/ayudart-au-tout-debut\/","url":"https:\/\/www.ayudart.org\/lassoication-ayudart\/ayudart-au-tout-debut\/","name":"Ayud\u2019Art en sus inicios","isPartOf":{"@id":"https:\/\/www.ayudart.org\/#website"},"datePublished":"2013-05-01T13:51:36+00:00","dateModified":"2018-04-23T15:29:28+00:00","breadcrumb":{"@id":"https:\/\/www.ayudart.org\/lassoication-ayudart\/ayudart-au-tout-debut\/#breadcrumb"},"inLanguage":"es-ES","potentialAction":[{"@type":"ReadAction","target":["https:\/\/www.ayudart.org\/lassoication-ayudart\/ayudart-au-tout-debut\/"]}]},{"@type":"BreadcrumbList","@id":"https:\/\/www.ayudart.org\/lassoication-ayudart\/ayudart-au-tout-debut\/#breadcrumb","itemListElement":[{"@type":"ListItem","position":1,"name":"Accueil","item":"https:\/\/www.ayudart.org\/"},{"@type":"ListItem","position":2,"name":"L&rsquo;Association Ayud&rsquo;Art","item":"https:\/\/www.ayudart.org\/lassoication-ayudart\/"},{"@type":"ListItem","position":3,"name":"Ayud&#039;Art au tout d\u00e9but"}]},{"@type":"WebSite","@id":"https:\/\/www.ayudart.org\/#website","url":"https:\/\/www.ayudart.org\/","name":"Association d'aide aux enfants des rues du P\u00e9rou","description":"","publisher":{"@id":"https:\/\/www.ayudart.org\/#organization"},"potentialAction":[{"@type":"SearchAction","target":{"@type":"EntryPoint","urlTemplate":"https:\/\/www.ayudart.org\/?s={search_term_string}"},"query-input":{"@type":"PropertyValueSpecification","valueRequired":true,"valueName":"search_term_string"}}],"inLanguage":"es-ES"},{"@type":"Organization","@id":"https:\/\/www.ayudart.org\/#organization","name":"Ayud'Art","url":"https:\/\/www.ayudart.org\/","logo":{"@type":"ImageObject","inLanguage":"es-ES","@id":"https:\/\/www.ayudart.org\/#\/schema\/logo\/image\/","url":"https:\/\/www.ayudart.org\/wp-content\/uploads\/2018\/03\/cropped-logo-1000-1.jpg","contentUrl":"https:\/\/www.ayudart.org\/wp-content\/uploads\/2018\/03\/cropped-logo-1000-1.jpg","width":547,"height":250,"caption":"Ayud'Art"},"image":{"@id":"https:\/\/www.ayudart.org\/#\/schema\/logo\/image\/"},"sameAs":["https:\/\/www.facebook.com\/AyudArt","https:\/\/www.instagram.com\/ayud.art\/","https:\/\/www.linkedin.com\/groups\/27245\/profile"]}]}},"_links":{"self":[{"href":"https:\/\/www.ayudart.org\/es\/wp-json\/wp\/v2\/pages\/660","targetHints":{"allow":["GET"]}}],"collection":[{"href":"https:\/\/www.ayudart.org\/es\/wp-json\/wp\/v2\/pages"}],"about":[{"href":"https:\/\/www.ayudart.org\/es\/wp-json\/wp\/v2\/types\/page"}],"author":[{"embeddable":true,"href":"https:\/\/www.ayudart.org\/es\/wp-json\/wp\/v2\/users\/2"}],"replies":[{"embeddable":true,"href":"https:\/\/www.ayudart.org\/es\/wp-json\/wp\/v2\/comments?post=660"}],"version-history":[{"count":3,"href":"https:\/\/www.ayudart.org\/es\/wp-json\/wp\/v2\/pages\/660\/revisions"}],"predecessor-version":[{"id":3402,"href":"https:\/\/www.ayudart.org\/es\/wp-json\/wp\/v2\/pages\/660\/revisions\/3402"}],"up":[{"embeddable":true,"href":"https:\/\/www.ayudart.org\/es\/wp-json\/wp\/v2\/pages\/6"}],"wp:attachment":[{"href":"https:\/\/www.ayudart.org\/es\/wp-json\/wp\/v2\/media?parent=660"}],"curies":[{"name":"wp","href":"https:\/\/api.w.org\/{rel}","templated":true}]}}