{"id":588,"date":"2013-04-30T14:06:17","date_gmt":"2013-04-30T12:06:17","guid":{"rendered":"\/?page_id=588"},"modified":"2018-12-22T09:54:11","modified_gmt":"2018-12-22T08:54:11","slug":"donnees-administratives","status":"publish","type":"page","link":"https:\/\/www.ayudart.org\/es\/donnees-administratives\/","title":{"rendered":"Donn\u00e9es administratives"},"content":{"rendered":"<p>Retrouvez dans cette section toutes les informations juridiques et officielles relatives \u00e0 Ayud&#8217;Art!<\/p>\n<h2>Le p\u00e9digr\u00e9e de l&#8217;association : Documents admninistratifs<\/h2>\n<ul>\n<li>\n<h4><strong>Les statuts de l&#8217;association<\/strong><\/h4>\n<\/li>\n<\/ul>\n<p><a href=\"https:\/\/www.ayudart.org\/wp-content\/uploads\/2013\/01\/Statuts-p1-Leg..jpg\"><img loading=\"lazy\" decoding=\"async\" class=\"alignnone size-thumbnail wp-image-191\" style=\"border: 1px solid grey;\" src=\"https:\/\/www.ayudart.org\/wp-content\/uploads\/2013\/01\/Statuts-p1-Leg.-150x150.jpg\" alt=\"Statuts, page 1.\" width=\"150\" height=\"150\" srcset=\"https:\/\/www.ayudart.org\/wp-content\/uploads\/2013\/01\/Statuts-p1-Leg.-150x150.jpg 150w, https:\/\/www.ayudart.org\/wp-content\/uploads\/2013\/01\/Statuts-p1-Leg.-100x100.jpg 100w\" sizes=\"auto, (max-width: 150px) 100vw, 150px\" \/><\/a><\/p>\n<div class=\"fancybox-hidden\">\n<div id='gallery-1' class='gallery galleryid-588 gallery-columns-3 gallery-size-thumbnail'><figure class='gallery-item'>\r\n\t\t\t<div class='gallery-icon portrait'>\r\n\t\t\t\t<a href='https:\/\/www.ayudart.org\/wp-content\/uploads\/2013\/01\/Statuts-p2-Leg..jpg'><img loading=\"lazy\" decoding=\"async\" width=\"150\" height=\"150\" src=\"https:\/\/www.ayudart.org\/wp-content\/uploads\/2013\/01\/Statuts-p2-Leg.-150x150.jpg\" class=\"attachment-thumbnail size-thumbnail\" alt=\"\" srcset=\"https:\/\/www.ayudart.org\/wp-content\/uploads\/2013\/01\/Statuts-p2-Leg.-150x150.jpg 150w, https:\/\/www.ayudart.org\/wp-content\/uploads\/2013\/01\/Statuts-p2-Leg.-100x100.jpg 100w\" sizes=\"auto, 100vw\" \/><\/a>\r\n\t\t\t<\/div><\/figure><figure class='gallery-item'>\r\n\t\t\t<div class='gallery-icon portrait'>\r\n\t\t\t\t<a href='https:\/\/www.ayudart.org\/wp-content\/uploads\/2013\/01\/Statuts-p3-Leg..jpg'><img loading=\"lazy\" decoding=\"async\" width=\"150\" height=\"150\" src=\"https:\/\/www.ayudart.org\/wp-content\/uploads\/2013\/01\/Statuts-p3-Leg.-150x150.jpg\" class=\"attachment-thumbnail size-thumbnail\" alt=\"\" srcset=\"https:\/\/www.ayudart.org\/wp-content\/uploads\/2013\/01\/Statuts-p3-Leg.-150x150.jpg 150w, https:\/\/www.ayudart.org\/wp-content\/uploads\/2013\/01\/Statuts-p3-Leg.-100x100.jpg 100w\" sizes=\"auto, 100vw\" \/><\/a>\r\n\t\t\t<\/div><\/figure><\/div>\n\n<\/div>\n<p>(Cliquez pour agrandir)<\/p>\n<ul>\n<li>\n<h4><strong>Document INSEE<\/strong><\/h4>\n<\/li>\n<\/ul>\n<p><a href=\"https:\/\/www.ayudart.org\/wp-content\/uploads\/2013\/01\/SIREN-Leg..jpg\"><img loading=\"lazy\" decoding=\"async\" class=\"alignnone size-thumbnail wp-image-190\" style=\"border: 1px solid grey;\" src=\"https:\/\/www.ayudart.org\/wp-content\/uploads\/2013\/01\/SIREN-Leg.-150x150.jpg\" alt=\"Document INSEE, SIREN.\" width=\"150\" height=\"150\" srcset=\"https:\/\/www.ayudart.org\/wp-content\/uploads\/2013\/01\/SIREN-Leg.-150x150.jpg 150w, https:\/\/www.ayudart.org\/wp-content\/uploads\/2013\/01\/SIREN-Leg.-100x100.jpg 100w\" sizes=\"auto, (max-width: 150px) 100vw, 150px\" \/><\/a>(Cliquez pour agrandir)<\/p>\n<ul>\n<li>\n<h4><strong>Publication au Journal Officiel<\/strong><\/h4>\n<\/li>\n<\/ul>\n<p><a href=\"https:\/\/www.ayudart.org\/wp-content\/uploads\/2013\/01\/JO-p1-Leg..jpg\"><img loading=\"lazy\" decoding=\"async\" class=\"alignnone size-thumbnail wp-image-186\" style=\"border: 1px solid grey;\" src=\"https:\/\/www.ayudart.org\/wp-content\/uploads\/2013\/01\/JO-p1-Leg.-150x150.jpg\" alt=\"Publication au Journal Officiel, page 1.\" width=\"150\" height=\"150\" srcset=\"https:\/\/www.ayudart.org\/wp-content\/uploads\/2013\/01\/JO-p1-Leg.-150x150.jpg 150w, https:\/\/www.ayudart.org\/wp-content\/uploads\/2013\/01\/JO-p1-Leg.-100x100.jpg 100w\" sizes=\"auto, (max-width: 150px) 100vw, 150px\" \/><\/a><\/p>\n<div class=\"fancybox-hidden\">\n<div id='gallery-2' class='gallery galleryid-588 gallery-columns-3 gallery-size-thumbnail'><figure class='gallery-item'>\r\n\t\t\t<div class='gallery-icon portrait'>\r\n\t\t\t\t<a href='https:\/\/www.ayudart.org\/wp-content\/uploads\/2013\/01\/JO-p2-Leg..jpg'><img loading=\"lazy\" decoding=\"async\" width=\"150\" height=\"150\" src=\"https:\/\/www.ayudart.org\/wp-content\/uploads\/2013\/01\/JO-p2-Leg.-150x150.jpg\" class=\"attachment-thumbnail size-thumbnail\" alt=\"\" srcset=\"https:\/\/www.ayudart.org\/wp-content\/uploads\/2013\/01\/JO-p2-Leg.-150x150.jpg 150w, https:\/\/www.ayudart.org\/wp-content\/uploads\/2013\/01\/JO-p2-Leg.-100x100.jpg 100w\" sizes=\"auto, 100vw\" \/><\/a>\r\n\t\t\t<\/div><\/figure><\/div>\n\n<\/div>\n<p>(Cliquez pour agrandir)<\/p>\n<ul>\n<li><\/li>\n<li>\n<h4><strong>Ayud&#8217;Art vu par l&#8217;ambassadeur de France \u00e0 Lima<\/strong><\/h4>\n<\/li>\n<\/ul>\n<p><a href=\"https:\/\/www.ayudart.org\/wp-content\/uploads\/2013\/01\/Lettre-Ambassadeur-Leg.1.jpg\"><img loading=\"lazy\" decoding=\"async\" class=\"alignnone size-thumbnail wp-image-216\" style=\"border: 1px solid grey;\" src=\"https:\/\/www.ayudart.org\/wp-content\/uploads\/2013\/01\/Lettre-Ambassadeur-Leg.1-150x150.jpg\" alt=\"Lettre de l'Ambassadeur de France au P\u00e9rou.\" width=\"150\" height=\"150\" srcset=\"https:\/\/www.ayudart.org\/wp-content\/uploads\/2013\/01\/Lettre-Ambassadeur-Leg.1-150x150.jpg 150w, https:\/\/www.ayudart.org\/wp-content\/uploads\/2013\/01\/Lettre-Ambassadeur-Leg.1-100x100.jpg 100w\" sizes=\"auto, (max-width: 150px) 100vw, 150px\" \/><\/a>(Cliquez pour agrandir)<\/p>\n<ul>\n<li>\n<h4><strong>La sant\u00e9 financi\u00e8re d&#8217;Ayud&#8217;Art<\/strong><\/h4>\n<\/li>\n<\/ul>\n<p><a href=\"https:\/\/www.ayudart.org\/wp-content\/uploads\/2013\/01\/Etats-financiers-2006.pdf\">Etats financiers 2006<\/a><br \/>\n<a href=\"https:\/\/www.ayudart.org\/wp-content\/uploads\/2013\/01\/Etats-financier-2007.pdf\">Etats financiers 2007<\/a><br \/>\n<a href=\"https:\/\/www.ayudart.org\/wp-content\/uploads\/2013\/01\/Etats-financier-2008.pdf\">Etats financiers 2008<\/a><br \/>\n<a href=\"https:\/\/www.ayudart.org\/wp-content\/uploads\/2013\/01\/Etats-financier-2009.pdf\">Etats financiers 2009<\/a><br \/>\n<a href=\"https:\/\/www.ayudart.org\/wp-content\/uploads\/2013\/01\/Etats-financier-2010.pdf\">Etats financiers 2010<\/a><br \/>\n<a href=\"https:\/\/www.ayudart.org\/wp-content\/uploads\/2013\/01\/Etats-financier-2011.pdf\">Etats financiers 2011<\/a><\/p>\n","protected":false},"excerpt":{"rendered":"<p>Retrouvez dans cette section toutes les informations juridiques et officielles relatives \u00e0 Ayud&#8217;Art! Le p\u00e9digr\u00e9e de l&#8217;association : Documents admninistratifs Les statuts de l&#8217;association (Cliquez pour agrandir) Document INSEE (Cliquez pour agrandir) Publication au Journal Officiel (Cliquez pour agrandir) Ayud&#8217;Art vu par l&#8217;ambassadeur de France \u00e0 Lima (Cliquez pour agrandir) La sant\u00e9 financi\u00e8re d&#8217;Ayud&#8217;Art Etats &hellip; <\/p>\n<p class=\"link-more\"><a href=\"https:\/\/www.ayudart.org\/es\/donnees-administratives\/\" class=\"more-link\">Continuar leyendo<span class=\"screen-reader-text\"> \u00abDonn\u00e9es administratives\u00bb<\/span><\/a><\/p>\n","protected":false},"author":2,"featured_media":0,"parent":0,"menu_order":0,"comment_status":"open","ping_status":"open","template":"","meta":{"footnotes":""},"class_list":["post-588","page","type-page","status-publish","hentry"],"yoast_head":"<!-- This site is optimized with the Yoast SEO plugin v27.3 - https:\/\/yoast.com\/product\/yoast-seo-wordpress\/ -->\n<title>Donn\u00e9es administratives<\/title>\n<meta name=\"robots\" content=\"index, follow, max-snippet:-1, max-image-preview:large, max-video-preview:-1\" \/>\n<link rel=\"canonical\" href=\"https:\/\/www.ayudart.org\/es\/donnees-administratives\/\" \/>\n<meta property=\"og:locale\" content=\"es_ES\" \/>\n<meta property=\"og:locale:alternate\" content=\"fr_FR\" \/>\n<meta property=\"og:locale:alternate\" content=\"en_US\" \/>\n<meta property=\"og:type\" content=\"article\" \/>\n<meta property=\"og:title\" content=\"Donn\u00e9es administratives\" \/>\n<meta property=\"og:description\" content=\"Retrouvez dans cette section toutes les informations juridiques et officielles relatives \u00e0 Ayud&#8217;Art! Le p\u00e9digr\u00e9e de l&#8217;association : Documents admninistratifs Les statuts de l&#8217;association (Cliquez pour agrandir) Document INSEE (Cliquez pour agrandir) Publication au Journal Officiel (Cliquez pour agrandir) Ayud&#8217;Art vu par l&#8217;ambassadeur de France \u00e0 Lima (Cliquez pour agrandir) La sant\u00e9 financi\u00e8re d&#8217;Ayud&#8217;Art Etats &hellip; Continuar leyendo &quot;Donn\u00e9es administratives&quot;\" \/>\n<meta property=\"og:url\" content=\"https:\/\/www.ayudart.org\/es\/donnees-administratives\/\" \/>\n<meta property=\"og:site_name\" content=\"Association d&#039;aide aux enfants des rues du P\u00e9rou\" \/>\n<meta property=\"article:publisher\" content=\"https:\/\/www.facebook.com\/AyudArt\" \/>\n<meta property=\"article:modified_time\" content=\"2018-12-22T08:54:11+00:00\" \/>\n<meta property=\"og:image\" content=\"https:\/\/www.ayudart.org\/wp-content\/uploads\/2013\/01\/Statuts-p2-Leg.-150x150.jpg\" \/>\n<meta name=\"twitter:card\" content=\"summary_large_image\" \/>\n<meta name=\"twitter:label1\" content=\"Tiempo de lectura\" \/>\n\t<meta name=\"twitter:data1\" content=\"1 minuto\" \/>\n<script type=\"application\/ld+json\" class=\"yoast-schema-graph\">{\"@context\":\"https:\\\/\\\/schema.org\",\"@graph\":[{\"@type\":\"WebPage\",\"@id\":\"https:\\\/\\\/www.ayudart.org\\\/donnees-administratives\\\/\",\"url\":\"https:\\\/\\\/www.ayudart.org\\\/donnees-administratives\\\/\",\"name\":\"Donn\u00e9es administratives\",\"isPartOf\":{\"@id\":\"https:\\\/\\\/www.ayudart.org\\\/#website\"},\"primaryImageOfPage\":{\"@id\":\"https:\\\/\\\/www.ayudart.org\\\/donnees-administratives\\\/#primaryimage\"},\"image\":{\"@id\":\"https:\\\/\\\/www.ayudart.org\\\/donnees-administratives\\\/#primaryimage\"},\"thumbnailUrl\":\"https:\\\/\\\/www.ayudart.org\\\/wp-content\\\/uploads\\\/2013\\\/01\\\/Statuts-p1-Leg.-150x150.jpg\",\"datePublished\":\"2013-04-30T12:06:17+00:00\",\"dateModified\":\"2018-12-22T08:54:11+00:00\",\"breadcrumb\":{\"@id\":\"https:\\\/\\\/www.ayudart.org\\\/donnees-administratives\\\/#breadcrumb\"},\"inLanguage\":\"es-ES\",\"potentialAction\":[{\"@type\":\"ReadAction\",\"target\":[\"https:\\\/\\\/www.ayudart.org\\\/donnees-administratives\\\/\"]}]},{\"@type\":\"ImageObject\",\"inLanguage\":\"es-ES\",\"@id\":\"https:\\\/\\\/www.ayudart.org\\\/donnees-administratives\\\/#primaryimage\",\"url\":\"https:\\\/\\\/www.ayudart.org\\\/wp-content\\\/uploads\\\/2013\\\/01\\\/Statuts-p1-Leg.-150x150.jpg\",\"contentUrl\":\"https:\\\/\\\/www.ayudart.org\\\/wp-content\\\/uploads\\\/2013\\\/01\\\/Statuts-p1-Leg.-150x150.jpg\"},{\"@type\":\"BreadcrumbList\",\"@id\":\"https:\\\/\\\/www.ayudart.org\\\/donnees-administratives\\\/#breadcrumb\",\"itemListElement\":[{\"@type\":\"ListItem\",\"position\":1,\"name\":\"Accueil\",\"item\":\"https:\\\/\\\/www.ayudart.org\\\/\"},{\"@type\":\"ListItem\",\"position\":2,\"name\":\"Donn\u00e9es administratives\"}]},{\"@type\":\"WebSite\",\"@id\":\"https:\\\/\\\/www.ayudart.org\\\/#website\",\"url\":\"https:\\\/\\\/www.ayudart.org\\\/\",\"name\":\"Association d'aide aux enfants des rues du P\u00e9rou\",\"description\":\"\",\"publisher\":{\"@id\":\"https:\\\/\\\/www.ayudart.org\\\/#organization\"},\"potentialAction\":[{\"@type\":\"SearchAction\",\"target\":{\"@type\":\"EntryPoint\",\"urlTemplate\":\"https:\\\/\\\/www.ayudart.org\\\/?s={search_term_string}\"},\"query-input\":{\"@type\":\"PropertyValueSpecification\",\"valueRequired\":true,\"valueName\":\"search_term_string\"}}],\"inLanguage\":\"es-ES\"},{\"@type\":\"Organization\",\"@id\":\"https:\\\/\\\/www.ayudart.org\\\/#organization\",\"name\":\"Ayud'Art\",\"url\":\"https:\\\/\\\/www.ayudart.org\\\/\",\"logo\":{\"@type\":\"ImageObject\",\"inLanguage\":\"es-ES\",\"@id\":\"https:\\\/\\\/www.ayudart.org\\\/#\\\/schema\\\/logo\\\/image\\\/\",\"url\":\"https:\\\/\\\/www.ayudart.org\\\/wp-content\\\/uploads\\\/2018\\\/03\\\/cropped-logo-1000-1.jpg\",\"contentUrl\":\"https:\\\/\\\/www.ayudart.org\\\/wp-content\\\/uploads\\\/2018\\\/03\\\/cropped-logo-1000-1.jpg\",\"width\":547,\"height\":250,\"caption\":\"Ayud'Art\"},\"image\":{\"@id\":\"https:\\\/\\\/www.ayudart.org\\\/#\\\/schema\\\/logo\\\/image\\\/\"},\"sameAs\":[\"https:\\\/\\\/www.facebook.com\\\/AyudArt\",\"https:\\\/\\\/www.instagram.com\\\/ayud.art\\\/\",\"https:\\\/\\\/www.linkedin.com\\\/groups\\\/27245\\\/profile\"]}]}<\/script>\n<!-- \/ Yoast SEO plugin. -->","yoast_head_json":{"title":"Donn\u00e9es administratives","robots":{"index":"index","follow":"follow","max-snippet":"max-snippet:-1","max-image-preview":"max-image-preview:large","max-video-preview":"max-video-preview:-1"},"canonical":"https:\/\/www.ayudart.org\/es\/donnees-administratives\/","og_locale":"es_ES","og_type":"article","og_title":"[:fr]Donn\u00e9es administratives[:es]Donn\u00e9es administratives[:en]Donn\u00e9es administratives[:] - Association d'aide aux enfants des rues du P\u00e9rou","og_description":"Retrouvez dans cette section toutes les informations juridiques et officielles relatives \u00e0 Ayud&#8217;Art! Le p\u00e9digr\u00e9e de l&#8217;association : Documents admninistratifs Les statuts de l&#8217;association (Cliquez pour agrandir) Document INSEE (Cliquez pour agrandir) Publication au Journal Officiel (Cliquez pour agrandir) Ayud&#8217;Art vu par l&#8217;ambassadeur de France \u00e0 Lima (Cliquez pour agrandir) La sant\u00e9 financi\u00e8re d&#8217;Ayud&#8217;Art Etats &hellip; Continuar leyendo \"Donn\u00e9es administratives\"","og_url":"https:\/\/www.ayudart.org\/es\/donnees-administratives\/","og_site_name":"Association d'aide aux enfants des rues du P\u00e9rou","article_publisher":"https:\/\/www.facebook.com\/AyudArt","article_modified_time":"2018-12-22T08:54:11+00:00","og_image":[{"url":"https:\/\/www.ayudart.org\/wp-content\/uploads\/2013\/01\/Statuts-p2-Leg.-150x150.jpg","type":"","width":"","height":""}],"twitter_card":"summary_large_image","twitter_misc":{"Tiempo de lectura":"1 minuto"},"schema":{"@context":"https:\/\/schema.org","@graph":[{"@type":"WebPage","@id":"https:\/\/www.ayudart.org\/donnees-administratives\/","url":"https:\/\/www.ayudart.org\/donnees-administratives\/","name":"Donn\u00e9es administratives","isPartOf":{"@id":"https:\/\/www.ayudart.org\/#website"},"primaryImageOfPage":{"@id":"https:\/\/www.ayudart.org\/donnees-administratives\/#primaryimage"},"image":{"@id":"https:\/\/www.ayudart.org\/donnees-administratives\/#primaryimage"},"thumbnailUrl":"https:\/\/www.ayudart.org\/wp-content\/uploads\/2013\/01\/Statuts-p1-Leg.-150x150.jpg","datePublished":"2013-04-30T12:06:17+00:00","dateModified":"2018-12-22T08:54:11+00:00","breadcrumb":{"@id":"https:\/\/www.ayudart.org\/donnees-administratives\/#breadcrumb"},"inLanguage":"es-ES","potentialAction":[{"@type":"ReadAction","target":["https:\/\/www.ayudart.org\/donnees-administratives\/"]}]},{"@type":"ImageObject","inLanguage":"es-ES","@id":"https:\/\/www.ayudart.org\/donnees-administratives\/#primaryimage","url":"https:\/\/www.ayudart.org\/wp-content\/uploads\/2013\/01\/Statuts-p1-Leg.-150x150.jpg","contentUrl":"https:\/\/www.ayudart.org\/wp-content\/uploads\/2013\/01\/Statuts-p1-Leg.-150x150.jpg"},{"@type":"BreadcrumbList","@id":"https:\/\/www.ayudart.org\/donnees-administratives\/#breadcrumb","itemListElement":[{"@type":"ListItem","position":1,"name":"Accueil","item":"https:\/\/www.ayudart.org\/"},{"@type":"ListItem","position":2,"name":"Donn\u00e9es administratives"}]},{"@type":"WebSite","@id":"https:\/\/www.ayudart.org\/#website","url":"https:\/\/www.ayudart.org\/","name":"Association d'aide aux enfants des rues du P\u00e9rou","description":"","publisher":{"@id":"https:\/\/www.ayudart.org\/#organization"},"potentialAction":[{"@type":"SearchAction","target":{"@type":"EntryPoint","urlTemplate":"https:\/\/www.ayudart.org\/?s={search_term_string}"},"query-input":{"@type":"PropertyValueSpecification","valueRequired":true,"valueName":"search_term_string"}}],"inLanguage":"es-ES"},{"@type":"Organization","@id":"https:\/\/www.ayudart.org\/#organization","name":"Ayud'Art","url":"https:\/\/www.ayudart.org\/","logo":{"@type":"ImageObject","inLanguage":"es-ES","@id":"https:\/\/www.ayudart.org\/#\/schema\/logo\/image\/","url":"https:\/\/www.ayudart.org\/wp-content\/uploads\/2018\/03\/cropped-logo-1000-1.jpg","contentUrl":"https:\/\/www.ayudart.org\/wp-content\/uploads\/2018\/03\/cropped-logo-1000-1.jpg","width":547,"height":250,"caption":"Ayud'Art"},"image":{"@id":"https:\/\/www.ayudart.org\/#\/schema\/logo\/image\/"},"sameAs":["https:\/\/www.facebook.com\/AyudArt","https:\/\/www.instagram.com\/ayud.art\/","https:\/\/www.linkedin.com\/groups\/27245\/profile"]}]}},"_links":{"self":[{"href":"https:\/\/www.ayudart.org\/es\/wp-json\/wp\/v2\/pages\/588","targetHints":{"allow":["GET"]}}],"collection":[{"href":"https:\/\/www.ayudart.org\/es\/wp-json\/wp\/v2\/pages"}],"about":[{"href":"https:\/\/www.ayudart.org\/es\/wp-json\/wp\/v2\/types\/page"}],"author":[{"embeddable":true,"href":"https:\/\/www.ayudart.org\/es\/wp-json\/wp\/v2\/users\/2"}],"replies":[{"embeddable":true,"href":"https:\/\/www.ayudart.org\/es\/wp-json\/wp\/v2\/comments?post=588"}],"version-history":[{"count":3,"href":"https:\/\/www.ayudart.org\/es\/wp-json\/wp\/v2\/pages\/588\/revisions"}],"predecessor-version":[{"id":3804,"href":"https:\/\/www.ayudart.org\/es\/wp-json\/wp\/v2\/pages\/588\/revisions\/3804"}],"wp:attachment":[{"href":"https:\/\/www.ayudart.org\/es\/wp-json\/wp\/v2\/media?parent=588"}],"curies":[{"name":"wp","href":"https:\/\/api.w.org\/{rel}","templated":true}]}}