{"id":3065,"date":"2013-05-30T19:55:59","date_gmt":"2013-05-30T17:55:59","guid":{"rendered":"\/?page_id=3065"},"modified":"2018-04-26T14:29:24","modified_gmt":"2018-04-26T12:29:24","slug":"et","status":"publish","type":"page","link":"https:\/\/www.ayudart.org\/es\/demarche-ethique\/et\/","title":{"rendered":"Y&#8230;"},"content":{"rendered":"<p style=\"text-align: justify;\">Y todos los productores encontrados por milagro que entregan de vez en cuando a Ayud&#8217;Art el fruto de su trabajo.<\/p>\n<table>\n<tbody>\n<tr>\n<td><a href=\"https:\/\/www.ayudart.org\/wp-content\/uploads\/2013\/01\/Sur-l\u00eele-dAmantani-Lac-Titicaca.-3800-m\u00e8tres-au-dessus-du-niveau-de-la-mer.v2.jpg\"><img loading=\"lazy\" decoding=\"async\" class=\"size-thumbnail wp-image-2542 aligncenter\" alt=\"Sur l'\u00eele d'Amantani, Lac Titicaca, 3800 m\u00e8tres au dessus du niveau de la mer.\" src=\"https:\/\/www.ayudart.org\/wp-content\/uploads\/2013\/01\/Sur-l\u00eele-dAmantani-Lac-Titicaca.-3800-m\u00e8tres-au-dessus-du-niveau-de-la-mer.v2-150x150.jpg\" width=\"150\" height=\"150\" srcset=\"https:\/\/www.ayudart.org\/wp-content\/uploads\/2013\/01\/Sur-l\u00eele-dAmantani-Lac-Titicaca.-3800-m\u00e8tres-au-dessus-du-niveau-de-la-mer.v2-150x150.jpg 150w, https:\/\/www.ayudart.org\/wp-content\/uploads\/2013\/01\/Sur-l\u00eele-dAmantani-Lac-Titicaca.-3800-m\u00e8tres-au-dessus-du-niveau-de-la-mer.v2-100x100.jpg 100w\" sizes=\"auto, (max-width: 150px) 100vw, 150px\" \/><\/a><\/td>\n<td><a href=\"https:\/\/www.ayudart.org\/wp-content\/uploads\/2013\/01\/A-la-laguna-de-Puray..v2.jpg\"><img loading=\"lazy\" decoding=\"async\" class=\"size-thumbnail wp-image-2543 aligncenter\" alt=\"A la laguna de Puray.\" src=\"https:\/\/www.ayudart.org\/wp-content\/uploads\/2013\/01\/A-la-laguna-de-Puray..v2-150x150.jpg\" width=\"150\" height=\"150\" srcset=\"https:\/\/www.ayudart.org\/wp-content\/uploads\/2013\/01\/A-la-laguna-de-Puray..v2-150x150.jpg 150w, https:\/\/www.ayudart.org\/wp-content\/uploads\/2013\/01\/A-la-laguna-de-Puray..v2-100x100.jpg 100w\" sizes=\"auto, (max-width: 150px) 100vw, 150px\" \/><\/a><\/td>\n<td><a href=\"https:\/\/www.ayudart.org\/wp-content\/uploads\/2013\/01\/A-Ollantaytambo..v2.jpg\"><img loading=\"lazy\" decoding=\"async\" class=\"size-thumbnail wp-image-2544 aligncenter\" alt=\"A Ollantaytambo.\" src=\"https:\/\/www.ayudart.org\/wp-content\/uploads\/2013\/01\/A-Ollantaytambo..v2-150x150.jpg\" width=\"150\" height=\"150\" srcset=\"https:\/\/www.ayudart.org\/wp-content\/uploads\/2013\/01\/A-Ollantaytambo..v2-150x150.jpg 150w, https:\/\/www.ayudart.org\/wp-content\/uploads\/2013\/01\/A-Ollantaytambo..v2-100x100.jpg 100w\" sizes=\"auto, (max-width: 150px) 100vw, 150px\" \/><\/a><\/td>\n<td><a href=\"https:\/\/www.ayudart.org\/wp-content\/uploads\/2013\/01\/A-Pissac..v2.jpg\"><img loading=\"lazy\" decoding=\"async\" class=\"size-thumbnail wp-image-2545 aligncenter\" alt=\"A Pissac.\" src=\"https:\/\/www.ayudart.org\/wp-content\/uploads\/2013\/01\/A-Pissac..v2-150x150.jpg\" width=\"150\" height=\"150\" srcset=\"https:\/\/www.ayudart.org\/wp-content\/uploads\/2013\/01\/A-Pissac..v2-150x150.jpg 150w, https:\/\/www.ayudart.org\/wp-content\/uploads\/2013\/01\/A-Pissac..v2-100x100.jpg 100w\" sizes=\"auto, (max-width: 150px) 100vw, 150px\" \/><\/a><\/td>\n<\/tr>\n<tr>\n<td><a href=\"https:\/\/www.ayudart.org\/wp-content\/uploads\/2013\/01\/Assises-par-terre-\u00e0-Ayacucho..v2.jpg\"><img loading=\"lazy\" decoding=\"async\" class=\"size-thumbnail wp-image-2546 aligncenter\" alt=\"A Ayacucho.\" src=\"https:\/\/www.ayudart.org\/wp-content\/uploads\/2013\/01\/Assises-par-terre-\u00e0-Ayacucho..v2-150x150.jpg\" width=\"150\" height=\"150\" srcset=\"https:\/\/www.ayudart.org\/wp-content\/uploads\/2013\/01\/Assises-par-terre-\u00e0-Ayacucho..v2-150x150.jpg 150w, https:\/\/www.ayudart.org\/wp-content\/uploads\/2013\/01\/Assises-par-terre-\u00e0-Ayacucho..v2-100x100.jpg 100w\" sizes=\"auto, (max-width: 150px) 100vw, 150px\" \/><\/a><\/td>\n<td><a href=\"https:\/\/www.ayudart.org\/wp-content\/uploads\/2013\/01\/Aux-mains-si-agiles...v2.jpg\"><img loading=\"lazy\" decoding=\"async\" class=\"size-thumbnail wp-image-2547 aligncenter\" alt=\"Aux mains si agiles...\" src=\"https:\/\/www.ayudart.org\/wp-content\/uploads\/2013\/01\/Aux-mains-si-agiles...v2-150x150.jpg\" width=\"150\" height=\"150\" srcset=\"https:\/\/www.ayudart.org\/wp-content\/uploads\/2013\/01\/Aux-mains-si-agiles...v2-150x150.jpg 150w, https:\/\/www.ayudart.org\/wp-content\/uploads\/2013\/01\/Aux-mains-si-agiles...v2-100x100.jpg 100w\" sizes=\"auto, (max-width: 150px) 100vw, 150px\" \/><\/a><\/td>\n<td><a href=\"https:\/\/www.ayudart.org\/wp-content\/uploads\/2013\/01\/En-gardant-les-brebis-\u00e0-Maras-vall\u00e9e-sacr\u00e9e...v2.jpg\"><img loading=\"lazy\" decoding=\"async\" class=\"size-thumbnail wp-image-2548 aligncenter\" alt=\"En gardant les brebis \u00e0 Maras, vall\u00e9e sacr\u00e9e...\" src=\"https:\/\/www.ayudart.org\/wp-content\/uploads\/2013\/01\/En-gardant-les-brebis-\u00e0-Maras-vall\u00e9e-sacr\u00e9e...v2-150x150.jpg\" width=\"150\" height=\"150\" srcset=\"https:\/\/www.ayudart.org\/wp-content\/uploads\/2013\/01\/En-gardant-les-brebis-\u00e0-Maras-vall\u00e9e-sacr\u00e9e...v2-150x150.jpg 150w, https:\/\/www.ayudart.org\/wp-content\/uploads\/2013\/01\/En-gardant-les-brebis-\u00e0-Maras-vall\u00e9e-sacr\u00e9e...v2-100x100.jpg 100w\" sizes=\"auto, (max-width: 150px) 100vw, 150px\" \/><\/a><\/td>\n<td><a href=\"https:\/\/www.ayudart.org\/wp-content\/uploads\/2013\/01\/En-pleine-mixtures-\u00e0-Chinchero..v2.jpg\"><img loading=\"lazy\" decoding=\"async\" class=\"size-thumbnail wp-image-2549 aligncenter\" alt=\"En pleine mixtures \u00e0 Chinchero.\" src=\"https:\/\/www.ayudart.org\/wp-content\/uploads\/2013\/01\/En-pleine-mixtures-\u00e0-Chinchero..v2-150x150.jpg\" width=\"150\" height=\"150\" srcset=\"https:\/\/www.ayudart.org\/wp-content\/uploads\/2013\/01\/En-pleine-mixtures-\u00e0-Chinchero..v2-150x150.jpg 150w, https:\/\/www.ayudart.org\/wp-content\/uploads\/2013\/01\/En-pleine-mixtures-\u00e0-Chinchero..v2-100x100.jpg 100w\" sizes=\"auto, (max-width: 150px) 100vw, 150px\" \/><\/a><\/td>\n<\/tr>\n<tr>\n<td><a href=\"https:\/\/www.ayudart.org\/wp-content\/uploads\/2013\/01\/La-famille-de-Dina.v2.jpg\"><img loading=\"lazy\" decoding=\"async\" class=\"size-thumbnail wp-image-2550 aligncenter\" alt=\"La famille de Dina.\" src=\"https:\/\/www.ayudart.org\/wp-content\/uploads\/2013\/01\/La-famille-de-Dina.v2-150x150.jpg\" width=\"150\" height=\"150\" srcset=\"https:\/\/www.ayudart.org\/wp-content\/uploads\/2013\/01\/La-famille-de-Dina.v2-150x150.jpg 150w, https:\/\/www.ayudart.org\/wp-content\/uploads\/2013\/01\/La-famille-de-Dina.v2-100x100.jpg 100w\" sizes=\"auto, (max-width: 150px) 100vw, 150px\" \/><\/a><\/td>\n<td><a href=\"https:\/\/www.ayudart.org\/wp-content\/uploads\/2013\/01\/La-famille-de-Yollanda.v2.jpg\"><img loading=\"lazy\" decoding=\"async\" class=\"size-thumbnail wp-image-2551 aligncenter\" alt=\"La famille de Yollanda.\" src=\"https:\/\/www.ayudart.org\/wp-content\/uploads\/2013\/01\/La-famille-de-Yollanda.v2-150x150.jpg\" width=\"150\" height=\"150\" srcset=\"https:\/\/www.ayudart.org\/wp-content\/uploads\/2013\/01\/La-famille-de-Yollanda.v2-150x150.jpg 150w, https:\/\/www.ayudart.org\/wp-content\/uploads\/2013\/01\/La-famille-de-Yollanda.v2-100x100.jpg 100w\" sizes=\"auto, (max-width: 150px) 100vw, 150px\" \/><\/a><\/td>\n<td><a href=\"https:\/\/www.ayudart.org\/wp-content\/uploads\/2013\/05\/Qui-sculptent-la-pierre-blanche-comme-du-beurre-\u00e0-Ayacucho...v3.jpg\"><img loading=\"lazy\" decoding=\"async\" class=\"size-thumbnail wp-image-3181 aligncenter\" alt=\"Qui sculptent la pierre blanche comme du beurre \u00e0 Ayacucho...\" src=\"https:\/\/www.ayudart.org\/wp-content\/uploads\/2013\/05\/Qui-sculptent-la-pierre-blanche-comme-du-beurre-\u00e0-Ayacucho...v3-150x150.jpg\" width=\"150\" height=\"150\" srcset=\"https:\/\/www.ayudart.org\/wp-content\/uploads\/2013\/05\/Qui-sculptent-la-pierre-blanche-comme-du-beurre-\u00e0-Ayacucho...v3-150x150.jpg 150w, https:\/\/www.ayudart.org\/wp-content\/uploads\/2013\/05\/Qui-sculptent-la-pierre-blanche-comme-du-beurre-\u00e0-Ayacucho...v3-100x100.jpg 100w\" sizes=\"auto, (max-width: 150px) 100vw, 150px\" \/><\/a><\/td>\n<td><a href=\"https:\/\/www.ayudart.org\/wp-content\/uploads\/2013\/01\/Sur-lile-de-Taquile.v2.jpg\"><img loading=\"lazy\" decoding=\"async\" class=\"size-thumbnail wp-image-2560 aligncenter\" alt=\"Sur l'\u00eele de Taquile.\" src=\"https:\/\/www.ayudart.org\/wp-content\/uploads\/2013\/01\/Sur-lile-de-Taquile.v2-150x150.jpg\" width=\"150\" height=\"150\" srcset=\"https:\/\/www.ayudart.org\/wp-content\/uploads\/2013\/01\/Sur-lile-de-Taquile.v2-150x150.jpg 150w, https:\/\/www.ayudart.org\/wp-content\/uploads\/2013\/01\/Sur-lile-de-Taquile.v2-100x100.jpg 100w\" sizes=\"auto, (max-width: 150px) 100vw, 150px\" \/><\/a><\/td>\n<\/tr>\n<tr>\n<td><\/td>\n<td><a href=\"https:\/\/www.ayudart.org\/wp-content\/uploads\/2013\/01\/A-Ar\u00e9quipa.v2.jpg\"><img loading=\"lazy\" decoding=\"async\" class=\"size-thumbnail wp-image-2561 aligncenter\" alt=\"A Ar\u00e9quipa.\" src=\"https:\/\/www.ayudart.org\/wp-content\/uploads\/2013\/01\/A-Ar\u00e9quipa.v2-150x150.jpg\" width=\"150\" height=\"150\" srcset=\"https:\/\/www.ayudart.org\/wp-content\/uploads\/2013\/01\/A-Ar\u00e9quipa.v2-150x150.jpg 150w, https:\/\/www.ayudart.org\/wp-content\/uploads\/2013\/01\/A-Ar\u00e9quipa.v2-100x100.jpg 100w\" sizes=\"auto, (max-width: 150px) 100vw, 150px\" \/><\/a><\/td>\n<td><a href=\"https:\/\/www.ayudart.org\/wp-content\/uploads\/2013\/01\/A-cusco.v2.jpg\"><img loading=\"lazy\" decoding=\"async\" class=\"size-thumbnail wp-image-2562 aligncenter\" alt=\"A Cusco.\" src=\"https:\/\/www.ayudart.org\/wp-content\/uploads\/2013\/01\/A-cusco.v2-150x150.jpg\" width=\"150\" height=\"150\" srcset=\"https:\/\/www.ayudart.org\/wp-content\/uploads\/2013\/01\/A-cusco.v2-150x150.jpg 150w, https:\/\/www.ayudart.org\/wp-content\/uploads\/2013\/01\/A-cusco.v2-100x100.jpg 100w\" sizes=\"auto, (max-width: 150px) 100vw, 150px\" \/><\/a><\/td>\n<td><\/td>\n<\/tr>\n<\/tbody>\n<\/table>\n<table>\n<tbody>\n<tr>\n<td><\/td>\n<td>\n<div style=\"text-align: center;\"><iframe loading=\"lazy\" src=\"https:\/\/www.youtube.com\/watch?v=kBDAW7UnKS8\" height=\"141\" width=\"250\" allowfullscreen=\"\" frameborder=\"0\"><\/iframe><\/div>\n<\/td>\n<td>\n<div style=\"text-align: center;\"><iframe loading=\"lazy\" src=\"https:\/\/www.youtube.com\/watch?v=HXitJC2JsBA\" height=\"141\" width=\"250\" allowfullscreen=\"\" frameborder=\"0\"><\/iframe><\/div>\n<\/td>\n<\/tr>\n<\/tbody>\n<\/table>\n","protected":false},"excerpt":{"rendered":"<p>Y todos los productores encontrados por milagro que entregan de vez en cuando a Ayud&#8217;Art el fruto de su trabajo.<\/p>\n","protected":false},"author":2,"featured_media":0,"parent":10,"menu_order":0,"comment_status":"closed","ping_status":"closed","template":"","meta":{"footnotes":""},"class_list":["post-3065","page","type-page","status-publish","hentry"],"yoast_head":"<!-- This site is optimized with the Yoast SEO plugin v27.5 - https:\/\/yoast.com\/product\/yoast-seo-wordpress\/ -->\n<title>Y&#8230;<\/title>\n<meta name=\"robots\" content=\"index, follow, max-snippet:-1, max-image-preview:large, max-video-preview:-1\" \/>\n<link rel=\"canonical\" href=\"https:\/\/www.ayudart.org\/es\/demarche-ethique\/et\/\" \/>\n<meta property=\"og:locale\" content=\"es_ES\" \/>\n<meta property=\"og:locale:alternate\" content=\"fr_FR\" \/>\n<meta property=\"og:locale:alternate\" content=\"en_US\" \/>\n<meta property=\"og:type\" content=\"article\" \/>\n<meta property=\"og:title\" content=\"Y&#8230;\" \/>\n<meta property=\"og:description\" content=\"Y todos los productores encontrados por milagro que entregan de vez en cuando a Ayud&#8217;Art el fruto de su trabajo.\" \/>\n<meta property=\"og:url\" content=\"https:\/\/www.ayudart.org\/es\/demarche-ethique\/et\/\" \/>\n<meta property=\"og:site_name\" content=\"Association d&#039;aide aux enfants des rues du P\u00e9rou\" \/>\n<meta property=\"article:publisher\" content=\"https:\/\/www.facebook.com\/AyudArt\" \/>\n<meta property=\"article:modified_time\" content=\"2018-04-26T12:29:24+00:00\" \/>\n<meta property=\"og:image\" content=\"https:\/\/www.ayudart.org\/wp-content\/uploads\/2013\/01\/Sur-l\u00eele-dAmantani-Lac-Titicaca.-3800-m\u00e8tres-au-dessus-du-niveau-de-la-mer.v2-150x150.jpg\" \/>\n<meta name=\"twitter:card\" content=\"summary_large_image\" \/>\n<script type=\"application\/ld+json\" class=\"yoast-schema-graph\">{\"@context\":\"https:\\\/\\\/schema.org\",\"@graph\":[{\"@type\":\"WebPage\",\"@id\":\"https:\\\/\\\/www.ayudart.org\\\/demarche-ethique\\\/et\\\/\",\"url\":\"https:\\\/\\\/www.ayudart.org\\\/demarche-ethique\\\/et\\\/\",\"name\":\"Y&#8230;\",\"isPartOf\":{\"@id\":\"https:\\\/\\\/www.ayudart.org\\\/#website\"},\"primaryImageOfPage\":{\"@id\":\"https:\\\/\\\/www.ayudart.org\\\/demarche-ethique\\\/et\\\/#primaryimage\"},\"image\":{\"@id\":\"https:\\\/\\\/www.ayudart.org\\\/demarche-ethique\\\/et\\\/#primaryimage\"},\"thumbnailUrl\":\"https:\\\/\\\/www.ayudart.org\\\/wp-content\\\/uploads\\\/2013\\\/01\\\/A-la-laguna-de-Puray..v2-150x150.jpg\",\"datePublished\":\"2013-05-30T17:55:59+00:00\",\"dateModified\":\"2018-04-26T12:29:24+00:00\",\"breadcrumb\":{\"@id\":\"https:\\\/\\\/www.ayudart.org\\\/demarche-ethique\\\/et\\\/#breadcrumb\"},\"inLanguage\":\"es-ES\",\"potentialAction\":[{\"@type\":\"ReadAction\",\"target\":[\"https:\\\/\\\/www.ayudart.org\\\/demarche-ethique\\\/et\\\/\"]}]},{\"@type\":\"ImageObject\",\"inLanguage\":\"es-ES\",\"@id\":\"https:\\\/\\\/www.ayudart.org\\\/demarche-ethique\\\/et\\\/#primaryimage\",\"url\":\"https:\\\/\\\/www.ayudart.org\\\/wp-content\\\/uploads\\\/2013\\\/01\\\/A-la-laguna-de-Puray..v2-150x150.jpg\",\"contentUrl\":\"https:\\\/\\\/www.ayudart.org\\\/wp-content\\\/uploads\\\/2013\\\/01\\\/A-la-laguna-de-Puray..v2-150x150.jpg\"},{\"@type\":\"BreadcrumbList\",\"@id\":\"https:\\\/\\\/www.ayudart.org\\\/demarche-ethique\\\/et\\\/#breadcrumb\",\"itemListElement\":[{\"@type\":\"ListItem\",\"position\":1,\"name\":\"Accueil\",\"item\":\"https:\\\/\\\/www.ayudart.org\\\/\"},{\"@type\":\"ListItem\",\"position\":2,\"name\":\"Le commerce \u00e9thique\",\"item\":\"https:\\\/\\\/www.ayudart.org\\\/demarche-ethique\\\/\"},{\"@type\":\"ListItem\",\"position\":3,\"name\":\"Et&#8230;\"}]},{\"@type\":\"WebSite\",\"@id\":\"https:\\\/\\\/www.ayudart.org\\\/#website\",\"url\":\"https:\\\/\\\/www.ayudart.org\\\/\",\"name\":\"Association d'aide aux enfants des rues du P\u00e9rou\",\"description\":\"\",\"publisher\":{\"@id\":\"https:\\\/\\\/www.ayudart.org\\\/#organization\"},\"potentialAction\":[{\"@type\":\"SearchAction\",\"target\":{\"@type\":\"EntryPoint\",\"urlTemplate\":\"https:\\\/\\\/www.ayudart.org\\\/?s={search_term_string}\"},\"query-input\":{\"@type\":\"PropertyValueSpecification\",\"valueRequired\":true,\"valueName\":\"search_term_string\"}}],\"inLanguage\":\"es-ES\"},{\"@type\":\"Organization\",\"@id\":\"https:\\\/\\\/www.ayudart.org\\\/#organization\",\"name\":\"Ayud'Art\",\"url\":\"https:\\\/\\\/www.ayudart.org\\\/\",\"logo\":{\"@type\":\"ImageObject\",\"inLanguage\":\"es-ES\",\"@id\":\"https:\\\/\\\/www.ayudart.org\\\/#\\\/schema\\\/logo\\\/image\\\/\",\"url\":\"https:\\\/\\\/www.ayudart.org\\\/wp-content\\\/uploads\\\/2018\\\/03\\\/cropped-logo-1000-1.jpg\",\"contentUrl\":\"https:\\\/\\\/www.ayudart.org\\\/wp-content\\\/uploads\\\/2018\\\/03\\\/cropped-logo-1000-1.jpg\",\"width\":547,\"height\":250,\"caption\":\"Ayud'Art\"},\"image\":{\"@id\":\"https:\\\/\\\/www.ayudart.org\\\/#\\\/schema\\\/logo\\\/image\\\/\"},\"sameAs\":[\"https:\\\/\\\/www.facebook.com\\\/AyudArt\",\"https:\\\/\\\/www.instagram.com\\\/ayud.art\\\/\",\"https:\\\/\\\/www.linkedin.com\\\/groups\\\/27245\\\/profile\"]}]}<\/script>\n<!-- \/ Yoast SEO plugin. -->","yoast_head_json":{"title":"Y&#8230;","robots":{"index":"index","follow":"follow","max-snippet":"max-snippet:-1","max-image-preview":"max-image-preview:large","max-video-preview":"max-video-preview:-1"},"canonical":"https:\/\/www.ayudart.org\/es\/demarche-ethique\/et\/","og_locale":"es_ES","og_type":"article","og_title":"[:fr]Et...[:es]Y&#8230;[:en]And\u2026[:] - Association d'aide aux enfants des rues du P\u00e9rou","og_description":"Y todos los productores encontrados por milagro que entregan de vez en cuando a Ayud&#8217;Art el fruto de su trabajo.","og_url":"https:\/\/www.ayudart.org\/es\/demarche-ethique\/et\/","og_site_name":"Association d'aide aux enfants des rues du P\u00e9rou","article_publisher":"https:\/\/www.facebook.com\/AyudArt","article_modified_time":"2018-04-26T12:29:24+00:00","og_image":[{"url":"https:\/\/www.ayudart.org\/wp-content\/uploads\/2013\/01\/Sur-l\u00eele-dAmantani-Lac-Titicaca.-3800-m\u00e8tres-au-dessus-du-niveau-de-la-mer.v2-150x150.jpg","type":"","width":"","height":""}],"twitter_card":"summary_large_image","schema":{"@context":"https:\/\/schema.org","@graph":[{"@type":"WebPage","@id":"https:\/\/www.ayudart.org\/demarche-ethique\/et\/","url":"https:\/\/www.ayudart.org\/demarche-ethique\/et\/","name":"Y&#8230;","isPartOf":{"@id":"https:\/\/www.ayudart.org\/#website"},"primaryImageOfPage":{"@id":"https:\/\/www.ayudart.org\/demarche-ethique\/et\/#primaryimage"},"image":{"@id":"https:\/\/www.ayudart.org\/demarche-ethique\/et\/#primaryimage"},"thumbnailUrl":"https:\/\/www.ayudart.org\/wp-content\/uploads\/2013\/01\/A-la-laguna-de-Puray..v2-150x150.jpg","datePublished":"2013-05-30T17:55:59+00:00","dateModified":"2018-04-26T12:29:24+00:00","breadcrumb":{"@id":"https:\/\/www.ayudart.org\/demarche-ethique\/et\/#breadcrumb"},"inLanguage":"es-ES","potentialAction":[{"@type":"ReadAction","target":["https:\/\/www.ayudart.org\/demarche-ethique\/et\/"]}]},{"@type":"ImageObject","inLanguage":"es-ES","@id":"https:\/\/www.ayudart.org\/demarche-ethique\/et\/#primaryimage","url":"https:\/\/www.ayudart.org\/wp-content\/uploads\/2013\/01\/A-la-laguna-de-Puray..v2-150x150.jpg","contentUrl":"https:\/\/www.ayudart.org\/wp-content\/uploads\/2013\/01\/A-la-laguna-de-Puray..v2-150x150.jpg"},{"@type":"BreadcrumbList","@id":"https:\/\/www.ayudart.org\/demarche-ethique\/et\/#breadcrumb","itemListElement":[{"@type":"ListItem","position":1,"name":"Accueil","item":"https:\/\/www.ayudart.org\/"},{"@type":"ListItem","position":2,"name":"Le commerce \u00e9thique","item":"https:\/\/www.ayudart.org\/demarche-ethique\/"},{"@type":"ListItem","position":3,"name":"Et&#8230;"}]},{"@type":"WebSite","@id":"https:\/\/www.ayudart.org\/#website","url":"https:\/\/www.ayudart.org\/","name":"Association d'aide aux enfants des rues du P\u00e9rou","description":"","publisher":{"@id":"https:\/\/www.ayudart.org\/#organization"},"potentialAction":[{"@type":"SearchAction","target":{"@type":"EntryPoint","urlTemplate":"https:\/\/www.ayudart.org\/?s={search_term_string}"},"query-input":{"@type":"PropertyValueSpecification","valueRequired":true,"valueName":"search_term_string"}}],"inLanguage":"es-ES"},{"@type":"Organization","@id":"https:\/\/www.ayudart.org\/#organization","name":"Ayud'Art","url":"https:\/\/www.ayudart.org\/","logo":{"@type":"ImageObject","inLanguage":"es-ES","@id":"https:\/\/www.ayudart.org\/#\/schema\/logo\/image\/","url":"https:\/\/www.ayudart.org\/wp-content\/uploads\/2018\/03\/cropped-logo-1000-1.jpg","contentUrl":"https:\/\/www.ayudart.org\/wp-content\/uploads\/2018\/03\/cropped-logo-1000-1.jpg","width":547,"height":250,"caption":"Ayud'Art"},"image":{"@id":"https:\/\/www.ayudart.org\/#\/schema\/logo\/image\/"},"sameAs":["https:\/\/www.facebook.com\/AyudArt","https:\/\/www.instagram.com\/ayud.art\/","https:\/\/www.linkedin.com\/groups\/27245\/profile"]}]}},"_links":{"self":[{"href":"https:\/\/www.ayudart.org\/es\/wp-json\/wp\/v2\/pages\/3065","targetHints":{"allow":["GET"]}}],"collection":[{"href":"https:\/\/www.ayudart.org\/es\/wp-json\/wp\/v2\/pages"}],"about":[{"href":"https:\/\/www.ayudart.org\/es\/wp-json\/wp\/v2\/types\/page"}],"author":[{"embeddable":true,"href":"https:\/\/www.ayudart.org\/es\/wp-json\/wp\/v2\/users\/2"}],"replies":[{"embeddable":true,"href":"https:\/\/www.ayudart.org\/es\/wp-json\/wp\/v2\/comments?post=3065"}],"version-history":[{"count":2,"href":"https:\/\/www.ayudart.org\/es\/wp-json\/wp\/v2\/pages\/3065\/revisions"}],"predecessor-version":[{"id":3497,"href":"https:\/\/www.ayudart.org\/es\/wp-json\/wp\/v2\/pages\/3065\/revisions\/3497"}],"up":[{"embeddable":true,"href":"https:\/\/www.ayudart.org\/es\/wp-json\/wp\/v2\/pages\/10"}],"wp:attachment":[{"href":"https:\/\/www.ayudart.org\/es\/wp-json\/wp\/v2\/media?parent=3065"}],"curies":[{"name":"wp","href":"https:\/\/api.w.org\/{rel}","templated":true}]}}