{"id":26,"date":"2013-01-22T16:34:09","date_gmt":"2013-01-22T15:34:09","guid":{"rendered":"\/?page_id=26"},"modified":"2018-04-13T16:02:48","modified_gmt":"2018-04-13T14:02:48","slug":"credits","status":"publish","type":"page","link":"https:\/\/www.ayudart.org\/es\/accueil\/credits\/","title":{"rendered":"Cr\u00e9ditos"},"content":{"rendered":"<p><!--:fr-->Ce site est \u00e9dit\u00e9 par l&#8217;Association Ayud&#8217;art<br \/>\n26 bis, rue Hermite, 54000 Nancy<br \/>\nadresse mail : ayudart (arobase) ayudart.org<br \/>\n<span style=\"text-decoration: underline;\">Conception-r\u00e9alisation :<\/span><\/p>\n<p style=\"padding-left: 30px;\">Damien Tilly, mail : damien (point) tilly (at) gmail (point) com<\/p>\n<p><span style=\"text-decoration: underline;\">Conception graphique :<\/span><\/p>\n<p style=\"padding-left: 30px;\">Damien Tilly, mail : damien (point) tilly (at) gmail (point) com<br \/>\nAnabela Duarte, mail : sanga (point) mangi (at) gmail (point) com<br \/>\nElise Gonnet<\/p>\n<p><span style=\"text-decoration: underline;\">Photographies :<\/span><\/p>\n<p style=\"padding-left: 30px;\">Elise\/Ayud&#8217;Art, Ludovic Lauret\/Ayud&#8217;Art, Virginie, Massimo, Mathilde, Claire, Jean et Quentin.<\/p>\n<p><!--:--><!--:es-->La Asociaci\u00f3n Ayud&#8217;Art edita esta p\u00e1gina<br \/>\n26 bis, rue Hermite, 54000 Nancy<br \/>\ndirecci\u00f3n electr\u00f3nica : ayudart (arroba) ayudart (punto) org<br \/>\n<span style=\"text-decoration: underline;\">Concepci\u00f3n &#8211; realizaci\u00f3n :<\/span><\/p>\n<p style=\"padding-left: 30px;\">Damien Tilly, direcci\u00f3n electr\u00f3nica : damien (punto) tilly (arroba) gmail (punto) com<\/p>\n<p><span style=\"text-decoration: underline;\">Concepci\u00f3n gr\u00e1fica <\/span><\/p>\n<p style=\"padding-left: 30px;\">Damien Tilly, direcci\u00f3n electr\u00f3nica : damien (punto) tilly (at) gmail (punto) com<br \/>\nAnabela Duarte, mail : sanga (punto) mangui (at) gmail (punto) com<br \/>\nElise Gonnet<\/p>\n<p><span style=\"text-decoration: underline;\">Fotograf\u00edas :<\/span><\/p>\n<p style=\"padding-left: 30px;\">Elise\/Ayud&#8217;Art, Ludovic Lauret\/Ayud&#8217;Art, Virginie, Massimo, Mathilde, Claire, Jean et Quentin.<\/p>\n<p><!--:--><!--:en-->Ce site est \u00e9dit\u00e9 par l&#8217;Association Ayud&#8217;art<br \/>\n26 bis, rue Hermite, 54000 Nancy<br \/>\nadresse mail : ayudart(at)ayudart.org<br \/>\n<span style=\"text-decoration: underline;\">Conception-r\u00e9alisation :<\/span><\/p>\n<p style=\"padding-left: 30px;\">Damien Tilly, mail : damien (point) tilly (at) gmail (point) com<\/p>\n<p><span style=\"text-decoration: underline;\">Conception graphique :<\/span><\/p>\n<p style=\"padding-left: 30px;\">Damien Tilly, mail : damien (point) tilly (at) gmail (point) com<br \/>\nAnabela Duarte, mail : sanga.mangi (at) gmail (point) com<br \/>\nElise Gonnet<\/p>\n<p><span style=\"text-decoration: underline;\">Photographies :<\/span><\/p>\n<p style=\"padding-left: 30px;\">Elise\/Ayud&#8217;Art, Ludovic Lauret\/Ayud&#8217;Art, Virginie, Massimo, Mathilde, Claire, Jean et Quentin.<\/p>\n<p><!--:--><\/p>\n","protected":false},"excerpt":{"rendered":"<p>Ce site est \u00e9dit\u00e9 par l&#8217;Association Ayud&#8217;art 26 bis, rue Hermite, 54000 Nancy adresse mail : ayudart (arobase) ayudart.org Conception-r\u00e9alisation : Damien Tilly, mail : damien (point) tilly (at) gmail (point) com Conception graphique : Damien Tilly, mail : damien (point) tilly (at) gmail (point) com Anabela Duarte, mail : sanga (point) mangi (at) gmail &hellip; <\/p>\n<p class=\"link-more\"><a href=\"https:\/\/www.ayudart.org\/es\/accueil\/credits\/\" class=\"more-link\">Continuar leyendo<span class=\"screen-reader-text\"> \u00abCr\u00e9ditos\u00bb<\/span><\/a><\/p>\n","protected":false},"author":2,"featured_media":0,"parent":3234,"menu_order":0,"comment_status":"closed","ping_status":"closed","template":"","meta":{"footnotes":""},"class_list":["post-26","page","type-page","status-publish","hentry"],"yoast_head":"<!-- This site is optimized with the Yoast SEO plugin v27.5 - https:\/\/yoast.com\/product\/yoast-seo-wordpress\/ -->\n<title>Cr\u00e9ditos<\/title>\n<meta name=\"robots\" content=\"index, follow, max-snippet:-1, max-image-preview:large, max-video-preview:-1\" \/>\n<link rel=\"canonical\" href=\"https:\/\/www.ayudart.org\/es\/accueil\/credits\/\" \/>\n<meta property=\"og:locale\" content=\"es_ES\" \/>\n<meta property=\"og:locale:alternate\" content=\"fr_FR\" \/>\n<meta property=\"og:locale:alternate\" content=\"en_US\" \/>\n<meta property=\"og:type\" content=\"article\" \/>\n<meta property=\"og:title\" content=\"Cr\u00e9ditos\" \/>\n<meta property=\"og:description\" content=\"Ce site est \u00e9dit\u00e9 par l&#8217;Association Ayud&#8217;art 26 bis, rue Hermite, 54000 Nancy adresse mail : ayudart (arobase) ayudart.org Conception-r\u00e9alisation : Damien Tilly, mail : damien (point) tilly (at) gmail (point) com Conception graphique : Damien Tilly, mail : damien (point) tilly (at) gmail (point) com Anabela Duarte, mail : sanga (point) mangi (at) gmail &hellip; Continuar leyendo &quot;Cr\u00e9ditos&quot;\" \/>\n<meta property=\"og:url\" content=\"https:\/\/www.ayudart.org\/es\/accueil\/credits\/\" \/>\n<meta property=\"og:site_name\" content=\"Association d&#039;aide aux enfants des rues du P\u00e9rou\" \/>\n<meta property=\"article:publisher\" content=\"https:\/\/www.facebook.com\/AyudArt\" \/>\n<meta property=\"article:modified_time\" content=\"2018-04-13T14:02:48+00:00\" \/>\n<meta name=\"twitter:card\" content=\"summary_large_image\" \/>\n<meta name=\"twitter:label1\" content=\"Tiempo de lectura\" \/>\n\t<meta name=\"twitter:data1\" content=\"1 minuto\" \/>\n<script type=\"application\/ld+json\" class=\"yoast-schema-graph\">{\"@context\":\"https:\\\/\\\/schema.org\",\"@graph\":[{\"@type\":\"WebPage\",\"@id\":\"https:\\\/\\\/www.ayudart.org\\\/accueil\\\/credits\\\/\",\"url\":\"https:\\\/\\\/www.ayudart.org\\\/accueil\\\/credits\\\/\",\"name\":\"Cr\u00e9ditos\",\"isPartOf\":{\"@id\":\"https:\\\/\\\/www.ayudart.org\\\/#website\"},\"datePublished\":\"2013-01-22T15:34:09+00:00\",\"dateModified\":\"2018-04-13T14:02:48+00:00\",\"breadcrumb\":{\"@id\":\"https:\\\/\\\/www.ayudart.org\\\/accueil\\\/credits\\\/#breadcrumb\"},\"inLanguage\":\"es-ES\",\"potentialAction\":[{\"@type\":\"ReadAction\",\"target\":[\"https:\\\/\\\/www.ayudart.org\\\/accueil\\\/credits\\\/\"]}]},{\"@type\":\"BreadcrumbList\",\"@id\":\"https:\\\/\\\/www.ayudart.org\\\/accueil\\\/credits\\\/#breadcrumb\",\"itemListElement\":[{\"@type\":\"ListItem\",\"position\":1,\"name\":\"Accueil\",\"item\":\"https:\\\/\\\/www.ayudart.org\\\/\"},{\"@type\":\"ListItem\",\"position\":2,\"name\":\"Accueil\",\"item\":\"https:\\\/\\\/www.ayudart.org\\\/\"},{\"@type\":\"ListItem\",\"position\":3,\"name\":\"Cr\u00e9dits\"}]},{\"@type\":\"WebSite\",\"@id\":\"https:\\\/\\\/www.ayudart.org\\\/#website\",\"url\":\"https:\\\/\\\/www.ayudart.org\\\/\",\"name\":\"Association d'aide aux enfants des rues du P\u00e9rou\",\"description\":\"\",\"publisher\":{\"@id\":\"https:\\\/\\\/www.ayudart.org\\\/#organization\"},\"potentialAction\":[{\"@type\":\"SearchAction\",\"target\":{\"@type\":\"EntryPoint\",\"urlTemplate\":\"https:\\\/\\\/www.ayudart.org\\\/?s={search_term_string}\"},\"query-input\":{\"@type\":\"PropertyValueSpecification\",\"valueRequired\":true,\"valueName\":\"search_term_string\"}}],\"inLanguage\":\"es-ES\"},{\"@type\":\"Organization\",\"@id\":\"https:\\\/\\\/www.ayudart.org\\\/#organization\",\"name\":\"Ayud'Art\",\"url\":\"https:\\\/\\\/www.ayudart.org\\\/\",\"logo\":{\"@type\":\"ImageObject\",\"inLanguage\":\"es-ES\",\"@id\":\"https:\\\/\\\/www.ayudart.org\\\/#\\\/schema\\\/logo\\\/image\\\/\",\"url\":\"https:\\\/\\\/www.ayudart.org\\\/wp-content\\\/uploads\\\/2018\\\/03\\\/cropped-logo-1000-1.jpg\",\"contentUrl\":\"https:\\\/\\\/www.ayudart.org\\\/wp-content\\\/uploads\\\/2018\\\/03\\\/cropped-logo-1000-1.jpg\",\"width\":547,\"height\":250,\"caption\":\"Ayud'Art\"},\"image\":{\"@id\":\"https:\\\/\\\/www.ayudart.org\\\/#\\\/schema\\\/logo\\\/image\\\/\"},\"sameAs\":[\"https:\\\/\\\/www.facebook.com\\\/AyudArt\",\"https:\\\/\\\/www.instagram.com\\\/ayud.art\\\/\",\"https:\\\/\\\/www.linkedin.com\\\/groups\\\/27245\\\/profile\"]}]}<\/script>\n<!-- \/ Yoast SEO plugin. -->","yoast_head_json":{"title":"Cr\u00e9ditos","robots":{"index":"index","follow":"follow","max-snippet":"max-snippet:-1","max-image-preview":"max-image-preview:large","max-video-preview":"max-video-preview:-1"},"canonical":"https:\/\/www.ayudart.org\/es\/accueil\/credits\/","og_locale":"es_ES","og_type":"article","og_title":"[:fr]Cr\u00e9dits[:es]Cr\u00e9ditos[:en]Cr\u00e9dits[:] - Association d'aide aux enfants des rues du P\u00e9rou","og_description":"Ce site est \u00e9dit\u00e9 par l&#8217;Association Ayud&#8217;art 26 bis, rue Hermite, 54000 Nancy adresse mail : ayudart (arobase) ayudart.org Conception-r\u00e9alisation : Damien Tilly, mail : damien (point) tilly (at) gmail (point) com Conception graphique : Damien Tilly, mail : damien (point) tilly (at) gmail (point) com Anabela Duarte, mail : sanga (point) mangi (at) gmail &hellip; Continuar leyendo \"Cr\u00e9ditos\"","og_url":"https:\/\/www.ayudart.org\/es\/accueil\/credits\/","og_site_name":"Association d'aide aux enfants des rues du P\u00e9rou","article_publisher":"https:\/\/www.facebook.com\/AyudArt","article_modified_time":"2018-04-13T14:02:48+00:00","twitter_card":"summary_large_image","twitter_misc":{"Tiempo de lectura":"1 minuto"},"schema":{"@context":"https:\/\/schema.org","@graph":[{"@type":"WebPage","@id":"https:\/\/www.ayudart.org\/accueil\/credits\/","url":"https:\/\/www.ayudart.org\/accueil\/credits\/","name":"Cr\u00e9ditos","isPartOf":{"@id":"https:\/\/www.ayudart.org\/#website"},"datePublished":"2013-01-22T15:34:09+00:00","dateModified":"2018-04-13T14:02:48+00:00","breadcrumb":{"@id":"https:\/\/www.ayudart.org\/accueil\/credits\/#breadcrumb"},"inLanguage":"es-ES","potentialAction":[{"@type":"ReadAction","target":["https:\/\/www.ayudart.org\/accueil\/credits\/"]}]},{"@type":"BreadcrumbList","@id":"https:\/\/www.ayudart.org\/accueil\/credits\/#breadcrumb","itemListElement":[{"@type":"ListItem","position":1,"name":"Accueil","item":"https:\/\/www.ayudart.org\/"},{"@type":"ListItem","position":2,"name":"Accueil","item":"https:\/\/www.ayudart.org\/"},{"@type":"ListItem","position":3,"name":"Cr\u00e9dits"}]},{"@type":"WebSite","@id":"https:\/\/www.ayudart.org\/#website","url":"https:\/\/www.ayudart.org\/","name":"Association d'aide aux enfants des rues du P\u00e9rou","description":"","publisher":{"@id":"https:\/\/www.ayudart.org\/#organization"},"potentialAction":[{"@type":"SearchAction","target":{"@type":"EntryPoint","urlTemplate":"https:\/\/www.ayudart.org\/?s={search_term_string}"},"query-input":{"@type":"PropertyValueSpecification","valueRequired":true,"valueName":"search_term_string"}}],"inLanguage":"es-ES"},{"@type":"Organization","@id":"https:\/\/www.ayudart.org\/#organization","name":"Ayud'Art","url":"https:\/\/www.ayudart.org\/","logo":{"@type":"ImageObject","inLanguage":"es-ES","@id":"https:\/\/www.ayudart.org\/#\/schema\/logo\/image\/","url":"https:\/\/www.ayudart.org\/wp-content\/uploads\/2018\/03\/cropped-logo-1000-1.jpg","contentUrl":"https:\/\/www.ayudart.org\/wp-content\/uploads\/2018\/03\/cropped-logo-1000-1.jpg","width":547,"height":250,"caption":"Ayud'Art"},"image":{"@id":"https:\/\/www.ayudart.org\/#\/schema\/logo\/image\/"},"sameAs":["https:\/\/www.facebook.com\/AyudArt","https:\/\/www.instagram.com\/ayud.art\/","https:\/\/www.linkedin.com\/groups\/27245\/profile"]}]}},"_links":{"self":[{"href":"https:\/\/www.ayudart.org\/es\/wp-json\/wp\/v2\/pages\/26","targetHints":{"allow":["GET"]}}],"collection":[{"href":"https:\/\/www.ayudart.org\/es\/wp-json\/wp\/v2\/pages"}],"about":[{"href":"https:\/\/www.ayudart.org\/es\/wp-json\/wp\/v2\/types\/page"}],"author":[{"embeddable":true,"href":"https:\/\/www.ayudart.org\/es\/wp-json\/wp\/v2\/users\/2"}],"replies":[{"embeddable":true,"href":"https:\/\/www.ayudart.org\/es\/wp-json\/wp\/v2\/comments?post=26"}],"version-history":[{"count":1,"href":"https:\/\/www.ayudart.org\/es\/wp-json\/wp\/v2\/pages\/26\/revisions"}],"predecessor-version":[{"id":3345,"href":"https:\/\/www.ayudart.org\/es\/wp-json\/wp\/v2\/pages\/26\/revisions\/3345"}],"up":[{"embeddable":true,"href":"https:\/\/www.ayudart.org\/es\/wp-json\/wp\/v2\/pages\/3234"}],"wp:attachment":[{"href":"https:\/\/www.ayudart.org\/es\/wp-json\/wp\/v2\/media?parent=26"}],"curies":[{"name":"wp","href":"https:\/\/api.w.org\/{rel}","templated":true}]}}