{"id":1935,"date":"2013-05-20T09:31:04","date_gmt":"2013-05-20T07:31:04","guid":{"rendered":"\/?page_id=1935"},"modified":"2018-12-22T10:18:46","modified_gmt":"2018-12-22T09:18:46","slug":"cleofecelia","status":"publish","type":"page","link":"https:\/\/www.ayudart.org\/es\/demarche-ethique\/cleofecelia\/","title":{"rendered":"Cleofecelia: gorros, guantes y carneros de lana"},"content":{"rendered":"<p style=\"text-align: justify;\"><a href=\"https:\/\/www.ayudart.org\/wp-content\/uploads\/2013\/05\/photo.v2.jpg\"><img loading=\"lazy\" decoding=\"async\" class=\"alignleft wp-image-3034 size-medium\" style=\"border: 0px none;\" src=\"https:\/\/www.ayudart.org\/wp-content\/uploads\/2013\/05\/photo.v2-209x300.jpg\" alt=\"\" width=\"209\" height=\"300\" srcset=\"https:\/\/www.ayudart.org\/wp-content\/uploads\/2013\/05\/photo.v2-209x300.jpg 209w, https:\/\/www.ayudart.org\/wp-content\/uploads\/2013\/05\/photo.v2.jpg 557w\" sizes=\"auto, (max-width: 209px) 100vw, 209px\" \/><\/a>El encuentro con Cleofecelia y su comunidad \u00abVirgen de las Nieves\u00bb se parece a un cuento de hadas&#8230;<\/p>\n<p style=\"text-align: justify;\">\u00ab\u00c9rase una vez dos carneros de lana, uno gris y otro blanco, que Ayud&#8217;Art hab\u00eda adoptado en Cusco en agosto del 2007. En el trayecto que los llevaba a Francia para que Ayud&#8217;Art los vendiera en provecho del CIMA, las dos criaturas estaban bien arrellanadas en el bolso de la presidenta cuando un poderoso terremoto se puso a rugir y a agitar tanto los bolsos como a los seres humanos. Los carneritos se encontraron un poco sacudidos, con el hocico fuera del bolso, antes de acomodarse en un avi\u00f3n para llegar al \u00abviejo continente\u00bb. Los meses pasaron pero nadie pod\u00eda decidirse a vender los que fueron los sobrevivientes c\u00f3mplices de un momento fuera del tiempo.<\/p>\n<p style=\"text-align: justify;\">\u00abGris y Blanca\u00bb ya hab\u00edan ganado el t\u00edtulo de mascotas de Ayud&#8217;Art.<\/p>\n<p style=\"text-align: justify;\">Al a\u00f1o siguiente, se unieron al viaje a su tierra natal para visitar a la tejedora que los hab\u00eda creado e invertir en un ganado de lana que, esta vez, podr\u00eda venderse. De mercados en talleres, de tiendas en encuentros, nadie pod\u00eda informarnos&#8230; \u00bfQui\u00e9n habr\u00eda podido tejer estas peque\u00f1as criaturas a las que ni siquiera faltaba la palabra?<\/p>\n<p style=\"text-align: justify;\">El encuentro fue tambi\u00e9n tan incre\u00edble como espont\u00e1neo por una hermosa ma\u00f1ana de agosto, a orillas de la laguna de Piuray a 3 425 metros sobre el nivel del mar.<\/p>\n<p style=\"text-align: justify;\">Cleofecelia es la representante de su comunidad de costureras\/tejedoras y nos habla de sus condiciones de trabajo.<\/p>\n<div style=\"text-align: center;\"><iframe loading=\"lazy\" src=\"https:\/\/www.youtube.com\/embed\/ikUw-0Cwgg8\" width=\"420\" height=\"315\" frameborder=\"0\" allowfullscreen=\"allowfullscreen\"><\/iframe><\/div>\n<table>\n<tbody>\n<tr>\n<td><a href=\"https:\/\/www.ayudart.org\/wp-content\/uploads\/2013\/05\/chinchero.v2.jpg\"><img loading=\"lazy\" decoding=\"async\" class=\"size-thumbnail wp-image-3029 aligncenter\" src=\"https:\/\/www.ayudart.org\/wp-content\/uploads\/2013\/05\/chinchero.v2-150x150.jpg\" alt=\"Au coeur de la Vall\u00e9e Sacr\u00e9e.\" width=\"150\" height=\"150\" srcset=\"https:\/\/www.ayudart.org\/wp-content\/uploads\/2013\/05\/chinchero.v2-150x150.jpg 150w, https:\/\/www.ayudart.org\/wp-content\/uploads\/2013\/05\/chinchero.v2-100x100.jpg 100w\" sizes=\"auto, (max-width: 150px) 100vw, 150px\" \/><\/a><\/td>\n<td><a href=\"https:\/\/www.ayudart.org\/wp-content\/uploads\/2013\/05\/2-Entre-Cusco-et-Machu-Picchu-Chinchero..v2.jpg\"><img loading=\"lazy\" decoding=\"async\" class=\"size-thumbnail wp-image-2624 aligncenter\" src=\"https:\/\/www.ayudart.org\/wp-content\/uploads\/2013\/05\/2-Entre-Cusco-et-Machu-Picchu-Chinchero..v2-150x150.jpg\" alt=\"Entre Cusco et le Machu Picchu, le village de Chinchero o\u00f9\" width=\"150\" height=\"150\" srcset=\"https:\/\/www.ayudart.org\/wp-content\/uploads\/2013\/05\/2-Entre-Cusco-et-Machu-Picchu-Chinchero..v2-150x150.jpg 150w, https:\/\/www.ayudart.org\/wp-content\/uploads\/2013\/05\/2-Entre-Cusco-et-Machu-Picchu-Chinchero..v2-100x100.jpg 100w\" sizes=\"auto, (max-width: 150px) 100vw, 150px\" \/><\/a><\/td>\n<td><a href=\"https:\/\/www.ayudart.org\/wp-content\/uploads\/2013\/05\/3-Ayudart-ach\u00e8te-des-gants-des-bonnets-des-\u00e9charpes-et-de-chamants-petits-moutons-en-laine-\u00e0-la-communaut\u00e9-de-Cl\u00e9of\u00e9c\u00e9lia..v2.jpg\"><img loading=\"lazy\" decoding=\"async\" class=\"size-thumbnail wp-image-2625 aligncenter\" src=\"https:\/\/www.ayudart.org\/wp-content\/uploads\/2013\/05\/3-Ayudart-ach\u00e8te-des-gants-des-bonnets-des-\u00e9charpes-et-de-chamants-petits-moutons-en-laine-\u00e0-la-communaut\u00e9-de-Cl\u00e9of\u00e9c\u00e9lia..v2-150x150.jpg\" alt=\"Ayud'art ach\u00e8te des gants, des bonnets, des \u00e9charpes et de charmants petits moutons en laine \u00e0 la communaut\u00e9 de Cl\u00e9of\u00e9c\u00e9lia.\" width=\"150\" height=\"150\" srcset=\"https:\/\/www.ayudart.org\/wp-content\/uploads\/2013\/05\/3-Ayudart-ach\u00e8te-des-gants-des-bonnets-des-\u00e9charpes-et-de-chamants-petits-moutons-en-laine-\u00e0-la-communaut\u00e9-de-Cl\u00e9of\u00e9c\u00e9lia..v2-150x150.jpg 150w, https:\/\/www.ayudart.org\/wp-content\/uploads\/2013\/05\/3-Ayudart-ach\u00e8te-des-gants-des-bonnets-des-\u00e9charpes-et-de-chamants-petits-moutons-en-laine-\u00e0-la-communaut\u00e9-de-Cl\u00e9of\u00e9c\u00e9lia..v2-100x100.jpg 100w\" sizes=\"auto, (max-width: 150px) 100vw, 150px\" \/><\/a><\/td>\n<td><a href=\"https:\/\/www.ayudart.org\/wp-content\/uploads\/2013\/05\/4-Ce-sont-des-tricoteuses-hors-paire-.v2.jpg\"><img loading=\"lazy\" decoding=\"async\" class=\"size-thumbnail wp-image-2626 aligncenter\" src=\"https:\/\/www.ayudart.org\/wp-content\/uploads\/2013\/05\/4-Ce-sont-des-tricoteuses-hors-paire-.v2-150x150.jpg\" alt=\"Ce sont des tricoteuses hors paire\" width=\"150\" height=\"150\" srcset=\"https:\/\/www.ayudart.org\/wp-content\/uploads\/2013\/05\/4-Ce-sont-des-tricoteuses-hors-paire-.v2-150x150.jpg 150w, https:\/\/www.ayudart.org\/wp-content\/uploads\/2013\/05\/4-Ce-sont-des-tricoteuses-hors-paire-.v2-100x100.jpg 100w\" sizes=\"auto, (max-width: 150px) 100vw, 150px\" \/><\/a><\/td>\n<\/tr>\n<tr>\n<td><a href=\"https:\/\/www.ayudart.org\/wp-content\/uploads\/2013\/05\/5-qui-font-vivre-des-traditions-ancestrales-dans-leurs-mani\u00e8re-de-donner-forme-\u00e0-la-laine-quelles-teignent-elles-memes..v2.jpg\"><img loading=\"lazy\" decoding=\"async\" class=\"size-thumbnail wp-image-2627 aligncenter\" src=\"https:\/\/www.ayudart.org\/wp-content\/uploads\/2013\/05\/5-qui-font-vivre-des-traditions-ancestrales-dans-leurs-mani\u00e8re-de-donner-forme-\u00e0-la-laine-quelles-teignent-elles-memes..v2-150x150.jpg\" alt=\"qui font vivre des traditions ancestrales dans leurs mani\u00e8res de donner forme \u00e0 la laine qu'elles teignent elles-m\u00eames.\" width=\"150\" height=\"150\" srcset=\"https:\/\/www.ayudart.org\/wp-content\/uploads\/2013\/05\/5-qui-font-vivre-des-traditions-ancestrales-dans-leurs-mani\u00e8re-de-donner-forme-\u00e0-la-laine-quelles-teignent-elles-memes..v2-150x150.jpg 150w, https:\/\/www.ayudart.org\/wp-content\/uploads\/2013\/05\/5-qui-font-vivre-des-traditions-ancestrales-dans-leurs-mani\u00e8re-de-donner-forme-\u00e0-la-laine-quelles-teignent-elles-memes..v2-100x100.jpg 100w\" sizes=\"auto, (max-width: 150px) 100vw, 150px\" \/><\/a><\/td>\n<td><a href=\"https:\/\/www.ayudart.org\/wp-content\/uploads\/2013\/05\/6-Elles-tissent-aussi-les-laines-teintes.v2.jpg\"><img loading=\"lazy\" decoding=\"async\" class=\"size-thumbnail wp-image-2628 aligncenter\" src=\"https:\/\/www.ayudart.org\/wp-content\/uploads\/2013\/05\/6-Elles-tissent-aussi-les-laines-teintes.v2-150x150.jpg\" alt=\"Elles tissent aussi les laines teintes\" width=\"150\" height=\"150\" srcset=\"https:\/\/www.ayudart.org\/wp-content\/uploads\/2013\/05\/6-Elles-tissent-aussi-les-laines-teintes.v2-150x150.jpg 150w, https:\/\/www.ayudart.org\/wp-content\/uploads\/2013\/05\/6-Elles-tissent-aussi-les-laines-teintes.v2-100x100.jpg 100w\" sizes=\"auto, (max-width: 150px) 100vw, 150px\" \/><\/a><\/td>\n<td><a href=\"https:\/\/www.ayudart.org\/wp-content\/uploads\/2013\/05\/7-Et-rivalisent-de-belle-humeur-pour-cr\u00e9er-d\u00e9tonannat-moutons-\u00e0-qui-il-ne-manque-m\u00eame-pas-la-parole..v2.jpg\"><img loading=\"lazy\" decoding=\"async\" class=\"size-thumbnail wp-image-2629 aligncenter\" src=\"https:\/\/www.ayudart.org\/wp-content\/uploads\/2013\/05\/7-Et-rivalisent-de-belle-humeur-pour-cr\u00e9er-d\u00e9tonannat-moutons-\u00e0-qui-il-ne-manque-m\u00eame-pas-la-parole..v2-150x150.jpg\" alt=\"et rivalisent de belle  humeur pour cr\u00e9er d'\u00e9tonnnants moutons \u00e0 qui il ne manque m\u00eame pas la parole.\" width=\"150\" height=\"150\" srcset=\"https:\/\/www.ayudart.org\/wp-content\/uploads\/2013\/05\/7-Et-rivalisent-de-belle-humeur-pour-cr\u00e9er-d\u00e9tonannat-moutons-\u00e0-qui-il-ne-manque-m\u00eame-pas-la-parole..v2-150x150.jpg 150w, https:\/\/www.ayudart.org\/wp-content\/uploads\/2013\/05\/7-Et-rivalisent-de-belle-humeur-pour-cr\u00e9er-d\u00e9tonannat-moutons-\u00e0-qui-il-ne-manque-m\u00eame-pas-la-parole..v2-100x100.jpg 100w\" sizes=\"auto, (max-width: 150px) 100vw, 150px\" \/><\/a><\/td>\n<td><\/td>\n<\/tr>\n<\/tbody>\n<\/table>\n","protected":false},"excerpt":{"rendered":"<p>El encuentro con Cleofecelia y su comunidad \u00abVirgen de las Nieves\u00bb se parece a un cuento de hadas&#8230; \u00ab\u00c9rase una vez dos carneros de lana, uno gris y otro blanco, que Ayud&#8217;Art hab\u00eda adoptado en Cusco en agosto del 2007. En el trayecto que los llevaba a Francia para que Ayud&#8217;Art los vendiera en provecho &hellip; <\/p>\n<p class=\"link-more\"><a href=\"https:\/\/www.ayudart.org\/es\/demarche-ethique\/cleofecelia\/\" class=\"more-link\">Continuar leyendo<span class=\"screen-reader-text\"> \u00abCleofecelia: gorros, guantes y carneros de lana\u00bb<\/span><\/a><\/p>\n","protected":false},"author":2,"featured_media":0,"parent":10,"menu_order":0,"comment_status":"closed","ping_status":"closed","template":"","meta":{"footnotes":""},"class_list":["post-1935","page","type-page","status-publish","hentry"],"yoast_head":"<!-- This site is optimized with the Yoast SEO plugin v27.6 - https:\/\/yoast.com\/product\/yoast-seo-wordpress\/ -->\n<title>Cleofecelia: gorros, guantes y carneros de lana<\/title>\n<meta name=\"robots\" content=\"index, follow, max-snippet:-1, max-image-preview:large, max-video-preview:-1\" \/>\n<link rel=\"canonical\" href=\"https:\/\/www.ayudart.org\/es\/demarche-ethique\/cleofecelia\/\" \/>\n<meta property=\"og:locale\" content=\"es_ES\" \/>\n<meta property=\"og:locale:alternate\" content=\"fr_FR\" \/>\n<meta property=\"og:locale:alternate\" content=\"en_US\" \/>\n<meta property=\"og:type\" content=\"article\" \/>\n<meta property=\"og:title\" content=\"Cleofecelia: gorros, guantes y carneros de lana\" \/>\n<meta property=\"og:description\" content=\"El encuentro con Cleofecelia y su comunidad \u00abVirgen de las Nieves\u00bb se parece a un cuento de hadas&#8230; \u00ab\u00c9rase una vez dos carneros de lana, uno gris y otro blanco, que Ayud&#8217;Art hab\u00eda adoptado en Cusco en agosto del 2007. En el trayecto que los llevaba a Francia para que Ayud&#8217;Art los vendiera en provecho &hellip; Continuar leyendo &quot;Cleofecelia: gorros, guantes y carneros de lana&quot;\" \/>\n<meta property=\"og:url\" content=\"https:\/\/www.ayudart.org\/es\/demarche-ethique\/cleofecelia\/\" \/>\n<meta property=\"og:site_name\" content=\"Association d&#039;aide aux enfants des rues du P\u00e9rou\" \/>\n<meta property=\"article:publisher\" content=\"https:\/\/www.facebook.com\/AyudArt\" \/>\n<meta property=\"article:modified_time\" content=\"2018-12-22T09:18:46+00:00\" \/>\n<meta property=\"og:image\" content=\"https:\/\/www.ayudart.org\/wp-content\/uploads\/2013\/05\/photo.v2-209x300.jpg\" \/>\n<meta name=\"twitter:card\" content=\"summary_large_image\" \/>\n<meta name=\"twitter:label1\" content=\"Tiempo de lectura\" \/>\n\t<meta name=\"twitter:data1\" content=\"4 minutos\" \/>\n<script type=\"application\/ld+json\" class=\"yoast-schema-graph\">{\"@context\":\"https:\\\/\\\/schema.org\",\"@graph\":[{\"@type\":\"WebPage\",\"@id\":\"https:\\\/\\\/www.ayudart.org\\\/demarche-ethique\\\/cleofecelia\\\/\",\"url\":\"https:\\\/\\\/www.ayudart.org\\\/demarche-ethique\\\/cleofecelia\\\/\",\"name\":\"Cleofecelia: gorros, guantes y carneros de lana\",\"isPartOf\":{\"@id\":\"https:\\\/\\\/www.ayudart.org\\\/#website\"},\"primaryImageOfPage\":{\"@id\":\"https:\\\/\\\/www.ayudart.org\\\/demarche-ethique\\\/cleofecelia\\\/#primaryimage\"},\"image\":{\"@id\":\"https:\\\/\\\/www.ayudart.org\\\/demarche-ethique\\\/cleofecelia\\\/#primaryimage\"},\"thumbnailUrl\":\"https:\\\/\\\/www.ayudart.org\\\/wp-content\\\/uploads\\\/2013\\\/05\\\/photo.v2-209x300.jpg\",\"datePublished\":\"2013-05-20T07:31:04+00:00\",\"dateModified\":\"2018-12-22T09:18:46+00:00\",\"breadcrumb\":{\"@id\":\"https:\\\/\\\/www.ayudart.org\\\/demarche-ethique\\\/cleofecelia\\\/#breadcrumb\"},\"inLanguage\":\"es-ES\",\"potentialAction\":[{\"@type\":\"ReadAction\",\"target\":[\"https:\\\/\\\/www.ayudart.org\\\/demarche-ethique\\\/cleofecelia\\\/\"]}]},{\"@type\":\"ImageObject\",\"inLanguage\":\"es-ES\",\"@id\":\"https:\\\/\\\/www.ayudart.org\\\/demarche-ethique\\\/cleofecelia\\\/#primaryimage\",\"url\":\"https:\\\/\\\/www.ayudart.org\\\/wp-content\\\/uploads\\\/2013\\\/05\\\/photo.v2-209x300.jpg\",\"contentUrl\":\"https:\\\/\\\/www.ayudart.org\\\/wp-content\\\/uploads\\\/2013\\\/05\\\/photo.v2-209x300.jpg\"},{\"@type\":\"BreadcrumbList\",\"@id\":\"https:\\\/\\\/www.ayudart.org\\\/demarche-ethique\\\/cleofecelia\\\/#breadcrumb\",\"itemListElement\":[{\"@type\":\"ListItem\",\"position\":1,\"name\":\"Accueil\",\"item\":\"https:\\\/\\\/www.ayudart.org\\\/\"},{\"@type\":\"ListItem\",\"position\":2,\"name\":\"Le commerce \u00e9thique\",\"item\":\"https:\\\/\\\/www.ayudart.org\\\/demarche-ethique\\\/\"},{\"@type\":\"ListItem\",\"position\":3,\"name\":\"Cleofecelia, bonnets, gants et moutons en laine\"}]},{\"@type\":\"WebSite\",\"@id\":\"https:\\\/\\\/www.ayudart.org\\\/#website\",\"url\":\"https:\\\/\\\/www.ayudart.org\\\/\",\"name\":\"Association d'aide aux enfants des rues du P\u00e9rou\",\"description\":\"\",\"publisher\":{\"@id\":\"https:\\\/\\\/www.ayudart.org\\\/#organization\"},\"potentialAction\":[{\"@type\":\"SearchAction\",\"target\":{\"@type\":\"EntryPoint\",\"urlTemplate\":\"https:\\\/\\\/www.ayudart.org\\\/?s={search_term_string}\"},\"query-input\":{\"@type\":\"PropertyValueSpecification\",\"valueRequired\":true,\"valueName\":\"search_term_string\"}}],\"inLanguage\":\"es-ES\"},{\"@type\":\"Organization\",\"@id\":\"https:\\\/\\\/www.ayudart.org\\\/#organization\",\"name\":\"Ayud'Art\",\"url\":\"https:\\\/\\\/www.ayudart.org\\\/\",\"logo\":{\"@type\":\"ImageObject\",\"inLanguage\":\"es-ES\",\"@id\":\"https:\\\/\\\/www.ayudart.org\\\/#\\\/schema\\\/logo\\\/image\\\/\",\"url\":\"https:\\\/\\\/www.ayudart.org\\\/wp-content\\\/uploads\\\/2018\\\/03\\\/cropped-logo-1000-1.jpg\",\"contentUrl\":\"https:\\\/\\\/www.ayudart.org\\\/wp-content\\\/uploads\\\/2018\\\/03\\\/cropped-logo-1000-1.jpg\",\"width\":547,\"height\":250,\"caption\":\"Ayud'Art\"},\"image\":{\"@id\":\"https:\\\/\\\/www.ayudart.org\\\/#\\\/schema\\\/logo\\\/image\\\/\"},\"sameAs\":[\"https:\\\/\\\/www.facebook.com\\\/AyudArt\",\"https:\\\/\\\/www.instagram.com\\\/ayud.art\\\/\",\"https:\\\/\\\/www.linkedin.com\\\/groups\\\/27245\\\/profile\"]}]}<\/script>\n<!-- \/ Yoast SEO plugin. -->","yoast_head_json":{"title":"Cleofecelia: gorros, guantes y carneros de lana","robots":{"index":"index","follow":"follow","max-snippet":"max-snippet:-1","max-image-preview":"max-image-preview:large","max-video-preview":"max-video-preview:-1"},"canonical":"https:\/\/www.ayudart.org\/es\/demarche-ethique\/cleofecelia\/","og_locale":"es_ES","og_type":"article","og_title":"[:fr]Cleofecelia, bonnets, gants et moutons en laine[:es]Cleofecelia: gorros, guantes y carneros de lana[:en]Cleofecelia, a whooly hat, gloves and sheep[:] - Association d'aide aux enfants des rues du P\u00e9rou","og_description":"El encuentro con Cleofecelia y su comunidad \u00abVirgen de las Nieves\u00bb se parece a un cuento de hadas&#8230; \u00ab\u00c9rase una vez dos carneros de lana, uno gris y otro blanco, que Ayud&#8217;Art hab\u00eda adoptado en Cusco en agosto del 2007. En el trayecto que los llevaba a Francia para que Ayud&#8217;Art los vendiera en provecho &hellip; Continuar leyendo \"Cleofecelia: gorros, guantes y carneros de lana\"","og_url":"https:\/\/www.ayudart.org\/es\/demarche-ethique\/cleofecelia\/","og_site_name":"Association d'aide aux enfants des rues du P\u00e9rou","article_publisher":"https:\/\/www.facebook.com\/AyudArt","article_modified_time":"2018-12-22T09:18:46+00:00","og_image":[{"url":"https:\/\/www.ayudart.org\/wp-content\/uploads\/2013\/05\/photo.v2-209x300.jpg","type":"","width":"","height":""}],"twitter_card":"summary_large_image","twitter_misc":{"Tiempo de lectura":"4 minutos"},"schema":{"@context":"https:\/\/schema.org","@graph":[{"@type":"WebPage","@id":"https:\/\/www.ayudart.org\/demarche-ethique\/cleofecelia\/","url":"https:\/\/www.ayudart.org\/demarche-ethique\/cleofecelia\/","name":"Cleofecelia: gorros, guantes y carneros de lana","isPartOf":{"@id":"https:\/\/www.ayudart.org\/#website"},"primaryImageOfPage":{"@id":"https:\/\/www.ayudart.org\/demarche-ethique\/cleofecelia\/#primaryimage"},"image":{"@id":"https:\/\/www.ayudart.org\/demarche-ethique\/cleofecelia\/#primaryimage"},"thumbnailUrl":"https:\/\/www.ayudart.org\/wp-content\/uploads\/2013\/05\/photo.v2-209x300.jpg","datePublished":"2013-05-20T07:31:04+00:00","dateModified":"2018-12-22T09:18:46+00:00","breadcrumb":{"@id":"https:\/\/www.ayudart.org\/demarche-ethique\/cleofecelia\/#breadcrumb"},"inLanguage":"es-ES","potentialAction":[{"@type":"ReadAction","target":["https:\/\/www.ayudart.org\/demarche-ethique\/cleofecelia\/"]}]},{"@type":"ImageObject","inLanguage":"es-ES","@id":"https:\/\/www.ayudart.org\/demarche-ethique\/cleofecelia\/#primaryimage","url":"https:\/\/www.ayudart.org\/wp-content\/uploads\/2013\/05\/photo.v2-209x300.jpg","contentUrl":"https:\/\/www.ayudart.org\/wp-content\/uploads\/2013\/05\/photo.v2-209x300.jpg"},{"@type":"BreadcrumbList","@id":"https:\/\/www.ayudart.org\/demarche-ethique\/cleofecelia\/#breadcrumb","itemListElement":[{"@type":"ListItem","position":1,"name":"Accueil","item":"https:\/\/www.ayudart.org\/"},{"@type":"ListItem","position":2,"name":"Le commerce \u00e9thique","item":"https:\/\/www.ayudart.org\/demarche-ethique\/"},{"@type":"ListItem","position":3,"name":"Cleofecelia, bonnets, gants et moutons en laine"}]},{"@type":"WebSite","@id":"https:\/\/www.ayudart.org\/#website","url":"https:\/\/www.ayudart.org\/","name":"Association d'aide aux enfants des rues du P\u00e9rou","description":"","publisher":{"@id":"https:\/\/www.ayudart.org\/#organization"},"potentialAction":[{"@type":"SearchAction","target":{"@type":"EntryPoint","urlTemplate":"https:\/\/www.ayudart.org\/?s={search_term_string}"},"query-input":{"@type":"PropertyValueSpecification","valueRequired":true,"valueName":"search_term_string"}}],"inLanguage":"es-ES"},{"@type":"Organization","@id":"https:\/\/www.ayudart.org\/#organization","name":"Ayud'Art","url":"https:\/\/www.ayudart.org\/","logo":{"@type":"ImageObject","inLanguage":"es-ES","@id":"https:\/\/www.ayudart.org\/#\/schema\/logo\/image\/","url":"https:\/\/www.ayudart.org\/wp-content\/uploads\/2018\/03\/cropped-logo-1000-1.jpg","contentUrl":"https:\/\/www.ayudart.org\/wp-content\/uploads\/2018\/03\/cropped-logo-1000-1.jpg","width":547,"height":250,"caption":"Ayud'Art"},"image":{"@id":"https:\/\/www.ayudart.org\/#\/schema\/logo\/image\/"},"sameAs":["https:\/\/www.facebook.com\/AyudArt","https:\/\/www.instagram.com\/ayud.art\/","https:\/\/www.linkedin.com\/groups\/27245\/profile"]}]}},"_links":{"self":[{"href":"https:\/\/www.ayudart.org\/es\/wp-json\/wp\/v2\/pages\/1935","targetHints":{"allow":["GET"]}}],"collection":[{"href":"https:\/\/www.ayudart.org\/es\/wp-json\/wp\/v2\/pages"}],"about":[{"href":"https:\/\/www.ayudart.org\/es\/wp-json\/wp\/v2\/types\/page"}],"author":[{"embeddable":true,"href":"https:\/\/www.ayudart.org\/es\/wp-json\/wp\/v2\/users\/2"}],"replies":[{"embeddable":true,"href":"https:\/\/www.ayudart.org\/es\/wp-json\/wp\/v2\/comments?post=1935"}],"version-history":[{"count":8,"href":"https:\/\/www.ayudart.org\/es\/wp-json\/wp\/v2\/pages\/1935\/revisions"}],"predecessor-version":[{"id":3831,"href":"https:\/\/www.ayudart.org\/es\/wp-json\/wp\/v2\/pages\/1935\/revisions\/3831"}],"up":[{"embeddable":true,"href":"https:\/\/www.ayudart.org\/es\/wp-json\/wp\/v2\/pages\/10"}],"wp:attachment":[{"href":"https:\/\/www.ayudart.org\/es\/wp-json\/wp\/v2\/media?parent=1935"}],"curies":[{"name":"wp","href":"https:\/\/api.w.org\/{rel}","templated":true}]}}