{"id":1749,"date":"2013-05-16T18:06:10","date_gmt":"2013-05-16T16:06:10","guid":{"rendered":"\/?page_id=1749"},"modified":"2018-04-25T13:35:41","modified_gmt":"2018-04-25T11:35:41","slug":"massimo","status":"publish","type":"page","link":"https:\/\/www.ayudart.org\/es\/lassoication-ayudart\/envoi-de-volontaires-au-perou\/envoyer-des-volontaires-au-centre-cima\/massimo\/","title":{"rendered":"Massimo"},"content":{"rendered":"<p><strong>Quel projet\u00a0?<\/strong><br \/>\nFaire une coupure professionnelle, rencontrer les enfants du CIMA, partager un quotidien avec eux.<br \/>\nR\u00e9aliser un documentaire audiovisuel intitul\u00e9 \u00ab\u00a0Les oubli\u00e9s de Lima\u00a0\u00bb qui traite de l\u2019extr\u00eame pauvret\u00e9 au P\u00e9rou, et plus particuli\u00e8rement des enfants des rues de Lima accueillis au sein du CIMA.<\/p>\n<div>\n<strong>Pourquoi\u00a0?<\/strong>\n<\/div>\n<p>Vivre une exp\u00e9rience personnelle \u00e0 l\u2019autre bout du monde, apprendre une langue, se former \u00e0 des techniques \u00e9ducatives et en vid\u00e9o, communiquer autour d\u2019une cause qui anime, et au retour amener une dynamique d\u2019aide qu\u2019elle soit financi\u00e8re, mat\u00e9rielle ou humaine.<\/p>\n<div>\n<strong>Comment\u00a0?<\/strong>\n<\/div>\n<p>Immersion six mois dans le quotidien des enfants du CIMA et \u00e0 l\u2019ext\u00e9rieur de celui-ci (bidonville, familles, etc.), pour s\u2019impr\u00e9gner au mieux des conditions de vie des enfants, essayer de comprendre les raisons qui les ont amen\u00e9s \u00e0 cette situation, leurs souffrances, leurs peurs, mais aussi partager leurs espoirs. Les t\u00e9moignages recueillis \u00e0 Lima seront la base du documentaire final.<b><\/b><br \/>\nUtiliser son exp\u00e9rience d\u2019\u00e9ducateur et de sportif de haut niveau en France et partager des activit\u00e9s sportives et musicales avec eux pour cr\u00e9er du lien et pouvoir recueillir leurs impressions et t\u00e9moignages.<\/p>\n<div>\n<strong>Quelles d\u00e9marches en France\u00a0?<\/strong>\n<\/div>\n<p>Mise en place d\u2019un partenariat pour financer le projet et notamment le mat\u00e9riel audiovisuel n\u00e9cessaire \u00e0 la r\u00e9alisation du documentaire.<br \/>\nRecherche de m\u00e9c\u00e9nat de comp\u00e9tence aussi avec l\u2019apprentissage par des professionnels b\u00e9n\u00e9voles des techniques de montage vid\u00e9o.<\/p>\n<div>\n<strong>Quel impact esp\u00e9r\u00e9 au retour en France\u00a0?<\/strong>\n<\/div>\n<ul>\n<li>R\u00e9aliser le montage du documentaire puis de le faire diffuser par le biais de divers dispositifs.<\/li>\n<li>Atteindre des supports m\u00e9diatiques (TV, DVD, internet), \u00e9ducatifs (animer des conf\u00e9rences), organismes divers d\u2019aide humanitaire, milieux de formations \u00e9ducatifs\u00a0 (IRTS), associatifs, caritatifs ou tout autre dispositif pouvant y trouver un int\u00e9r\u00eat d\u2019information ou d\u2019action.<\/li>\n<\/ul>\n<div>\n<strong>Contact<\/strong>\n<\/div>\n<p><a href=\"https:\/\/www.facebook.com\/LesOubliesDeLima\" target=\"_blank\"><span style=\"color: #0000ff;\">https:\/\/www.facebook.com\/<wbr \/>LesOubliesDeLima<\/span><\/a><\/p>\n<table>\n<tbody>\n<tr>\n<td><a href=\"https:\/\/www.ayudart.org\/wp-content\/uploads\/2013\/05\/1-R\u00e9aliser-un-documentaire-audiovisuel-intitul\u00e9-\u00ab-Les-oubli\u00e9s-de-Lima-\u00bb-qui-traite-de-l\u2019extr\u00eame-pauvret\u00e9-au-P\u00e9rou-.v2.jpg\"><img loading=\"lazy\" decoding=\"async\" class=\"size-thumbnail wp-image-2680 aligncenter\" alt=\"R\u00e9aliser un documentaire audiovisuel  intitul\u00e9 \u00ab Les oubli\u00e9s de Lima \u00bb qui traite de l\u2019extr\u00eame pauvret\u00e9 au P\u00e9rou,\" src=\"https:\/\/www.ayudart.org\/wp-content\/uploads\/2013\/05\/1-R\u00e9aliser-un-documentaire-audiovisuel-intitul\u00e9-\u00ab-Les-oubli\u00e9s-de-Lima-\u00bb-qui-traite-de-l\u2019extr\u00eame-pauvret\u00e9-au-P\u00e9rou-.v2-150x150.jpg\" width=\"150\" height=\"150\" srcset=\"https:\/\/www.ayudart.org\/wp-content\/uploads\/2013\/05\/1-R\u00e9aliser-un-documentaire-audiovisuel-intitul\u00e9-\u00ab-Les-oubli\u00e9s-de-Lima-\u00bb-qui-traite-de-l\u2019extr\u00eame-pauvret\u00e9-au-P\u00e9rou-.v2-150x150.jpg 150w, https:\/\/www.ayudart.org\/wp-content\/uploads\/2013\/05\/1-R\u00e9aliser-un-documentaire-audiovisuel-intitul\u00e9-\u00ab-Les-oubli\u00e9s-de-Lima-\u00bb-qui-traite-de-l\u2019extr\u00eame-pauvret\u00e9-au-P\u00e9rou-.v2-100x100.jpg 100w\" sizes=\"auto, (max-width: 150px) 100vw, 150px\" \/><\/a><\/td>\n<td><a href=\"https:\/\/www.ayudart.org\/wp-content\/uploads\/2013\/05\/2-et-plus-particuli\u00e8rement-des-enfants-des-rues-de-Lima-accueillis-au-sein-du-CIMA..v2.jpg\"><img loading=\"lazy\" decoding=\"async\" class=\"size-thumbnail wp-image-2681 aligncenter\" alt=\"et plus particuli\u00e8rement des enfants des rues de Lima accueillis au sein du CIMA.\" src=\"https:\/\/www.ayudart.org\/wp-content\/uploads\/2013\/05\/2-et-plus-particuli\u00e8rement-des-enfants-des-rues-de-Lima-accueillis-au-sein-du-CIMA..v2-150x150.jpg\" width=\"150\" height=\"150\" srcset=\"https:\/\/www.ayudart.org\/wp-content\/uploads\/2013\/05\/2-et-plus-particuli\u00e8rement-des-enfants-des-rues-de-Lima-accueillis-au-sein-du-CIMA..v2-150x150.jpg 150w, https:\/\/www.ayudart.org\/wp-content\/uploads\/2013\/05\/2-et-plus-particuli\u00e8rement-des-enfants-des-rues-de-Lima-accueillis-au-sein-du-CIMA..v2-100x100.jpg 100w\" sizes=\"auto, (max-width: 150px) 100vw, 150px\" \/><\/a><\/td>\n<td><a href=\"https:\/\/www.ayudart.org\/wp-content\/uploads\/2013\/05\/3.v21.jpg\"><img loading=\"lazy\" decoding=\"async\" class=\"size-thumbnail wp-image-2675 aligncenter\" alt=\"\" src=\"https:\/\/www.ayudart.org\/wp-content\/uploads\/2013\/05\/3.v21-150x150.jpg\" width=\"150\" height=\"150\" srcset=\"https:\/\/www.ayudart.org\/wp-content\/uploads\/2013\/05\/3.v21-150x150.jpg 150w, https:\/\/www.ayudart.org\/wp-content\/uploads\/2013\/05\/3.v21-100x100.jpg 100w\" sizes=\"auto, (max-width: 150px) 100vw, 150px\" \/><\/a><\/td>\n<td><a href=\"https:\/\/www.ayudart.org\/wp-content\/uploads\/2013\/05\/4-Vivre-une-exp\u00e9rience-personnelle-\u00e0-l\u2019autre-bout-du-monde-apprendre-une-langue-.v2.jpg\"><img loading=\"lazy\" decoding=\"async\" class=\"size-thumbnail wp-image-2676 aligncenter\" alt=\"Vivre une exp\u00e9rience personnelle \u00e0 l\u2019autre bout du monde, apprendre une langue,\" src=\"https:\/\/www.ayudart.org\/wp-content\/uploads\/2013\/05\/4-Vivre-une-exp\u00e9rience-personnelle-\u00e0-l\u2019autre-bout-du-monde-apprendre-une-langue-.v2-150x150.jpg\" width=\"150\" height=\"150\" srcset=\"https:\/\/www.ayudart.org\/wp-content\/uploads\/2013\/05\/4-Vivre-une-exp\u00e9rience-personnelle-\u00e0-l\u2019autre-bout-du-monde-apprendre-une-langue-.v2-150x150.jpg 150w, https:\/\/www.ayudart.org\/wp-content\/uploads\/2013\/05\/4-Vivre-une-exp\u00e9rience-personnelle-\u00e0-l\u2019autre-bout-du-monde-apprendre-une-langue-.v2-100x100.jpg 100w\" sizes=\"auto, (max-width: 150px) 100vw, 150px\" \/><\/a><\/td>\n<\/tr>\n<tr>\n<td><a href=\"https:\/\/www.ayudart.org\/wp-content\/uploads\/2013\/05\/5.1-partager-du-temps-avec-les-enfants-du-centre-CIMA..v2.jpg\"><img loading=\"lazy\" decoding=\"async\" class=\"size-thumbnail wp-image-2677 aligncenter\" alt=\"partager du temps avec les enfants du centre CIMA.\" src=\"https:\/\/www.ayudart.org\/wp-content\/uploads\/2013\/05\/5.1-partager-du-temps-avec-les-enfants-du-centre-CIMA..v2-150x150.jpg\" width=\"150\" height=\"150\" srcset=\"https:\/\/www.ayudart.org\/wp-content\/uploads\/2013\/05\/5.1-partager-du-temps-avec-les-enfants-du-centre-CIMA..v2-150x150.jpg 150w, https:\/\/www.ayudart.org\/wp-content\/uploads\/2013\/05\/5.1-partager-du-temps-avec-les-enfants-du-centre-CIMA..v2-100x100.jpg 100w\" sizes=\"auto, (max-width: 150px) 100vw, 150px\" \/><\/a><\/td>\n<td><a href=\"https:\/\/www.ayudart.org\/wp-content\/uploads\/2013\/05\/6-.Doner-la-parole.v2.jpg\"><img loading=\"lazy\" decoding=\"async\" class=\"size-thumbnail wp-image-2678 aligncenter\" alt=\"Donner la parole.\" src=\"https:\/\/www.ayudart.org\/wp-content\/uploads\/2013\/05\/6-.Doner-la-parole.v2-150x150.jpg\" width=\"150\" height=\"150\" srcset=\"https:\/\/www.ayudart.org\/wp-content\/uploads\/2013\/05\/6-.Doner-la-parole.v2-150x150.jpg 150w, https:\/\/www.ayudart.org\/wp-content\/uploads\/2013\/05\/6-.Doner-la-parole.v2-100x100.jpg 100w\" sizes=\"auto, (max-width: 150px) 100vw, 150px\" \/><\/a><\/td>\n<td><a href=\"https:\/\/www.ayudart.org\/wp-content\/uploads\/2013\/05\/7-httpswww.facebook.comLesOubliesDeLima.v2.jpg\"><img loading=\"lazy\" decoding=\"async\" class=\"size-thumbnail wp-image-2679 aligncenter\" alt=\"https:\/\/www.facebook.com\/LesOubliesDeLima\/\" src=\"https:\/\/www.ayudart.org\/wp-content\/uploads\/2013\/05\/7-httpswww.facebook.comLesOubliesDeLima.v2-150x150.jpg\" width=\"150\" height=\"150\" srcset=\"https:\/\/www.ayudart.org\/wp-content\/uploads\/2013\/05\/7-httpswww.facebook.comLesOubliesDeLima.v2-150x150.jpg 150w, https:\/\/www.ayudart.org\/wp-content\/uploads\/2013\/05\/7-httpswww.facebook.comLesOubliesDeLima.v2-100x100.jpg 100w\" sizes=\"auto, (max-width: 150px) 100vw, 150px\" \/><\/a><\/td>\n<\/tr>\n<\/tbody>\n<\/table>\n","protected":false},"excerpt":{"rendered":"<p>Quel projet\u00a0? Faire une coupure professionnelle, rencontrer les enfants du CIMA, partager un quotidien avec eux. R\u00e9aliser un documentaire audiovisuel intitul\u00e9 \u00ab\u00a0Les oubli\u00e9s de Lima\u00a0\u00bb qui traite de l\u2019extr\u00eame pauvret\u00e9 au P\u00e9rou, et plus particuli\u00e8rement des enfants des rues de Lima accueillis au sein du CIMA. Pourquoi\u00a0? Vivre une exp\u00e9rience personnelle \u00e0 l\u2019autre bout du &hellip; <\/p>\n<p class=\"link-more\"><a href=\"https:\/\/www.ayudart.org\/es\/lassoication-ayudart\/envoi-de-volontaires-au-perou\/envoyer-des-volontaires-au-centre-cima\/massimo\/\" class=\"more-link\">Continuar leyendo<span class=\"screen-reader-text\"> \u00abMassimo\u00bb<\/span><\/a><\/p>\n","protected":false},"author":2,"featured_media":0,"parent":1503,"menu_order":0,"comment_status":"closed","ping_status":"closed","template":"","meta":{"footnotes":""},"class_list":["post-1749","page","type-page","status-publish","hentry"],"yoast_head":"<!-- This site is optimized with the Yoast SEO plugin v27.5 - https:\/\/yoast.com\/product\/yoast-seo-wordpress\/ -->\n<title>Massimo<\/title>\n<meta name=\"robots\" content=\"index, follow, max-snippet:-1, max-image-preview:large, max-video-preview:-1\" \/>\n<link rel=\"canonical\" href=\"https:\/\/www.ayudart.org\/es\/lassoication-ayudart\/envoi-de-volontaires-au-perou\/envoyer-des-volontaires-au-centre-cima\/massimo\/\" \/>\n<meta property=\"og:locale\" content=\"es_ES\" \/>\n<meta property=\"og:locale:alternate\" content=\"fr_FR\" \/>\n<meta property=\"og:locale:alternate\" content=\"en_US\" \/>\n<meta property=\"og:type\" content=\"article\" \/>\n<meta property=\"og:title\" content=\"Massimo\" \/>\n<meta property=\"og:description\" content=\"Quel projet\u00a0? Faire une coupure professionnelle, rencontrer les enfants du CIMA, partager un quotidien avec eux. R\u00e9aliser un documentaire audiovisuel intitul\u00e9 \u00ab\u00a0Les oubli\u00e9s de Lima\u00a0\u00bb qui traite de l\u2019extr\u00eame pauvret\u00e9 au P\u00e9rou, et plus particuli\u00e8rement des enfants des rues de Lima accueillis au sein du CIMA. Pourquoi\u00a0? Vivre une exp\u00e9rience personnelle \u00e0 l\u2019autre bout du &hellip; Continuar leyendo &quot;Massimo&quot;\" \/>\n<meta property=\"og:url\" content=\"https:\/\/www.ayudart.org\/es\/lassoication-ayudart\/envoi-de-volontaires-au-perou\/envoyer-des-volontaires-au-centre-cima\/massimo\/\" \/>\n<meta property=\"og:site_name\" content=\"Association d&#039;aide aux enfants des rues du P\u00e9rou\" \/>\n<meta property=\"article:publisher\" content=\"https:\/\/www.facebook.com\/AyudArt\" \/>\n<meta property=\"article:modified_time\" content=\"2018-04-25T11:35:41+00:00\" \/>\n<meta property=\"og:image\" content=\"https:\/\/www.ayudart.org\/wp-content\/uploads\/2013\/05\/1-R\u00e9aliser-un-documentaire-audiovisuel-intitul\u00e9-\u00ab-Les-oubli\u00e9s-de-Lima-\u00bb-qui-traite-de-l\u2019extr\u00eame-pauvret\u00e9-au-P\u00e9rou-.v2-150x150.jpg\" \/>\n<meta name=\"twitter:card\" content=\"summary_large_image\" \/>\n<meta name=\"twitter:label1\" content=\"Tiempo de lectura\" \/>\n\t<meta name=\"twitter:data1\" content=\"3 minutos\" \/>\n<script type=\"application\/ld+json\" class=\"yoast-schema-graph\">{\"@context\":\"https:\\\/\\\/schema.org\",\"@graph\":[{\"@type\":\"WebPage\",\"@id\":\"https:\\\/\\\/www.ayudart.org\\\/lassoication-ayudart\\\/envoi-de-volontaires-au-perou\\\/envoyer-des-volontaires-au-centre-cima\\\/massimo\\\/\",\"url\":\"https:\\\/\\\/www.ayudart.org\\\/lassoication-ayudart\\\/envoi-de-volontaires-au-perou\\\/envoyer-des-volontaires-au-centre-cima\\\/massimo\\\/\",\"name\":\"Massimo\",\"isPartOf\":{\"@id\":\"https:\\\/\\\/www.ayudart.org\\\/#website\"},\"primaryImageOfPage\":{\"@id\":\"https:\\\/\\\/www.ayudart.org\\\/lassoication-ayudart\\\/envoi-de-volontaires-au-perou\\\/envoyer-des-volontaires-au-centre-cima\\\/massimo\\\/#primaryimage\"},\"image\":{\"@id\":\"https:\\\/\\\/www.ayudart.org\\\/lassoication-ayudart\\\/envoi-de-volontaires-au-perou\\\/envoyer-des-volontaires-au-centre-cima\\\/massimo\\\/#primaryimage\"},\"thumbnailUrl\":\"https:\\\/\\\/www.ayudart.org\\\/wp-content\\\/uploads\\\/2013\\\/05\\\/3.v21-150x150.jpg\",\"datePublished\":\"2013-05-16T16:06:10+00:00\",\"dateModified\":\"2018-04-25T11:35:41+00:00\",\"breadcrumb\":{\"@id\":\"https:\\\/\\\/www.ayudart.org\\\/lassoication-ayudart\\\/envoi-de-volontaires-au-perou\\\/envoyer-des-volontaires-au-centre-cima\\\/massimo\\\/#breadcrumb\"},\"inLanguage\":\"es-ES\",\"potentialAction\":[{\"@type\":\"ReadAction\",\"target\":[\"https:\\\/\\\/www.ayudart.org\\\/lassoication-ayudart\\\/envoi-de-volontaires-au-perou\\\/envoyer-des-volontaires-au-centre-cima\\\/massimo\\\/\"]}]},{\"@type\":\"ImageObject\",\"inLanguage\":\"es-ES\",\"@id\":\"https:\\\/\\\/www.ayudart.org\\\/lassoication-ayudart\\\/envoi-de-volontaires-au-perou\\\/envoyer-des-volontaires-au-centre-cima\\\/massimo\\\/#primaryimage\",\"url\":\"https:\\\/\\\/www.ayudart.org\\\/wp-content\\\/uploads\\\/2013\\\/05\\\/3.v21-150x150.jpg\",\"contentUrl\":\"https:\\\/\\\/www.ayudart.org\\\/wp-content\\\/uploads\\\/2013\\\/05\\\/3.v21-150x150.jpg\"},{\"@type\":\"BreadcrumbList\",\"@id\":\"https:\\\/\\\/www.ayudart.org\\\/lassoication-ayudart\\\/envoi-de-volontaires-au-perou\\\/envoyer-des-volontaires-au-centre-cima\\\/massimo\\\/#breadcrumb\",\"itemListElement\":[{\"@type\":\"ListItem\",\"position\":1,\"name\":\"Accueil\",\"item\":\"https:\\\/\\\/www.ayudart.org\\\/\"},{\"@type\":\"ListItem\",\"position\":2,\"name\":\"L&rsquo;Association Ayud&rsquo;Art\",\"item\":\"https:\\\/\\\/www.ayudart.org\\\/lassoication-ayudart\\\/\"},{\"@type\":\"ListItem\",\"position\":3,\"name\":\"Rencontrer des b\u00e9n\u00e9voles et des volontaires\",\"item\":\"https:\\\/\\\/www.ayudart.org\\\/lassoication-ayudart\\\/envoi-de-volontaires-au-perou\\\/\"},{\"@type\":\"ListItem\",\"position\":4,\"name\":\"Envoyer des volontaires au centre CIMA\",\"item\":\"https:\\\/\\\/www.ayudart.org\\\/lassoication-ayudart\\\/envoi-de-volontaires-au-perou\\\/envoyer-des-volontaires-au-centre-cima\\\/\"},{\"@type\":\"ListItem\",\"position\":5,\"name\":\"Massimo\"}]},{\"@type\":\"WebSite\",\"@id\":\"https:\\\/\\\/www.ayudart.org\\\/#website\",\"url\":\"https:\\\/\\\/www.ayudart.org\\\/\",\"name\":\"Association d'aide aux enfants des rues du P\u00e9rou\",\"description\":\"\",\"publisher\":{\"@id\":\"https:\\\/\\\/www.ayudart.org\\\/#organization\"},\"potentialAction\":[{\"@type\":\"SearchAction\",\"target\":{\"@type\":\"EntryPoint\",\"urlTemplate\":\"https:\\\/\\\/www.ayudart.org\\\/?s={search_term_string}\"},\"query-input\":{\"@type\":\"PropertyValueSpecification\",\"valueRequired\":true,\"valueName\":\"search_term_string\"}}],\"inLanguage\":\"es-ES\"},{\"@type\":\"Organization\",\"@id\":\"https:\\\/\\\/www.ayudart.org\\\/#organization\",\"name\":\"Ayud'Art\",\"url\":\"https:\\\/\\\/www.ayudart.org\\\/\",\"logo\":{\"@type\":\"ImageObject\",\"inLanguage\":\"es-ES\",\"@id\":\"https:\\\/\\\/www.ayudart.org\\\/#\\\/schema\\\/logo\\\/image\\\/\",\"url\":\"https:\\\/\\\/www.ayudart.org\\\/wp-content\\\/uploads\\\/2018\\\/03\\\/cropped-logo-1000-1.jpg\",\"contentUrl\":\"https:\\\/\\\/www.ayudart.org\\\/wp-content\\\/uploads\\\/2018\\\/03\\\/cropped-logo-1000-1.jpg\",\"width\":547,\"height\":250,\"caption\":\"Ayud'Art\"},\"image\":{\"@id\":\"https:\\\/\\\/www.ayudart.org\\\/#\\\/schema\\\/logo\\\/image\\\/\"},\"sameAs\":[\"https:\\\/\\\/www.facebook.com\\\/AyudArt\",\"https:\\\/\\\/www.instagram.com\\\/ayud.art\\\/\",\"https:\\\/\\\/www.linkedin.com\\\/groups\\\/27245\\\/profile\"]}]}<\/script>\n<!-- \/ Yoast SEO plugin. -->","yoast_head_json":{"title":"Massimo","robots":{"index":"index","follow":"follow","max-snippet":"max-snippet:-1","max-image-preview":"max-image-preview:large","max-video-preview":"max-video-preview:-1"},"canonical":"https:\/\/www.ayudart.org\/es\/lassoication-ayudart\/envoi-de-volontaires-au-perou\/envoyer-des-volontaires-au-centre-cima\/massimo\/","og_locale":"es_ES","og_type":"article","og_title":"[:fr]Massimo[:es]Massimo[:en]Massimo[:] - Association d'aide aux enfants des rues du P\u00e9rou","og_description":"Quel projet\u00a0? Faire une coupure professionnelle, rencontrer les enfants du CIMA, partager un quotidien avec eux. R\u00e9aliser un documentaire audiovisuel intitul\u00e9 \u00ab\u00a0Les oubli\u00e9s de Lima\u00a0\u00bb qui traite de l\u2019extr\u00eame pauvret\u00e9 au P\u00e9rou, et plus particuli\u00e8rement des enfants des rues de Lima accueillis au sein du CIMA. Pourquoi\u00a0? Vivre une exp\u00e9rience personnelle \u00e0 l\u2019autre bout du &hellip; Continuar leyendo \"Massimo\"","og_url":"https:\/\/www.ayudart.org\/es\/lassoication-ayudart\/envoi-de-volontaires-au-perou\/envoyer-des-volontaires-au-centre-cima\/massimo\/","og_site_name":"Association d'aide aux enfants des rues du P\u00e9rou","article_publisher":"https:\/\/www.facebook.com\/AyudArt","article_modified_time":"2018-04-25T11:35:41+00:00","og_image":[{"url":"https:\/\/www.ayudart.org\/wp-content\/uploads\/2013\/05\/1-R\u00e9aliser-un-documentaire-audiovisuel-intitul\u00e9-\u00ab-Les-oubli\u00e9s-de-Lima-\u00bb-qui-traite-de-l\u2019extr\u00eame-pauvret\u00e9-au-P\u00e9rou-.v2-150x150.jpg","type":"","width":"","height":""}],"twitter_card":"summary_large_image","twitter_misc":{"Tiempo de lectura":"3 minutos"},"schema":{"@context":"https:\/\/schema.org","@graph":[{"@type":"WebPage","@id":"https:\/\/www.ayudart.org\/lassoication-ayudart\/envoi-de-volontaires-au-perou\/envoyer-des-volontaires-au-centre-cima\/massimo\/","url":"https:\/\/www.ayudart.org\/lassoication-ayudart\/envoi-de-volontaires-au-perou\/envoyer-des-volontaires-au-centre-cima\/massimo\/","name":"Massimo","isPartOf":{"@id":"https:\/\/www.ayudart.org\/#website"},"primaryImageOfPage":{"@id":"https:\/\/www.ayudart.org\/lassoication-ayudart\/envoi-de-volontaires-au-perou\/envoyer-des-volontaires-au-centre-cima\/massimo\/#primaryimage"},"image":{"@id":"https:\/\/www.ayudart.org\/lassoication-ayudart\/envoi-de-volontaires-au-perou\/envoyer-des-volontaires-au-centre-cima\/massimo\/#primaryimage"},"thumbnailUrl":"https:\/\/www.ayudart.org\/wp-content\/uploads\/2013\/05\/3.v21-150x150.jpg","datePublished":"2013-05-16T16:06:10+00:00","dateModified":"2018-04-25T11:35:41+00:00","breadcrumb":{"@id":"https:\/\/www.ayudart.org\/lassoication-ayudart\/envoi-de-volontaires-au-perou\/envoyer-des-volontaires-au-centre-cima\/massimo\/#breadcrumb"},"inLanguage":"es-ES","potentialAction":[{"@type":"ReadAction","target":["https:\/\/www.ayudart.org\/lassoication-ayudart\/envoi-de-volontaires-au-perou\/envoyer-des-volontaires-au-centre-cima\/massimo\/"]}]},{"@type":"ImageObject","inLanguage":"es-ES","@id":"https:\/\/www.ayudart.org\/lassoication-ayudart\/envoi-de-volontaires-au-perou\/envoyer-des-volontaires-au-centre-cima\/massimo\/#primaryimage","url":"https:\/\/www.ayudart.org\/wp-content\/uploads\/2013\/05\/3.v21-150x150.jpg","contentUrl":"https:\/\/www.ayudart.org\/wp-content\/uploads\/2013\/05\/3.v21-150x150.jpg"},{"@type":"BreadcrumbList","@id":"https:\/\/www.ayudart.org\/lassoication-ayudart\/envoi-de-volontaires-au-perou\/envoyer-des-volontaires-au-centre-cima\/massimo\/#breadcrumb","itemListElement":[{"@type":"ListItem","position":1,"name":"Accueil","item":"https:\/\/www.ayudart.org\/"},{"@type":"ListItem","position":2,"name":"L&rsquo;Association Ayud&rsquo;Art","item":"https:\/\/www.ayudart.org\/lassoication-ayudart\/"},{"@type":"ListItem","position":3,"name":"Rencontrer des b\u00e9n\u00e9voles et des volontaires","item":"https:\/\/www.ayudart.org\/lassoication-ayudart\/envoi-de-volontaires-au-perou\/"},{"@type":"ListItem","position":4,"name":"Envoyer des volontaires au centre CIMA","item":"https:\/\/www.ayudart.org\/lassoication-ayudart\/envoi-de-volontaires-au-perou\/envoyer-des-volontaires-au-centre-cima\/"},{"@type":"ListItem","position":5,"name":"Massimo"}]},{"@type":"WebSite","@id":"https:\/\/www.ayudart.org\/#website","url":"https:\/\/www.ayudart.org\/","name":"Association d'aide aux enfants des rues du P\u00e9rou","description":"","publisher":{"@id":"https:\/\/www.ayudart.org\/#organization"},"potentialAction":[{"@type":"SearchAction","target":{"@type":"EntryPoint","urlTemplate":"https:\/\/www.ayudart.org\/?s={search_term_string}"},"query-input":{"@type":"PropertyValueSpecification","valueRequired":true,"valueName":"search_term_string"}}],"inLanguage":"es-ES"},{"@type":"Organization","@id":"https:\/\/www.ayudart.org\/#organization","name":"Ayud'Art","url":"https:\/\/www.ayudart.org\/","logo":{"@type":"ImageObject","inLanguage":"es-ES","@id":"https:\/\/www.ayudart.org\/#\/schema\/logo\/image\/","url":"https:\/\/www.ayudart.org\/wp-content\/uploads\/2018\/03\/cropped-logo-1000-1.jpg","contentUrl":"https:\/\/www.ayudart.org\/wp-content\/uploads\/2018\/03\/cropped-logo-1000-1.jpg","width":547,"height":250,"caption":"Ayud'Art"},"image":{"@id":"https:\/\/www.ayudart.org\/#\/schema\/logo\/image\/"},"sameAs":["https:\/\/www.facebook.com\/AyudArt","https:\/\/www.instagram.com\/ayud.art\/","https:\/\/www.linkedin.com\/groups\/27245\/profile"]}]}},"_links":{"self":[{"href":"https:\/\/www.ayudart.org\/es\/wp-json\/wp\/v2\/pages\/1749","targetHints":{"allow":["GET"]}}],"collection":[{"href":"https:\/\/www.ayudart.org\/es\/wp-json\/wp\/v2\/pages"}],"about":[{"href":"https:\/\/www.ayudart.org\/es\/wp-json\/wp\/v2\/types\/page"}],"author":[{"embeddable":true,"href":"https:\/\/www.ayudart.org\/es\/wp-json\/wp\/v2\/users\/2"}],"replies":[{"embeddable":true,"href":"https:\/\/www.ayudart.org\/es\/wp-json\/wp\/v2\/comments?post=1749"}],"version-history":[{"count":3,"href":"https:\/\/www.ayudart.org\/es\/wp-json\/wp\/v2\/pages\/1749\/revisions"}],"predecessor-version":[{"id":3446,"href":"https:\/\/www.ayudart.org\/es\/wp-json\/wp\/v2\/pages\/1749\/revisions\/3446"}],"up":[{"embeddable":true,"href":"https:\/\/www.ayudart.org\/es\/wp-json\/wp\/v2\/pages\/1503"}],"wp:attachment":[{"href":"https:\/\/www.ayudart.org\/es\/wp-json\/wp\/v2\/media?parent=1749"}],"curies":[{"name":"wp","href":"https:\/\/api.w.org\/{rel}","templated":true}]}}