{"id":1262,"date":"2013-05-08T15:17:54","date_gmt":"2013-05-08T13:17:54","guid":{"rendered":"\/?page_id=1262"},"modified":"2018-12-21T21:44:11","modified_gmt":"2018-12-21T20:44:11","slug":"communaute-willoc-patacancha-mantas-et-teinture-de-la-laine","status":"publish","type":"page","link":"https:\/\/www.ayudart.org\/es\/demarche-ethique\/communaute-willoc-patacancha-mantas-et-teinture-de-la-laine\/","title":{"rendered":"Comunidad de Huiloc Patacancha: mantas y tinte de lana"},"content":{"rendered":"<p style=\"text-align: justify;\">El encuentro con la comunidad de Huiloc Patacancha fue decisiva en el avance de Ayud&#8217;Art en materia de comercio \u00e9tico. Un momento crucial, una conmoci\u00f3n, una toma de conciencia.<\/p>\n<p style=\"text-align: justify;\">En el camino que lleva a la comunidad primero, estas dos horas de camino sin cruzar un comercio, un hospital, este alejamiento que acerca uno a s\u00ed mismo, fortalece y fragiliza.<\/p>\n<p style=\"text-align: justify;\">En el encuentro con la comunidad luego, la lengua quechua, la pureza de los ademanes, la fuerza de las tradiciones.<\/p>\n<p style=\"text-align: justify;\">Se trataba ah\u00ed de algo muy distinto a la fabricaci\u00f3n de artesan\u00eda. Estas 96 personas, en seguida, se hac\u00edan los embajadores de estos pueblos a quienes, a lo largo de los siglos, la historia, demasiado a menudo, ha violentado, fragilizado, amenazado por el avance inexorable de la modernidad. La cultura de Huiloc se contempla, enriquece con su parte de belleza y de verdad. Se desprende de ella una convicci\u00f3n de dignidad igual, lejos de los estereotipos del \u00absalvaje\u00bb o del \u00abprimitivo\u00bb.<\/p>\n<p style=\"text-align: justify;\">Ayud&#8217;Art decidi\u00f3 sacar fotos, filmar Huiloc, lejos de todo voyeurismo, para dar a entender el valor eminente de estas culturas diferentes, a veces sepultadas, muchas veces amenazadas, estas \u00abflores fr\u00e1giles de la diferencia\u00bb. El acto llevaba de pronto un mensaje profundo, un condensado de la negaci\u00f3n del etnocentrismo. Rechazar en bloque este falso evolucionismo, seg\u00fan el cual algunos pueblos estar\u00edan fijados en una fase anterior de la evoluci\u00f3n humana, sus culturas llamadas \u00abprimitivas\u00bb s\u00f3lo interesar\u00edan como objetos de estudio para el etn\u00f3logo. Los miembros de la comunidad de Huiloc son depositarios de sabidur\u00edas ancestrales, de un imaginario refinado, poblado de mitos maravillosos, de altas expresiones art\u00edsticas cuyas obras de arte no tienen nada que envidiar a las m\u00e1s bellas producciones del arte occidental.<\/p>\n<p style=\"text-align: justify;\">Entrar en contacto con la comunidad de Huiloc y darle un buen sitio en los puestos de venta de Ayud&#8217;Art supera ampliamente el comercio, hace dialogar las diferencias, teje los hilos de la aventura humana, hace hincapi\u00e9 en el valor de la alteridad.<\/p>\n<p style=\"text-align: justify;\">Cuando el siglo XXI parece buscar a tientas un modelo de desarrollo que preserve nuestro medio ambiente, ver a estas mujeres y estos hombres dominar a cielo abierto los recursos naturales de la herborister\u00eda que los rodean, fue uno de los momentos de gracia en el avance de Ayud&#8217;Art en materia de comercio \u00e9tico.<\/p>\n<p style=\"text-align: justify;\">Porque pensamos que esta diversidad es un tesoro que nos toca preservar, nos alegra presentarles la comunidad de Huiloc Patacancha y su trabajo.<\/p>\n<div style=\"text-align: center;\"><iframe loading=\"lazy\" src=\"https:\/\/www.youtube.com\/embed\/WYOmnbaiQT8\" width=\"420\" height=\"315\" frameborder=\"0\" allowfullscreen=\"allowfullscreen\"><\/iframe><\/div>\n<table>\n<tbody>\n<tr>\n<td style=\"text-align: center;\"><a href=\"https:\/\/www.ayudart.org\/wp-content\/uploads\/2013\/05\/0-La-communaut\u00e9-de-Huilloc-Patacancha..v2.jpg\"><img loading=\"lazy\" decoding=\"async\" class=\"size-thumbnail wp-image-2536 aligncenter\" src=\"https:\/\/www.ayudart.org\/wp-content\/uploads\/2013\/05\/0-La-communaut\u00e9-de-Huilloc-Patacancha..v2-150x150.jpg\" alt=\"La communaut\u00e9 de Huilloc Patacancha.\" width=\"150\" height=\"150\" srcset=\"https:\/\/www.ayudart.org\/wp-content\/uploads\/2013\/05\/0-La-communaut\u00e9-de-Huilloc-Patacancha..v2-150x150.jpg 150w, https:\/\/www.ayudart.org\/wp-content\/uploads\/2013\/05\/0-La-communaut\u00e9-de-Huilloc-Patacancha..v2-100x100.jpg 100w\" sizes=\"auto, (max-width: 150px) 100vw, 150px\" \/><\/a><\/td>\n<td><a href=\"https:\/\/www.ayudart.org\/wp-content\/uploads\/2013\/05\/3-A-chaque-graine-pierre-feuille-cochenille-sa-couleur..v21.jpg\"><img loading=\"lazy\" decoding=\"async\" class=\"size-thumbnail wp-image-2636 aligncenter\" src=\"https:\/\/www.ayudart.org\/wp-content\/uploads\/2013\/05\/3-A-chaque-graine-pierre-feuille-cochenille-sa-couleur..v21-150x150.jpg\" alt=\"A chaque graine, pierre, feuille, cochenille sa couleur.\" width=\"150\" height=\"150\" srcset=\"https:\/\/www.ayudart.org\/wp-content\/uploads\/2013\/05\/3-A-chaque-graine-pierre-feuille-cochenille-sa-couleur..v21-150x150.jpg 150w, https:\/\/www.ayudart.org\/wp-content\/uploads\/2013\/05\/3-A-chaque-graine-pierre-feuille-cochenille-sa-couleur..v21-100x100.jpg 100w\" sizes=\"auto, (max-width: 150px) 100vw, 150px\" \/><\/a><\/td>\n<td><a href=\"https:\/\/www.ayudart.org\/wp-content\/uploads\/2013\/05\/0.0.0.v2.jpg\"><img loading=\"lazy\" decoding=\"async\" class=\"size-thumbnail wp-image-2525 aligncenter\" src=\"https:\/\/www.ayudart.org\/wp-content\/uploads\/2013\/05\/0.0.0.v2-150x150.jpg\" alt=\"\" width=\"150\" height=\"150\" srcset=\"https:\/\/www.ayudart.org\/wp-content\/uploads\/2013\/05\/0.0.0.v2-150x150.jpg 150w, https:\/\/www.ayudart.org\/wp-content\/uploads\/2013\/05\/0.0.0.v2-100x100.jpg 100w\" sizes=\"auto, (max-width: 150px) 100vw, 150px\" \/><\/a><\/td>\n<td><a href=\"https:\/\/www.ayudart.org\/wp-content\/uploads\/2013\/05\/1-Des-femmes-qui-ne-parlent-que-Quechuas-nous-pr\u00e9sentent-leur-travail.v2.jpg\"><img loading=\"lazy\" decoding=\"async\" class=\"size-thumbnail wp-image-2526 aligncenter\" src=\"https:\/\/www.ayudart.org\/wp-content\/uploads\/2013\/05\/1-Des-femmes-qui-ne-parlent-que-Quechuas-nous-pr\u00e9sentent-leur-travail.v2-150x150.jpg\" alt=\"Des femmes qui ne parlent que Quechua nous pr\u00e9sentent leur travail\" width=\"150\" height=\"150\" srcset=\"https:\/\/www.ayudart.org\/wp-content\/uploads\/2013\/05\/1-Des-femmes-qui-ne-parlent-que-Quechuas-nous-pr\u00e9sentent-leur-travail.v2-150x150.jpg 150w, https:\/\/www.ayudart.org\/wp-content\/uploads\/2013\/05\/1-Des-femmes-qui-ne-parlent-que-Quechuas-nous-pr\u00e9sentent-leur-travail.v2-100x100.jpg 100w\" sizes=\"auto, (max-width: 150px) 100vw, 150px\" \/><\/a><\/td>\n<\/tr>\n<tr>\n<td><a href=\"https:\/\/www.ayudart.org\/wp-content\/uploads\/2013\/05\/2-Des-sp\u00e9cialistes-de-la-teinture-naturelle..v2.jpg\"><img loading=\"lazy\" decoding=\"async\" class=\"size-thumbnail wp-image-2527 aligncenter\" src=\"https:\/\/www.ayudart.org\/wp-content\/uploads\/2013\/05\/2-Des-sp\u00e9cialistes-de-la-teinture-naturelle..v2-150x150.jpg\" alt=\"Des sp\u00e9cialistes de la teinture naturelle.\" width=\"150\" height=\"150\" srcset=\"https:\/\/www.ayudart.org\/wp-content\/uploads\/2013\/05\/2-Des-sp\u00e9cialistes-de-la-teinture-naturelle..v2-150x150.jpg 150w, https:\/\/www.ayudart.org\/wp-content\/uploads\/2013\/05\/2-Des-sp\u00e9cialistes-de-la-teinture-naturelle..v2-100x100.jpg 100w\" sizes=\"auto, (max-width: 150px) 100vw, 150px\" \/><\/a><\/td>\n<td><a href=\"https:\/\/www.ayudart.org\/wp-content\/uploads\/2013\/05\/0.0-.v2.jpg\"><img loading=\"lazy\" decoding=\"async\" class=\"size-thumbnail wp-image-2524 aligncenter\" src=\"https:\/\/www.ayudart.org\/wp-content\/uploads\/2013\/05\/0.0-.v2-150x150.jpg\" alt=\"\" width=\"164\" height=\"490\"><\/a><\/td>\n<td><a href=\"https:\/\/www.ayudart.org\/wp-content\/uploads\/2013\/05\/4-La-laine-trempe-dans-le-de-leau-bouillante-avec-les-pr\u00e9cieux-ingr\u00e9dients..v2.jpg\"><img loading=\"lazy\" decoding=\"async\" class=\"size-thumbnail wp-image-2531 aligncenter\" src=\"https:\/\/www.ayudart.org\/wp-content\/uploads\/2013\/05\/4-La-laine-trempe-dans-le-de-leau-bouillante-avec-les-pr\u00e9cieux-ingr\u00e9dients..v2-150x150.jpg\" alt=\"La laine trempe dans le de l'eau bouillante avec les pr\u00e9cieux ingr\u00e9dients.\" width=\"150\" height=\"150\" srcset=\"https:\/\/www.ayudart.org\/wp-content\/uploads\/2013\/05\/4-La-laine-trempe-dans-le-de-leau-bouillante-avec-les-pr\u00e9cieux-ingr\u00e9dients..v2-150x150.jpg 150w, https:\/\/www.ayudart.org\/wp-content\/uploads\/2013\/05\/4-La-laine-trempe-dans-le-de-leau-bouillante-avec-les-pr\u00e9cieux-ingr\u00e9dients..v2-100x100.jpg 100w\" sizes=\"auto, (max-width: 150px) 100vw, 150px\" \/><\/a><\/td>\n<td><a href=\"https:\/\/www.ayudart.org\/wp-content\/uploads\/2013\/05\/5-et-se-colore.v2.jpg\"><img loading=\"lazy\" decoding=\"async\" class=\"size-thumbnail wp-image-2532 aligncenter\" src=\"https:\/\/www.ayudart.org\/wp-content\/uploads\/2013\/05\/5-et-se-colore.v2-150x150.jpg\" alt=\"et se colore\" width=\"150\" height=\"150\" srcset=\"https:\/\/www.ayudart.org\/wp-content\/uploads\/2013\/05\/5-et-se-colore.v2-150x150.jpg 150w, https:\/\/www.ayudart.org\/wp-content\/uploads\/2013\/05\/5-et-se-colore.v2-100x100.jpg 100w\" sizes=\"auto, (max-width: 150px) 100vw, 150px\" \/><\/a><\/td>\n<\/tr>\n<tr>\n<td><a href=\"https:\/\/www.ayudart.org\/wp-content\/uploads\/2013\/05\/6-dans-des-gammes-uniques.v2.jpg\"><img loading=\"lazy\" decoding=\"async\" class=\"size-thumbnail wp-image-2533 aligncenter\" src=\"https:\/\/www.ayudart.org\/wp-content\/uploads\/2013\/05\/6-dans-des-gammes-uniques.v2-150x150.jpg\" alt=\"dans des gammes uniques\" width=\"150\" height=\"150\" srcset=\"https:\/\/www.ayudart.org\/wp-content\/uploads\/2013\/05\/6-dans-des-gammes-uniques.v2-150x150.jpg 150w, https:\/\/www.ayudart.org\/wp-content\/uploads\/2013\/05\/6-dans-des-gammes-uniques.v2-100x100.jpg 100w\" sizes=\"auto, (max-width: 150px) 100vw, 150px\" \/><\/a><\/td>\n<td><a href=\"https:\/\/www.ayudart.org\/wp-content\/uploads\/2013\/05\/7-sans-aucun-ajout-chimique.v2.jpg\"><img loading=\"lazy\" decoding=\"async\" class=\"size-thumbnail wp-image-2534 aligncenter\" src=\"https:\/\/www.ayudart.org\/wp-content\/uploads\/2013\/05\/7-sans-aucun-ajout-chimique.v2-150x150.jpg\" alt=\"sans aucun ajout chimique.\" width=\"150\" height=\"150\" srcset=\"https:\/\/www.ayudart.org\/wp-content\/uploads\/2013\/05\/7-sans-aucun-ajout-chimique.v2-150x150.jpg 150w, https:\/\/www.ayudart.org\/wp-content\/uploads\/2013\/05\/7-sans-aucun-ajout-chimique.v2-100x100.jpg 100w\" sizes=\"auto, (max-width: 150px) 100vw, 150px\" \/><\/a><\/td>\n<td><a href=\"https:\/\/www.ayudart.org\/wp-content\/uploads\/2013\/05\/8-Selon-des-traditions-ancestrales-en-famille..v2.jpg\"><img loading=\"lazy\" decoding=\"async\" class=\"size-thumbnail wp-image-2535 aligncenter\" src=\"https:\/\/www.ayudart.org\/wp-content\/uploads\/2013\/05\/8-Selon-des-traditions-ancestrales-en-famille..v2-150x150.jpg\" alt=\"Selon des traditions ancestrales, en famille.\" width=\"150\" height=\"150\" srcset=\"https:\/\/www.ayudart.org\/wp-content\/uploads\/2013\/05\/8-Selon-des-traditions-ancestrales-en-famille..v2-150x150.jpg 150w, https:\/\/www.ayudart.org\/wp-content\/uploads\/2013\/05\/8-Selon-des-traditions-ancestrales-en-famille..v2-100x100.jpg 100w\" sizes=\"auto, (max-width: 150px) 100vw, 150px\" \/><\/a><\/td>\n<td><a href=\"https:\/\/www.ayudart.org\/wp-content\/uploads\/2013\/05\/9-Dans-un-\u00e9tonnant-ballet-de-couleurs..v2.jpg\"><img loading=\"lazy\" decoding=\"async\" class=\"size-thumbnail wp-image-2523 aligncenter\" src=\"https:\/\/www.ayudart.org\/wp-content\/uploads\/2013\/05\/9-Dans-un-\u00e9tonnant-ballet-de-couleurs..v2-150x150.jpg\" alt=\"Dans un \u00e9tonnant ballet de couleurs.\" width=\"150\" height=\"150\" srcset=\"https:\/\/www.ayudart.org\/wp-content\/uploads\/2013\/05\/9-Dans-un-\u00e9tonnant-ballet-de-couleurs..v2-150x150.jpg 150w, https:\/\/www.ayudart.org\/wp-content\/uploads\/2013\/05\/9-Dans-un-\u00e9tonnant-ballet-de-couleurs..v2-100x100.jpg 100w\" sizes=\"auto, (max-width: 150px) 100vw, 150px\" \/><\/a><\/td>\n<\/tr>\n<\/tbody>\n<\/table>\n","protected":false},"excerpt":{"rendered":"<p>El encuentro con la comunidad de Huiloc Patacancha fue decisiva en el avance de Ayud&#8217;Art en materia de comercio \u00e9tico. Un momento crucial, una conmoci\u00f3n, una toma de conciencia. En el camino que lleva a la comunidad primero, estas dos horas de camino sin cruzar un comercio, un hospital, este alejamiento que acerca uno a &hellip; <\/p>\n<p class=\"link-more\"><a href=\"https:\/\/www.ayudart.org\/es\/demarche-ethique\/communaute-willoc-patacancha-mantas-et-teinture-de-la-laine\/\" class=\"more-link\">Continuar leyendo<span class=\"screen-reader-text\"> \u00abComunidad de Huiloc Patacancha: mantas y tinte de lana\u00bb<\/span><\/a><\/p>\n","protected":false},"author":2,"featured_media":0,"parent":10,"menu_order":0,"comment_status":"closed","ping_status":"closed","template":"","meta":{"footnotes":""},"class_list":["post-1262","page","type-page","status-publish","hentry"],"yoast_head":"<!-- This site is optimized with the Yoast SEO plugin v27.5 - https:\/\/yoast.com\/product\/yoast-seo-wordpress\/ -->\n<title>Comunidad de Huiloc Patacancha: mantas y tinte de lana<\/title>\n<meta name=\"robots\" content=\"index, follow, max-snippet:-1, max-image-preview:large, max-video-preview:-1\" \/>\n<link rel=\"canonical\" href=\"https:\/\/www.ayudart.org\/es\/demarche-ethique\/communaute-willoc-patacancha-mantas-et-teinture-de-la-laine\/\" \/>\n<meta property=\"og:locale\" content=\"es_ES\" \/>\n<meta property=\"og:locale:alternate\" content=\"fr_FR\" \/>\n<meta property=\"og:locale:alternate\" content=\"en_US\" \/>\n<meta property=\"og:type\" content=\"article\" \/>\n<meta property=\"og:title\" content=\"Comunidad de Huiloc Patacancha: mantas y tinte de lana\" \/>\n<meta property=\"og:description\" content=\"El encuentro con la comunidad de Huiloc Patacancha fue decisiva en el avance de Ayud&#8217;Art en materia de comercio \u00e9tico. Un momento crucial, una conmoci\u00f3n, una toma de conciencia. En el camino que lleva a la comunidad primero, estas dos horas de camino sin cruzar un comercio, un hospital, este alejamiento que acerca uno a &hellip; Continuar leyendo &quot;Comunidad de Huiloc Patacancha: mantas y tinte de lana&quot;\" \/>\n<meta property=\"og:url\" content=\"https:\/\/www.ayudart.org\/es\/demarche-ethique\/communaute-willoc-patacancha-mantas-et-teinture-de-la-laine\/\" \/>\n<meta property=\"og:site_name\" content=\"Association d&#039;aide aux enfants des rues du P\u00e9rou\" \/>\n<meta property=\"article:publisher\" content=\"https:\/\/www.facebook.com\/AyudArt\" \/>\n<meta property=\"article:modified_time\" content=\"2018-12-21T20:44:11+00:00\" \/>\n<meta property=\"og:image\" content=\"https:\/\/www.ayudart.org\/wp-content\/uploads\/2013\/05\/0-La-communaut\u00e9-de-Huilloc-Patacancha..v2-150x150.jpg\" \/>\n<meta name=\"twitter:card\" content=\"summary_large_image\" \/>\n<meta name=\"twitter:label1\" content=\"Tiempo de lectura\" \/>\n\t<meta name=\"twitter:data1\" content=\"6 minutos\" \/>\n<script type=\"application\/ld+json\" class=\"yoast-schema-graph\">{\"@context\":\"https:\\\/\\\/schema.org\",\"@graph\":[{\"@type\":\"WebPage\",\"@id\":\"https:\\\/\\\/www.ayudart.org\\\/demarche-ethique\\\/communaute-willoc-patacancha-mantas-et-teinture-de-la-laine\\\/\",\"url\":\"https:\\\/\\\/www.ayudart.org\\\/demarche-ethique\\\/communaute-willoc-patacancha-mantas-et-teinture-de-la-laine\\\/\",\"name\":\"Comunidad de Huiloc Patacancha: mantas y tinte de lana\",\"isPartOf\":{\"@id\":\"https:\\\/\\\/www.ayudart.org\\\/#website\"},\"primaryImageOfPage\":{\"@id\":\"https:\\\/\\\/www.ayudart.org\\\/demarche-ethique\\\/communaute-willoc-patacancha-mantas-et-teinture-de-la-laine\\\/#primaryimage\"},\"image\":{\"@id\":\"https:\\\/\\\/www.ayudart.org\\\/demarche-ethique\\\/communaute-willoc-patacancha-mantas-et-teinture-de-la-laine\\\/#primaryimage\"},\"thumbnailUrl\":\"https:\\\/\\\/www.ayudart.org\\\/wp-content\\\/uploads\\\/2013\\\/05\\\/3-A-chaque-graine-pierre-feuille-cochenille-sa-couleur..v21-150x150.jpg\",\"datePublished\":\"2013-05-08T13:17:54+00:00\",\"dateModified\":\"2018-12-21T20:44:11+00:00\",\"breadcrumb\":{\"@id\":\"https:\\\/\\\/www.ayudart.org\\\/demarche-ethique\\\/communaute-willoc-patacancha-mantas-et-teinture-de-la-laine\\\/#breadcrumb\"},\"inLanguage\":\"es-ES\",\"potentialAction\":[{\"@type\":\"ReadAction\",\"target\":[\"https:\\\/\\\/www.ayudart.org\\\/demarche-ethique\\\/communaute-willoc-patacancha-mantas-et-teinture-de-la-laine\\\/\"]}]},{\"@type\":\"ImageObject\",\"inLanguage\":\"es-ES\",\"@id\":\"https:\\\/\\\/www.ayudart.org\\\/demarche-ethique\\\/communaute-willoc-patacancha-mantas-et-teinture-de-la-laine\\\/#primaryimage\",\"url\":\"https:\\\/\\\/www.ayudart.org\\\/wp-content\\\/uploads\\\/2013\\\/05\\\/3-A-chaque-graine-pierre-feuille-cochenille-sa-couleur..v21-150x150.jpg\",\"contentUrl\":\"https:\\\/\\\/www.ayudart.org\\\/wp-content\\\/uploads\\\/2013\\\/05\\\/3-A-chaque-graine-pierre-feuille-cochenille-sa-couleur..v21-150x150.jpg\"},{\"@type\":\"BreadcrumbList\",\"@id\":\"https:\\\/\\\/www.ayudart.org\\\/demarche-ethique\\\/communaute-willoc-patacancha-mantas-et-teinture-de-la-laine\\\/#breadcrumb\",\"itemListElement\":[{\"@type\":\"ListItem\",\"position\":1,\"name\":\"Accueil\",\"item\":\"https:\\\/\\\/www.ayudart.org\\\/\"},{\"@type\":\"ListItem\",\"position\":2,\"name\":\"Le commerce \u00e9thique\",\"item\":\"https:\\\/\\\/www.ayudart.org\\\/demarche-ethique\\\/\"},{\"@type\":\"ListItem\",\"position\":3,\"name\":\"Communaut\u00e9 Huiloc Patacancha : mantas et teinture de la laine\"}]},{\"@type\":\"WebSite\",\"@id\":\"https:\\\/\\\/www.ayudart.org\\\/#website\",\"url\":\"https:\\\/\\\/www.ayudart.org\\\/\",\"name\":\"Association d'aide aux enfants des rues du P\u00e9rou\",\"description\":\"\",\"publisher\":{\"@id\":\"https:\\\/\\\/www.ayudart.org\\\/#organization\"},\"potentialAction\":[{\"@type\":\"SearchAction\",\"target\":{\"@type\":\"EntryPoint\",\"urlTemplate\":\"https:\\\/\\\/www.ayudart.org\\\/?s={search_term_string}\"},\"query-input\":{\"@type\":\"PropertyValueSpecification\",\"valueRequired\":true,\"valueName\":\"search_term_string\"}}],\"inLanguage\":\"es-ES\"},{\"@type\":\"Organization\",\"@id\":\"https:\\\/\\\/www.ayudart.org\\\/#organization\",\"name\":\"Ayud'Art\",\"url\":\"https:\\\/\\\/www.ayudart.org\\\/\",\"logo\":{\"@type\":\"ImageObject\",\"inLanguage\":\"es-ES\",\"@id\":\"https:\\\/\\\/www.ayudart.org\\\/#\\\/schema\\\/logo\\\/image\\\/\",\"url\":\"https:\\\/\\\/www.ayudart.org\\\/wp-content\\\/uploads\\\/2018\\\/03\\\/cropped-logo-1000-1.jpg\",\"contentUrl\":\"https:\\\/\\\/www.ayudart.org\\\/wp-content\\\/uploads\\\/2018\\\/03\\\/cropped-logo-1000-1.jpg\",\"width\":547,\"height\":250,\"caption\":\"Ayud'Art\"},\"image\":{\"@id\":\"https:\\\/\\\/www.ayudart.org\\\/#\\\/schema\\\/logo\\\/image\\\/\"},\"sameAs\":[\"https:\\\/\\\/www.facebook.com\\\/AyudArt\",\"https:\\\/\\\/www.instagram.com\\\/ayud.art\\\/\",\"https:\\\/\\\/www.linkedin.com\\\/groups\\\/27245\\\/profile\"]}]}<\/script>\n<!-- \/ Yoast SEO plugin. -->","yoast_head_json":{"title":"Comunidad de Huiloc Patacancha: mantas y tinte de lana","robots":{"index":"index","follow":"follow","max-snippet":"max-snippet:-1","max-image-preview":"max-image-preview:large","max-video-preview":"max-video-preview:-1"},"canonical":"https:\/\/www.ayudart.org\/es\/demarche-ethique\/communaute-willoc-patacancha-mantas-et-teinture-de-la-laine\/","og_locale":"es_ES","og_type":"article","og_title":"[:fr]Communaut\u00e9 Huiloc Patacancha : mantas et teinture de la laine[:es]Comunidad de Huiloc Patacancha: mantas y tinte de lana[:en]Huilos Patacancha community: blanket and wool[:] - Association d'aide aux enfants des rues du P\u00e9rou","og_description":"El encuentro con la comunidad de Huiloc Patacancha fue decisiva en el avance de Ayud&#8217;Art en materia de comercio \u00e9tico. Un momento crucial, una conmoci\u00f3n, una toma de conciencia. En el camino que lleva a la comunidad primero, estas dos horas de camino sin cruzar un comercio, un hospital, este alejamiento que acerca uno a &hellip; Continuar leyendo \"Comunidad de Huiloc Patacancha: mantas y tinte de lana\"","og_url":"https:\/\/www.ayudart.org\/es\/demarche-ethique\/communaute-willoc-patacancha-mantas-et-teinture-de-la-laine\/","og_site_name":"Association d'aide aux enfants des rues du P\u00e9rou","article_publisher":"https:\/\/www.facebook.com\/AyudArt","article_modified_time":"2018-12-21T20:44:11+00:00","og_image":[{"url":"https:\/\/www.ayudart.org\/wp-content\/uploads\/2013\/05\/0-La-communaut\u00e9-de-Huilloc-Patacancha..v2-150x150.jpg","type":"","width":"","height":""}],"twitter_card":"summary_large_image","twitter_misc":{"Tiempo de lectura":"6 minutos"},"schema":{"@context":"https:\/\/schema.org","@graph":[{"@type":"WebPage","@id":"https:\/\/www.ayudart.org\/demarche-ethique\/communaute-willoc-patacancha-mantas-et-teinture-de-la-laine\/","url":"https:\/\/www.ayudart.org\/demarche-ethique\/communaute-willoc-patacancha-mantas-et-teinture-de-la-laine\/","name":"Comunidad de Huiloc Patacancha: mantas y tinte de lana","isPartOf":{"@id":"https:\/\/www.ayudart.org\/#website"},"primaryImageOfPage":{"@id":"https:\/\/www.ayudart.org\/demarche-ethique\/communaute-willoc-patacancha-mantas-et-teinture-de-la-laine\/#primaryimage"},"image":{"@id":"https:\/\/www.ayudart.org\/demarche-ethique\/communaute-willoc-patacancha-mantas-et-teinture-de-la-laine\/#primaryimage"},"thumbnailUrl":"https:\/\/www.ayudart.org\/wp-content\/uploads\/2013\/05\/3-A-chaque-graine-pierre-feuille-cochenille-sa-couleur..v21-150x150.jpg","datePublished":"2013-05-08T13:17:54+00:00","dateModified":"2018-12-21T20:44:11+00:00","breadcrumb":{"@id":"https:\/\/www.ayudart.org\/demarche-ethique\/communaute-willoc-patacancha-mantas-et-teinture-de-la-laine\/#breadcrumb"},"inLanguage":"es-ES","potentialAction":[{"@type":"ReadAction","target":["https:\/\/www.ayudart.org\/demarche-ethique\/communaute-willoc-patacancha-mantas-et-teinture-de-la-laine\/"]}]},{"@type":"ImageObject","inLanguage":"es-ES","@id":"https:\/\/www.ayudart.org\/demarche-ethique\/communaute-willoc-patacancha-mantas-et-teinture-de-la-laine\/#primaryimage","url":"https:\/\/www.ayudart.org\/wp-content\/uploads\/2013\/05\/3-A-chaque-graine-pierre-feuille-cochenille-sa-couleur..v21-150x150.jpg","contentUrl":"https:\/\/www.ayudart.org\/wp-content\/uploads\/2013\/05\/3-A-chaque-graine-pierre-feuille-cochenille-sa-couleur..v21-150x150.jpg"},{"@type":"BreadcrumbList","@id":"https:\/\/www.ayudart.org\/demarche-ethique\/communaute-willoc-patacancha-mantas-et-teinture-de-la-laine\/#breadcrumb","itemListElement":[{"@type":"ListItem","position":1,"name":"Accueil","item":"https:\/\/www.ayudart.org\/"},{"@type":"ListItem","position":2,"name":"Le commerce \u00e9thique","item":"https:\/\/www.ayudart.org\/demarche-ethique\/"},{"@type":"ListItem","position":3,"name":"Communaut\u00e9 Huiloc Patacancha : mantas et teinture de la laine"}]},{"@type":"WebSite","@id":"https:\/\/www.ayudart.org\/#website","url":"https:\/\/www.ayudart.org\/","name":"Association d'aide aux enfants des rues du P\u00e9rou","description":"","publisher":{"@id":"https:\/\/www.ayudart.org\/#organization"},"potentialAction":[{"@type":"SearchAction","target":{"@type":"EntryPoint","urlTemplate":"https:\/\/www.ayudart.org\/?s={search_term_string}"},"query-input":{"@type":"PropertyValueSpecification","valueRequired":true,"valueName":"search_term_string"}}],"inLanguage":"es-ES"},{"@type":"Organization","@id":"https:\/\/www.ayudart.org\/#organization","name":"Ayud'Art","url":"https:\/\/www.ayudart.org\/","logo":{"@type":"ImageObject","inLanguage":"es-ES","@id":"https:\/\/www.ayudart.org\/#\/schema\/logo\/image\/","url":"https:\/\/www.ayudart.org\/wp-content\/uploads\/2018\/03\/cropped-logo-1000-1.jpg","contentUrl":"https:\/\/www.ayudart.org\/wp-content\/uploads\/2018\/03\/cropped-logo-1000-1.jpg","width":547,"height":250,"caption":"Ayud'Art"},"image":{"@id":"https:\/\/www.ayudart.org\/#\/schema\/logo\/image\/"},"sameAs":["https:\/\/www.facebook.com\/AyudArt","https:\/\/www.instagram.com\/ayud.art\/","https:\/\/www.linkedin.com\/groups\/27245\/profile"]}]}},"_links":{"self":[{"href":"https:\/\/www.ayudart.org\/es\/wp-json\/wp\/v2\/pages\/1262","targetHints":{"allow":["GET"]}}],"collection":[{"href":"https:\/\/www.ayudart.org\/es\/wp-json\/wp\/v2\/pages"}],"about":[{"href":"https:\/\/www.ayudart.org\/es\/wp-json\/wp\/v2\/types\/page"}],"author":[{"embeddable":true,"href":"https:\/\/www.ayudart.org\/es\/wp-json\/wp\/v2\/users\/2"}],"replies":[{"embeddable":true,"href":"https:\/\/www.ayudart.org\/es\/wp-json\/wp\/v2\/comments?post=1262"}],"version-history":[{"count":5,"href":"https:\/\/www.ayudart.org\/es\/wp-json\/wp\/v2\/pages\/1262\/revisions"}],"predecessor-version":[{"id":3796,"href":"https:\/\/www.ayudart.org\/es\/wp-json\/wp\/v2\/pages\/1262\/revisions\/3796"}],"up":[{"embeddable":true,"href":"https:\/\/www.ayudart.org\/es\/wp-json\/wp\/v2\/pages\/10"}],"wp:attachment":[{"href":"https:\/\/www.ayudart.org\/es\/wp-json\/wp\/v2\/media?parent=1262"}],"curies":[{"name":"wp","href":"https:\/\/api.w.org\/{rel}","templated":true}]}}