{"id":901,"date":"2013-05-03T08:56:13","date_gmt":"2013-05-03T06:56:13","guid":{"rendered":"\/?page_id=901"},"modified":"2018-04-24T18:31:01","modified_gmt":"2018-04-24T16:31:01","slug":"envoi-de-volontaires-au-perou","status":"publish","type":"page","link":"https:\/\/www.ayudart.org\/en\/lassoication-ayudart\/envoi-de-volontaires-au-perou\/","title":{"rendered":"Meet volunteers"},"content":{"rendered":"<p style=\"text-align: center;\">Ayud\u2019Art participation in numerous demonstrations is open to anyone and its visibility on the internet enables anyone interested in voluntary service for international solidarity to take part in the life of the charity in France but also in Peru.<\/p>\n<p>&nbsp;<\/p>\n<table style=\"height: 690px;\" width=\"658\">\n<tbody>\n<tr>\n<td style=\"vertical-align:top\"><a href=\"https:\/\/www.ayudart.org\/wp-content\/uploads\/2013\/05\/image_101_2.v2.jpg\"><img loading=\"lazy\" decoding=\"async\" class=\"aligncenter wp-image-1568 size-thumbnail\" src=\"https:\/\/www.ayudart.org\/wp-content\/uploads\/2013\/05\/image_101_2.v2-150x150.jpg\" alt=\"Meet and guide volunteers who wish to get involved in France or in Peru. \" width=\"150\" height=\"150\" srcset=\"https:\/\/www.ayudart.org\/wp-content\/uploads\/2013\/05\/image_101_2.v2-150x150.jpg 150w, https:\/\/www.ayudart.org\/wp-content\/uploads\/2013\/05\/image_101_2.v2-300x300.jpg 300w, https:\/\/www.ayudart.org\/wp-content\/uploads\/2013\/05\/image_101_2.v2-100x100.jpg 100w, https:\/\/www.ayudart.org\/wp-content\/uploads\/2013\/05\/image_101_2.v2.jpg 500w\" sizes=\"auto, (max-width: 150px) 100vw, 150px\" \/><\/a><\/p>\n<p style=\"text-align: center;\">Meet and guide volunteers who wish to get involved in France or in Peru.<\/p>\n<p><div id='gallery-1' class='gallery galleryid-901 gallery-columns-3 gallery-size-thumbnail'><figure class='gallery-item'>\r\n\t\t\t<div class='gallery-icon landscape'>\r\n\t\t\t\t<a href='https:\/\/www.ayudart.org\/wp-content\/uploads\/2013\/05\/2-Aucun-salaire-n\u2019est-vers\u00e9.-Chacun-travaille-\u00e0-son-rythme-et-\u00e0-sa-mesure-mais-sans-aucune-contrepartie-financi\u00e8re.-.v2.jpg'><img loading=\"lazy\" decoding=\"async\" width=\"150\" height=\"150\" src=\"https:\/\/www.ayudart.org\/wp-content\/uploads\/2013\/05\/2-Aucun-salaire-n\u2019est-vers\u00e9.-Chacun-travaille-\u00e0-son-rythme-et-\u00e0-sa-mesure-mais-sans-aucune-contrepartie-financi\u00e8re.-.v2-150x150.jpg\" class=\"attachment-thumbnail size-thumbnail\" alt=\"Nobody is paid.\" srcset=\"https:\/\/www.ayudart.org\/wp-content\/uploads\/2013\/05\/2-Aucun-salaire-n\u2019est-vers\u00e9.-Chacun-travaille-\u00e0-son-rythme-et-\u00e0-sa-mesure-mais-sans-aucune-contrepartie-financi\u00e8re.-.v2-150x150.jpg 150w, https:\/\/www.ayudart.org\/wp-content\/uploads\/2013\/05\/2-Aucun-salaire-n\u2019est-vers\u00e9.-Chacun-travaille-\u00e0-son-rythme-et-\u00e0-sa-mesure-mais-sans-aucune-contrepartie-financi\u00e8re.-.v2-100x100.jpg 100w\" sizes=\"auto, 100vw\" \/><\/a>\r\n\t\t\t<\/div><\/figure><figure class='gallery-item'>\r\n\t\t\t<div class='gallery-icon landscape'>\r\n\t\t\t\t<a href='https:\/\/www.ayudart.org\/wp-content\/uploads\/2013\/05\/annnn.v2.jpg'><img loading=\"lazy\" decoding=\"async\" width=\"150\" height=\"150\" src=\"https:\/\/www.ayudart.org\/wp-content\/uploads\/2013\/05\/annnn.v2-150x150.jpg\" class=\"attachment-thumbnail size-thumbnail\" alt=\"Everyone works at his own pace but without any financial compensation.\" srcset=\"https:\/\/www.ayudart.org\/wp-content\/uploads\/2013\/05\/annnn.v2-150x150.jpg 150w, https:\/\/www.ayudart.org\/wp-content\/uploads\/2013\/05\/annnn.v2-100x100.jpg 100w\" sizes=\"auto, 100vw\" \/><\/a>\r\n\t\t\t<\/div><\/figure><figure class='gallery-item'>\r\n\t\t\t<div class='gallery-icon landscape'>\r\n\t\t\t\t<a href='https:\/\/www.ayudart.org\/wp-content\/uploads\/2013\/05\/3-Les-membres-du-bureau-s\u2019engagent-pour-un-an-lors-de-l\u2019assembl\u00e9e-g\u00e9n\u00e9rale.-.v2.jpg'><img loading=\"lazy\" decoding=\"async\" width=\"150\" height=\"150\" src=\"https:\/\/www.ayudart.org\/wp-content\/uploads\/2013\/05\/3-Les-membres-du-bureau-s\u2019engagent-pour-un-an-lors-de-l\u2019assembl\u00e9e-g\u00e9n\u00e9rale.-.v2-150x150.jpg\" class=\"attachment-thumbnail size-thumbnail\" alt=\"The office members get involved for one year during the general assembly.\" srcset=\"https:\/\/www.ayudart.org\/wp-content\/uploads\/2013\/05\/3-Les-membres-du-bureau-s\u2019engagent-pour-un-an-lors-de-l\u2019assembl\u00e9e-g\u00e9n\u00e9rale.-.v2-150x150.jpg 150w, https:\/\/www.ayudart.org\/wp-content\/uploads\/2013\/05\/3-Les-membres-du-bureau-s\u2019engagent-pour-un-an-lors-de-l\u2019assembl\u00e9e-g\u00e9n\u00e9rale.-.v2-100x100.jpg 100w\" sizes=\"auto, 100vw\" \/><\/a>\r\n\t\t\t<\/div><\/figure><figure class='gallery-item'>\r\n\t\t\t<div class='gallery-icon landscape'>\r\n\t\t\t\t<a href='https:\/\/www.ayudart.org\/wp-content\/uploads\/2013\/05\/4.v21.jpg'><img loading=\"lazy\" decoding=\"async\" width=\"150\" height=\"150\" src=\"https:\/\/www.ayudart.org\/wp-content\/uploads\/2013\/05\/4.v21-150x150.jpg\" class=\"attachment-thumbnail size-thumbnail\" alt=\"Members who wish to take part in the charity work can do it at any time but they can\u2019t sit in the board. They are welcome !\" srcset=\"https:\/\/www.ayudart.org\/wp-content\/uploads\/2013\/05\/4.v21-150x150.jpg 150w, https:\/\/www.ayudart.org\/wp-content\/uploads\/2013\/05\/4.v21-100x100.jpg 100w\" sizes=\"auto, 100vw\" \/><\/a>\r\n\t\t\t<\/div><\/figure><figure class='gallery-item'>\r\n\t\t\t<div class='gallery-icon portrait'>\r\n\t\t\t\t<a href='https:\/\/www.ayudart.org\/wp-content\/uploads\/2013\/05\/5-Il-est-fondamental-pour-garantir-la-p\u00e9rennit\u00e9-et-l\u2019ouverture-de-l\u2019association.v2.jpg'><img loading=\"lazy\" decoding=\"async\" width=\"150\" height=\"150\" src=\"https:\/\/www.ayudart.org\/wp-content\/uploads\/2013\/05\/5-Il-est-fondamental-pour-garantir-la-p\u00e9rennit\u00e9-et-l\u2019ouverture-de-l\u2019association.v2-150x150.jpg\" class=\"attachment-thumbnail size-thumbnail\" alt=\"It\u2019s essential to ensure the continued existence and openness of the charity to accept anyone who shares our values and our means of acting to defend them.\" srcset=\"https:\/\/www.ayudart.org\/wp-content\/uploads\/2013\/05\/5-Il-est-fondamental-pour-garantir-la-p\u00e9rennit\u00e9-et-l\u2019ouverture-de-l\u2019association.v2-150x150.jpg 150w, https:\/\/www.ayudart.org\/wp-content\/uploads\/2013\/05\/5-Il-est-fondamental-pour-garantir-la-p\u00e9rennit\u00e9-et-l\u2019ouverture-de-l\u2019association.v2-100x100.jpg 100w\" sizes=\"auto, 100vw\" \/><\/a>\r\n\t\t\t<\/div><\/figure><figure class='gallery-item'>\r\n\t\t\t<div class='gallery-icon portrait'>\r\n\t\t\t\t<a href='https:\/\/www.ayudart.org\/wp-content\/uploads\/2013\/05\/6-de-s\u2019ouvrir-\u00e0-toute-nouvelle-personne-appr\u00e9ciant-les-valeurs-que-nous-d\u00e9fendons-et-notre-mani\u00e8re-de-les-d\u00e9fendre.v2.jpg'><img loading=\"lazy\" decoding=\"async\" width=\"150\" height=\"150\" src=\"https:\/\/www.ayudart.org\/wp-content\/uploads\/2013\/05\/6-de-s\u2019ouvrir-\u00e0-toute-nouvelle-personne-appr\u00e9ciant-les-valeurs-que-nous-d\u00e9fendons-et-notre-mani\u00e8re-de-les-d\u00e9fendre.v2-150x150.jpg\" class=\"attachment-thumbnail size-thumbnail\" alt=\"It\u2019s essential to ensure the continued existence and openness of the charity to accept anyone who shares our values and our means of acting to defend them.\" srcset=\"https:\/\/www.ayudart.org\/wp-content\/uploads\/2013\/05\/6-de-s\u2019ouvrir-\u00e0-toute-nouvelle-personne-appr\u00e9ciant-les-valeurs-que-nous-d\u00e9fendons-et-notre-mani\u00e8re-de-les-d\u00e9fendre.v2-150x150.jpg 150w, https:\/\/www.ayudart.org\/wp-content\/uploads\/2013\/05\/6-de-s\u2019ouvrir-\u00e0-toute-nouvelle-personne-appr\u00e9ciant-les-valeurs-que-nous-d\u00e9fendons-et-notre-mani\u00e8re-de-les-d\u00e9fendre.v2-100x100.jpg 100w\" sizes=\"auto, 100vw\" \/><\/a>\r\n\t\t\t<\/div><\/figure><figure class='gallery-item'>\r\n\t\t\t<div class='gallery-icon landscape'>\r\n\t\t\t\t<a href='https:\/\/www.ayudart.org\/wp-content\/uploads\/2013\/05\/7.v2.jpg'><img loading=\"lazy\" decoding=\"async\" width=\"150\" height=\"150\" src=\"https:\/\/www.ayudart.org\/wp-content\/uploads\/2013\/05\/7.v2-150x150.jpg\" class=\"attachment-thumbnail size-thumbnail\" alt=\"That\u2019s why Ayud\u2019Art meets anyone who wishes information or help to create a project, lends a support before his departure for Peru and helps him in his task.\" srcset=\"https:\/\/www.ayudart.org\/wp-content\/uploads\/2013\/05\/7.v2-150x150.jpg 150w, https:\/\/www.ayudart.org\/wp-content\/uploads\/2013\/05\/7.v2-100x100.jpg 100w\" sizes=\"auto, 100vw\" \/><\/a>\r\n\t\t\t<\/div><\/figure><figure class='gallery-item'>\r\n\t\t\t<div class='gallery-icon landscape'>\r\n\t\t\t\t<a href='https:\/\/www.ayudart.org\/wp-content\/uploads\/2013\/01\/Page-quitter.jpg'><img loading=\"lazy\" decoding=\"async\" width=\"150\" height=\"150\" src=\"https:\/\/www.ayudart.org\/wp-content\/uploads\/2013\/01\/Page-quitter-150x150.jpg\" class=\"attachment-thumbnail size-thumbnail\" alt=\"\" srcset=\"https:\/\/www.ayudart.org\/wp-content\/uploads\/2013\/01\/Page-quitter-150x150.jpg 150w, https:\/\/www.ayudart.org\/wp-content\/uploads\/2013\/01\/Page-quitter-100x100.jpg 100w\" sizes=\"auto, 100vw\" \/><\/a>\r\n\t\t\t<\/div><\/figure><\/div>\n<\/td>\n<td style=\"vertical-align:top\"><a href=\"\/en\/envoyer-des-volontaires-au-centre-cima\/\"><img loading=\"lazy\" decoding=\"async\" class=\"aligncenter wp-image-1854 \" src=\"https:\/\/www.ayudart.org\/wp-content\/uploads\/2013\/05\/avion2.v2-150x150.jpg\" alt=\"Sending volunteers to CIMA center \" width=\"127\" height=\"127\" srcset=\"https:\/\/www.ayudart.org\/wp-content\/uploads\/2013\/05\/avion2.v2-150x150.jpg 150w, https:\/\/www.ayudart.org\/wp-content\/uploads\/2013\/05\/avion2.v2-100x100.jpg 100w\" sizes=\"auto, (max-width: 127px) 100vw, 127px\" \/><\/a><\/p>\n<p style=\"text-align: center;\"><a href=\"\/en\/envoyer-des-volontaires-au-centre-cima\/\">Sending volunteers to CIMA center<\/a><\/p>\n<\/td>\n<td style=\"vertical-align:top\"><a href=\"https:\/\/www.ayudart.org\/wp-content\/uploads\/2013\/05\/conference-6265.v2.jpg\"><img loading=\"lazy\" decoding=\"async\" class=\"aligncenter wp-image-1569 size-thumbnail\" src=\"https:\/\/www.ayudart.org\/wp-content\/uploads\/2013\/05\/conference-6265.v2-150x150.jpg\" alt=\"When back, volunteers meet Ayud\u2019Art family again and share their experience and communicate to the public. \" width=\"150\" height=\"150\" srcset=\"https:\/\/www.ayudart.org\/wp-content\/uploads\/2013\/05\/conference-6265.v2-150x150.jpg 150w, https:\/\/www.ayudart.org\/wp-content\/uploads\/2013\/05\/conference-6265.v2-100x100.jpg 100w\" sizes=\"auto, (max-width: 150px) 100vw, 150px\" \/><\/a><\/p>\n<p style=\"text-align: center;\">When back, volunteers meet Ayud\u2019Art family again and share their experience and communicate to the public.<\/p>\n<\/td>\n<\/tr>\n<\/tbody>\n<\/table>\n","protected":false},"excerpt":{"rendered":"<p>Ayud\u2019Art participation in numerous demonstrations is open to anyone and its visibility on the internet enables anyone interested in voluntary service for international solidarity to take part in the life of the charity in France but also in Peru. &nbsp; Meet and guide volunteers who wish to get involved in France or in Peru. Sending &hellip; <\/p>\n<p class=\"link-more\"><a href=\"https:\/\/www.ayudart.org\/en\/lassoication-ayudart\/envoi-de-volontaires-au-perou\/\" class=\"more-link\">Continue reading<span class=\"screen-reader-text\"> &#8220;Meet volunteers&#8221;<\/span><\/a><\/p>\n","protected":false},"author":2,"featured_media":0,"parent":6,"menu_order":0,"comment_status":"closed","ping_status":"closed","template":"","meta":{"footnotes":""},"class_list":["post-901","page","type-page","status-publish","hentry"],"yoast_head":"<!-- This site is optimized with the Yoast SEO plugin v27.3 - https:\/\/yoast.com\/product\/yoast-seo-wordpress\/ -->\n<title>Meet volunteers<\/title>\n<meta name=\"robots\" content=\"index, follow, max-snippet:-1, max-image-preview:large, max-video-preview:-1\" \/>\n<link rel=\"canonical\" href=\"https:\/\/www.ayudart.org\/en\/lassoication-ayudart\/envoi-de-volontaires-au-perou\/\" \/>\n<meta property=\"og:locale\" content=\"en_US\" \/>\n<meta property=\"og:locale:alternate\" content=\"fr_FR\" \/>\n<meta property=\"og:locale:alternate\" content=\"es_ES\" \/>\n<meta property=\"og:type\" content=\"article\" \/>\n<meta property=\"og:title\" content=\"Meet volunteers\" \/>\n<meta property=\"og:description\" content=\"Ayud\u2019Art participation in numerous demonstrations is open to anyone and its visibility on the internet enables anyone interested in voluntary service for international solidarity to take part in the life of the charity in France but also in Peru. &nbsp; Meet and guide volunteers who wish to get involved in France or in Peru. Sending &hellip; Continue reading &quot;Meet volunteers&quot;\" \/>\n<meta property=\"og:url\" content=\"https:\/\/www.ayudart.org\/en\/lassoication-ayudart\/envoi-de-volontaires-au-perou\/\" \/>\n<meta property=\"og:site_name\" content=\"Ayud&#039;Art - Association d&#039;aide aux enfants des rues du P\u00e9rou\" \/>\n<meta property=\"article:publisher\" content=\"https:\/\/www.facebook.com\/AyudArt\" \/>\n<meta property=\"article:modified_time\" content=\"2018-04-24T16:31:01+00:00\" \/>\n<meta property=\"og:image\" content=\"https:\/\/www.ayudart.org\/wp-content\/uploads\/2013\/05\/2-Aucun-salaire-n\u2019est-vers\u00e9.-Chacun-travaille-\u00e0-son-rythme-et-\u00e0-sa-mesure-mais-sans-aucune-contrepartie-financi\u00e8re.-.v2-150x150.jpg\" \/>\n<meta name=\"twitter:card\" content=\"summary_large_image\" \/>\n<meta name=\"twitter:label1\" content=\"Est. reading time\" \/>\n\t<meta name=\"twitter:data1\" content=\"1 minute\" \/>\n<script type=\"application\/ld+json\" class=\"yoast-schema-graph\">{\"@context\":\"https:\\\/\\\/schema.org\",\"@graph\":[{\"@type\":\"WebPage\",\"@id\":\"https:\\\/\\\/www.ayudart.org\\\/lassoication-ayudart\\\/envoi-de-volontaires-au-perou\\\/\",\"url\":\"https:\\\/\\\/www.ayudart.org\\\/lassoication-ayudart\\\/envoi-de-volontaires-au-perou\\\/\",\"name\":\"Meet volunteers\",\"isPartOf\":{\"@id\":\"https:\\\/\\\/www.ayudart.org\\\/#website\"},\"primaryImageOfPage\":{\"@id\":\"https:\\\/\\\/www.ayudart.org\\\/lassoication-ayudart\\\/envoi-de-volontaires-au-perou\\\/#primaryimage\"},\"image\":{\"@id\":\"https:\\\/\\\/www.ayudart.org\\\/lassoication-ayudart\\\/envoi-de-volontaires-au-perou\\\/#primaryimage\"},\"thumbnailUrl\":\"https:\\\/\\\/www.ayudart.org\\\/wp-content\\\/uploads\\\/2013\\\/05\\\/image_101_2.v2-150x150.jpg\",\"datePublished\":\"2013-05-03T06:56:13+00:00\",\"dateModified\":\"2018-04-24T16:31:01+00:00\",\"breadcrumb\":{\"@id\":\"https:\\\/\\\/www.ayudart.org\\\/lassoication-ayudart\\\/envoi-de-volontaires-au-perou\\\/#breadcrumb\"},\"inLanguage\":\"en-US\",\"potentialAction\":[{\"@type\":\"ReadAction\",\"target\":[\"https:\\\/\\\/www.ayudart.org\\\/lassoication-ayudart\\\/envoi-de-volontaires-au-perou\\\/\"]}]},{\"@type\":\"ImageObject\",\"inLanguage\":\"en-US\",\"@id\":\"https:\\\/\\\/www.ayudart.org\\\/lassoication-ayudart\\\/envoi-de-volontaires-au-perou\\\/#primaryimage\",\"url\":\"https:\\\/\\\/www.ayudart.org\\\/wp-content\\\/uploads\\\/2013\\\/05\\\/image_101_2.v2-150x150.jpg\",\"contentUrl\":\"https:\\\/\\\/www.ayudart.org\\\/wp-content\\\/uploads\\\/2013\\\/05\\\/image_101_2.v2-150x150.jpg\"},{\"@type\":\"BreadcrumbList\",\"@id\":\"https:\\\/\\\/www.ayudart.org\\\/lassoication-ayudart\\\/envoi-de-volontaires-au-perou\\\/#breadcrumb\",\"itemListElement\":[{\"@type\":\"ListItem\",\"position\":1,\"name\":\"Accueil\",\"item\":\"https:\\\/\\\/www.ayudart.org\\\/\"},{\"@type\":\"ListItem\",\"position\":2,\"name\":\"L&rsquo;Association Ayud&rsquo;Art\",\"item\":\"https:\\\/\\\/www.ayudart.org\\\/lassoication-ayudart\\\/\"},{\"@type\":\"ListItem\",\"position\":3,\"name\":\"Rencontrer des b\u00e9n\u00e9voles et des volontaires\"}]},{\"@type\":\"WebSite\",\"@id\":\"https:\\\/\\\/www.ayudart.org\\\/#website\",\"url\":\"https:\\\/\\\/www.ayudart.org\\\/\",\"name\":\"Ayud'Art - Association d'aide aux enfants des rues du P\u00e9rou\",\"description\":\"\",\"publisher\":{\"@id\":\"https:\\\/\\\/www.ayudart.org\\\/#organization\"},\"potentialAction\":[{\"@type\":\"SearchAction\",\"target\":{\"@type\":\"EntryPoint\",\"urlTemplate\":\"https:\\\/\\\/www.ayudart.org\\\/?s={search_term_string}\"},\"query-input\":{\"@type\":\"PropertyValueSpecification\",\"valueRequired\":true,\"valueName\":\"search_term_string\"}}],\"inLanguage\":\"en-US\"},{\"@type\":\"Organization\",\"@id\":\"https:\\\/\\\/www.ayudart.org\\\/#organization\",\"name\":\"Ayud'Art\",\"url\":\"https:\\\/\\\/www.ayudart.org\\\/\",\"logo\":{\"@type\":\"ImageObject\",\"inLanguage\":\"en-US\",\"@id\":\"https:\\\/\\\/www.ayudart.org\\\/#\\\/schema\\\/logo\\\/image\\\/\",\"url\":\"https:\\\/\\\/www.ayudart.org\\\/wp-content\\\/uploads\\\/2018\\\/03\\\/cropped-logo-1000-1.jpg\",\"contentUrl\":\"https:\\\/\\\/www.ayudart.org\\\/wp-content\\\/uploads\\\/2018\\\/03\\\/cropped-logo-1000-1.jpg\",\"width\":547,\"height\":250,\"caption\":\"Ayud'Art\"},\"image\":{\"@id\":\"https:\\\/\\\/www.ayudart.org\\\/#\\\/schema\\\/logo\\\/image\\\/\"},\"sameAs\":[\"https:\\\/\\\/www.facebook.com\\\/AyudArt\",\"https:\\\/\\\/www.instagram.com\\\/ayud.art\\\/\",\"https:\\\/\\\/www.linkedin.com\\\/groups\\\/27245\\\/profile\"]}]}<\/script>\n<!-- \/ Yoast SEO plugin. -->","yoast_head_json":{"title":"Meet volunteers","robots":{"index":"index","follow":"follow","max-snippet":"max-snippet:-1","max-image-preview":"max-image-preview:large","max-video-preview":"max-video-preview:-1"},"canonical":"https:\/\/www.ayudart.org\/en\/lassoication-ayudart\/envoi-de-volontaires-au-perou\/","og_locale":"en_US","og_type":"article","og_title":"[:fr]Rencontrer des b\u00e9n\u00e9voles et des volontaires[:es]Encontrar a ben\u00e9volos(as) y a voluntarios(as)[:en]Meet volunteers[:] - Ayud'Art - Association d'aide aux enfants des rues du P\u00e9rou","og_description":"Ayud\u2019Art participation in numerous demonstrations is open to anyone and its visibility on the internet enables anyone interested in voluntary service for international solidarity to take part in the life of the charity in France but also in Peru. &nbsp; Meet and guide volunteers who wish to get involved in France or in Peru. Sending &hellip; Continue reading \"Meet volunteers\"","og_url":"https:\/\/www.ayudart.org\/en\/lassoication-ayudart\/envoi-de-volontaires-au-perou\/","og_site_name":"Ayud'Art - Association d'aide aux enfants des rues du P\u00e9rou","article_publisher":"https:\/\/www.facebook.com\/AyudArt","article_modified_time":"2018-04-24T16:31:01+00:00","og_image":[{"url":"https:\/\/www.ayudart.org\/wp-content\/uploads\/2013\/05\/2-Aucun-salaire-n\u2019est-vers\u00e9.-Chacun-travaille-\u00e0-son-rythme-et-\u00e0-sa-mesure-mais-sans-aucune-contrepartie-financi\u00e8re.-.v2-150x150.jpg","type":"","width":"","height":""}],"twitter_card":"summary_large_image","twitter_misc":{"Est. reading time":"1 minute"},"schema":{"@context":"https:\/\/schema.org","@graph":[{"@type":"WebPage","@id":"https:\/\/www.ayudart.org\/lassoication-ayudart\/envoi-de-volontaires-au-perou\/","url":"https:\/\/www.ayudart.org\/lassoication-ayudart\/envoi-de-volontaires-au-perou\/","name":"Meet volunteers","isPartOf":{"@id":"https:\/\/www.ayudart.org\/#website"},"primaryImageOfPage":{"@id":"https:\/\/www.ayudart.org\/lassoication-ayudart\/envoi-de-volontaires-au-perou\/#primaryimage"},"image":{"@id":"https:\/\/www.ayudart.org\/lassoication-ayudart\/envoi-de-volontaires-au-perou\/#primaryimage"},"thumbnailUrl":"https:\/\/www.ayudart.org\/wp-content\/uploads\/2013\/05\/image_101_2.v2-150x150.jpg","datePublished":"2013-05-03T06:56:13+00:00","dateModified":"2018-04-24T16:31:01+00:00","breadcrumb":{"@id":"https:\/\/www.ayudart.org\/lassoication-ayudart\/envoi-de-volontaires-au-perou\/#breadcrumb"},"inLanguage":"en-US","potentialAction":[{"@type":"ReadAction","target":["https:\/\/www.ayudart.org\/lassoication-ayudart\/envoi-de-volontaires-au-perou\/"]}]},{"@type":"ImageObject","inLanguage":"en-US","@id":"https:\/\/www.ayudart.org\/lassoication-ayudart\/envoi-de-volontaires-au-perou\/#primaryimage","url":"https:\/\/www.ayudart.org\/wp-content\/uploads\/2013\/05\/image_101_2.v2-150x150.jpg","contentUrl":"https:\/\/www.ayudart.org\/wp-content\/uploads\/2013\/05\/image_101_2.v2-150x150.jpg"},{"@type":"BreadcrumbList","@id":"https:\/\/www.ayudart.org\/lassoication-ayudart\/envoi-de-volontaires-au-perou\/#breadcrumb","itemListElement":[{"@type":"ListItem","position":1,"name":"Accueil","item":"https:\/\/www.ayudart.org\/"},{"@type":"ListItem","position":2,"name":"L&rsquo;Association Ayud&rsquo;Art","item":"https:\/\/www.ayudart.org\/lassoication-ayudart\/"},{"@type":"ListItem","position":3,"name":"Rencontrer des b\u00e9n\u00e9voles et des volontaires"}]},{"@type":"WebSite","@id":"https:\/\/www.ayudart.org\/#website","url":"https:\/\/www.ayudart.org\/","name":"Ayud'Art - Association d'aide aux enfants des rues du P\u00e9rou","description":"","publisher":{"@id":"https:\/\/www.ayudart.org\/#organization"},"potentialAction":[{"@type":"SearchAction","target":{"@type":"EntryPoint","urlTemplate":"https:\/\/www.ayudart.org\/?s={search_term_string}"},"query-input":{"@type":"PropertyValueSpecification","valueRequired":true,"valueName":"search_term_string"}}],"inLanguage":"en-US"},{"@type":"Organization","@id":"https:\/\/www.ayudart.org\/#organization","name":"Ayud'Art","url":"https:\/\/www.ayudart.org\/","logo":{"@type":"ImageObject","inLanguage":"en-US","@id":"https:\/\/www.ayudart.org\/#\/schema\/logo\/image\/","url":"https:\/\/www.ayudart.org\/wp-content\/uploads\/2018\/03\/cropped-logo-1000-1.jpg","contentUrl":"https:\/\/www.ayudart.org\/wp-content\/uploads\/2018\/03\/cropped-logo-1000-1.jpg","width":547,"height":250,"caption":"Ayud'Art"},"image":{"@id":"https:\/\/www.ayudart.org\/#\/schema\/logo\/image\/"},"sameAs":["https:\/\/www.facebook.com\/AyudArt","https:\/\/www.instagram.com\/ayud.art\/","https:\/\/www.linkedin.com\/groups\/27245\/profile"]}]}},"_links":{"self":[{"href":"https:\/\/www.ayudart.org\/en\/wp-json\/wp\/v2\/pages\/901","targetHints":{"allow":["GET"]}}],"collection":[{"href":"https:\/\/www.ayudart.org\/en\/wp-json\/wp\/v2\/pages"}],"about":[{"href":"https:\/\/www.ayudart.org\/en\/wp-json\/wp\/v2\/types\/page"}],"author":[{"embeddable":true,"href":"https:\/\/www.ayudart.org\/en\/wp-json\/wp\/v2\/users\/2"}],"replies":[{"embeddable":true,"href":"https:\/\/www.ayudart.org\/en\/wp-json\/wp\/v2\/comments?post=901"}],"version-history":[{"count":16,"href":"https:\/\/www.ayudart.org\/en\/wp-json\/wp\/v2\/pages\/901\/revisions"}],"predecessor-version":[{"id":3437,"href":"https:\/\/www.ayudart.org\/en\/wp-json\/wp\/v2\/pages\/901\/revisions\/3437"}],"up":[{"embeddable":true,"href":"https:\/\/www.ayudart.org\/en\/wp-json\/wp\/v2\/pages\/6"}],"wp:attachment":[{"href":"https:\/\/www.ayudart.org\/en\/wp-json\/wp\/v2\/media?parent=901"}],"curies":[{"name":"wp","href":"https:\/\/api.w.org\/{rel}","templated":true}]}}