{"id":736,"date":"2013-05-02T11:29:54","date_gmt":"2013-05-02T09:29:54","guid":{"rendered":"\/?page_id=736"},"modified":"2018-04-13T17:24:04","modified_gmt":"2018-04-13T15:24:04","slug":"organisation-de-manifestations-pour-recolter-des-fonds-destines-a-cima","status":"publish","type":"page","link":"https:\/\/www.ayudart.org\/en\/lassoication-ayudart\/recherche-de-fonds\/organisation-de-manifestations-pour-recolter-des-fonds-destines-a-cima\/","title":{"rendered":"Organisation de manifestations pour r\u00e9colter des fonds destin\u00e9s \u00e0 CIMA"},"content":{"rendered":"<table>\n<tbody>\n<tr>\n<td>\n<p style=\"text-align: center;\"><a href=\"https:\/\/www.ayudart.org\/wp-content\/uploads\/2013\/05\/loto-tombola.jpg\"><img loading=\"lazy\" decoding=\"async\" class=\"size-thumbnail wp-image-746 aligncenter\" alt=\"loto tombola\" src=\"https:\/\/www.ayudart.org\/wp-content\/uploads\/2013\/05\/loto-tombola-150x150.jpg\" width=\"150\" height=\"150\" srcset=\"https:\/\/www.ayudart.org\/wp-content\/uploads\/2013\/05\/loto-tombola-150x150.jpg 150w, https:\/\/www.ayudart.org\/wp-content\/uploads\/2013\/05\/loto-tombola-100x100.jpg 100w\" sizes=\"auto, (max-width: 150px) 100vw, 150px\" \/><\/a><\/p>\n<p style=\"text-align: center;\">Loto et tombola<\/p>\n<div class=\"fancybox-hidden\">\n<div id='gallery-1' class='gallery galleryid-736 gallery-columns-3 gallery-size-thumbnail'><figure class='gallery-item'>\r\n\t\t\t<div class='gallery-icon portrait'>\r\n\t\t\t\t<a href='https:\/\/www.ayudart.org\/wp-content\/uploads\/2013\/01\/Loto2.jpg'><img loading=\"lazy\" decoding=\"async\" width=\"150\" height=\"150\" src=\"https:\/\/www.ayudart.org\/wp-content\/uploads\/2013\/01\/Loto2-150x150.jpg\" class=\"attachment-thumbnail size-thumbnail\" alt=\"\" srcset=\"https:\/\/www.ayudart.org\/wp-content\/uploads\/2013\/01\/Loto2-150x150.jpg 150w, https:\/\/www.ayudart.org\/wp-content\/uploads\/2013\/01\/Loto2-100x100.jpg 100w\" sizes=\"auto, 100vw\" \/><\/a>\r\n\t\t\t<\/div><\/figure><figure class='gallery-item'>\r\n\t\t\t<div class='gallery-icon portrait'>\r\n\t\t\t\t<a href='https:\/\/www.ayudart.org\/wp-content\/uploads\/2013\/01\/2012-affiche-tombola.jpg'><img loading=\"lazy\" decoding=\"async\" width=\"150\" height=\"150\" src=\"https:\/\/www.ayudart.org\/wp-content\/uploads\/2013\/01\/2012-affiche-tombola-150x150.jpg\" class=\"attachment-thumbnail size-thumbnail\" alt=\"\" srcset=\"https:\/\/www.ayudart.org\/wp-content\/uploads\/2013\/01\/2012-affiche-tombola-150x150.jpg 150w, https:\/\/www.ayudart.org\/wp-content\/uploads\/2013\/01\/2012-affiche-tombola-100x100.jpg 100w\" sizes=\"auto, 100vw\" \/><\/a>\r\n\t\t\t<\/div><\/figure><figure class='gallery-item'>\r\n\t\t\t<div class='gallery-icon landscape'>\r\n\t\t\t\t<a href='https:\/\/www.ayudart.org\/wp-content\/uploads\/2013\/01\/Page-quitter.jpg'><img loading=\"lazy\" decoding=\"async\" width=\"150\" height=\"150\" src=\"https:\/\/www.ayudart.org\/wp-content\/uploads\/2013\/01\/Page-quitter-150x150.jpg\" class=\"attachment-thumbnail size-thumbnail\" alt=\"\" srcset=\"https:\/\/www.ayudart.org\/wp-content\/uploads\/2013\/01\/Page-quitter-150x150.jpg 150w, https:\/\/www.ayudart.org\/wp-content\/uploads\/2013\/01\/Page-quitter-100x100.jpg 100w\" sizes=\"auto, 100vw\" \/><\/a>\r\n\t\t\t<\/div><\/figure><\/div>\n\n<\/div>\n<\/td>\n<td>\n<p style=\"text-align: center;\"><a href=\"https:\/\/www.ayudart.org\/wp-content\/uploads\/2013\/05\/repas.jpg\"><img loading=\"lazy\" decoding=\"async\" class=\"alignnone size-thumbnail wp-image-791\" alt=\"SANYO DIGITAL CAMERA\" src=\"https:\/\/www.ayudart.org\/wp-content\/uploads\/2013\/05\/repas-150x150.jpg\" width=\"150\" height=\"150\" srcset=\"https:\/\/www.ayudart.org\/wp-content\/uploads\/2013\/05\/repas-150x150.jpg 150w, https:\/\/www.ayudart.org\/wp-content\/uploads\/2013\/05\/repas-100x100.jpg 100w\" sizes=\"auto, (max-width: 150px) 100vw, 150px\" \/><\/a><\/p>\n<p style=\"text-align: center;\">Repas<\/p>\n<div class=\"fancybox-hidden\">\n<a href=\"https:\/\/www.ayudart.org\/wp-content\/uploads\/2013\/01\/Page-quitter.jpg\"><img loading=\"lazy\" decoding=\"async\" class=\"alignnone size-thumbnail wp-image-407\" alt=\"\" src=\"https:\/\/www.ayudart.org\/wp-content\/uploads\/2013\/01\/Page-quitter-150x150.jpg\" width=\"150\" height=\"150\" srcset=\"https:\/\/www.ayudart.org\/wp-content\/uploads\/2013\/01\/Page-quitter-150x150.jpg 150w, https:\/\/www.ayudart.org\/wp-content\/uploads\/2013\/01\/Page-quitter-100x100.jpg 100w\" sizes=\"auto, (max-width: 150px) 100vw, 150px\" \/><\/a>\n<\/div>\n<\/td>\n<td>\n<p style=\"text-align: center;\"><a href=\"https:\/\/www.ayudart.org\/wp-content\/uploads\/2013\/01\/Qu\u00eate.jpg\"><img loading=\"lazy\" decoding=\"async\" class=\"alignnone size-thumbnail wp-image-420\" alt=\"Qu\u00eate\" src=\"https:\/\/www.ayudart.org\/wp-content\/uploads\/2013\/01\/Qu\u00eate-150x150.jpg\" width=\"150\" height=\"150\" srcset=\"https:\/\/www.ayudart.org\/wp-content\/uploads\/2013\/01\/Qu\u00eate-150x150.jpg 150w, https:\/\/www.ayudart.org\/wp-content\/uploads\/2013\/01\/Qu\u00eate-100x100.jpg 100w\" sizes=\"auto, (max-width: 150px) 100vw, 150px\" \/><\/a><\/p>\n<p style=\"text-align: center;\">R\u00e9unions occasionelles<\/p>\n<div class=\"fancybox-hidden\">\n<div id='gallery-2' class='gallery galleryid-736 gallery-columns-3 gallery-size-thumbnail'><figure class='gallery-item'>\r\n\t\t\t<div class='gallery-icon landscape'>\r\n\t\t\t\t<a href='https:\/\/www.ayudart.org\/wp-content\/uploads\/2013\/01\/2012-bol-de-riz.jpg'><img loading=\"lazy\" decoding=\"async\" width=\"150\" height=\"150\" src=\"https:\/\/www.ayudart.org\/wp-content\/uploads\/2013\/01\/2012-bol-de-riz-150x150.jpg\" class=\"attachment-thumbnail size-thumbnail\" alt=\"\" srcset=\"https:\/\/www.ayudart.org\/wp-content\/uploads\/2013\/01\/2012-bol-de-riz-150x150.jpg 150w, https:\/\/www.ayudart.org\/wp-content\/uploads\/2013\/01\/2012-bol-de-riz-100x100.jpg 100w, https:\/\/www.ayudart.org\/wp-content\/uploads\/2013\/01\/2012-bol-de-riz.jpg 225w\" sizes=\"auto, 100vw\" \/><\/a>\r\n\t\t\t<\/div><\/figure><figure class='gallery-item'>\r\n\t\t\t<div class='gallery-icon landscape'>\r\n\t\t\t\t<a href='https:\/\/www.ayudart.org\/wp-content\/uploads\/2013\/01\/Page-quitter.jpg'><img loading=\"lazy\" decoding=\"async\" width=\"150\" height=\"150\" src=\"https:\/\/www.ayudart.org\/wp-content\/uploads\/2013\/01\/Page-quitter-150x150.jpg\" class=\"attachment-thumbnail size-thumbnail\" alt=\"\" srcset=\"https:\/\/www.ayudart.org\/wp-content\/uploads\/2013\/01\/Page-quitter-150x150.jpg 150w, https:\/\/www.ayudart.org\/wp-content\/uploads\/2013\/01\/Page-quitter-100x100.jpg 100w\" sizes=\"auto, 100vw\" \/><\/a>\r\n\t\t\t<\/div><\/figure><\/div>\n\n<\/div>\n<\/td>\n<\/tr>\n<tr>\n<td>\n<p style=\"text-align: center;\"><a href=\"https:\/\/www.ayudart.org\/wp-content\/uploads\/2013\/01\/Brocante.jpg\"><img loading=\"lazy\" decoding=\"async\" class=\"alignnone size-thumbnail wp-image-423\" alt=\"Brocante\" src=\"https:\/\/www.ayudart.org\/wp-content\/uploads\/2013\/01\/Brocante-150x150.jpg\" width=\"150\" height=\"150\" srcset=\"https:\/\/www.ayudart.org\/wp-content\/uploads\/2013\/01\/Brocante-150x150.jpg 150w, https:\/\/www.ayudart.org\/wp-content\/uploads\/2013\/01\/Brocante-100x100.jpg 100w\" sizes=\"auto, (max-width: 150px) 100vw, 150px\" \/><\/a><\/p>\n<p style=\"text-align: center;\">Brocantes<\/p>\n<div class=\"fancybox-hidden\">\n<a href=\"https:\/\/www.ayudart.org\/wp-content\/uploads\/2013\/01\/Page-quitter.jpg\"><img loading=\"lazy\" decoding=\"async\" class=\"alignnone size-thumbnail wp-image-407\" alt=\"\" src=\"https:\/\/www.ayudart.org\/wp-content\/uploads\/2013\/01\/Page-quitter-150x150.jpg\" width=\"150\" height=\"150\" srcset=\"https:\/\/www.ayudart.org\/wp-content\/uploads\/2013\/01\/Page-quitter-150x150.jpg 150w, https:\/\/www.ayudart.org\/wp-content\/uploads\/2013\/01\/Page-quitter-100x100.jpg 100w\" sizes=\"auto, (max-width: 150px) 100vw, 150px\" \/><\/a>\n<\/div>\n<\/td>\n<td><a href=\"https:\/\/www.ayudart.org\/wp-content\/uploads\/2013\/05\/concert.jpg\"><img loading=\"lazy\" decoding=\"async\" class=\"alignnone size-thumbnail wp-image-794\" alt=\"concert\" src=\"https:\/\/www.ayudart.org\/wp-content\/uploads\/2013\/05\/concert-150x150.jpg\" width=\"150\" height=\"150\" srcset=\"https:\/\/www.ayudart.org\/wp-content\/uploads\/2013\/05\/concert-150x150.jpg 150w, https:\/\/www.ayudart.org\/wp-content\/uploads\/2013\/05\/concert-100x100.jpg 100w\" sizes=\"auto, (max-width: 150px) 100vw, 150px\" \/><\/a><\/p>\n<p style=\"text-align: center;\">Concerts<\/p>\n<div class=\"fancybox-hidden\">\n<a href=\"https:\/\/www.ayudart.org\/wp-content\/uploads\/2013\/01\/Page-quitter.jpg\"><img loading=\"lazy\" decoding=\"async\" class=\"alignnone size-thumbnail wp-image-407\" alt=\"\" src=\"https:\/\/www.ayudart.org\/wp-content\/uploads\/2013\/01\/Page-quitter-150x150.jpg\" width=\"150\" height=\"150\" srcset=\"https:\/\/www.ayudart.org\/wp-content\/uploads\/2013\/01\/Page-quitter-150x150.jpg 150w, https:\/\/www.ayudart.org\/wp-content\/uploads\/2013\/01\/Page-quitter-100x100.jpg 100w\" sizes=\"auto, (max-width: 150px) 100vw, 150px\" \/><\/a>\n<\/div>\n<\/td>\n<td>\n<p style=\"text-align: center;\"><a href=\"https:\/\/www.ayudart.org\/wp-content\/uploads\/2013\/05\/marche-gourmande.jpg\"><img loading=\"lazy\" decoding=\"async\" class=\"alignnone size-thumbnail wp-image-789\" alt=\"marche gourmande\" src=\"https:\/\/www.ayudart.org\/wp-content\/uploads\/2013\/05\/marche-gourmande-150x150.jpg\" width=\"150\" height=\"150\" srcset=\"https:\/\/www.ayudart.org\/wp-content\/uploads\/2013\/05\/marche-gourmande-150x150.jpg 150w, https:\/\/www.ayudart.org\/wp-content\/uploads\/2013\/05\/marche-gourmande-100x100.jpg 100w\" sizes=\"auto, (max-width: 150px) 100vw, 150px\" \/><\/a><\/p>\n<p style=\"text-align: center;\">Marches gourmandes<\/p>\n<div class=\"fancybox-hidden\">\n<a href=\"https:\/\/www.ayudart.org\/wp-content\/uploads\/2013\/01\/Page-quitter.jpg\"><img loading=\"lazy\" decoding=\"async\" class=\"alignnone size-thumbnail wp-image-407\" alt=\"\" src=\"https:\/\/www.ayudart.org\/wp-content\/uploads\/2013\/01\/Page-quitter-150x150.jpg\" width=\"150\" height=\"150\" srcset=\"https:\/\/www.ayudart.org\/wp-content\/uploads\/2013\/01\/Page-quitter-150x150.jpg 150w, https:\/\/www.ayudart.org\/wp-content\/uploads\/2013\/01\/Page-quitter-100x100.jpg 100w\" sizes=\"auto, (max-width: 150px) 100vw, 150px\" \/><\/a>\n<\/div>\n<\/td>\n<\/tr>\n<\/tbody>\n<\/table>\n<h2>Faire un don.<\/h2>\n","protected":false},"excerpt":{"rendered":"<p>Loto et tombola Repas R\u00e9unions occasionelles Brocantes Concerts Marches gourmandes Faire un don.<\/p>\n","protected":false},"author":2,"featured_media":0,"parent":797,"menu_order":0,"comment_status":"closed","ping_status":"closed","template":"","meta":{"footnotes":""},"class_list":["post-736","page","type-page","status-publish","hentry"],"yoast_head":"<!-- This site is optimized with the Yoast SEO plugin v27.3 - https:\/\/yoast.com\/product\/yoast-seo-wordpress\/ -->\n<title>Organisation de manifestations pour r\u00e9colter des fonds destin\u00e9s \u00e0 CIMA<\/title>\n<meta name=\"robots\" content=\"index, follow, max-snippet:-1, max-image-preview:large, max-video-preview:-1\" \/>\n<link rel=\"canonical\" href=\"https:\/\/www.ayudart.org\/en\/lassoication-ayudart\/recherche-de-fonds\/organisation-de-manifestations-pour-recolter-des-fonds-destines-a-cima\/\" \/>\n<meta property=\"og:locale\" content=\"en_US\" \/>\n<meta property=\"og:locale:alternate\" content=\"fr_FR\" \/>\n<meta property=\"og:locale:alternate\" content=\"es_ES\" \/>\n<meta property=\"og:type\" content=\"article\" \/>\n<meta property=\"og:title\" content=\"Organisation de manifestations pour r\u00e9colter des fonds destin\u00e9s \u00e0 CIMA\" \/>\n<meta property=\"og:description\" content=\"Loto et tombola Repas R\u00e9unions occasionelles Brocantes Concerts Marches gourmandes Faire un don.\" \/>\n<meta property=\"og:url\" content=\"https:\/\/www.ayudart.org\/en\/lassoication-ayudart\/recherche-de-fonds\/organisation-de-manifestations-pour-recolter-des-fonds-destines-a-cima\/\" \/>\n<meta property=\"og:site_name\" content=\"Ayud&#039;Art - Association d&#039;aide aux enfants des rues du P\u00e9rou\" \/>\n<meta property=\"article:publisher\" content=\"https:\/\/www.facebook.com\/AyudArt\" \/>\n<meta property=\"article:modified_time\" content=\"2018-04-13T15:24:04+00:00\" \/>\n<meta property=\"og:image\" content=\"https:\/\/www.ayudart.org\/wp-content\/uploads\/2013\/01\/Loto2-150x150.jpg\" \/>\n<meta name=\"twitter:card\" content=\"summary_large_image\" \/>\n<script type=\"application\/ld+json\" class=\"yoast-schema-graph\">{\"@context\":\"https:\\\/\\\/schema.org\",\"@graph\":[{\"@type\":\"WebPage\",\"@id\":\"https:\\\/\\\/www.ayudart.org\\\/lassoication-ayudart\\\/recherche-de-fonds\\\/organisation-de-manifestations-pour-recolter-des-fonds-destines-a-cima\\\/\",\"url\":\"https:\\\/\\\/www.ayudart.org\\\/lassoication-ayudart\\\/recherche-de-fonds\\\/organisation-de-manifestations-pour-recolter-des-fonds-destines-a-cima\\\/\",\"name\":\"Organisation de manifestations pour r\u00e9colter des fonds destin\u00e9s \u00e0 CIMA\",\"isPartOf\":{\"@id\":\"https:\\\/\\\/www.ayudart.org\\\/#website\"},\"primaryImageOfPage\":{\"@id\":\"https:\\\/\\\/www.ayudart.org\\\/lassoication-ayudart\\\/recherche-de-fonds\\\/organisation-de-manifestations-pour-recolter-des-fonds-destines-a-cima\\\/#primaryimage\"},\"image\":{\"@id\":\"https:\\\/\\\/www.ayudart.org\\\/lassoication-ayudart\\\/recherche-de-fonds\\\/organisation-de-manifestations-pour-recolter-des-fonds-destines-a-cima\\\/#primaryimage\"},\"thumbnailUrl\":\"https:\\\/\\\/www.ayudart.org\\\/wp-content\\\/uploads\\\/2013\\\/05\\\/loto-tombola-150x150.jpg\",\"datePublished\":\"2013-05-02T09:29:54+00:00\",\"dateModified\":\"2018-04-13T15:24:04+00:00\",\"breadcrumb\":{\"@id\":\"https:\\\/\\\/www.ayudart.org\\\/lassoication-ayudart\\\/recherche-de-fonds\\\/organisation-de-manifestations-pour-recolter-des-fonds-destines-a-cima\\\/#breadcrumb\"},\"inLanguage\":\"en-US\",\"potentialAction\":[{\"@type\":\"ReadAction\",\"target\":[\"https:\\\/\\\/www.ayudart.org\\\/lassoication-ayudart\\\/recherche-de-fonds\\\/organisation-de-manifestations-pour-recolter-des-fonds-destines-a-cima\\\/\"]}]},{\"@type\":\"ImageObject\",\"inLanguage\":\"en-US\",\"@id\":\"https:\\\/\\\/www.ayudart.org\\\/lassoication-ayudart\\\/recherche-de-fonds\\\/organisation-de-manifestations-pour-recolter-des-fonds-destines-a-cima\\\/#primaryimage\",\"url\":\"https:\\\/\\\/www.ayudart.org\\\/wp-content\\\/uploads\\\/2013\\\/05\\\/loto-tombola-150x150.jpg\",\"contentUrl\":\"https:\\\/\\\/www.ayudart.org\\\/wp-content\\\/uploads\\\/2013\\\/05\\\/loto-tombola-150x150.jpg\"},{\"@type\":\"BreadcrumbList\",\"@id\":\"https:\\\/\\\/www.ayudart.org\\\/lassoication-ayudart\\\/recherche-de-fonds\\\/organisation-de-manifestations-pour-recolter-des-fonds-destines-a-cima\\\/#breadcrumb\",\"itemListElement\":[{\"@type\":\"ListItem\",\"position\":1,\"name\":\"Accueil\",\"item\":\"https:\\\/\\\/www.ayudart.org\\\/\"},{\"@type\":\"ListItem\",\"position\":2,\"name\":\"L&rsquo;Association Ayud&rsquo;Art\",\"item\":\"https:\\\/\\\/www.ayudart.org\\\/lassoication-ayudart\\\/\"},{\"@type\":\"ListItem\",\"position\":3,\"name\":\"Recherche de fonds\",\"item\":\"https:\\\/\\\/www.ayudart.org\\\/lassoication-ayudart\\\/recherche-de-fonds\\\/\"},{\"@type\":\"ListItem\",\"position\":4,\"name\":\"Organisation de manifestations pour r\u00e9colter des fonds destin\u00e9s \u00e0 CIMA\"}]},{\"@type\":\"WebSite\",\"@id\":\"https:\\\/\\\/www.ayudart.org\\\/#website\",\"url\":\"https:\\\/\\\/www.ayudart.org\\\/\",\"name\":\"Ayud'Art - Association d'aide aux enfants des rues du P\u00e9rou\",\"description\":\"\",\"publisher\":{\"@id\":\"https:\\\/\\\/www.ayudart.org\\\/#organization\"},\"potentialAction\":[{\"@type\":\"SearchAction\",\"target\":{\"@type\":\"EntryPoint\",\"urlTemplate\":\"https:\\\/\\\/www.ayudart.org\\\/?s={search_term_string}\"},\"query-input\":{\"@type\":\"PropertyValueSpecification\",\"valueRequired\":true,\"valueName\":\"search_term_string\"}}],\"inLanguage\":\"en-US\"},{\"@type\":\"Organization\",\"@id\":\"https:\\\/\\\/www.ayudart.org\\\/#organization\",\"name\":\"Ayud'Art\",\"url\":\"https:\\\/\\\/www.ayudart.org\\\/\",\"logo\":{\"@type\":\"ImageObject\",\"inLanguage\":\"en-US\",\"@id\":\"https:\\\/\\\/www.ayudart.org\\\/#\\\/schema\\\/logo\\\/image\\\/\",\"url\":\"https:\\\/\\\/www.ayudart.org\\\/wp-content\\\/uploads\\\/2018\\\/03\\\/cropped-logo-1000-1.jpg\",\"contentUrl\":\"https:\\\/\\\/www.ayudart.org\\\/wp-content\\\/uploads\\\/2018\\\/03\\\/cropped-logo-1000-1.jpg\",\"width\":547,\"height\":250,\"caption\":\"Ayud'Art\"},\"image\":{\"@id\":\"https:\\\/\\\/www.ayudart.org\\\/#\\\/schema\\\/logo\\\/image\\\/\"},\"sameAs\":[\"https:\\\/\\\/www.facebook.com\\\/AyudArt\",\"https:\\\/\\\/www.instagram.com\\\/ayud.art\\\/\",\"https:\\\/\\\/www.linkedin.com\\\/groups\\\/27245\\\/profile\"]}]}<\/script>\n<!-- \/ Yoast SEO plugin. -->","yoast_head_json":{"title":"Organisation de manifestations pour r\u00e9colter des fonds destin\u00e9s \u00e0 CIMA","robots":{"index":"index","follow":"follow","max-snippet":"max-snippet:-1","max-image-preview":"max-image-preview:large","max-video-preview":"max-video-preview:-1"},"canonical":"https:\/\/www.ayudart.org\/en\/lassoication-ayudart\/recherche-de-fonds\/organisation-de-manifestations-pour-recolter-des-fonds-destines-a-cima\/","og_locale":"en_US","og_type":"article","og_title":"[:fr]Organisation de manifestations pour r\u00e9colter des fonds destin\u00e9s \u00e0 CIMA[:es]Organisation de manifestations pour r\u00e9colter des fonds destin\u00e9s \u00e0 CIMA[:en]Organisation de manifestations pour r\u00e9colter des fonds destin\u00e9s \u00e0 CIMA[:] - Ayud'Art - Association d'aide aux enfants des rues du P\u00e9rou","og_description":"Loto et tombola Repas R\u00e9unions occasionelles Brocantes Concerts Marches gourmandes Faire un don.","og_url":"https:\/\/www.ayudart.org\/en\/lassoication-ayudart\/recherche-de-fonds\/organisation-de-manifestations-pour-recolter-des-fonds-destines-a-cima\/","og_site_name":"Ayud'Art - Association d'aide aux enfants des rues du P\u00e9rou","article_publisher":"https:\/\/www.facebook.com\/AyudArt","article_modified_time":"2018-04-13T15:24:04+00:00","og_image":[{"url":"https:\/\/www.ayudart.org\/wp-content\/uploads\/2013\/01\/Loto2-150x150.jpg","type":"","width":"","height":""}],"twitter_card":"summary_large_image","schema":{"@context":"https:\/\/schema.org","@graph":[{"@type":"WebPage","@id":"https:\/\/www.ayudart.org\/lassoication-ayudart\/recherche-de-fonds\/organisation-de-manifestations-pour-recolter-des-fonds-destines-a-cima\/","url":"https:\/\/www.ayudart.org\/lassoication-ayudart\/recherche-de-fonds\/organisation-de-manifestations-pour-recolter-des-fonds-destines-a-cima\/","name":"Organisation de manifestations pour r\u00e9colter des fonds destin\u00e9s \u00e0 CIMA","isPartOf":{"@id":"https:\/\/www.ayudart.org\/#website"},"primaryImageOfPage":{"@id":"https:\/\/www.ayudart.org\/lassoication-ayudart\/recherche-de-fonds\/organisation-de-manifestations-pour-recolter-des-fonds-destines-a-cima\/#primaryimage"},"image":{"@id":"https:\/\/www.ayudart.org\/lassoication-ayudart\/recherche-de-fonds\/organisation-de-manifestations-pour-recolter-des-fonds-destines-a-cima\/#primaryimage"},"thumbnailUrl":"https:\/\/www.ayudart.org\/wp-content\/uploads\/2013\/05\/loto-tombola-150x150.jpg","datePublished":"2013-05-02T09:29:54+00:00","dateModified":"2018-04-13T15:24:04+00:00","breadcrumb":{"@id":"https:\/\/www.ayudart.org\/lassoication-ayudart\/recherche-de-fonds\/organisation-de-manifestations-pour-recolter-des-fonds-destines-a-cima\/#breadcrumb"},"inLanguage":"en-US","potentialAction":[{"@type":"ReadAction","target":["https:\/\/www.ayudart.org\/lassoication-ayudart\/recherche-de-fonds\/organisation-de-manifestations-pour-recolter-des-fonds-destines-a-cima\/"]}]},{"@type":"ImageObject","inLanguage":"en-US","@id":"https:\/\/www.ayudart.org\/lassoication-ayudart\/recherche-de-fonds\/organisation-de-manifestations-pour-recolter-des-fonds-destines-a-cima\/#primaryimage","url":"https:\/\/www.ayudart.org\/wp-content\/uploads\/2013\/05\/loto-tombola-150x150.jpg","contentUrl":"https:\/\/www.ayudart.org\/wp-content\/uploads\/2013\/05\/loto-tombola-150x150.jpg"},{"@type":"BreadcrumbList","@id":"https:\/\/www.ayudart.org\/lassoication-ayudart\/recherche-de-fonds\/organisation-de-manifestations-pour-recolter-des-fonds-destines-a-cima\/#breadcrumb","itemListElement":[{"@type":"ListItem","position":1,"name":"Accueil","item":"https:\/\/www.ayudart.org\/"},{"@type":"ListItem","position":2,"name":"L&rsquo;Association Ayud&rsquo;Art","item":"https:\/\/www.ayudart.org\/lassoication-ayudart\/"},{"@type":"ListItem","position":3,"name":"Recherche de fonds","item":"https:\/\/www.ayudart.org\/lassoication-ayudart\/recherche-de-fonds\/"},{"@type":"ListItem","position":4,"name":"Organisation de manifestations pour r\u00e9colter des fonds destin\u00e9s \u00e0 CIMA"}]},{"@type":"WebSite","@id":"https:\/\/www.ayudart.org\/#website","url":"https:\/\/www.ayudart.org\/","name":"Ayud'Art - Association d'aide aux enfants des rues du P\u00e9rou","description":"","publisher":{"@id":"https:\/\/www.ayudart.org\/#organization"},"potentialAction":[{"@type":"SearchAction","target":{"@type":"EntryPoint","urlTemplate":"https:\/\/www.ayudart.org\/?s={search_term_string}"},"query-input":{"@type":"PropertyValueSpecification","valueRequired":true,"valueName":"search_term_string"}}],"inLanguage":"en-US"},{"@type":"Organization","@id":"https:\/\/www.ayudart.org\/#organization","name":"Ayud'Art","url":"https:\/\/www.ayudart.org\/","logo":{"@type":"ImageObject","inLanguage":"en-US","@id":"https:\/\/www.ayudart.org\/#\/schema\/logo\/image\/","url":"https:\/\/www.ayudart.org\/wp-content\/uploads\/2018\/03\/cropped-logo-1000-1.jpg","contentUrl":"https:\/\/www.ayudart.org\/wp-content\/uploads\/2018\/03\/cropped-logo-1000-1.jpg","width":547,"height":250,"caption":"Ayud'Art"},"image":{"@id":"https:\/\/www.ayudart.org\/#\/schema\/logo\/image\/"},"sameAs":["https:\/\/www.facebook.com\/AyudArt","https:\/\/www.instagram.com\/ayud.art\/","https:\/\/www.linkedin.com\/groups\/27245\/profile"]}]}},"_links":{"self":[{"href":"https:\/\/www.ayudart.org\/en\/wp-json\/wp\/v2\/pages\/736","targetHints":{"allow":["GET"]}}],"collection":[{"href":"https:\/\/www.ayudart.org\/en\/wp-json\/wp\/v2\/pages"}],"about":[{"href":"https:\/\/www.ayudart.org\/en\/wp-json\/wp\/v2\/types\/page"}],"author":[{"embeddable":true,"href":"https:\/\/www.ayudart.org\/en\/wp-json\/wp\/v2\/users\/2"}],"replies":[{"embeddable":true,"href":"https:\/\/www.ayudart.org\/en\/wp-json\/wp\/v2\/comments?post=736"}],"version-history":[{"count":1,"href":"https:\/\/www.ayudart.org\/en\/wp-json\/wp\/v2\/pages\/736\/revisions"}],"predecessor-version":[{"id":3366,"href":"https:\/\/www.ayudart.org\/en\/wp-json\/wp\/v2\/pages\/736\/revisions\/3366"}],"up":[{"embeddable":true,"href":"https:\/\/www.ayudart.org\/en\/wp-json\/wp\/v2\/pages\/797"}],"wp:attachment":[{"href":"https:\/\/www.ayudart.org\/en\/wp-json\/wp\/v2\/media?parent=736"}],"curies":[{"name":"wp","href":"https:\/\/api.w.org\/{rel}","templated":true}]}}