{"id":3713,"date":"2018-11-09T22:02:23","date_gmt":"2018-11-09T21:02:23","guid":{"rendered":"https:\/\/www.ayudart.org\/?page_id=3713"},"modified":"2019-02-10T21:10:08","modified_gmt":"2019-02-10T20:10:08","slug":"foire-aux-questions-parrainage","status":"publish","type":"page","link":"https:\/\/www.ayudart.org\/en\/parrainage\/foire-aux-questions-parrainage\/","title":{"rendered":"Foire aux questions parrainage"},"content":{"rendered":"<p align=\"center\"><span style=\"color: #000000;\"><span style=\"font-family: Arial, sans-serif;\">Nous r\u00e9pondons \u00e0 toutes vos interrogations sur le parrainage.<\/span><\/span><\/p>\n<p align=\"justify\"><span style=\"color: #ff0000;\"><span style=\"font-family: Arial, sans-serif;\"><span style=\"font-size: large;\">Pourquoi devenir parrain ou marraine\u00a0?<\/span><\/span><\/span><\/p>\n<p align=\"justify\"><span style=\"color: #000000;\">\u2192 <span style=\"font-family: Arial, sans-serif;\">Vous contribuez \u00e0 un fond commun qui aide l\u2019ensemble des enfants et adolescents, sans en privil\u00e9gier un par rapport aux autres. L\u2019espoir peut ainsi \u00eatre partag\u00e9 par tous.<\/span><\/span><\/p>\n<p align=\"justify\"><span style=\"color: #000000;\">\u2192 <\/span><span style=\"color: #000000;\"><span style=\"font-family: Muli, serif;\"><span style=\"font-size: small;\"><span style=\"font-family: Arial, sans-serif;\"><span style=\"font-size: medium;\">Vous l<\/span><\/span><\/span><\/span><\/span><span style=\"color: #000000;\"><span style=\"font-family: Arial, sans-serif;\">eur donnez acc\u00e8s aux droits fondamentaux : sant\u00e9, \u00e9ducation, protection, alimentation<\/span><\/span><\/p>\n<p align=\"justify\"><span style=\"color: #000000;\">\u2192 <span style=\"font-family: Muli, serif;\"><span style=\"font-size: small;\"><span style=\"font-family: Arial, sans-serif;\"><span style=\"font-size: medium;\">Vous l<\/span><\/span><\/span><\/span><span style=\"font-family: Arial, sans-serif;\">uttez contre les in\u00e9galit\u00e9s et offrez une chance \u00e0 chacun.<\/span><\/span><\/p>\n<p align=\"justify\"><span style=\"color: #000000;\">\u2192 <span style=\"font-family: Arial, sans-serif;\">Vous offrez une s\u00e9curit\u00e9 financi\u00e8re au centre CIMA. Une partie du budget de l\u2019ann\u00e9e \u00e0 venir peut \u00eatre anticip\u00e9e. En effet, la situation \u00e9conomique du centre est pr\u00e9caire et n\u00e9cessite une aide financi\u00e8re r\u00e9guli\u00e8re et p\u00e9renne.<\/span><\/span><\/p>\n<p align=\"justify\"><span style=\"color: #ff0000;\"><span style=\"font-family: Arial, sans-serif;\"><span style=\"font-size: large;\">Comment puis-je devenir parrain ou marraine\u00a0?<\/span><\/span><\/span><\/p>\n<p align=\"justify\"><span style=\"color: #000000;\">\u2192 <span style=\"font-family: Arial, sans-serif;\">Deux choix s\u2019offrent \u00e0 vous, vous pouvez\u00a0:<\/span><\/span><\/p>\n<p align=\"justify\"><span style=\"color: #000000;\"><span style=\"font-family: Arial, sans-serif;\">* remplir le bulletin de parrainage en ligne <a href=\"https:\/\/www.ayudart.org\/parrainage\/\" target=\"_blank\" rel=\"noopener\">en cliquant ici<\/a><\/span><\/span><\/p>\n<p align=\"justify\"><span style=\"color: #000000;\"><span style=\"font-family: Arial, sans-serif;\">* ou contacter un de nos collaborateurs au 06 87 11 02 33. L\u2019inscription se fera au t\u00e9l\u00e9phone avec elle ou lui.<\/span><\/span><\/p>\n<p align=\"justify\"><span style=\"color: #ff0000;\"><span style=\"font-family: Arial, sans-serif;\"><span style=\"font-size: large;\">Quel est le montant du parrainage ?<\/span><\/span><\/span><\/p>\n<p align=\"justify\"><span style=\"color: #000000;\"><span style=\"font-family: Arial, sans-serif;\">Il n\u2019y a pas de montant impos\u00e9. Chacun est libre de donner la somme qu\u2019il souhaite.<\/span><\/span><\/p>\n<p align=\"justify\"><span style=\"color: #ff0000;\"><span style=\"font-family: Arial, sans-serif;\"><span style=\"font-size: large;\">Comment la contribution est-elle utilis\u00e9e\u00a0?<\/span><\/span><\/span><\/p>\n<p align=\"justify\"><span style=\"color: #000000;\"><span style=\"font-family: Arial, sans-serif;\">Quelques exemples : <\/span><\/span><\/p>\n<p><span style=\"color: #000000;\"><span style=\"font-family: Muli, serif;\"><span style=\"font-family: Arial, sans-serif;\"><b>* 10\u20ac\/mois soit <\/b><\/span><span style=\"font-family: Arial, sans-serif;\"><b>120<\/b><\/span><span style=\"font-family: Arial, sans-serif;\"><b>\u20ac\/an <\/b><\/span><span style=\"font-family: Arial, sans-serif;\">votre don couvre les frais mensuels d\u2019\u00e9ducation d\u2019un enfant.<\/span><\/span><\/span><\/p>\n<p><span style=\"color: #000000;\"><span style=\"font-family: Muli, serif;\"><span style=\"font-family: Arial, sans-serif;\"><b>* 20\u20ac\/mois soit <\/b><\/span><span style=\"font-family: Arial, sans-serif;\"><b>240<\/b><\/span><span style=\"font-family: Arial, sans-serif;\"><b>\u20ac\/an <\/b><\/span><span style=\"font-family: Arial, sans-serif;\">votre don couvre les frais mensuels d\u2019\u00e9ducation d\u2019un enfant et les frais li\u00e9s \u00e0 l\u2019habillement.<\/span><\/span><\/span><\/p>\n<p><span style=\"color: #000000;\"><span style=\"font-family: Muli, serif;\"><span style=\"font-family: Arial, sans-serif;\"><b>* 30\u20ac\/mois soit <\/b><\/span><span style=\"font-family: Arial, sans-serif;\"><b>360<\/b><\/span><span style=\"font-family: Arial, sans-serif;\"><b>\u20ac\/an <\/b><\/span><span style=\"font-family: Arial, sans-serif;\">votre don couvre les frais mensuels d\u2019\u00e9ducation d\u2019un enfant, les frais li\u00e9s \u00e0 l\u2019habillement et une partie des produits d\u2019hygi\u00e8ne de base.<\/span><\/span><\/span><\/p>\n<p align=\"justify\"><span style=\"color: #000000;\"><span style=\"font-family: Arial, sans-serif;\">Mais chaque don compte quelque soit son montant. <\/span><\/span><\/p>\n<p align=\"justify\"><span style=\"color: #ff0000;\"><span style=\"font-family: Muli, serif;\"><span style=\"font-size: xx-small;\"><span style=\"font-family: Arial, sans-serif;\"><span style=\"font-size: large;\">Si je ne suis pas imposable, puis-je b\u00e9n\u00e9ficier de la d\u00e9fiscalisation ?<br \/>\n<\/span><\/span><\/span><\/span><\/span><\/p>\n<div><span style=\"color: #000000;\">Non, seuls les cr\u00e9dits d&#8217;imp\u00f4ts sont applicables aux personnes non imposables, dans le cas d&#8217;un don \u00e0 une \u0153uvre il s&#8217;agit d&#8217;une r\u00e9duction d&#8217;imp\u00f4t.\u00a0<\/span><\/div>\n<div><span style=\"color: #000000;\"><span style=\"font-family: Muli, serif;\"><span style=\"font-size: xx-small;\"><span style=\"font-family: Arial, sans-serif;\"><span style=\"font-size: medium;\">\u00a0<\/span><\/span><\/span><\/span><\/span><\/div>\n<p align=\"justify\"><span style=\"color: #ff0000;\"><span style=\"font-family: Muli, serif;\"><span style=\"font-size: xx-small;\"><span style=\"font-family: Arial, sans-serif;\"><span style=\"font-size: large;\">Puis-je b\u00e9n\u00e9ficier d\u2019une d\u00e9fiscalisation sur mon parrainage\u00a0?<\/span><\/span><\/span><\/span><\/span><\/p>\n<p align=\"justify\"><span style=\"color: #000000;\"><span style=\"font-family: Muli, serif;\"><span style=\"font-size: xx-small;\"><span style=\"font-family: Arial, sans-serif;\"><span style=\"font-size: medium;\">Oui, vous b\u00e9n\u00e9ficierez d\u2019une d\u00e9fiscalisation \u00e0 hauteur de <\/span><\/span><\/span><\/span><\/span><span style=\"color: #000000;\"><span style=\"font-family: Muli, serif;\"><span style=\"font-size: xx-small;\"><span style=\"font-family: Arial, sans-serif;\"><span style=\"font-size: medium;\">66<\/span><\/span><\/span><\/span><\/span><span style=\"color: #000000;\"><span style=\"font-family: Muli, serif;\"><span style=\"font-size: xx-small;\"><span style=\"font-family: Arial, sans-serif;\"><span style=\"font-size: medium;\"> %* de votre don sous forme de r\u00e9duction d&#8217;imp\u00f4t (il ne s&#8217;agit pas d&#8217;un cr\u00e9dit d&#8217;imp\u00f4t). Vous recevrez une attestation de don au mois de d\u00e9cembre de l\u2019ann\u00e9e en cours.<\/span><\/span><\/span><\/span><\/span><\/p>\n<p align=\"center\">NOTA BENE\u00a0: Tout comprendre sur le pr\u00e9l\u00e8vement \u00e0 la source\u00a0:<\/p>\n<p align=\"center\">A partir de janvier 2019, avec la mise en place du pr\u00e9l\u00e8vement \u00e0 la source, les imp\u00f4ts seront pr\u00e9lev\u00e9s sur les revenus de l\u2019ann\u00e9e en cours et non sur ceux de l\u2019ann\u00e9e pr\u00e9c\u00e9dente. Mais les dons au profit de Ayud\u2019art continueront d\u2019\u00eatre d\u00e9duits et rembours\u00e9s \u00e0 hauteur de <span style=\"color: #000000;\">66% du montant du don dans la limite de 20% du revenu imposable.<\/span><\/p>\n<p align=\"center\">Ainsi, pour les dons r\u00e9alis\u00e9s avant le 31 d\u00e9cembre 2018, pas de changement : vous b\u00e9n\u00e9ficierez bien de votre d\u00e9duction fiscale d\u00e8s 2019.<\/p>\n<p align=\"center\">*<i> Sous r\u00e9serve des textes applicables et selon les informations disponibles sur le site du Minist\u00e8re des Finances<\/i><\/p>\n<p align=\"center\">D\u00e8s le 15 janvier 2019 : vous percevrez un acompte de 60% de votre r\u00e9duction d\u2019imp\u00f4t li\u00e9e aux dons, calcul\u00e9 sur la base de vos dons 2017<\/p>\n<p align=\"center\">Mai \u00e0 juin 2019 : vous d\u00e9clarerez vos imp\u00f4ts sur le revenu et vos dons ouvrant droit \u00e0 d\u00e9duction fiscale pour l\u2019ann\u00e9e 2018.<\/p>\n<p align=\"center\">Juillet 2019 : Vous recevrez la r\u00e9gularisation de votre d\u00e9duction fiscale sur les dons 2018 : soit vous avez donn\u00e9 plus ou autant qu\u2019en 2017 et vous recevrez votre reliquat d\u00e9duit des 60% d\u2019acompte ; soit vous avez donn\u00e9 moins et vous pourrez \u00eatre amen\u00e9 \u00e0 rembourser tout ou partie de votre acompte.<\/p>\n<p align=\"center\"><span style=\"color: #000000;\">Pour plus de renseignements, rendez-vous sur le site :<br \/>\n<\/span><\/p>\n<p align=\"center\"><span style=\"color: #000000;\"><a href=\"https:\/\/www.impots.gouv.fr\/portail\/\" target=\"_blank\" rel=\"noopener\">https:\/\/www.service-public.fr\/particuliers\/vosdroits\/F426<\/a><\/span><\/p>\n<p align=\"justify\"><span style=\"color: #000000;\"><span style=\"font-family: Arial, sans-serif;\"><span style=\"font-size: medium;\"><i>*selon la r\u00e9glementation fiscale en vigueur en Novembre 2018.<\/i><\/span><\/span><\/span><\/p>\n<p align=\"justify\"><span style=\"color: #ff0000;\"><span style=\"font-family: Arial, sans-serif;\"><span style=\"font-size: large;\">Que se passe-t-il lorsque je valide mon parrainage sur le site\u00a0?<\/span><\/span><\/span><\/p>\n<p align=\"justify\"><span style=\"color: #000000;\"><span style=\"font-family: Arial, sans-serif;\">a) Le bulletin de parrainage nous est automatiquement envoy\u00e9.<\/span><\/span><\/p>\n<p align=\"justify\"><span style=\"color: #000000;\"><span style=\"font-family: Arial, sans-serif;\">b) Nous prenons connaissance de votre demande et v\u00e9rifions que toutes les informations n\u00e9cessaires sont pr\u00e9sentes.<\/span><\/span><\/p>\n<p align=\"justify\"><span style=\"color: #000000;\"><span style=\"font-family: Arial, sans-serif;\">c) Nous reprenons ensuite contact avec vous par mail ou par t\u00e9l\u00e9phone afin de vous pr\u00e9senter la marche \u00e0 suivre.<\/span><\/span><\/p>\n<p align=\"justify\"><span style=\"color: #000000;\"><span style=\"font-family: Arial, sans-serif;\">d) Vous <\/span><\/span><span style=\"color: #000000;\"><span style=\"font-family: Arial, sans-serif;\">mettez<\/span><\/span><span style=\"color: #000000;\"><span style=\"font-family: Arial, sans-serif;\"> en place un virement <\/span><\/span><span style=\"color: #000000;\"><span style=\"font-family: Arial, sans-serif;\">bancaire <\/span><\/span><span style=\"color: #000000;\"><span style=\"font-family: Arial, sans-serif;\">automatique <\/span><\/span><span style=\"color: #000000;\"><span style=\"font-family: Arial, sans-serif;\">(soit en ligne sur le site de votre banque soit en la contactant.)<\/span><\/span><\/p>\n<p align=\"justify\"><span style=\"color: #000000;\"><span style=\"font-family: Arial, sans-serif;\">e) <\/span><\/span><span style=\"color: #000000;\"><span style=\"font-family: Arial, sans-serif;\">Vous recevrez ensuite <\/span><\/span><span style=\"color: #000000;\"><span style=\"font-family: Arial, sans-serif;\">r\u00e9guli\u00e8rement <\/span><\/span><span style=\"color: #000000;\"><span style=\"font-family: Arial, sans-serif;\">des nouvelles des enfants du centre CIMA.<\/span><\/span><\/p>\n<h1 style=\"text-align: center;\" align=\"justify\"><a href=\"https:\/\/www.ayudart.org\/parrainage\/\"><strong><span style=\"color: #ff0000;\">Devenir parrain \/ marraine<\/span><\/strong><\/a><\/h1>\n","protected":false},"excerpt":{"rendered":"<p>Nous r\u00e9pondons \u00e0 toutes vos interrogations sur le parrainage. Pourquoi devenir parrain ou marraine\u00a0? \u2192 Vous contribuez \u00e0 un fond commun qui aide l\u2019ensemble des enfants et adolescents, sans en privil\u00e9gier un par rapport aux autres. L\u2019espoir peut ainsi \u00eatre partag\u00e9 par tous. \u2192 Vous leur donnez acc\u00e8s aux droits fondamentaux : sant\u00e9, \u00e9ducation, protection, &hellip; <\/p>\n<p class=\"link-more\"><a href=\"https:\/\/www.ayudart.org\/en\/parrainage\/foire-aux-questions-parrainage\/\" class=\"more-link\">Continue reading<span class=\"screen-reader-text\"> &#8220;Foire aux questions parrainage&#8221;<\/span><\/a><\/p>\n","protected":false},"author":2,"featured_media":0,"parent":3565,"menu_order":0,"comment_status":"closed","ping_status":"closed","template":"","meta":{"footnotes":""},"class_list":["post-3713","page","type-page","status-publish","hentry"],"yoast_head":"<!-- This site is optimized with the Yoast SEO plugin v27.5 - https:\/\/yoast.com\/product\/yoast-seo-wordpress\/ -->\n<title>Foire aux questions parrainage<\/title>\n<meta name=\"robots\" content=\"index, follow, max-snippet:-1, max-image-preview:large, max-video-preview:-1\" \/>\n<link rel=\"canonical\" href=\"https:\/\/www.ayudart.org\/en\/parrainage\/foire-aux-questions-parrainage\/\" \/>\n<meta property=\"og:locale\" content=\"en_US\" \/>\n<meta property=\"og:locale:alternate\" content=\"fr_FR\" \/>\n<meta property=\"og:locale:alternate\" content=\"es_ES\" \/>\n<meta property=\"og:type\" content=\"article\" \/>\n<meta property=\"og:title\" content=\"Foire aux questions parrainage\" \/>\n<meta property=\"og:description\" content=\"Nous r\u00e9pondons \u00e0 toutes vos interrogations sur le parrainage. Pourquoi devenir parrain ou marraine\u00a0? \u2192 Vous contribuez \u00e0 un fond commun qui aide l\u2019ensemble des enfants et adolescents, sans en privil\u00e9gier un par rapport aux autres. L\u2019espoir peut ainsi \u00eatre partag\u00e9 par tous. \u2192 Vous leur donnez acc\u00e8s aux droits fondamentaux : sant\u00e9, \u00e9ducation, protection, &hellip; Continue reading &quot;Foire aux questions parrainage&quot;\" \/>\n<meta property=\"og:url\" content=\"https:\/\/www.ayudart.org\/en\/parrainage\/foire-aux-questions-parrainage\/\" \/>\n<meta property=\"og:site_name\" content=\"Ayud&#039;Art - Association d&#039;aide aux enfants des rues du P\u00e9rou\" \/>\n<meta property=\"article:publisher\" content=\"https:\/\/www.facebook.com\/AyudArt\" \/>\n<meta property=\"article:modified_time\" content=\"2019-02-10T20:10:08+00:00\" \/>\n<meta name=\"twitter:card\" content=\"summary_large_image\" \/>\n<meta name=\"twitter:label1\" content=\"Est. reading time\" \/>\n\t<meta name=\"twitter:data1\" content=\"4 minutes\" \/>\n<script type=\"application\/ld+json\" class=\"yoast-schema-graph\">{\"@context\":\"https:\\\/\\\/schema.org\",\"@graph\":[{\"@type\":\"WebPage\",\"@id\":\"https:\\\/\\\/www.ayudart.org\\\/parrainage\\\/foire-aux-questions-parrainage\\\/\",\"url\":\"https:\\\/\\\/www.ayudart.org\\\/parrainage\\\/foire-aux-questions-parrainage\\\/\",\"name\":\"Foire aux questions parrainage\",\"isPartOf\":{\"@id\":\"https:\\\/\\\/www.ayudart.org\\\/#website\"},\"datePublished\":\"2018-11-09T21:02:23+00:00\",\"dateModified\":\"2019-02-10T20:10:08+00:00\",\"breadcrumb\":{\"@id\":\"https:\\\/\\\/www.ayudart.org\\\/parrainage\\\/foire-aux-questions-parrainage\\\/#breadcrumb\"},\"inLanguage\":\"en-US\",\"potentialAction\":[{\"@type\":\"ReadAction\",\"target\":[\"https:\\\/\\\/www.ayudart.org\\\/parrainage\\\/foire-aux-questions-parrainage\\\/\"]}]},{\"@type\":\"BreadcrumbList\",\"@id\":\"https:\\\/\\\/www.ayudart.org\\\/parrainage\\\/foire-aux-questions-parrainage\\\/#breadcrumb\",\"itemListElement\":[{\"@type\":\"ListItem\",\"position\":1,\"name\":\"Accueil\",\"item\":\"https:\\\/\\\/www.ayudart.org\\\/\"},{\"@type\":\"ListItem\",\"position\":2,\"name\":\"Parrainage\",\"item\":\"https:\\\/\\\/www.ayudart.org\\\/parrainage\\\/\"},{\"@type\":\"ListItem\",\"position\":3,\"name\":\"Foire aux questions parrainage\"}]},{\"@type\":\"WebSite\",\"@id\":\"https:\\\/\\\/www.ayudart.org\\\/#website\",\"url\":\"https:\\\/\\\/www.ayudart.org\\\/\",\"name\":\"Ayud'Art - Association d'aide aux enfants des rues du P\u00e9rou\",\"description\":\"\",\"publisher\":{\"@id\":\"https:\\\/\\\/www.ayudart.org\\\/#organization\"},\"potentialAction\":[{\"@type\":\"SearchAction\",\"target\":{\"@type\":\"EntryPoint\",\"urlTemplate\":\"https:\\\/\\\/www.ayudart.org\\\/?s={search_term_string}\"},\"query-input\":{\"@type\":\"PropertyValueSpecification\",\"valueRequired\":true,\"valueName\":\"search_term_string\"}}],\"inLanguage\":\"en-US\"},{\"@type\":\"Organization\",\"@id\":\"https:\\\/\\\/www.ayudart.org\\\/#organization\",\"name\":\"Ayud'Art\",\"url\":\"https:\\\/\\\/www.ayudart.org\\\/\",\"logo\":{\"@type\":\"ImageObject\",\"inLanguage\":\"en-US\",\"@id\":\"https:\\\/\\\/www.ayudart.org\\\/#\\\/schema\\\/logo\\\/image\\\/\",\"url\":\"https:\\\/\\\/www.ayudart.org\\\/wp-content\\\/uploads\\\/2018\\\/03\\\/cropped-logo-1000-1.jpg\",\"contentUrl\":\"https:\\\/\\\/www.ayudart.org\\\/wp-content\\\/uploads\\\/2018\\\/03\\\/cropped-logo-1000-1.jpg\",\"width\":547,\"height\":250,\"caption\":\"Ayud'Art\"},\"image\":{\"@id\":\"https:\\\/\\\/www.ayudart.org\\\/#\\\/schema\\\/logo\\\/image\\\/\"},\"sameAs\":[\"https:\\\/\\\/www.facebook.com\\\/AyudArt\",\"https:\\\/\\\/www.instagram.com\\\/ayud.art\\\/\",\"https:\\\/\\\/www.linkedin.com\\\/groups\\\/27245\\\/profile\"]}]}<\/script>\n<!-- \/ Yoast SEO plugin. -->","yoast_head_json":{"title":"Foire aux questions parrainage","robots":{"index":"index","follow":"follow","max-snippet":"max-snippet:-1","max-image-preview":"max-image-preview:large","max-video-preview":"max-video-preview:-1"},"canonical":"https:\/\/www.ayudart.org\/en\/parrainage\/foire-aux-questions-parrainage\/","og_locale":"en_US","og_type":"article","og_title":"[:fr]Foire aux questions parrainage[:] - Ayud'Art - Association d'aide aux enfants des rues du P\u00e9rou","og_description":"Nous r\u00e9pondons \u00e0 toutes vos interrogations sur le parrainage. Pourquoi devenir parrain ou marraine\u00a0? \u2192 Vous contribuez \u00e0 un fond commun qui aide l\u2019ensemble des enfants et adolescents, sans en privil\u00e9gier un par rapport aux autres. L\u2019espoir peut ainsi \u00eatre partag\u00e9 par tous. \u2192 Vous leur donnez acc\u00e8s aux droits fondamentaux : sant\u00e9, \u00e9ducation, protection, &hellip; Continue reading \"Foire aux questions parrainage\"","og_url":"https:\/\/www.ayudart.org\/en\/parrainage\/foire-aux-questions-parrainage\/","og_site_name":"Ayud'Art - Association d'aide aux enfants des rues du P\u00e9rou","article_publisher":"https:\/\/www.facebook.com\/AyudArt","article_modified_time":"2019-02-10T20:10:08+00:00","twitter_card":"summary_large_image","twitter_misc":{"Est. reading time":"4 minutes"},"schema":{"@context":"https:\/\/schema.org","@graph":[{"@type":"WebPage","@id":"https:\/\/www.ayudart.org\/parrainage\/foire-aux-questions-parrainage\/","url":"https:\/\/www.ayudart.org\/parrainage\/foire-aux-questions-parrainage\/","name":"Foire aux questions parrainage","isPartOf":{"@id":"https:\/\/www.ayudart.org\/#website"},"datePublished":"2018-11-09T21:02:23+00:00","dateModified":"2019-02-10T20:10:08+00:00","breadcrumb":{"@id":"https:\/\/www.ayudart.org\/parrainage\/foire-aux-questions-parrainage\/#breadcrumb"},"inLanguage":"en-US","potentialAction":[{"@type":"ReadAction","target":["https:\/\/www.ayudart.org\/parrainage\/foire-aux-questions-parrainage\/"]}]},{"@type":"BreadcrumbList","@id":"https:\/\/www.ayudart.org\/parrainage\/foire-aux-questions-parrainage\/#breadcrumb","itemListElement":[{"@type":"ListItem","position":1,"name":"Accueil","item":"https:\/\/www.ayudart.org\/"},{"@type":"ListItem","position":2,"name":"Parrainage","item":"https:\/\/www.ayudart.org\/parrainage\/"},{"@type":"ListItem","position":3,"name":"Foire aux questions parrainage"}]},{"@type":"WebSite","@id":"https:\/\/www.ayudart.org\/#website","url":"https:\/\/www.ayudart.org\/","name":"Ayud'Art - Association d'aide aux enfants des rues du P\u00e9rou","description":"","publisher":{"@id":"https:\/\/www.ayudart.org\/#organization"},"potentialAction":[{"@type":"SearchAction","target":{"@type":"EntryPoint","urlTemplate":"https:\/\/www.ayudart.org\/?s={search_term_string}"},"query-input":{"@type":"PropertyValueSpecification","valueRequired":true,"valueName":"search_term_string"}}],"inLanguage":"en-US"},{"@type":"Organization","@id":"https:\/\/www.ayudart.org\/#organization","name":"Ayud'Art","url":"https:\/\/www.ayudart.org\/","logo":{"@type":"ImageObject","inLanguage":"en-US","@id":"https:\/\/www.ayudart.org\/#\/schema\/logo\/image\/","url":"https:\/\/www.ayudart.org\/wp-content\/uploads\/2018\/03\/cropped-logo-1000-1.jpg","contentUrl":"https:\/\/www.ayudart.org\/wp-content\/uploads\/2018\/03\/cropped-logo-1000-1.jpg","width":547,"height":250,"caption":"Ayud'Art"},"image":{"@id":"https:\/\/www.ayudart.org\/#\/schema\/logo\/image\/"},"sameAs":["https:\/\/www.facebook.com\/AyudArt","https:\/\/www.instagram.com\/ayud.art\/","https:\/\/www.linkedin.com\/groups\/27245\/profile"]}]}},"_links":{"self":[{"href":"https:\/\/www.ayudart.org\/en\/wp-json\/wp\/v2\/pages\/3713","targetHints":{"allow":["GET"]}}],"collection":[{"href":"https:\/\/www.ayudart.org\/en\/wp-json\/wp\/v2\/pages"}],"about":[{"href":"https:\/\/www.ayudart.org\/en\/wp-json\/wp\/v2\/types\/page"}],"author":[{"embeddable":true,"href":"https:\/\/www.ayudart.org\/en\/wp-json\/wp\/v2\/users\/2"}],"replies":[{"embeddable":true,"href":"https:\/\/www.ayudart.org\/en\/wp-json\/wp\/v2\/comments?post=3713"}],"version-history":[{"count":16,"href":"https:\/\/www.ayudart.org\/en\/wp-json\/wp\/v2\/pages\/3713\/revisions"}],"predecessor-version":[{"id":3850,"href":"https:\/\/www.ayudart.org\/en\/wp-json\/wp\/v2\/pages\/3713\/revisions\/3850"}],"up":[{"embeddable":true,"href":"https:\/\/www.ayudart.org\/en\/wp-json\/wp\/v2\/pages\/3565"}],"wp:attachment":[{"href":"https:\/\/www.ayudart.org\/en\/wp-json\/wp\/v2\/media?parent=3713"}],"curies":[{"name":"wp","href":"https:\/\/api.w.org\/{rel}","templated":true}]}}