{"id":3675,"date":"2018-05-25T17:14:27","date_gmt":"2018-05-25T15:14:27","guid":{"rendered":"https:\/\/www.ayudart.org\/?page_id=3675"},"modified":"2018-05-25T17:34:10","modified_gmt":"2018-05-25T15:34:10","slug":"politique-de-confidentialite","status":"publish","type":"page","link":"https:\/\/www.ayudart.org\/en\/politique-de-confidentialite\/","title":{"rendered":"Politique de confidentialit\u00e9"},"content":{"rendered":"<h2>Qui sommes-nous\u00a0?<\/h2>\n<p>L\u2019adresse de notre site Web est\u00a0: https:\/\/www.ayudart.org<\/p>\n<h2>Utilisation des donn\u00e9es personnelles collect\u00e9es<\/h2>\n<h3>Commentaires<\/h3>\n<p>Quand vous laissez un commentaire sur notre site web, les donn\u00e9es inscrites dans le formulaire de commentaire, mais aussi votre adresse IP et l\u2019agent utilisateur de votre navigateur sont collect\u00e9s pour nous aider \u00e0 la d\u00e9tection des commentaires ind\u00e9sirables.<\/p>\n<p>Une cha\u00eene anonymis\u00e9e cr\u00e9\u00e9e \u00e0 partir de votre adresse de messagerie (\u00e9galement appel\u00e9e hash) peut \u00eatre envoy\u00e9e au service Gravatar pour v\u00e9rifier si vous utilisez ce dernier. Les clauses de confidentialit\u00e9 du service Gravatar sont disponibles ici\u00a0: https:\/\/automattic.com\/privacy\/. Apr\u00e8s validation de votre commentaire, votre photo de profil sera visible publiquement \u00e0 cot\u00e9 de votre commentaire.<\/p>\n<h3>Formulaires de contact<\/h3>\n<p>Les donn\u00e9es entr\u00e9es via nos formulaires ne sont pas sauvegard\u00e9es sur nos serveurs. Nos formulaires ne servent que d&#8217;interm\u00e9diaire pour un envoie de mail.<\/p>\n<h3>Cookies<\/h3>\n<p>Si vous d\u00e9posez un commentaire sur notre site, il vous sera propos\u00e9 d\u2019enregistrer votre nom, adresse de messagerie et site web dans des cookies. C\u2019est uniquement pour votre confort afin de ne pas avoir \u00e0 saisir ces informations si vous d\u00e9posez un autre commentaire plus tard. Ces cookies expirent au bout d\u2019un an.<br \/>\nVous pouvez modifier votre consentement avec l&#8217;aide de ce bouton : <a href=\"#\" class=\"cn-revoke-cookie cn-button-inline cn-revoke-inline button button-aya\" title=\"R\u00e9voquer mon consentement\">R\u00e9voquer mon consentement<\/a><\/p>\n<h3>Contenu embarqu\u00e9 depuis d\u2019autres sites<\/h3>\n<p>Les articles de ce site peuvent inclure des contenus int\u00e9gr\u00e9s (par exemple des vid\u00e9os, images, articles\u2026). Le contenu int\u00e9gr\u00e9 depuis d\u2019autres sites se comporte de la m\u00eame mani\u00e8re que si le visiteur se rendait sur cet autre site.<\/p>\n<p>Ces sites web pourraient collecter des donn\u00e9es sur vous, utiliser des cookies, embarquer des outils de suivis tiers, suivre vos interactions avec ces contenus embarqu\u00e9s si vous disposez d\u2019un compte connect\u00e9 sur leur site web.<\/p>\n<h3>Statistiques et mesures d\u2019audience<\/h3>\n<p>La mesure d&#8217;audience se fait via Google Analytics. Vous pouvez modifier votre consentement d&#8217;utilisation des cookies via ce bouton : <a href=\"#\" class=\"cn-revoke-cookie cn-button-inline cn-revoke-inline button button-aya\" title=\"R\u00e9voquer mon consentement\">R\u00e9voquer mon consentement<\/a><\/p>\n<h2>Dur\u00e9es de stockage de vos donn\u00e9es<\/h2>\n<p>Si vous laissez un commentaire, le commentaire et ses m\u00e9tadonn\u00e9es sont conserv\u00e9s ind\u00e9finiment. Cela permet de reconna\u00eetre et approuver automatiquement les commentaires suivants au lieu de les laisser dans la file de mod\u00e9ration.<\/p>\n<h2>Les droits que vous avez sur vos donn\u00e9es<\/h2>\n<p>Si vous avez laiss\u00e9 des commentaires sur le site, vous pouvez demander \u00e0 recevoir un fichier contenant toutes les donn\u00e9es personnelles que nous poss\u00e9dons \u00e0 votre sujet, incluant celles que vous nous avez fournies. Vous pouvez \u00e9galement demander la suppression des donn\u00e9es personnelles vous concernant. Cela ne prend pas en compte les donn\u00e9es stock\u00e9es \u00e0 des fins administratives, l\u00e9gales ou pour des raisons de s\u00e9curit\u00e9.<\/p>\n<h2>Transmission de vos donn\u00e9es personnelles<\/h2>\n<p>Les commentaires des visiteurs peuvent \u00eatre v\u00e9rifi\u00e9s \u00e0 l\u2019aide d\u2019un service automatis\u00e9 de d\u00e9tection des commentaires ind\u00e9sirables.<\/p>\n<h3><\/h3>\n","protected":false},"excerpt":{"rendered":"<p>Qui sommes-nous\u00a0? L\u2019adresse de notre site Web est\u00a0: https:\/\/www.ayudart.org Utilisation des donn\u00e9es personnelles collect\u00e9es Commentaires Quand vous laissez un commentaire sur notre site web, les donn\u00e9es inscrites dans le formulaire de commentaire, mais aussi votre adresse IP et l\u2019agent utilisateur de votre navigateur sont collect\u00e9s pour nous aider \u00e0 la d\u00e9tection des commentaires ind\u00e9sirables. Une &hellip; <\/p>\n<p class=\"link-more\"><a href=\"https:\/\/www.ayudart.org\/en\/politique-de-confidentialite\/\" class=\"more-link\">Continue reading<span class=\"screen-reader-text\"> &#8220;Politique de confidentialit\u00e9&#8221;<\/span><\/a><\/p>\n","protected":false},"author":1,"featured_media":0,"parent":0,"menu_order":0,"comment_status":"closed","ping_status":"closed","template":"","meta":{"footnotes":""},"class_list":["post-3675","page","type-page","status-publish","hentry"],"yoast_head":"<!-- This site is optimized with the Yoast SEO plugin v27.3 - https:\/\/yoast.com\/product\/yoast-seo-wordpress\/ -->\n<title>Politique de confidentialit\u00e9<\/title>\n<meta name=\"robots\" content=\"noindex, nofollow\" \/>\n<meta property=\"og:locale\" content=\"en_US\" \/>\n<meta property=\"og:locale:alternate\" content=\"fr_FR\" \/>\n<meta property=\"og:locale:alternate\" content=\"es_ES\" \/>\n<meta property=\"og:type\" content=\"article\" \/>\n<meta property=\"og:title\" content=\"Politique de confidentialit\u00e9\" \/>\n<meta property=\"og:description\" content=\"Qui sommes-nous\u00a0? L\u2019adresse de notre site Web est\u00a0: https:\/\/www.ayudart.org Utilisation des donn\u00e9es personnelles collect\u00e9es Commentaires Quand vous laissez un commentaire sur notre site web, les donn\u00e9es inscrites dans le formulaire de commentaire, mais aussi votre adresse IP et l\u2019agent utilisateur de votre navigateur sont collect\u00e9s pour nous aider \u00e0 la d\u00e9tection des commentaires ind\u00e9sirables. Une &hellip; Continue reading &quot;Politique de confidentialit\u00e9&quot;\" \/>\n<meta property=\"og:url\" content=\"https:\/\/www.ayudart.org\/en\/politique-de-confidentialite\/\" \/>\n<meta property=\"og:site_name\" content=\"Ayud&#039;Art - Association d&#039;aide aux enfants des rues du P\u00e9rou\" \/>\n<meta property=\"article:publisher\" content=\"https:\/\/www.facebook.com\/AyudArt\" \/>\n<meta property=\"article:modified_time\" content=\"2018-05-25T15:34:10+00:00\" \/>\n<meta name=\"twitter:card\" content=\"summary_large_image\" \/>\n<meta name=\"twitter:label1\" content=\"Est. reading time\" \/>\n\t<meta name=\"twitter:data1\" content=\"2 minutes\" \/>\n<script type=\"application\/ld+json\" class=\"yoast-schema-graph\">{\"@context\":\"https:\\\/\\\/schema.org\",\"@graph\":[{\"@type\":\"WebPage\",\"@id\":\"https:\\\/\\\/www.ayudart.org\\\/politique-de-confidentialite\\\/\",\"url\":\"https:\\\/\\\/www.ayudart.org\\\/politique-de-confidentialite\\\/\",\"name\":\"Politique de confidentialit\u00e9\",\"isPartOf\":{\"@id\":\"https:\\\/\\\/www.ayudart.org\\\/#website\"},\"datePublished\":\"2018-05-25T15:14:27+00:00\",\"dateModified\":\"2018-05-25T15:34:10+00:00\",\"breadcrumb\":{\"@id\":\"https:\\\/\\\/www.ayudart.org\\\/politique-de-confidentialite\\\/#breadcrumb\"},\"inLanguage\":\"en-US\",\"potentialAction\":[{\"@type\":\"ReadAction\",\"target\":[\"https:\\\/\\\/www.ayudart.org\\\/politique-de-confidentialite\\\/\"]}]},{\"@type\":\"BreadcrumbList\",\"@id\":\"https:\\\/\\\/www.ayudart.org\\\/politique-de-confidentialite\\\/#breadcrumb\",\"itemListElement\":[{\"@type\":\"ListItem\",\"position\":1,\"name\":\"Accueil\",\"item\":\"https:\\\/\\\/www.ayudart.org\\\/\"},{\"@type\":\"ListItem\",\"position\":2,\"name\":\"Politique de confidentialit\u00e9\"}]},{\"@type\":\"WebSite\",\"@id\":\"https:\\\/\\\/www.ayudart.org\\\/#website\",\"url\":\"https:\\\/\\\/www.ayudart.org\\\/\",\"name\":\"Ayud'Art - Association d'aide aux enfants des rues du P\u00e9rou\",\"description\":\"\",\"publisher\":{\"@id\":\"https:\\\/\\\/www.ayudart.org\\\/#organization\"},\"potentialAction\":[{\"@type\":\"SearchAction\",\"target\":{\"@type\":\"EntryPoint\",\"urlTemplate\":\"https:\\\/\\\/www.ayudart.org\\\/?s={search_term_string}\"},\"query-input\":{\"@type\":\"PropertyValueSpecification\",\"valueRequired\":true,\"valueName\":\"search_term_string\"}}],\"inLanguage\":\"en-US\"},{\"@type\":\"Organization\",\"@id\":\"https:\\\/\\\/www.ayudart.org\\\/#organization\",\"name\":\"Ayud'Art\",\"url\":\"https:\\\/\\\/www.ayudart.org\\\/\",\"logo\":{\"@type\":\"ImageObject\",\"inLanguage\":\"en-US\",\"@id\":\"https:\\\/\\\/www.ayudart.org\\\/#\\\/schema\\\/logo\\\/image\\\/\",\"url\":\"https:\\\/\\\/www.ayudart.org\\\/wp-content\\\/uploads\\\/2018\\\/03\\\/cropped-logo-1000-1.jpg\",\"contentUrl\":\"https:\\\/\\\/www.ayudart.org\\\/wp-content\\\/uploads\\\/2018\\\/03\\\/cropped-logo-1000-1.jpg\",\"width\":547,\"height\":250,\"caption\":\"Ayud'Art\"},\"image\":{\"@id\":\"https:\\\/\\\/www.ayudart.org\\\/#\\\/schema\\\/logo\\\/image\\\/\"},\"sameAs\":[\"https:\\\/\\\/www.facebook.com\\\/AyudArt\",\"https:\\\/\\\/www.instagram.com\\\/ayud.art\\\/\",\"https:\\\/\\\/www.linkedin.com\\\/groups\\\/27245\\\/profile\"]}]}<\/script>\n<!-- \/ Yoast SEO plugin. -->","yoast_head_json":{"title":"Politique de confidentialit\u00e9","robots":{"index":"noindex","follow":"nofollow"},"og_locale":"en_US","og_type":"article","og_title":"[:fr]Politique de confidentialit\u00e9[:] - Ayud'Art - Association d'aide aux enfants des rues du P\u00e9rou","og_description":"Qui sommes-nous\u00a0? L\u2019adresse de notre site Web est\u00a0: https:\/\/www.ayudart.org Utilisation des donn\u00e9es personnelles collect\u00e9es Commentaires Quand vous laissez un commentaire sur notre site web, les donn\u00e9es inscrites dans le formulaire de commentaire, mais aussi votre adresse IP et l\u2019agent utilisateur de votre navigateur sont collect\u00e9s pour nous aider \u00e0 la d\u00e9tection des commentaires ind\u00e9sirables. Une &hellip; Continue reading \"Politique de confidentialit\u00e9\"","og_url":"https:\/\/www.ayudart.org\/en\/politique-de-confidentialite\/","og_site_name":"Ayud'Art - Association d'aide aux enfants des rues du P\u00e9rou","article_publisher":"https:\/\/www.facebook.com\/AyudArt","article_modified_time":"2018-05-25T15:34:10+00:00","twitter_card":"summary_large_image","twitter_misc":{"Est. reading time":"2 minutes"},"schema":{"@context":"https:\/\/schema.org","@graph":[{"@type":"WebPage","@id":"https:\/\/www.ayudart.org\/politique-de-confidentialite\/","url":"https:\/\/www.ayudart.org\/politique-de-confidentialite\/","name":"Politique de confidentialit\u00e9","isPartOf":{"@id":"https:\/\/www.ayudart.org\/#website"},"datePublished":"2018-05-25T15:14:27+00:00","dateModified":"2018-05-25T15:34:10+00:00","breadcrumb":{"@id":"https:\/\/www.ayudart.org\/politique-de-confidentialite\/#breadcrumb"},"inLanguage":"en-US","potentialAction":[{"@type":"ReadAction","target":["https:\/\/www.ayudart.org\/politique-de-confidentialite\/"]}]},{"@type":"BreadcrumbList","@id":"https:\/\/www.ayudart.org\/politique-de-confidentialite\/#breadcrumb","itemListElement":[{"@type":"ListItem","position":1,"name":"Accueil","item":"https:\/\/www.ayudart.org\/"},{"@type":"ListItem","position":2,"name":"Politique de confidentialit\u00e9"}]},{"@type":"WebSite","@id":"https:\/\/www.ayudart.org\/#website","url":"https:\/\/www.ayudart.org\/","name":"Ayud'Art - Association d'aide aux enfants des rues du P\u00e9rou","description":"","publisher":{"@id":"https:\/\/www.ayudart.org\/#organization"},"potentialAction":[{"@type":"SearchAction","target":{"@type":"EntryPoint","urlTemplate":"https:\/\/www.ayudart.org\/?s={search_term_string}"},"query-input":{"@type":"PropertyValueSpecification","valueRequired":true,"valueName":"search_term_string"}}],"inLanguage":"en-US"},{"@type":"Organization","@id":"https:\/\/www.ayudart.org\/#organization","name":"Ayud'Art","url":"https:\/\/www.ayudart.org\/","logo":{"@type":"ImageObject","inLanguage":"en-US","@id":"https:\/\/www.ayudart.org\/#\/schema\/logo\/image\/","url":"https:\/\/www.ayudart.org\/wp-content\/uploads\/2018\/03\/cropped-logo-1000-1.jpg","contentUrl":"https:\/\/www.ayudart.org\/wp-content\/uploads\/2018\/03\/cropped-logo-1000-1.jpg","width":547,"height":250,"caption":"Ayud'Art"},"image":{"@id":"https:\/\/www.ayudart.org\/#\/schema\/logo\/image\/"},"sameAs":["https:\/\/www.facebook.com\/AyudArt","https:\/\/www.instagram.com\/ayud.art\/","https:\/\/www.linkedin.com\/groups\/27245\/profile"]}]}},"_links":{"self":[{"href":"https:\/\/www.ayudart.org\/en\/wp-json\/wp\/v2\/pages\/3675","targetHints":{"allow":["GET"]}}],"collection":[{"href":"https:\/\/www.ayudart.org\/en\/wp-json\/wp\/v2\/pages"}],"about":[{"href":"https:\/\/www.ayudart.org\/en\/wp-json\/wp\/v2\/types\/page"}],"author":[{"embeddable":true,"href":"https:\/\/www.ayudart.org\/en\/wp-json\/wp\/v2\/users\/1"}],"replies":[{"embeddable":true,"href":"https:\/\/www.ayudart.org\/en\/wp-json\/wp\/v2\/comments?post=3675"}],"version-history":[{"count":2,"href":"https:\/\/www.ayudart.org\/en\/wp-json\/wp\/v2\/pages\/3675\/revisions"}],"predecessor-version":[{"id":3677,"href":"https:\/\/www.ayudart.org\/en\/wp-json\/wp\/v2\/pages\/3675\/revisions\/3677"}],"wp:attachment":[{"href":"https:\/\/www.ayudart.org\/en\/wp-json\/wp\/v2\/media?parent=3675"}],"curies":[{"name":"wp","href":"https:\/\/api.w.org\/{rel}","templated":true}]}}