{"id":29,"date":"2013-01-22T16:34:55","date_gmt":"2013-01-22T15:34:55","guid":{"rendered":"\/?page_id=29"},"modified":"2018-04-27T15:49:54","modified_gmt":"2018-04-27T13:49:54","slug":"plan-du-site","status":"publish","type":"page","link":"https:\/\/www.ayudart.org\/en\/accueil\/plan-du-site\/","title":{"rendered":"Sitemap"},"content":{"rendered":"<div class=\"wsp-container\"><h2 class=\"wsp-pages-title\">Pages<\/h2>\n<ul class=\"wsp-pages-list\">\n<li class=\"page_item page-item-3287 page_item_has_children\"><a href=\"https:\/\/www.ayudart.org\/en\/evenements\/\">\u00c9v\u00e8nements<\/a>\n<ul class='children'>\n\t<li class=\"page_item page-item-3288\"><a href=\"https:\/\/www.ayudart.org\/en\/evenements\/emplacements\/\">Emplacements<\/a><\/li>\n\t<li class=\"page_item page-item-3289\"><a href=\"https:\/\/www.ayudart.org\/en\/evenements\/categories\/\">Cat\u00e9gories<\/a><\/li>\n\t<li class=\"page_item page-item-3290\"><a href=\"https:\/\/www.ayudart.org\/en\/evenements\/etiquettes\/\">\u00c9tiquettes<\/a><\/li>\n\t<li class=\"page_item page-item-3291\"><a href=\"https:\/\/www.ayudart.org\/en\/evenements\/mes-reservations\/\">Mes r\u00e9servations<\/a><\/li>\n<\/ul>\n<\/li>\n<li class=\"page_item page-item-3565 page_item_has_children\"><a href=\"https:\/\/www.ayudart.org\/en\/parrainage\/\">Parrainage<\/a>\n<ul class='children'>\n\t<li class=\"page_item page-item-3713\"><a href=\"https:\/\/www.ayudart.org\/en\/parrainage\/foire-aux-questions-parrainage\/\">Foire aux questions parrainage<\/a><\/li>\n<\/ul>\n<\/li>\n<li class=\"page_item page-item-3675\"><a href=\"https:\/\/www.ayudart.org\/en\/politique-de-confidentialite\/\">Politique de confidentialit\u00e9<\/a><\/li>\n<li class=\"page_item page-item-3682 current_page_parent\"><a href=\"https:\/\/www.ayudart.org\/en\/newsletter\/\">Newsletter<\/a><\/li>\n<li class=\"page_item page-item-6 page_item_has_children\"><a href=\"https:\/\/www.ayudart.org\/en\/lassoication-ayudart\/\">The Charity Ayud\u2019Art<\/a>\n<ul class='children'>\n\t<li class=\"page_item page-item-1719\"><a href=\"https:\/\/www.ayudart.org\/en\/lassoication-ayudart\/interventions-aupres-des-jeunes\/\">Intervention with young people<\/a><\/li>\n\t<li class=\"page_item page-item-3966\"><a href=\"https:\/\/www.ayudart.org\/en\/lassoication-ayudart\/comment-cela-sarticule-til\/\">Comment cela s&#8217;articule-t&#8217;il ?<\/a><\/li>\n\t<li class=\"page_item page-item-660\"><a href=\"https:\/\/www.ayudart.org\/en\/lassoication-ayudart\/ayudart-au-tout-debut\/\">Ayud\u2019Art at the very beginning<\/a><\/li>\n\t<li class=\"page_item page-item-666\"><a href=\"https:\/\/www.ayudart.org\/en\/lassoication-ayudart\/regle-du-jeu\/\">Rules of the game<\/a><\/li>\n\t<li class=\"page_item page-item-693\"><a href=\"https:\/\/www.ayudart.org\/en\/lassoication-ayudart\/donnees-officielles-et-admnistratives\/\">Official and administrative data<\/a><\/li>\n\t<li class=\"page_item page-item-797 page_item_has_children\"><a href=\"https:\/\/www.ayudart.org\/en\/lassoication-ayudart\/recherche-de-fonds\/\">Search for fundings<\/a>\n\t<ul class='children'>\n\t\t<li class=\"page_item page-item-3250\"><a href=\"https:\/\/www.ayudart.org\/en\/lassoication-ayudart\/recherche-de-fonds\/la-ville-de-nancy\/\">The city of Nancy<\/a><\/li>\n\t\t<li class=\"page_item page-item-736\"><a href=\"https:\/\/www.ayudart.org\/en\/lassoication-ayudart\/recherche-de-fonds\/organisation-de-manifestations-pour-recolter-des-fonds-destines-a-cima\/\">Organisation de manifestations pour r\u00e9colter des fonds destin\u00e9s \u00e0 CIMA<\/a><\/li>\n\t<\/ul>\n<\/li>\n\t<li class=\"page_item page-item-901 page_item_has_children\"><a href=\"https:\/\/www.ayudart.org\/en\/lassoication-ayudart\/envoi-de-volontaires-au-perou\/\">Meet volunteers<\/a>\n\t<ul class='children'>\n\t\t<li class=\"page_item page-item-1503 page_item_has_children\"><a href=\"https:\/\/www.ayudart.org\/en\/lassoication-ayudart\/envoi-de-volontaires-au-perou\/envoyer-des-volontaires-au-centre-cima\/\">Sending volunteers to CIMA center<\/a>\n\t\t<ul class='children'>\n\t\t\t<li class=\"page_item page-item-1725\"><a href=\"https:\/\/www.ayudart.org\/en\/lassoication-ayudart\/envoi-de-volontaires-au-perou\/envoyer-des-volontaires-au-centre-cima\/virginie-legrand-portraits-denfants\/\">Virginie Legrand, children\u2019s portrait<\/a><\/li>\n\t\t\t<li class=\"page_item page-item-1749\"><a href=\"https:\/\/www.ayudart.org\/en\/lassoication-ayudart\/envoi-de-volontaires-au-perou\/envoyer-des-volontaires-au-centre-cima\/massimo\/\">Massimo<\/a><\/li>\n\t\t\t<li class=\"page_item page-item-2215\"><a href=\"https:\/\/www.ayudart.org\/en\/lassoication-ayudart\/envoi-de-volontaires-au-perou\/envoyer-des-volontaires-au-centre-cima\/quentin-et-matthieu\/\">Quentin et Matthieu<\/a><\/li>\n\t\t<\/ul>\n<\/li>\n\t<\/ul>\n<\/li>\n\t<li class=\"page_item page-item-903\"><a href=\"https:\/\/www.ayudart.org\/en\/lassoication-ayudart\/vente-dartisanat\/\">Sale of crafts<\/a><\/li>\n<\/ul>\n<\/li>\n<li class=\"page_item page-item-8 page_item_has_children\"><a href=\"https:\/\/www.ayudart.org\/en\/le-centre-cima\/\">CIMA Center<\/a>\n<ul class='children'>\n\t<li class=\"page_item page-item-446\"><a href=\"https:\/\/www.ayudart.org\/en\/le-centre-cima\/les-piliers\/\">Les piliers<\/a><\/li>\n\t<li class=\"page_item page-item-448\"><a href=\"https:\/\/www.ayudart.org\/en\/le-centre-cima\/la-formation-technique\/\">Technical training<\/a><\/li>\n\t<li class=\"page_item page-item-450\"><a href=\"https:\/\/www.ayudart.org\/en\/le-centre-cima\/activites-physiques-et-culturelles\/\">Physical and cultural activities<\/a><\/li>\n\t<li class=\"page_item page-item-452\"><a href=\"https:\/\/www.ayudart.org\/en\/le-centre-cima\/les-valeurs-de-cima\/\">Les valeurs de CIMA<\/a><\/li>\n\t<li class=\"page_item page-item-565\"><a href=\"https:\/\/www.ayudart.org\/en\/le-centre-cima\/ou-qui\/\">Who are the children of CIMA?<\/a><\/li>\n\t<li class=\"page_item page-item-570\"><a href=\"https:\/\/www.ayudart.org\/en\/le-centre-cima\/quest-ce-que-cima\/\">(Fran\u00e7ais) Qu\u2019est-ce que CIMA?<\/a><\/li>\n<\/ul>\n<\/li>\n<li class=\"page_item page-item-10 page_item_has_children\"><a href=\"https:\/\/www.ayudart.org\/en\/demarche-ethique\/\">Le commerce \u00e9thique<\/a>\n<ul class='children'>\n\t<li class=\"page_item page-item-3065\"><a href=\"https:\/\/www.ayudart.org\/en\/demarche-ethique\/et\/\">And\u2026<\/a><\/li>\n\t<li class=\"page_item page-item-1254\"><a href=\"https:\/\/www.ayudart.org\/en\/demarche-ethique\/cleofecelia-bonnets-gants-petits-moutons\/\">Cleofecelia : bonnets, gants &#038; petits moutons<\/a><\/li>\n\t<li class=\"page_item page-item-1256\"><a href=\"https:\/\/www.ayudart.org\/en\/demarche-ethique\/pedro-producteur-de-bijoux-en-graines\/\">Pedro: Grain jewel producer<\/a><\/li>\n\t<li class=\"page_item page-item-1262\"><a href=\"https:\/\/www.ayudart.org\/en\/demarche-ethique\/communaute-willoc-patacancha-mantas-et-teinture-de-la-laine\/\">Huilos Patacancha community: blanket and wool<\/a><\/li>\n\t<li class=\"page_item page-item-1450\"><a href=\"https:\/\/www.ayudart.org\/en\/demarche-ethique\/echiquiers\/\">The chessboard of the Huaman family<\/a><\/li>\n\t<li class=\"page_item page-item-1914\"><a href=\"https:\/\/www.ayudart.org\/en\/demarche-ethique\/amanda\/\">Amanda, fruit cribs<\/a><\/li>\n\t<li class=\"page_item page-item-1929\"><a href=\"https:\/\/www.ayudart.org\/en\/demarche-ethique\/cirilio-angelica\/\">Cirilio &#038; Angelica, ceramic crib<\/a><\/li>\n\t<li class=\"page_item page-item-1935\"><a href=\"https:\/\/www.ayudart.org\/en\/demarche-ethique\/cleofecelia\/\">Cleofecelia, a whooly hat, gloves and sheep<\/a><\/li>\n\t<li class=\"page_item page-item-1252\"><a href=\"https:\/\/www.ayudart.org\/en\/demarche-ethique\/domingo-echarpeschales-etoles-en-laine-dalpaga\/\">Domingo, scarf, shawl, alpaca wool stall<\/a><\/li>\n\t<li class=\"page_item page-item-1179\"><a href=\"https:\/\/www.ayudart.org\/en\/demarche-ethique\/manuel-producteur-de-cuir\/\">Manuel, leather producer<\/a><\/li>\n<\/ul>\n<\/li>\n<li class=\"page_item page-item-80\"><a href=\"https:\/\/www.ayudart.org\/en\/acteur-ayudart\/\">Help us<\/a><\/li>\n<li class=\"page_item page-item-3234 page_item_has_children\"><a href=\"https:\/\/www.ayudart.org\/en\/\">Homepage<\/a>\n<ul class='children'>\n\t<li class=\"page_item page-item-462\"><a href=\"https:\/\/www.ayudart.org\/en\/accueil\/contact\/\">Contact<\/a><\/li>\n\t<li class=\"page_item page-item-26\"><a href=\"https:\/\/www.ayudart.org\/en\/accueil\/credits\/\">Cr\u00e9dits<\/a><\/li>\n\t<li class=\"page_item page-item-28\"><a href=\"https:\/\/www.ayudart.org\/en\/accueil\/mentions-legales\/\">Mentions l\u00e9gales<\/a><\/li>\n\t<li class=\"page_item page-item-29\"><a href=\"https:\/\/www.ayudart.org\/en\/accueil\/plan-du-site\/\">Sitemap<\/a><\/li>\n\t<li class=\"page_item page-item-113\"><a href=\"https:\/\/www.ayudart.org\/en\/accueil\/formulaire-dinscription\/\">(Fran\u00e7ais) Formulaire d&#8217;inscription<\/a><\/li>\n<\/ul>\n<\/li>\n<li class=\"page_item page-item-588\"><a href=\"https:\/\/www.ayudart.org\/en\/donnees-administratives\/\">Donn\u00e9es administratives<\/a><\/li>\n<\/ul>\n<\/div>\n<p>&nbsp;<\/p>\n<p>&nbsp;<\/p>\n","protected":false},"excerpt":{"rendered":"<p>&nbsp; &nbsp;<\/p>\n","protected":false},"author":2,"featured_media":0,"parent":3234,"menu_order":0,"comment_status":"closed","ping_status":"closed","template":"","meta":{"footnotes":""},"class_list":["post-29","page","type-page","status-publish","hentry"],"yoast_head":"<!-- This site is optimized with the Yoast SEO plugin v27.4 - https:\/\/yoast.com\/product\/yoast-seo-wordpress\/ -->\n<title>Sitemap<\/title>\n<meta name=\"robots\" content=\"index, follow, max-snippet:-1, max-image-preview:large, max-video-preview:-1\" \/>\n<link rel=\"canonical\" href=\"https:\/\/www.ayudart.org\/en\/accueil\/plan-du-site\/\" \/>\n<meta property=\"og:locale\" content=\"en_US\" \/>\n<meta property=\"og:locale:alternate\" content=\"fr_FR\" \/>\n<meta property=\"og:locale:alternate\" content=\"es_ES\" \/>\n<meta property=\"og:type\" content=\"article\" \/>\n<meta property=\"og:title\" content=\"Sitemap\" \/>\n<meta property=\"og:description\" content=\"&nbsp; &nbsp;\" \/>\n<meta property=\"og:url\" content=\"https:\/\/www.ayudart.org\/en\/accueil\/plan-du-site\/\" \/>\n<meta property=\"og:site_name\" content=\"Ayud&#039;Art - Association d&#039;aide aux enfants des rues du P\u00e9rou\" \/>\n<meta property=\"article:publisher\" content=\"https:\/\/www.facebook.com\/AyudArt\" \/>\n<meta property=\"article:modified_time\" content=\"2018-04-27T13:49:54+00:00\" \/>\n<meta name=\"twitter:card\" content=\"summary_large_image\" \/>\n<script type=\"application\/ld+json\" class=\"yoast-schema-graph\">{\"@context\":\"https:\\\/\\\/schema.org\",\"@graph\":[{\"@type\":\"WebPage\",\"@id\":\"https:\\\/\\\/www.ayudart.org\\\/accueil\\\/plan-du-site\\\/\",\"url\":\"https:\\\/\\\/www.ayudart.org\\\/accueil\\\/plan-du-site\\\/\",\"name\":\"Sitemap\",\"isPartOf\":{\"@id\":\"https:\\\/\\\/www.ayudart.org\\\/#website\"},\"datePublished\":\"2013-01-22T15:34:55+00:00\",\"dateModified\":\"2018-04-27T13:49:54+00:00\",\"breadcrumb\":{\"@id\":\"https:\\\/\\\/www.ayudart.org\\\/accueil\\\/plan-du-site\\\/#breadcrumb\"},\"inLanguage\":\"en-US\",\"potentialAction\":[{\"@type\":\"ReadAction\",\"target\":[\"https:\\\/\\\/www.ayudart.org\\\/accueil\\\/plan-du-site\\\/\"]}]},{\"@type\":\"BreadcrumbList\",\"@id\":\"https:\\\/\\\/www.ayudart.org\\\/accueil\\\/plan-du-site\\\/#breadcrumb\",\"itemListElement\":[{\"@type\":\"ListItem\",\"position\":1,\"name\":\"Accueil\",\"item\":\"https:\\\/\\\/www.ayudart.org\\\/\"},{\"@type\":\"ListItem\",\"position\":2,\"name\":\"Accueil\",\"item\":\"https:\\\/\\\/www.ayudart.org\\\/\"},{\"@type\":\"ListItem\",\"position\":3,\"name\":\"Plan du site\"}]},{\"@type\":\"WebSite\",\"@id\":\"https:\\\/\\\/www.ayudart.org\\\/#website\",\"url\":\"https:\\\/\\\/www.ayudart.org\\\/\",\"name\":\"Ayud'Art - Association d'aide aux enfants des rues du P\u00e9rou\",\"description\":\"\",\"publisher\":{\"@id\":\"https:\\\/\\\/www.ayudart.org\\\/#organization\"},\"potentialAction\":[{\"@type\":\"SearchAction\",\"target\":{\"@type\":\"EntryPoint\",\"urlTemplate\":\"https:\\\/\\\/www.ayudart.org\\\/?s={search_term_string}\"},\"query-input\":{\"@type\":\"PropertyValueSpecification\",\"valueRequired\":true,\"valueName\":\"search_term_string\"}}],\"inLanguage\":\"en-US\"},{\"@type\":\"Organization\",\"@id\":\"https:\\\/\\\/www.ayudart.org\\\/#organization\",\"name\":\"Ayud'Art\",\"url\":\"https:\\\/\\\/www.ayudart.org\\\/\",\"logo\":{\"@type\":\"ImageObject\",\"inLanguage\":\"en-US\",\"@id\":\"https:\\\/\\\/www.ayudart.org\\\/#\\\/schema\\\/logo\\\/image\\\/\",\"url\":\"https:\\\/\\\/www.ayudart.org\\\/wp-content\\\/uploads\\\/2018\\\/03\\\/cropped-logo-1000-1.jpg\",\"contentUrl\":\"https:\\\/\\\/www.ayudart.org\\\/wp-content\\\/uploads\\\/2018\\\/03\\\/cropped-logo-1000-1.jpg\",\"width\":547,\"height\":250,\"caption\":\"Ayud'Art\"},\"image\":{\"@id\":\"https:\\\/\\\/www.ayudart.org\\\/#\\\/schema\\\/logo\\\/image\\\/\"},\"sameAs\":[\"https:\\\/\\\/www.facebook.com\\\/AyudArt\",\"https:\\\/\\\/www.instagram.com\\\/ayud.art\\\/\",\"https:\\\/\\\/www.linkedin.com\\\/groups\\\/27245\\\/profile\"]}]}<\/script>\n<!-- \/ Yoast SEO plugin. -->","yoast_head_json":{"title":"Sitemap","robots":{"index":"index","follow":"follow","max-snippet":"max-snippet:-1","max-image-preview":"max-image-preview:large","max-video-preview":"max-video-preview:-1"},"canonical":"https:\/\/www.ayudart.org\/en\/accueil\/plan-du-site\/","og_locale":"en_US","og_type":"article","og_title":"[:fr]Plan du site[:es]Mapa del sitio web[:en]Sitemap[:] - Ayud'Art - Association d'aide aux enfants des rues du P\u00e9rou","og_description":"&nbsp; &nbsp;","og_url":"https:\/\/www.ayudart.org\/en\/accueil\/plan-du-site\/","og_site_name":"Ayud'Art - Association d'aide aux enfants des rues du P\u00e9rou","article_publisher":"https:\/\/www.facebook.com\/AyudArt","article_modified_time":"2018-04-27T13:49:54+00:00","twitter_card":"summary_large_image","schema":{"@context":"https:\/\/schema.org","@graph":[{"@type":"WebPage","@id":"https:\/\/www.ayudart.org\/accueil\/plan-du-site\/","url":"https:\/\/www.ayudart.org\/accueil\/plan-du-site\/","name":"Sitemap","isPartOf":{"@id":"https:\/\/www.ayudart.org\/#website"},"datePublished":"2013-01-22T15:34:55+00:00","dateModified":"2018-04-27T13:49:54+00:00","breadcrumb":{"@id":"https:\/\/www.ayudart.org\/accueil\/plan-du-site\/#breadcrumb"},"inLanguage":"en-US","potentialAction":[{"@type":"ReadAction","target":["https:\/\/www.ayudart.org\/accueil\/plan-du-site\/"]}]},{"@type":"BreadcrumbList","@id":"https:\/\/www.ayudart.org\/accueil\/plan-du-site\/#breadcrumb","itemListElement":[{"@type":"ListItem","position":1,"name":"Accueil","item":"https:\/\/www.ayudart.org\/"},{"@type":"ListItem","position":2,"name":"Accueil","item":"https:\/\/www.ayudart.org\/"},{"@type":"ListItem","position":3,"name":"Plan du site"}]},{"@type":"WebSite","@id":"https:\/\/www.ayudart.org\/#website","url":"https:\/\/www.ayudart.org\/","name":"Ayud'Art - Association d'aide aux enfants des rues du P\u00e9rou","description":"","publisher":{"@id":"https:\/\/www.ayudart.org\/#organization"},"potentialAction":[{"@type":"SearchAction","target":{"@type":"EntryPoint","urlTemplate":"https:\/\/www.ayudart.org\/?s={search_term_string}"},"query-input":{"@type":"PropertyValueSpecification","valueRequired":true,"valueName":"search_term_string"}}],"inLanguage":"en-US"},{"@type":"Organization","@id":"https:\/\/www.ayudart.org\/#organization","name":"Ayud'Art","url":"https:\/\/www.ayudart.org\/","logo":{"@type":"ImageObject","inLanguage":"en-US","@id":"https:\/\/www.ayudart.org\/#\/schema\/logo\/image\/","url":"https:\/\/www.ayudart.org\/wp-content\/uploads\/2018\/03\/cropped-logo-1000-1.jpg","contentUrl":"https:\/\/www.ayudart.org\/wp-content\/uploads\/2018\/03\/cropped-logo-1000-1.jpg","width":547,"height":250,"caption":"Ayud'Art"},"image":{"@id":"https:\/\/www.ayudart.org\/#\/schema\/logo\/image\/"},"sameAs":["https:\/\/www.facebook.com\/AyudArt","https:\/\/www.instagram.com\/ayud.art\/","https:\/\/www.linkedin.com\/groups\/27245\/profile"]}]}},"_links":{"self":[{"href":"https:\/\/www.ayudart.org\/en\/wp-json\/wp\/v2\/pages\/29","targetHints":{"allow":["GET"]}}],"collection":[{"href":"https:\/\/www.ayudart.org\/en\/wp-json\/wp\/v2\/pages"}],"about":[{"href":"https:\/\/www.ayudart.org\/en\/wp-json\/wp\/v2\/types\/page"}],"author":[{"embeddable":true,"href":"https:\/\/www.ayudart.org\/en\/wp-json\/wp\/v2\/users\/2"}],"replies":[{"embeddable":true,"href":"https:\/\/www.ayudart.org\/en\/wp-json\/wp\/v2\/comments?post=29"}],"version-history":[{"count":13,"href":"https:\/\/www.ayudart.org\/en\/wp-json\/wp\/v2\/pages\/29\/revisions"}],"predecessor-version":[{"id":3536,"href":"https:\/\/www.ayudart.org\/en\/wp-json\/wp\/v2\/pages\/29\/revisions\/3536"}],"up":[{"embeddable":true,"href":"https:\/\/www.ayudart.org\/en\/wp-json\/wp\/v2\/pages\/3234"}],"wp:attachment":[{"href":"https:\/\/www.ayudart.org\/en\/wp-json\/wp\/v2\/media?parent=29"}],"curies":[{"name":"wp","href":"https:\/\/api.w.org\/{rel}","templated":true}]}}