{"id":28,"date":"2013-01-22T16:34:31","date_gmt":"2013-01-22T15:34:31","guid":{"rendered":"\/?page_id=28"},"modified":"2018-04-13T16:49:01","modified_gmt":"2018-04-13T14:49:01","slug":"mentions-legales","status":"publish","type":"page","link":"https:\/\/www.ayudart.org\/en\/accueil\/mentions-legales\/","title":{"rendered":"Mentions l\u00e9gales"},"content":{"rendered":"<p><!--:fr--><span style=\"text-decoration: underline;\">Directeur de la Publication :<\/span><\/p>\n<p style=\"padding-left: 30px;\">Elise Gonnet<\/p>\n<p><span style=\"text-decoration: underline;\">Association :<\/span><\/p>\n<p style=\"padding-left: 30px;\">Ayud&#8217;Art, Enfants des Rues du P\u00e9rou<br \/>\n26 bis rue hermite, 54000 Nancy, FRANCE<br \/>\n06 88 57 85 55<\/p>\n<p><span style=\"text-decoration: underline;\">H\u00e9bergement :<\/span><\/p>\n<p style=\"padding-left: 30px;\">OVH<br \/>\n2 rue Kellermann, 59100 Roubaix, FRANCE<br \/>\n<a href=\"http:\/\/www.ovh.com\">www.ovh.com<\/a><\/p>\n<p><span style=\"text-decoration: underline;\">Droits d&#8217;auteur &#8211; Droits de reproduction : <\/span><\/p>\n<p style=\"padding-left: 30px;\">Le contenu de ce site est prot\u00e9g\u00e9 par le droit d\u2019auteur. Tous droits r\u00e9serv\u00e9s exclusifs.<br \/>\nL&#8217;ensemble de ce site rel\u00e8ve de la l\u00e9gislation fran\u00e7aise et internationale sur les droits d&#8217;auteur et la propri\u00e9t\u00e9 intellectuelle. Tous les droits de reproduction sont r\u00e9serv\u00e9s, y compris les repr\u00e9sentations iconographiques et photographiques. La reproduction de tout ou partie de ce site sur un support quel qu&#8217;il soit ou l&#8217;exploitation commerciale m\u00eame partielle des donn\u00e9es qui y sont pr\u00e9sent\u00e9es est formellement interdite sans l&#8217;accord pr\u00e9alable et \u00e9crit du directeur de publication, responsable du site. De m\u00eame, le contenu du site web ne peut \u00eatre copi\u00e9, transf\u00e9r\u00e9, publi\u00e9, distribu\u00e9, modifi\u00e9, r\u00e9utilis\u00e9 ou plac\u00e9 sur d\u2019autres sites web, documents ou tout autre support sans autorisation pr\u00e9alable et \u00e9crite du directeur de publication, responsable du site.<br \/>\nTous les droits de propri\u00e9t\u00e9 intellectuelle contenus dans le site web, y compris les droits d\u2019auteurs, marques, secret industriel et brevets sont r\u00e9serv\u00e9s et leur utilisation sans l\u2019autorisation \u00e9crite pr\u00e9alable de leur propri\u00e9taire est strictement interdite. Aucun \u00e9l\u00e9ment contenu dans le site web ayudart.org ne conf\u00e8re explicitement ou implicitement de droit quelconque sur les droits de propri\u00e9t\u00e9 intellectuelle (et notamment, sur les noms, marques, logos, nom de domaine d&#8217;Ayud&#8217;Art).<\/p>\n<p>&nbsp;<!--:--><!--:es--><span style=\"text-decoration: underline;\">Director de la Publicaci\u00f3n :<\/span><\/p>\n<p style=\"padding-left: 30px;\">Elise Gonnet<\/p>\n<p><span style=\"text-decoration: underline;\">Asociaci\u00f3n :<\/span><\/p>\n<p style=\"padding-left: 30px;\">Ayud&#8217;Art, Enfants des Rues du P\u00e9rou<br \/>\n26 bis rue hermite, 54000 Nancy, FRANCE<br \/>\n06 88 57 85 55<\/p>\n<p><span style=\"text-decoration: underline;\">Alojamiento del sitio web :<\/span><\/p>\n<p style=\"padding-left: 30px;\">OVH<br \/>\n2 rue Kellermann, 59100 Roubaix, FRANCE<br \/>\n<a href=\"http:\/\/www.ovh.com\">www.ovh.com<\/a><\/p>\n<p><span style=\"text-decoration: underline;\">Derechos de autor &#8211; Derechos de reproducci\u00f3n :<\/span><\/p>\n<p style=\"padding-left: 30px;\">El contenido de este sitio se encuentra protegido por el derecho de autor.<br \/>\nTodos derechos reservados exclusivos. El conjunto de este sitio est\u00e1 sometido a la legislaci\u00f3n francesa e internacional sobre los derechos de autor y la propiedad intelectual. Se reserva todos los derechos de reproducci\u00f3n, incluso las representaciones iconogr\u00e1ficas y fotogr\u00e1ficas. Se proh\u00edbe terminantemente la reproducci\u00f3n de la totalidad o de parte de este sitio en cualquier soporte o la explotaci\u00f3n comercial, incluso parcial, de los datos presentados en \u00e9l sin el acuerdo previo y escrito del director de publicaci\u00f3n, responsable del sitio. Del mismo modo, no se puede copiar, transferir, publicar, distribuir, modificar, usar de nuevo o poner en otros sitios web, documentos o todo soporte otro el contenido del sitio web sin el acuerdo previo y escrito del director de publicaci\u00f3n, responsable del sitio.<br \/>\nSe reserva todos los derechos de propiedad intelectual contenidos en el sitio web, incluso los derechos de autores, marcas, secreto industrial y patentes y se proh\u00edbe terminantemente su utilizaci\u00f3n sin el acuerdo previo y escrito de su propietario. Ning\u00fan elemento contenido en el sitio web ayudart.org confiere expl\u00edcita o impl\u00edcitamente derecho alguno sobre los derechos de propiedad intelectual (y, en particular, sobre los nombres, marcas, logotipos, nombre de dominio de Ayud&#8217;Art). <\/p>\n<p>&nbsp;<!--:--><!--:en--><span style=\"text-decoration: underline;\">Directeur de la Publication :<\/span><\/p>\n<p style=\"padding-left: 30px;\">Elise Gonnet<\/p>\n<p><span style=\"text-decoration: underline;\">Association :<\/span><\/p>\n<p style=\"padding-left: 30px;\">Ayud&#8217;Art, Enfants des Rues du P\u00e9rou<br \/>\n26 bis rue hermite, 54000 Nancy, FRANCE<br \/>\n06 88 57 85 55<\/p>\n<p><span style=\"text-decoration: underline;\">H\u00e9bergement :<\/span><\/p>\n<p style=\"padding-left: 30px;\">OVH<br \/>\n2 rue Kellermann, 59100 Roubaix, FRANCE<br \/>\n<a href=\"http:\/\/www.ovh.com\">www.ovh.com<\/a><\/p>\n<p><span style=\"text-decoration: underline;\">Droits d&#8217;auteur &#8211; Droits de reproduction : <\/span><\/p>\n<p style=\"padding-left: 30px;\">Le contenu de ce site est prot\u00e9g\u00e9 par le droit d\u2019auteur. Tous droits r\u00e9serv\u00e9s exclusifs.<br \/>\nL&#8217;ensemble de ce site rel\u00e8ve de la l\u00e9gislation fran\u00e7aise et internationale sur les droits d&#8217;auteur et la propri\u00e9t\u00e9 intellectuelle. Tous les droits de reproduction sont r\u00e9serv\u00e9s, y compris les repr\u00e9sentations iconographiques et photographiques. La reproduction de tout ou partie de ce site sur un support quel qu&#8217;il soit ou l&#8217;exploitation commerciale m\u00eame partielle des donn\u00e9es qui y sont pr\u00e9sent\u00e9es est formellement interdite sans l&#8217;accord pr\u00e9alable et \u00e9crit du directeur de publication, responsable du site. De m\u00eame, le contenu du site web ne peut \u00eatre copi\u00e9, transf\u00e9r\u00e9, publi\u00e9, distribu\u00e9, modifi\u00e9, r\u00e9utilis\u00e9 ou plac\u00e9 sur d\u2019autres sites web, documents ou tout autre support sans autorisation pr\u00e9alable et \u00e9crite du directeur de publication, responsable du site.<br \/>\nTous les droits de propri\u00e9t\u00e9 intellectuelle contenus dans le site web, y compris les droits d\u2019auteurs, marques, secret industriel et brevets sont r\u00e9serv\u00e9s et leur utilisation sans l\u2019autorisation \u00e9crite pr\u00e9alable de leur propri\u00e9taire est strictement interdite. Aucun \u00e9l\u00e9ment contenu dans le site web ayudart.org ne conf\u00e8re explicitement ou implicitement de droit quelconque sur les droits de propri\u00e9t\u00e9 intellectuelle (et notamment, sur les noms, marques, logos, nom de domaine d&#8217;Ayud&#8217;Art).<\/p>\n<p>&nbsp;<!--:--><\/p>\n","protected":false},"excerpt":{"rendered":"<p>Directeur de la Publication : Elise Gonnet Association : Ayud&#8217;Art, Enfants des Rues du P\u00e9rou 26 bis rue hermite, 54000 Nancy, FRANCE 06 88 57 85 55 H\u00e9bergement : OVH 2 rue Kellermann, 59100 Roubaix, FRANCE www.ovh.com Droits d&#8217;auteur &#8211; Droits de reproduction : Le contenu de ce site est prot\u00e9g\u00e9 par le droit d\u2019auteur. &hellip; <\/p>\n<p class=\"link-more\"><a href=\"https:\/\/www.ayudart.org\/en\/accueil\/mentions-legales\/\" class=\"more-link\">Continue reading<span class=\"screen-reader-text\"> &#8220;Mentions l\u00e9gales&#8221;<\/span><\/a><\/p>\n","protected":false},"author":2,"featured_media":0,"parent":3234,"menu_order":0,"comment_status":"closed","ping_status":"closed","template":"","meta":{"footnotes":""},"class_list":["post-28","page","type-page","status-publish","hentry"],"yoast_head":"<!-- This site is optimized with the Yoast SEO plugin v27.3 - https:\/\/yoast.com\/product\/yoast-seo-wordpress\/ -->\n<title>Mentions l\u00e9gales<\/title>\n<meta name=\"robots\" content=\"index, follow, max-snippet:-1, max-image-preview:large, max-video-preview:-1\" \/>\n<link rel=\"canonical\" href=\"https:\/\/www.ayudart.org\/en\/accueil\/mentions-legales\/\" \/>\n<meta property=\"og:locale\" content=\"en_US\" \/>\n<meta property=\"og:locale:alternate\" content=\"fr_FR\" \/>\n<meta property=\"og:locale:alternate\" content=\"es_ES\" \/>\n<meta property=\"og:type\" content=\"article\" \/>\n<meta property=\"og:title\" content=\"Mentions l\u00e9gales\" \/>\n<meta property=\"og:description\" content=\"Directeur de la Publication : Elise Gonnet Association : Ayud&#8217;Art, Enfants des Rues du P\u00e9rou 26 bis rue hermite, 54000 Nancy, FRANCE 06 88 57 85 55 H\u00e9bergement : OVH 2 rue Kellermann, 59100 Roubaix, FRANCE www.ovh.com Droits d&#8217;auteur &#8211; Droits de reproduction : Le contenu de ce site est prot\u00e9g\u00e9 par le droit d\u2019auteur. &hellip; Continue reading &quot;Mentions l\u00e9gales&quot;\" \/>\n<meta property=\"og:url\" content=\"https:\/\/www.ayudart.org\/en\/accueil\/mentions-legales\/\" \/>\n<meta property=\"og:site_name\" content=\"Ayud&#039;Art - Association d&#039;aide aux enfants des rues du P\u00e9rou\" \/>\n<meta property=\"article:publisher\" content=\"https:\/\/www.facebook.com\/AyudArt\" \/>\n<meta property=\"article:modified_time\" content=\"2018-04-13T14:49:01+00:00\" \/>\n<meta name=\"twitter:card\" content=\"summary_large_image\" \/>\n<meta name=\"twitter:label1\" content=\"Est. reading time\" \/>\n\t<meta name=\"twitter:data1\" content=\"4 minutes\" \/>\n<script type=\"application\/ld+json\" class=\"yoast-schema-graph\">{\"@context\":\"https:\\\/\\\/schema.org\",\"@graph\":[{\"@type\":\"WebPage\",\"@id\":\"https:\\\/\\\/www.ayudart.org\\\/accueil\\\/mentions-legales\\\/\",\"url\":\"https:\\\/\\\/www.ayudart.org\\\/accueil\\\/mentions-legales\\\/\",\"name\":\"Mentions l\u00e9gales\",\"isPartOf\":{\"@id\":\"https:\\\/\\\/www.ayudart.org\\\/#website\"},\"datePublished\":\"2013-01-22T15:34:31+00:00\",\"dateModified\":\"2018-04-13T14:49:01+00:00\",\"breadcrumb\":{\"@id\":\"https:\\\/\\\/www.ayudart.org\\\/accueil\\\/mentions-legales\\\/#breadcrumb\"},\"inLanguage\":\"en-US\",\"potentialAction\":[{\"@type\":\"ReadAction\",\"target\":[\"https:\\\/\\\/www.ayudart.org\\\/accueil\\\/mentions-legales\\\/\"]}]},{\"@type\":\"BreadcrumbList\",\"@id\":\"https:\\\/\\\/www.ayudart.org\\\/accueil\\\/mentions-legales\\\/#breadcrumb\",\"itemListElement\":[{\"@type\":\"ListItem\",\"position\":1,\"name\":\"Accueil\",\"item\":\"https:\\\/\\\/www.ayudart.org\\\/\"},{\"@type\":\"ListItem\",\"position\":2,\"name\":\"Accueil\",\"item\":\"https:\\\/\\\/www.ayudart.org\\\/\"},{\"@type\":\"ListItem\",\"position\":3,\"name\":\"Mentions l\u00e9gales\"}]},{\"@type\":\"WebSite\",\"@id\":\"https:\\\/\\\/www.ayudart.org\\\/#website\",\"url\":\"https:\\\/\\\/www.ayudart.org\\\/\",\"name\":\"Ayud'Art - Association d'aide aux enfants des rues du P\u00e9rou\",\"description\":\"\",\"publisher\":{\"@id\":\"https:\\\/\\\/www.ayudart.org\\\/#organization\"},\"potentialAction\":[{\"@type\":\"SearchAction\",\"target\":{\"@type\":\"EntryPoint\",\"urlTemplate\":\"https:\\\/\\\/www.ayudart.org\\\/?s={search_term_string}\"},\"query-input\":{\"@type\":\"PropertyValueSpecification\",\"valueRequired\":true,\"valueName\":\"search_term_string\"}}],\"inLanguage\":\"en-US\"},{\"@type\":\"Organization\",\"@id\":\"https:\\\/\\\/www.ayudart.org\\\/#organization\",\"name\":\"Ayud'Art\",\"url\":\"https:\\\/\\\/www.ayudart.org\\\/\",\"logo\":{\"@type\":\"ImageObject\",\"inLanguage\":\"en-US\",\"@id\":\"https:\\\/\\\/www.ayudart.org\\\/#\\\/schema\\\/logo\\\/image\\\/\",\"url\":\"https:\\\/\\\/www.ayudart.org\\\/wp-content\\\/uploads\\\/2018\\\/03\\\/cropped-logo-1000-1.jpg\",\"contentUrl\":\"https:\\\/\\\/www.ayudart.org\\\/wp-content\\\/uploads\\\/2018\\\/03\\\/cropped-logo-1000-1.jpg\",\"width\":547,\"height\":250,\"caption\":\"Ayud'Art\"},\"image\":{\"@id\":\"https:\\\/\\\/www.ayudart.org\\\/#\\\/schema\\\/logo\\\/image\\\/\"},\"sameAs\":[\"https:\\\/\\\/www.facebook.com\\\/AyudArt\",\"https:\\\/\\\/www.instagram.com\\\/ayud.art\\\/\",\"https:\\\/\\\/www.linkedin.com\\\/groups\\\/27245\\\/profile\"]}]}<\/script>\n<!-- \/ Yoast SEO plugin. -->","yoast_head_json":{"title":"Mentions l\u00e9gales","robots":{"index":"index","follow":"follow","max-snippet":"max-snippet:-1","max-image-preview":"max-image-preview:large","max-video-preview":"max-video-preview:-1"},"canonical":"https:\/\/www.ayudart.org\/en\/accueil\/mentions-legales\/","og_locale":"en_US","og_type":"article","og_title":"[:fr]Mentions l\u00e9gales[:es]Menciones legales[:en]Mentions l\u00e9gales[:] - Ayud'Art - Association d'aide aux enfants des rues du P\u00e9rou","og_description":"Directeur de la Publication : Elise Gonnet Association : Ayud&#8217;Art, Enfants des Rues du P\u00e9rou 26 bis rue hermite, 54000 Nancy, FRANCE 06 88 57 85 55 H\u00e9bergement : OVH 2 rue Kellermann, 59100 Roubaix, FRANCE www.ovh.com Droits d&#8217;auteur &#8211; Droits de reproduction : Le contenu de ce site est prot\u00e9g\u00e9 par le droit d\u2019auteur. &hellip; Continue reading \"Mentions l\u00e9gales\"","og_url":"https:\/\/www.ayudart.org\/en\/accueil\/mentions-legales\/","og_site_name":"Ayud'Art - Association d'aide aux enfants des rues du P\u00e9rou","article_publisher":"https:\/\/www.facebook.com\/AyudArt","article_modified_time":"2018-04-13T14:49:01+00:00","twitter_card":"summary_large_image","twitter_misc":{"Est. reading time":"4 minutes"},"schema":{"@context":"https:\/\/schema.org","@graph":[{"@type":"WebPage","@id":"https:\/\/www.ayudart.org\/accueil\/mentions-legales\/","url":"https:\/\/www.ayudart.org\/accueil\/mentions-legales\/","name":"Mentions l\u00e9gales","isPartOf":{"@id":"https:\/\/www.ayudart.org\/#website"},"datePublished":"2013-01-22T15:34:31+00:00","dateModified":"2018-04-13T14:49:01+00:00","breadcrumb":{"@id":"https:\/\/www.ayudart.org\/accueil\/mentions-legales\/#breadcrumb"},"inLanguage":"en-US","potentialAction":[{"@type":"ReadAction","target":["https:\/\/www.ayudart.org\/accueil\/mentions-legales\/"]}]},{"@type":"BreadcrumbList","@id":"https:\/\/www.ayudart.org\/accueil\/mentions-legales\/#breadcrumb","itemListElement":[{"@type":"ListItem","position":1,"name":"Accueil","item":"https:\/\/www.ayudart.org\/"},{"@type":"ListItem","position":2,"name":"Accueil","item":"https:\/\/www.ayudart.org\/"},{"@type":"ListItem","position":3,"name":"Mentions l\u00e9gales"}]},{"@type":"WebSite","@id":"https:\/\/www.ayudart.org\/#website","url":"https:\/\/www.ayudart.org\/","name":"Ayud'Art - Association d'aide aux enfants des rues du P\u00e9rou","description":"","publisher":{"@id":"https:\/\/www.ayudart.org\/#organization"},"potentialAction":[{"@type":"SearchAction","target":{"@type":"EntryPoint","urlTemplate":"https:\/\/www.ayudart.org\/?s={search_term_string}"},"query-input":{"@type":"PropertyValueSpecification","valueRequired":true,"valueName":"search_term_string"}}],"inLanguage":"en-US"},{"@type":"Organization","@id":"https:\/\/www.ayudart.org\/#organization","name":"Ayud'Art","url":"https:\/\/www.ayudart.org\/","logo":{"@type":"ImageObject","inLanguage":"en-US","@id":"https:\/\/www.ayudart.org\/#\/schema\/logo\/image\/","url":"https:\/\/www.ayudart.org\/wp-content\/uploads\/2018\/03\/cropped-logo-1000-1.jpg","contentUrl":"https:\/\/www.ayudart.org\/wp-content\/uploads\/2018\/03\/cropped-logo-1000-1.jpg","width":547,"height":250,"caption":"Ayud'Art"},"image":{"@id":"https:\/\/www.ayudart.org\/#\/schema\/logo\/image\/"},"sameAs":["https:\/\/www.facebook.com\/AyudArt","https:\/\/www.instagram.com\/ayud.art\/","https:\/\/www.linkedin.com\/groups\/27245\/profile"]}]}},"_links":{"self":[{"href":"https:\/\/www.ayudart.org\/en\/wp-json\/wp\/v2\/pages\/28","targetHints":{"allow":["GET"]}}],"collection":[{"href":"https:\/\/www.ayudart.org\/en\/wp-json\/wp\/v2\/pages"}],"about":[{"href":"https:\/\/www.ayudart.org\/en\/wp-json\/wp\/v2\/types\/page"}],"author":[{"embeddable":true,"href":"https:\/\/www.ayudart.org\/en\/wp-json\/wp\/v2\/users\/2"}],"replies":[{"embeddable":true,"href":"https:\/\/www.ayudart.org\/en\/wp-json\/wp\/v2\/comments?post=28"}],"version-history":[{"count":1,"href":"https:\/\/www.ayudart.org\/en\/wp-json\/wp\/v2\/pages\/28\/revisions"}],"predecessor-version":[{"id":3352,"href":"https:\/\/www.ayudart.org\/en\/wp-json\/wp\/v2\/pages\/28\/revisions\/3352"}],"up":[{"embeddable":true,"href":"https:\/\/www.ayudart.org\/en\/wp-json\/wp\/v2\/pages\/3234"}],"wp:attachment":[{"href":"https:\/\/www.ayudart.org\/en\/wp-json\/wp\/v2\/media?parent=28"}],"curies":[{"name":"wp","href":"https:\/\/api.w.org\/{rel}","templated":true}]}}