{"id":1929,"date":"2013-05-20T09:28:46","date_gmt":"2013-05-20T07:28:46","guid":{"rendered":"\/?page_id=1929"},"modified":"2018-12-21T21:46:42","modified_gmt":"2018-12-21T20:46:42","slug":"cirilio-angelica","status":"publish","type":"page","link":"https:\/\/www.ayudart.org\/en\/demarche-ethique\/cirilio-angelica\/","title":{"rendered":"Cirilio &#038; Angelica, ceramic crib"},"content":{"rendered":"<p>Clay, Andes ground, agility, meticulousness, engobes, natural color, Ayacucho traditions, brush in Alpaca bristle, patience and the love of pottery\u2026<\/p>\n<p>It is your turn to discover Cirilio family. Their art gives life and color to Peru\u2019s ground.<\/p>\n<div style=\"text-align: center;\"><iframe loading=\"lazy\" src=\"https:\/\/www.youtube.com\/embed\/q1QQKT4rnX0\" width=\"420\" height=\"315\" frameborder=\"0\" allowfullscreen=\"allowfullscreen\"><\/iframe><\/div>\n<table>\n<tbody>\n<tr>\n<td><a href=\"https:\/\/www.ayudart.org\/wp-content\/uploads\/2013\/05\/0-Cirilio.v2.jpg\"><img loading=\"lazy\" decoding=\"async\" class=\"size-thumbnail wp-image-2610 aligncenter\" src=\"https:\/\/www.ayudart.org\/wp-content\/uploads\/2013\/05\/0-Cirilio.v2-150x150.jpg\" alt=\"Cirilio.\" width=\"150\" height=\"150\" srcset=\"https:\/\/www.ayudart.org\/wp-content\/uploads\/2013\/05\/0-Cirilio.v2-150x150.jpg 150w, https:\/\/www.ayudart.org\/wp-content\/uploads\/2013\/05\/0-Cirilio.v2-100x100.jpg 100w\" sizes=\"auto, (max-width: 150px) 100vw, 150px\" \/><\/a><\/td>\n<td><a href=\"https:\/\/www.ayudart.org\/wp-content\/uploads\/2013\/05\/1-la-famille-de-cirilio-produit-dans-latelier..v2.jpg\"><img loading=\"lazy\" decoding=\"async\" class=\"size-thumbnail wp-image-2611 aligncenter\" src=\"https:\/\/www.ayudart.org\/wp-content\/uploads\/2013\/05\/1-la-famille-de-cirilio-produit-dans-latelier..v2-150x150.jpg\" alt=\"La famille de Cirilio produit les cr\u00e8ches en c\u00e9ramique dans leur atelier de Lima.\" width=\"150\" height=\"150\" srcset=\"https:\/\/www.ayudart.org\/wp-content\/uploads\/2013\/05\/1-la-famille-de-cirilio-produit-dans-latelier..v2-150x150.jpg 150w, https:\/\/www.ayudart.org\/wp-content\/uploads\/2013\/05\/1-la-famille-de-cirilio-produit-dans-latelier..v2-100x100.jpg 100w\" sizes=\"auto, (max-width: 150px) 100vw, 150px\" \/><\/a><\/td>\n<td><a href=\"https:\/\/www.ayudart.org\/wp-content\/uploads\/2013\/05\/2.-Modeler-la-terre..v2.jpg\"><img loading=\"lazy\" decoding=\"async\" class=\"size-thumbnail wp-image-2612 aligncenter\" src=\"https:\/\/www.ayudart.org\/wp-content\/uploads\/2013\/05\/2.-Modeler-la-terre..v2-150x150.jpg\" alt=\"Modeler la terre.\" width=\"150\" height=\"150\" srcset=\"https:\/\/www.ayudart.org\/wp-content\/uploads\/2013\/05\/2.-Modeler-la-terre..v2-150x150.jpg 150w, https:\/\/www.ayudart.org\/wp-content\/uploads\/2013\/05\/2.-Modeler-la-terre..v2-100x100.jpg 100w\" sizes=\"auto, (max-width: 150px) 100vw, 150px\" \/><\/a><\/td>\n<td><a href=\"https:\/\/www.ayudart.org\/wp-content\/uploads\/2013\/05\/2-2.v2.jpg\"><img loading=\"lazy\" decoding=\"async\" class=\"size-thumbnail wp-image-2613 aligncenter\" src=\"https:\/\/www.ayudart.org\/wp-content\/uploads\/2013\/05\/2-2.v2-150x150.jpg\" alt=\"\" width=\"150\" height=\"150\" srcset=\"https:\/\/www.ayudart.org\/wp-content\/uploads\/2013\/05\/2-2.v2-150x150.jpg 150w, https:\/\/www.ayudart.org\/wp-content\/uploads\/2013\/05\/2-2.v2-100x100.jpg 100w\" sizes=\"auto, (max-width: 150px) 100vw, 150px\" \/><\/a><\/td>\n<\/tr>\n<tr>\n<td><a href=\"https:\/\/www.ayudart.org\/wp-content\/uploads\/2013\/05\/3-Mouler-la-terre..v2.jpg\"><img loading=\"lazy\" decoding=\"async\" class=\"size-thumbnail wp-image-2614 aligncenter\" src=\"https:\/\/www.ayudart.org\/wp-content\/uploads\/2013\/05\/3-Mouler-la-terre..v2-150x150.jpg\" alt=\"Mouler la terre.\" width=\"150\" height=\"150\" srcset=\"https:\/\/www.ayudart.org\/wp-content\/uploads\/2013\/05\/3-Mouler-la-terre..v2-150x150.jpg 150w, https:\/\/www.ayudart.org\/wp-content\/uploads\/2013\/05\/3-Mouler-la-terre..v2-100x100.jpg 100w\" sizes=\"auto, (max-width: 150px) 100vw, 150px\" \/><\/a><\/td>\n<td><a href=\"https:\/\/www.ayudart.org\/wp-content\/uploads\/2013\/05\/4-Cuire-les-pi\u00e8ces-model\u00e9es-et-moul\u00e9\u00e9es..v2.jpg\"><img loading=\"lazy\" decoding=\"async\" class=\"size-thumbnail wp-image-2615 aligncenter\" src=\"https:\/\/www.ayudart.org\/wp-content\/uploads\/2013\/05\/4-Cuire-les-pi\u00e8ces-model\u00e9es-et-moul\u00e9\u00e9es..v2-150x150.jpg\" alt=\"Cuire les pi\u00e8ces model\u00e9es et moul\u00e9es.\" width=\"150\" height=\"150\" srcset=\"https:\/\/www.ayudart.org\/wp-content\/uploads\/2013\/05\/4-Cuire-les-pi\u00e8ces-model\u00e9es-et-moul\u00e9\u00e9es..v2-150x150.jpg 150w, https:\/\/www.ayudart.org\/wp-content\/uploads\/2013\/05\/4-Cuire-les-pi\u00e8ces-model\u00e9es-et-moul\u00e9\u00e9es..v2-100x100.jpg 100w\" sizes=\"auto, (max-width: 150px) 100vw, 150px\" \/><\/a><\/td>\n<td><a href=\"https:\/\/www.ayudart.org\/wp-content\/uploads\/2013\/05\/5-Laisser-refroidir-avant-de-peindre..v2.jpg\"><img loading=\"lazy\" decoding=\"async\" class=\"size-thumbnail wp-image-2616 aligncenter\" src=\"https:\/\/www.ayudart.org\/wp-content\/uploads\/2013\/05\/5-Laisser-refroidir-avant-de-peindre..v2-150x150.jpg\" alt=\"Laisser refroidir avant de peindre.\" width=\"150\" height=\"150\" srcset=\"https:\/\/www.ayudart.org\/wp-content\/uploads\/2013\/05\/5-Laisser-refroidir-avant-de-peindre..v2-150x150.jpg 150w, https:\/\/www.ayudart.org\/wp-content\/uploads\/2013\/05\/5-Laisser-refroidir-avant-de-peindre..v2-100x100.jpg 100w\" sizes=\"auto, (max-width: 150px) 100vw, 150px\" \/><\/a><\/td>\n<td><a href=\"https:\/\/www.ayudart.org\/wp-content\/uploads\/2013\/05\/6-peindre.v2.jpg\"><img loading=\"lazy\" decoding=\"async\" class=\"size-thumbnail wp-image-2617 aligncenter\" src=\"https:\/\/www.ayudart.org\/wp-content\/uploads\/2013\/05\/6-peindre.v2-150x150.jpg\" alt=\"Peindre.\" width=\"150\" height=\"150\" srcset=\"https:\/\/www.ayudart.org\/wp-content\/uploads\/2013\/05\/6-peindre.v2-150x150.jpg 150w, https:\/\/www.ayudart.org\/wp-content\/uploads\/2013\/05\/6-peindre.v2-100x100.jpg 100w\" sizes=\"auto, (max-width: 150px) 100vw, 150px\" \/><\/a><\/td>\n<\/tr>\n<tr>\n<td><a href=\"https:\/\/www.ayudart.org\/wp-content\/uploads\/2013\/05\/7-Laisser-s\u00e9cher..v2.jpg\"><img loading=\"lazy\" decoding=\"async\" class=\"size-thumbnail wp-image-2618 aligncenter\" src=\"https:\/\/www.ayudart.org\/wp-content\/uploads\/2013\/05\/7-Laisser-s\u00e9cher..v2-150x150.jpg\" alt=\"Laisser s\u00e9cher.\" width=\"150\" height=\"150\" srcset=\"https:\/\/www.ayudart.org\/wp-content\/uploads\/2013\/05\/7-Laisser-s\u00e9cher..v2-150x150.jpg 150w, https:\/\/www.ayudart.org\/wp-content\/uploads\/2013\/05\/7-Laisser-s\u00e9cher..v2-100x100.jpg 100w\" sizes=\"auto, (max-width: 150px) 100vw, 150px\" \/><\/a><\/td>\n<td><a href=\"https:\/\/www.ayudart.org\/wp-content\/uploads\/2013\/05\/8-Peindre-les-d\u00e9tails..v2.jpg\"><img loading=\"lazy\" decoding=\"async\" class=\"size-thumbnail wp-image-2619 aligncenter\" src=\"https:\/\/www.ayudart.org\/wp-content\/uploads\/2013\/05\/8-Peindre-les-d\u00e9tails..v2-150x150.jpg\" alt=\"Peindre les d\u00e9tails.\" width=\"150\" height=\"150\" srcset=\"https:\/\/www.ayudart.org\/wp-content\/uploads\/2013\/05\/8-Peindre-les-d\u00e9tails..v2-150x150.jpg 150w, https:\/\/www.ayudart.org\/wp-content\/uploads\/2013\/05\/8-Peindre-les-d\u00e9tails..v2-100x100.jpg 100w\" sizes=\"auto, (max-width: 150px) 100vw, 150px\" \/><\/a><\/td>\n<td><a href=\"https:\/\/www.ayudart.org\/wp-content\/uploads\/2013\/05\/9-Choisir-les-mod\u00e8les-\u00e0-empaquetter-pour-les-envoyer-vers-la-France..v2.jpg\"><img loading=\"lazy\" decoding=\"async\" class=\"size-thumbnail wp-image-2620 aligncenter\" src=\"https:\/\/www.ayudart.org\/wp-content\/uploads\/2013\/05\/9-Choisir-les-mod\u00e8les-\u00e0-empaquetter-pour-les-envoyer-vers-la-France..v2-150x150.jpg\" alt=\"Choisir les mod\u00e8les \u00e0 empaqueter pour les envoyer vers la France.\" width=\"150\" height=\"150\" srcset=\"https:\/\/www.ayudart.org\/wp-content\/uploads\/2013\/05\/9-Choisir-les-mod\u00e8les-\u00e0-empaquetter-pour-les-envoyer-vers-la-France..v2-150x150.jpg 150w, https:\/\/www.ayudart.org\/wp-content\/uploads\/2013\/05\/9-Choisir-les-mod\u00e8les-\u00e0-empaquetter-pour-les-envoyer-vers-la-France..v2-100x100.jpg 100w\" sizes=\"auto, (max-width: 150px) 100vw, 150px\" \/><\/a><\/td>\n<td><a href=\"https:\/\/www.ayudart.org\/wp-content\/uploads\/2013\/05\/creches.v2.jpg\"><img loading=\"lazy\" decoding=\"async\" class=\"size-thumbnail wp-image-2609 aligncenter\" src=\"https:\/\/www.ayudart.org\/wp-content\/uploads\/2013\/05\/creches.v2-150x150.jpg\" alt=\"\" width=\"150\" height=\"150\" srcset=\"https:\/\/www.ayudart.org\/wp-content\/uploads\/2013\/05\/creches.v2-150x150.jpg 150w, https:\/\/www.ayudart.org\/wp-content\/uploads\/2013\/05\/creches.v2-100x100.jpg 100w\" sizes=\"auto, (max-width: 150px) 100vw, 150px\" \/><\/a><\/td>\n<\/tr>\n<\/tbody>\n<\/table>\n","protected":false},"excerpt":{"rendered":"<p>Clay, Andes ground, agility, meticulousness, engobes, natural color, Ayacucho traditions, brush in Alpaca bristle, patience and the love of pottery\u2026 It is your turn to discover Cirilio family. Their art gives life and color to Peru\u2019s ground.<\/p>\n","protected":false},"author":2,"featured_media":0,"parent":10,"menu_order":0,"comment_status":"closed","ping_status":"closed","template":"","meta":{"footnotes":""},"class_list":["post-1929","page","type-page","status-publish","hentry"],"yoast_head":"<!-- This site is optimized with the Yoast SEO plugin v27.5 - https:\/\/yoast.com\/product\/yoast-seo-wordpress\/ -->\n<title>Cirilio &amp; Angelica, ceramic crib<\/title>\n<meta name=\"robots\" content=\"index, follow, max-snippet:-1, max-image-preview:large, max-video-preview:-1\" \/>\n<link rel=\"canonical\" href=\"https:\/\/www.ayudart.org\/en\/demarche-ethique\/cirilio-angelica\/\" \/>\n<meta property=\"og:locale\" content=\"en_US\" \/>\n<meta property=\"og:locale:alternate\" content=\"fr_FR\" \/>\n<meta property=\"og:locale:alternate\" content=\"es_ES\" \/>\n<meta property=\"og:type\" content=\"article\" \/>\n<meta property=\"og:title\" content=\"Cirilio &amp; Angelica, ceramic crib\" \/>\n<meta property=\"og:description\" content=\"Clay, Andes ground, agility, meticulousness, engobes, natural color, Ayacucho traditions, brush in Alpaca bristle, patience and the love of pottery\u2026 It is your turn to discover Cirilio family. Their art gives life and color to Peru\u2019s ground.\" \/>\n<meta property=\"og:url\" content=\"https:\/\/www.ayudart.org\/en\/demarche-ethique\/cirilio-angelica\/\" \/>\n<meta property=\"og:site_name\" content=\"Ayud&#039;Art - Association d&#039;aide aux enfants des rues du P\u00e9rou\" \/>\n<meta property=\"article:publisher\" content=\"https:\/\/www.facebook.com\/AyudArt\" \/>\n<meta property=\"article:modified_time\" content=\"2018-12-21T20:46:42+00:00\" \/>\n<meta property=\"og:image\" content=\"https:\/\/www.ayudart.org\/wp-content\/uploads\/2013\/05\/0-Cirilio.v2-150x150.jpg\" \/>\n<meta name=\"twitter:card\" content=\"summary_large_image\" \/>\n<meta name=\"twitter:label1\" content=\"Est. reading time\" \/>\n\t<meta name=\"twitter:data1\" content=\"1 minute\" \/>\n<script type=\"application\/ld+json\" class=\"yoast-schema-graph\">{\"@context\":\"https:\\\/\\\/schema.org\",\"@graph\":[{\"@type\":\"WebPage\",\"@id\":\"https:\\\/\\\/www.ayudart.org\\\/demarche-ethique\\\/cirilio-angelica\\\/\",\"url\":\"https:\\\/\\\/www.ayudart.org\\\/demarche-ethique\\\/cirilio-angelica\\\/\",\"name\":\"Cirilio & Angelica, ceramic crib\",\"isPartOf\":{\"@id\":\"https:\\\/\\\/www.ayudart.org\\\/#website\"},\"primaryImageOfPage\":{\"@id\":\"https:\\\/\\\/www.ayudart.org\\\/demarche-ethique\\\/cirilio-angelica\\\/#primaryimage\"},\"image\":{\"@id\":\"https:\\\/\\\/www.ayudart.org\\\/demarche-ethique\\\/cirilio-angelica\\\/#primaryimage\"},\"thumbnailUrl\":\"https:\\\/\\\/www.ayudart.org\\\/wp-content\\\/uploads\\\/2013\\\/05\\\/0-Cirilio.v2-150x150.jpg\",\"datePublished\":\"2013-05-20T07:28:46+00:00\",\"dateModified\":\"2018-12-21T20:46:42+00:00\",\"breadcrumb\":{\"@id\":\"https:\\\/\\\/www.ayudart.org\\\/demarche-ethique\\\/cirilio-angelica\\\/#breadcrumb\"},\"inLanguage\":\"en-US\",\"potentialAction\":[{\"@type\":\"ReadAction\",\"target\":[\"https:\\\/\\\/www.ayudart.org\\\/demarche-ethique\\\/cirilio-angelica\\\/\"]}]},{\"@type\":\"ImageObject\",\"inLanguage\":\"en-US\",\"@id\":\"https:\\\/\\\/www.ayudart.org\\\/demarche-ethique\\\/cirilio-angelica\\\/#primaryimage\",\"url\":\"https:\\\/\\\/www.ayudart.org\\\/wp-content\\\/uploads\\\/2013\\\/05\\\/0-Cirilio.v2-150x150.jpg\",\"contentUrl\":\"https:\\\/\\\/www.ayudart.org\\\/wp-content\\\/uploads\\\/2013\\\/05\\\/0-Cirilio.v2-150x150.jpg\"},{\"@type\":\"BreadcrumbList\",\"@id\":\"https:\\\/\\\/www.ayudart.org\\\/demarche-ethique\\\/cirilio-angelica\\\/#breadcrumb\",\"itemListElement\":[{\"@type\":\"ListItem\",\"position\":1,\"name\":\"Accueil\",\"item\":\"https:\\\/\\\/www.ayudart.org\\\/\"},{\"@type\":\"ListItem\",\"position\":2,\"name\":\"Le commerce \u00e9thique\",\"item\":\"https:\\\/\\\/www.ayudart.org\\\/demarche-ethique\\\/\"},{\"@type\":\"ListItem\",\"position\":3,\"name\":\"Cirilio &#038; Angelica, cr\u00e8ches en c\u00e9ramique\"}]},{\"@type\":\"WebSite\",\"@id\":\"https:\\\/\\\/www.ayudart.org\\\/#website\",\"url\":\"https:\\\/\\\/www.ayudart.org\\\/\",\"name\":\"Ayud'Art - Association d'aide aux enfants des rues du P\u00e9rou\",\"description\":\"\",\"publisher\":{\"@id\":\"https:\\\/\\\/www.ayudart.org\\\/#organization\"},\"potentialAction\":[{\"@type\":\"SearchAction\",\"target\":{\"@type\":\"EntryPoint\",\"urlTemplate\":\"https:\\\/\\\/www.ayudart.org\\\/?s={search_term_string}\"},\"query-input\":{\"@type\":\"PropertyValueSpecification\",\"valueRequired\":true,\"valueName\":\"search_term_string\"}}],\"inLanguage\":\"en-US\"},{\"@type\":\"Organization\",\"@id\":\"https:\\\/\\\/www.ayudart.org\\\/#organization\",\"name\":\"Ayud'Art\",\"url\":\"https:\\\/\\\/www.ayudart.org\\\/\",\"logo\":{\"@type\":\"ImageObject\",\"inLanguage\":\"en-US\",\"@id\":\"https:\\\/\\\/www.ayudart.org\\\/#\\\/schema\\\/logo\\\/image\\\/\",\"url\":\"https:\\\/\\\/www.ayudart.org\\\/wp-content\\\/uploads\\\/2018\\\/03\\\/cropped-logo-1000-1.jpg\",\"contentUrl\":\"https:\\\/\\\/www.ayudart.org\\\/wp-content\\\/uploads\\\/2018\\\/03\\\/cropped-logo-1000-1.jpg\",\"width\":547,\"height\":250,\"caption\":\"Ayud'Art\"},\"image\":{\"@id\":\"https:\\\/\\\/www.ayudart.org\\\/#\\\/schema\\\/logo\\\/image\\\/\"},\"sameAs\":[\"https:\\\/\\\/www.facebook.com\\\/AyudArt\",\"https:\\\/\\\/www.instagram.com\\\/ayud.art\\\/\",\"https:\\\/\\\/www.linkedin.com\\\/groups\\\/27245\\\/profile\"]}]}<\/script>\n<!-- \/ Yoast SEO plugin. -->","yoast_head_json":{"title":"Cirilio & Angelica, ceramic crib","robots":{"index":"index","follow":"follow","max-snippet":"max-snippet:-1","max-image-preview":"max-image-preview:large","max-video-preview":"max-video-preview:-1"},"canonical":"https:\/\/www.ayudart.org\/en\/demarche-ethique\/cirilio-angelica\/","og_locale":"en_US","og_type":"article","og_title":"[:fr]Cirilio & Angelica, cr\u00e8ches en c\u00e9ramique[:es]Cirilio &#038; Ang\u00e9lica: nacimientos de cer\u00e1mica[:en]Cirilio & Angelica, ceramic crib[:] - Ayud'Art - Association d'aide aux enfants des rues du P\u00e9rou","og_description":"Clay, Andes ground, agility, meticulousness, engobes, natural color, Ayacucho traditions, brush in Alpaca bristle, patience and the love of pottery\u2026 It is your turn to discover Cirilio family. Their art gives life and color to Peru\u2019s ground.","og_url":"https:\/\/www.ayudart.org\/en\/demarche-ethique\/cirilio-angelica\/","og_site_name":"Ayud'Art - Association d'aide aux enfants des rues du P\u00e9rou","article_publisher":"https:\/\/www.facebook.com\/AyudArt","article_modified_time":"2018-12-21T20:46:42+00:00","og_image":[{"url":"https:\/\/www.ayudart.org\/wp-content\/uploads\/2013\/05\/0-Cirilio.v2-150x150.jpg","type":"","width":"","height":""}],"twitter_card":"summary_large_image","twitter_misc":{"Est. reading time":"1 minute"},"schema":{"@context":"https:\/\/schema.org","@graph":[{"@type":"WebPage","@id":"https:\/\/www.ayudart.org\/demarche-ethique\/cirilio-angelica\/","url":"https:\/\/www.ayudart.org\/demarche-ethique\/cirilio-angelica\/","name":"Cirilio & Angelica, ceramic crib","isPartOf":{"@id":"https:\/\/www.ayudart.org\/#website"},"primaryImageOfPage":{"@id":"https:\/\/www.ayudart.org\/demarche-ethique\/cirilio-angelica\/#primaryimage"},"image":{"@id":"https:\/\/www.ayudart.org\/demarche-ethique\/cirilio-angelica\/#primaryimage"},"thumbnailUrl":"https:\/\/www.ayudart.org\/wp-content\/uploads\/2013\/05\/0-Cirilio.v2-150x150.jpg","datePublished":"2013-05-20T07:28:46+00:00","dateModified":"2018-12-21T20:46:42+00:00","breadcrumb":{"@id":"https:\/\/www.ayudart.org\/demarche-ethique\/cirilio-angelica\/#breadcrumb"},"inLanguage":"en-US","potentialAction":[{"@type":"ReadAction","target":["https:\/\/www.ayudart.org\/demarche-ethique\/cirilio-angelica\/"]}]},{"@type":"ImageObject","inLanguage":"en-US","@id":"https:\/\/www.ayudart.org\/demarche-ethique\/cirilio-angelica\/#primaryimage","url":"https:\/\/www.ayudart.org\/wp-content\/uploads\/2013\/05\/0-Cirilio.v2-150x150.jpg","contentUrl":"https:\/\/www.ayudart.org\/wp-content\/uploads\/2013\/05\/0-Cirilio.v2-150x150.jpg"},{"@type":"BreadcrumbList","@id":"https:\/\/www.ayudart.org\/demarche-ethique\/cirilio-angelica\/#breadcrumb","itemListElement":[{"@type":"ListItem","position":1,"name":"Accueil","item":"https:\/\/www.ayudart.org\/"},{"@type":"ListItem","position":2,"name":"Le commerce \u00e9thique","item":"https:\/\/www.ayudart.org\/demarche-ethique\/"},{"@type":"ListItem","position":3,"name":"Cirilio &#038; Angelica, cr\u00e8ches en c\u00e9ramique"}]},{"@type":"WebSite","@id":"https:\/\/www.ayudart.org\/#website","url":"https:\/\/www.ayudart.org\/","name":"Ayud'Art - Association d'aide aux enfants des rues du P\u00e9rou","description":"","publisher":{"@id":"https:\/\/www.ayudart.org\/#organization"},"potentialAction":[{"@type":"SearchAction","target":{"@type":"EntryPoint","urlTemplate":"https:\/\/www.ayudart.org\/?s={search_term_string}"},"query-input":{"@type":"PropertyValueSpecification","valueRequired":true,"valueName":"search_term_string"}}],"inLanguage":"en-US"},{"@type":"Organization","@id":"https:\/\/www.ayudart.org\/#organization","name":"Ayud'Art","url":"https:\/\/www.ayudart.org\/","logo":{"@type":"ImageObject","inLanguage":"en-US","@id":"https:\/\/www.ayudart.org\/#\/schema\/logo\/image\/","url":"https:\/\/www.ayudart.org\/wp-content\/uploads\/2018\/03\/cropped-logo-1000-1.jpg","contentUrl":"https:\/\/www.ayudart.org\/wp-content\/uploads\/2018\/03\/cropped-logo-1000-1.jpg","width":547,"height":250,"caption":"Ayud'Art"},"image":{"@id":"https:\/\/www.ayudart.org\/#\/schema\/logo\/image\/"},"sameAs":["https:\/\/www.facebook.com\/AyudArt","https:\/\/www.instagram.com\/ayud.art\/","https:\/\/www.linkedin.com\/groups\/27245\/profile"]}]}},"_links":{"self":[{"href":"https:\/\/www.ayudart.org\/en\/wp-json\/wp\/v2\/pages\/1929","targetHints":{"allow":["GET"]}}],"collection":[{"href":"https:\/\/www.ayudart.org\/en\/wp-json\/wp\/v2\/pages"}],"about":[{"href":"https:\/\/www.ayudart.org\/en\/wp-json\/wp\/v2\/types\/page"}],"author":[{"embeddable":true,"href":"https:\/\/www.ayudart.org\/en\/wp-json\/wp\/v2\/users\/2"}],"replies":[{"embeddable":true,"href":"https:\/\/www.ayudart.org\/en\/wp-json\/wp\/v2\/comments?post=1929"}],"version-history":[{"count":5,"href":"https:\/\/www.ayudart.org\/en\/wp-json\/wp\/v2\/pages\/1929\/revisions"}],"predecessor-version":[{"id":3800,"href":"https:\/\/www.ayudart.org\/en\/wp-json\/wp\/v2\/pages\/1929\/revisions\/3800"}],"up":[{"embeddable":true,"href":"https:\/\/www.ayudart.org\/en\/wp-json\/wp\/v2\/pages\/10"}],"wp:attachment":[{"href":"https:\/\/www.ayudart.org\/en\/wp-json\/wp\/v2\/media?parent=1929"}],"curies":[{"name":"wp","href":"https:\/\/api.w.org\/{rel}","templated":true}]}}