{"id":1914,"date":"2013-05-20T09:18:48","date_gmt":"2013-05-20T07:18:48","guid":{"rendered":"\/?page_id=1914"},"modified":"2018-12-21T21:38:22","modified_gmt":"2018-12-21T20:38:22","slug":"amanda","status":"publish","type":"page","link":"https:\/\/www.ayudart.org\/en\/demarche-ethique\/amanda\/","title":{"rendered":"Amanda, fruit cribs"},"content":{"rendered":"\n<p>\n\nAmanda works in a makeshift workshop with her husband in Lima. Both from the North of Peru, they engrave and illustrate calabashes made by their parents in the \u201cchacra\u201d (farm exploitation) in their native town. They impose their children&nbsp; to go to school and they are very mindful of their school results.\n\n<\/p>\n\n\n\n<figure class=\"wp-block-embed-youtube wp-block-embed is-type-video is-provider-youtube wp-embed-aspect-4-3 wp-has-aspect-ratio\"><div class=\"wp-block-embed__wrapper\">\n<iframe loading=\"lazy\" title=\"Le producteur de maracas et de cr\u00e8ches en fruits d&#039;Ayud&#039;Art.\" width=\"525\" height=\"394\" src=\"https:\/\/www.youtube.com\/embed\/jxGBAgz83oI?feature=oembed\" frameborder=\"0\" allow=\"accelerometer; autoplay; clipboard-write; encrypted-media; gyroscope; picture-in-picture; web-share\" referrerpolicy=\"strict-origin-when-cross-origin\" allowfullscreen><\/iframe>\n<\/div><\/figure>\n\n\n<div style=\"text-align: center;\">\u00a0<\/div>\n<table>\n<tbody>\n<tr>\n<td><a href=\"https:\/\/www.ayudart.org\/wp-content\/uploads\/2013\/05\/0.v2.jpg\"><img loading=\"lazy\" decoding=\"async\" class=\"size-thumbnail wp-image-2481 aligncenter\" src=\"https:\/\/www.ayudart.org\/wp-content\/uploads\/2013\/05\/0.v2-150x150.jpg\" alt=\"La calabasse est un fruit de la famille des cucurbitac\u00e9es. Il est utilis\u00e9 a l'\u00e9tat sec pour la fabricaction des cr\u00e8ches et des maracasses.\" width=\"150\" height=\"150\" srcset=\"https:\/\/www.ayudart.org\/wp-content\/uploads\/2013\/05\/0.v2-150x150.jpg 150w, https:\/\/www.ayudart.org\/wp-content\/uploads\/2013\/05\/0.v2-100x100.jpg 100w\" sizes=\"auto, (max-width: 150px) 100vw, 150px\" \/><\/a><\/td>\n<td><a href=\"https:\/\/www.ayudart.org\/wp-content\/uploads\/2013\/05\/1-Au-P\u00e9rou-ces-calebasses-sont-appell\u00e9es-Mat\u00e9..v2.jpg\"><img loading=\"lazy\" decoding=\"async\" class=\"size-thumbnail wp-image-2482 aligncenter\" src=\"https:\/\/www.ayudart.org\/wp-content\/uploads\/2013\/05\/1-Au-P\u00e9rou-ces-calebasses-sont-appell\u00e9es-Mat\u00e9..v2-150x150.jpg\" alt=\"Au P\u00e9rou, ces calebasses sont appell\u00e9es Mat\u00e9.\" width=\"150\" height=\"150\" srcset=\"https:\/\/www.ayudart.org\/wp-content\/uploads\/2013\/05\/1-Au-P\u00e9rou-ces-calebasses-sont-appell\u00e9es-Mat\u00e9..v2-150x150.jpg 150w, https:\/\/www.ayudart.org\/wp-content\/uploads\/2013\/05\/1-Au-P\u00e9rou-ces-calebasses-sont-appell\u00e9es-Mat\u00e9..v2-100x100.jpg 100w\" sizes=\"auto, (max-width: 150px) 100vw, 150px\" \/><\/a><\/td>\n<td><a href=\"https:\/\/www.ayudart.org\/wp-content\/uploads\/2013\/05\/2-Ils-vont-\u00eatre-ouverts-vid\u00e9s-de-leurs-graines-puis-sculpt\u00e9s-avec-ces-outils..v2.jpg\"><img loading=\"lazy\" decoding=\"async\" class=\"size-thumbnail wp-image-2483 aligncenter\" src=\"https:\/\/www.ayudart.org\/wp-content\/uploads\/2013\/05\/2-Ils-vont-\u00eatre-ouverts-vid\u00e9s-de-leurs-graines-puis-sculpt\u00e9s-avec-ces-outils..v2-150x150.jpg\" alt=\"Ils vont \u00eatre ouverts, vid\u00e9s de leurs graines puis sculpt\u00e9s avec ces outils.\" width=\"150\" height=\"150\" srcset=\"https:\/\/www.ayudart.org\/wp-content\/uploads\/2013\/05\/2-Ils-vont-\u00eatre-ouverts-vid\u00e9s-de-leurs-graines-puis-sculpt\u00e9s-avec-ces-outils..v2-150x150.jpg 150w, https:\/\/www.ayudart.org\/wp-content\/uploads\/2013\/05\/2-Ils-vont-\u00eatre-ouverts-vid\u00e9s-de-leurs-graines-puis-sculpt\u00e9s-avec-ces-outils..v2-100x100.jpg 100w\" sizes=\"auto, (max-width: 150px) 100vw, 150px\" \/><\/a><\/td>\n<td><a href=\"https:\/\/www.ayudart.org\/wp-content\/uploads\/2013\/05\/3-Voici-Amada-et-son-mari-dans-leur-atelier..v2.jpg\"><img loading=\"lazy\" decoding=\"async\" class=\"size-thumbnail wp-image-2484 aligncenter\" src=\"https:\/\/www.ayudart.org\/wp-content\/uploads\/2013\/05\/3-Voici-Amada-et-son-mari-dans-leur-atelier..v2-150x150.jpg\" alt=\"Voici Amada et son mari dans leur atelier.\" width=\"150\" height=\"150\" srcset=\"https:\/\/www.ayudart.org\/wp-content\/uploads\/2013\/05\/3-Voici-Amada-et-son-mari-dans-leur-atelier..v2-150x150.jpg 150w, https:\/\/www.ayudart.org\/wp-content\/uploads\/2013\/05\/3-Voici-Amada-et-son-mari-dans-leur-atelier..v2-100x100.jpg 100w\" sizes=\"auto, (max-width: 150px) 100vw, 150px\" \/><\/a><\/td>\n<\/tr>\n<tr>\n<td><a href=\"https:\/\/www.ayudart.org\/wp-content\/uploads\/2013\/05\/4-Amanda-est-sp\u00e9cialis\u00e9e-dans-louverture-et-la-gravure-des-Mat\u00e9s-.v2.jpg\"><img loading=\"lazy\" decoding=\"async\" class=\"size-thumbnail wp-image-2485 aligncenter\" src=\"https:\/\/www.ayudart.org\/wp-content\/uploads\/2013\/05\/4-Amanda-est-sp\u00e9cialis\u00e9e-dans-louverture-et-la-gravure-des-Mat\u00e9s-.v2-150x150.jpg\" alt=\"Amanda est sp\u00e9cialis\u00e9e dans l'ouverture et la gravure des Mat\u00e9s.\" width=\"150\" height=\"150\" srcset=\"https:\/\/www.ayudart.org\/wp-content\/uploads\/2013\/05\/4-Amanda-est-sp\u00e9cialis\u00e9e-dans-louverture-et-la-gravure-des-Mat\u00e9s-.v2-150x150.jpg 150w, https:\/\/www.ayudart.org\/wp-content\/uploads\/2013\/05\/4-Amanda-est-sp\u00e9cialis\u00e9e-dans-louverture-et-la-gravure-des-Mat\u00e9s-.v2-100x100.jpg 100w\" sizes=\"auto, (max-width: 150px) 100vw, 150px\" \/><\/a><\/td>\n<td><a href=\"https:\/\/www.ayudart.org\/wp-content\/uploads\/2013\/05\/5.v21.jpg\"><img loading=\"lazy\" decoding=\"async\" class=\"size-thumbnail wp-image-2486 aligncenter\" src=\"https:\/\/www.ayudart.org\/wp-content\/uploads\/2013\/05\/5.v21-150x150.jpg\" alt=\"\" width=\"150\" height=\"150\" srcset=\"https:\/\/www.ayudart.org\/wp-content\/uploads\/2013\/05\/5.v21-150x150.jpg 150w, https:\/\/www.ayudart.org\/wp-content\/uploads\/2013\/05\/5.v21-100x100.jpg 100w\" sizes=\"auto, (max-width: 150px) 100vw, 150px\" \/><\/a><\/td>\n<td><a href=\"https:\/\/www.ayudart.org\/wp-content\/uploads\/2013\/05\/6-Son-mari-soccupe-de-d\u00e9corer-les-fruits-au-chalumeau.v2.jpg\"><img loading=\"lazy\" decoding=\"async\" class=\"size-thumbnail wp-image-2487 aligncenter\" src=\"https:\/\/www.ayudart.org\/wp-content\/uploads\/2013\/05\/6-Son-mari-soccupe-de-d\u00e9corer-les-fruits-au-chalumeau.v2-150x150.jpg\" alt=\"Son mari s'occupe de d\u00e9corer les fruits au chalumeau\" width=\"150\" height=\"150\" srcset=\"https:\/\/www.ayudart.org\/wp-content\/uploads\/2013\/05\/6-Son-mari-soccupe-de-d\u00e9corer-les-fruits-au-chalumeau.v2-150x150.jpg 150w, https:\/\/www.ayudart.org\/wp-content\/uploads\/2013\/05\/6-Son-mari-soccupe-de-d\u00e9corer-les-fruits-au-chalumeau.v2-100x100.jpg 100w\" sizes=\"auto, (max-width: 150px) 100vw, 150px\" \/><\/a><\/td>\n<td><a href=\"https:\/\/www.ayudart.org\/wp-content\/uploads\/2013\/05\/7.v21.jpg\"><img loading=\"lazy\" decoding=\"async\" class=\"size-thumbnail wp-image-2488 aligncenter\" src=\"https:\/\/www.ayudart.org\/wp-content\/uploads\/2013\/05\/7.v21-150x150.jpg\" alt=\"\" width=\"150\" height=\"150\" srcset=\"https:\/\/www.ayudart.org\/wp-content\/uploads\/2013\/05\/7.v21-150x150.jpg 150w, https:\/\/www.ayudart.org\/wp-content\/uploads\/2013\/05\/7.v21-100x100.jpg 100w\" sizes=\"auto, (max-width: 150px) 100vw, 150px\" \/><\/a><\/td>\n<\/tr>\n<tr>\n<td><a href=\"https:\/\/www.ayudart.org\/wp-content\/uploads\/2013\/05\/8.v2.jpg\"><img loading=\"lazy\" decoding=\"async\" class=\"size-thumbnail wp-image-2489 aligncenter\" src=\"https:\/\/www.ayudart.org\/wp-content\/uploads\/2013\/05\/8.v2-150x150.jpg\" alt=\"\" width=\"150\" height=\"150\" srcset=\"https:\/\/www.ayudart.org\/wp-content\/uploads\/2013\/05\/8.v2-150x150.jpg 150w, https:\/\/www.ayudart.org\/wp-content\/uploads\/2013\/05\/8.v2-100x100.jpg 100w\" sizes=\"auto, (max-width: 150px) 100vw, 150px\" \/><\/a><\/td>\n<td><a href=\"https:\/\/www.ayudart.org\/wp-content\/uploads\/2013\/05\/9Les-fruits-peuvent-\u00eatre-teint\u00e9s-selon-les-mod\u00e8les-de-cr\u00eaches-et-de-maracasses.v2.jpg\"><img loading=\"lazy\" decoding=\"async\" class=\"size-thumbnail wp-image-2490 aligncenter\" src=\"https:\/\/www.ayudart.org\/wp-content\/uploads\/2013\/05\/9Les-fruits-peuvent-\u00eatre-teint\u00e9s-selon-les-mod\u00e8les-de-cr\u00eaches-et-de-maracasses.v2-150x150.jpg\" alt=\"Les fruits peuvent \u00eatre teint\u00e9s selon les mod\u00e8les de cr\u00e8ches et de maracas\" width=\"150\" height=\"150\" srcset=\"https:\/\/www.ayudart.org\/wp-content\/uploads\/2013\/05\/9Les-fruits-peuvent-\u00eatre-teint\u00e9s-selon-les-mod\u00e8les-de-cr\u00eaches-et-de-maracasses.v2-150x150.jpg 150w, https:\/\/www.ayudart.org\/wp-content\/uploads\/2013\/05\/9Les-fruits-peuvent-\u00eatre-teint\u00e9s-selon-les-mod\u00e8les-de-cr\u00eaches-et-de-maracasses.v2-100x100.jpg 100w\" sizes=\"auto, (max-width: 150px) 100vw, 150px\" \/><\/a><\/td>\n<td><a href=\"https:\/\/www.ayudart.org\/wp-content\/uploads\/2013\/05\/10-Les-mat\u00e9s-seront-transform\u00e9s-en-cr\u00e8ches.jpg\"><img loading=\"lazy\" decoding=\"async\" class=\"size-thumbnail wp-image-2491 aligncenter\" src=\"https:\/\/www.ayudart.org\/wp-content\/uploads\/2013\/05\/10-Les-mat\u00e9s-seront-transform\u00e9s-en-cr\u00e8ches-150x150.jpg\" alt=\"Les mat\u00e9s seront transform\u00e9s en cr\u00e8ches\" width=\"150\" height=\"150\" srcset=\"https:\/\/www.ayudart.org\/wp-content\/uploads\/2013\/05\/10-Les-mat\u00e9s-seront-transform\u00e9s-en-cr\u00e8ches-150x150.jpg 150w, https:\/\/www.ayudart.org\/wp-content\/uploads\/2013\/05\/10-Les-mat\u00e9s-seront-transform\u00e9s-en-cr\u00e8ches-100x100.jpg 100w\" sizes=\"auto, (max-width: 150px) 100vw, 150px\" \/><\/a><\/td>\n<td><a href=\"https:\/\/www.ayudart.org\/wp-content\/uploads\/2013\/05\/11-.v2.jpg\"><img loading=\"lazy\" decoding=\"async\" class=\"size-thumbnail wp-image-2492 aligncenter\" src=\"https:\/\/www.ayudart.org\/wp-content\/uploads\/2013\/05\/11-.v2-150x150.jpg\" alt=\"\" width=\"150\" height=\"150\" srcset=\"https:\/\/www.ayudart.org\/wp-content\/uploads\/2013\/05\/11-.v2-150x150.jpg 150w, https:\/\/www.ayudart.org\/wp-content\/uploads\/2013\/05\/11-.v2-100x100.jpg 100w\" sizes=\"auto, (max-width: 150px) 100vw, 150px\" \/><\/a><\/td>\n<\/tr>\n<tr>\n<td>\u00a0<\/td>\n<td><a href=\"https:\/\/www.ayudart.org\/wp-content\/uploads\/2013\/05\/12.v2.jpg\"><img loading=\"lazy\" decoding=\"async\" class=\"size-thumbnail wp-image-2493 aligncenter\" src=\"https:\/\/www.ayudart.org\/wp-content\/uploads\/2013\/05\/12.v2-150x150.jpg\" alt=\"\" width=\"150\" height=\"150\" srcset=\"https:\/\/www.ayudart.org\/wp-content\/uploads\/2013\/05\/12.v2-150x150.jpg 150w, https:\/\/www.ayudart.org\/wp-content\/uploads\/2013\/05\/12.v2-100x100.jpg 100w\" sizes=\"auto, (max-width: 150px) 100vw, 150px\" \/><\/a><\/td>\n<td><a href=\"https:\/\/www.ayudart.org\/wp-content\/uploads\/2013\/05\/13-ou-en-maracas..v2.jpg\"><img loading=\"lazy\" decoding=\"async\" class=\"size-thumbnail wp-image-2480 aligncenter\" src=\"https:\/\/www.ayudart.org\/wp-content\/uploads\/2013\/05\/13-ou-en-maracas..v2-150x150.jpg\" alt=\"ou en maracas.\" width=\"150\" height=\"150\" srcset=\"https:\/\/www.ayudart.org\/wp-content\/uploads\/2013\/05\/13-ou-en-maracas..v2-150x150.jpg 150w, https:\/\/www.ayudart.org\/wp-content\/uploads\/2013\/05\/13-ou-en-maracas..v2-300x300.jpg 300w, https:\/\/www.ayudart.org\/wp-content\/uploads\/2013\/05\/13-ou-en-maracas..v2-100x100.jpg 100w, https:\/\/www.ayudart.org\/wp-content\/uploads\/2013\/05\/13-ou-en-maracas..v2.jpg 340w\" sizes=\"auto, (max-width: 150px) 100vw, 150px\" \/><\/a><\/td>\n<td>\u00a0<\/td>\n<\/tr>\n<\/tbody>\n<\/table>","protected":false},"excerpt":{"rendered":"<p>Amanda works in a makeshift workshop with her husband in Lima. Both from the North of Peru, they engrave and illustrate calabashes made by their parents in the \u201cchacra\u201d (farm exploitation) in their native town. They impose their children&nbsp; to go to school and they are very mindful of their school results. \u00a0 \u00a0 \u00a0<\/p>\n","protected":false},"author":2,"featured_media":0,"parent":10,"menu_order":0,"comment_status":"closed","ping_status":"closed","template":"","meta":{"footnotes":""},"class_list":["post-1914","page","type-page","status-publish","hentry"],"yoast_head":"<!-- This site is optimized with the Yoast SEO plugin v27.6 - https:\/\/yoast.com\/product\/yoast-seo-wordpress\/ -->\n<title>Amanda, fruit cribs<\/title>\n<meta name=\"robots\" content=\"index, follow, max-snippet:-1, max-image-preview:large, max-video-preview:-1\" \/>\n<link rel=\"canonical\" href=\"https:\/\/www.ayudart.org\/en\/demarche-ethique\/amanda\/\" \/>\n<meta property=\"og:locale\" content=\"en_US\" \/>\n<meta property=\"og:locale:alternate\" content=\"fr_FR\" \/>\n<meta property=\"og:locale:alternate\" content=\"es_ES\" \/>\n<meta property=\"og:type\" content=\"article\" \/>\n<meta property=\"og:title\" content=\"Amanda, fruit cribs\" \/>\n<meta property=\"og:description\" content=\"Amanda works in a makeshift workshop with her husband in Lima. Both from the North of Peru, they engrave and illustrate calabashes made by their parents in the \u201cchacra\u201d (farm exploitation) in their native town. They impose their children&nbsp; to go to school and they are very mindful of their school results. \u00a0 \u00a0 \u00a0\" \/>\n<meta property=\"og:url\" content=\"https:\/\/www.ayudart.org\/en\/demarche-ethique\/amanda\/\" \/>\n<meta property=\"og:site_name\" content=\"Ayud&#039;Art - Association d&#039;aide aux enfants des rues du P\u00e9rou\" \/>\n<meta property=\"article:publisher\" content=\"https:\/\/www.facebook.com\/AyudArt\" \/>\n<meta property=\"article:modified_time\" content=\"2018-12-21T20:38:22+00:00\" \/>\n<meta property=\"og:image\" content=\"https:\/\/www.ayudart.org\/wp-content\/uploads\/2013\/05\/0.v2-150x150.jpg\" \/>\n<meta name=\"twitter:card\" content=\"summary_large_image\" \/>\n<meta name=\"twitter:label1\" content=\"Est. reading time\" \/>\n\t<meta name=\"twitter:data1\" content=\"1 minute\" \/>\n<script type=\"application\/ld+json\" class=\"yoast-schema-graph\">{\"@context\":\"https:\\\/\\\/schema.org\",\"@graph\":[{\"@type\":\"WebPage\",\"@id\":\"https:\\\/\\\/www.ayudart.org\\\/demarche-ethique\\\/amanda\\\/\",\"url\":\"https:\\\/\\\/www.ayudart.org\\\/demarche-ethique\\\/amanda\\\/\",\"name\":\"Amanda, fruit cribs\",\"isPartOf\":{\"@id\":\"https:\\\/\\\/www.ayudart.org\\\/#website\"},\"primaryImageOfPage\":{\"@id\":\"https:\\\/\\\/www.ayudart.org\\\/demarche-ethique\\\/amanda\\\/#primaryimage\"},\"image\":{\"@id\":\"https:\\\/\\\/www.ayudart.org\\\/demarche-ethique\\\/amanda\\\/#primaryimage\"},\"thumbnailUrl\":\"https:\\\/\\\/www.ayudart.org\\\/wp-content\\\/uploads\\\/2013\\\/05\\\/0.v2-150x150.jpg\",\"datePublished\":\"2013-05-20T07:18:48+00:00\",\"dateModified\":\"2018-12-21T20:38:22+00:00\",\"breadcrumb\":{\"@id\":\"https:\\\/\\\/www.ayudart.org\\\/demarche-ethique\\\/amanda\\\/#breadcrumb\"},\"inLanguage\":\"en-US\",\"potentialAction\":[{\"@type\":\"ReadAction\",\"target\":[\"https:\\\/\\\/www.ayudart.org\\\/demarche-ethique\\\/amanda\\\/\"]}]},{\"@type\":\"ImageObject\",\"inLanguage\":\"en-US\",\"@id\":\"https:\\\/\\\/www.ayudart.org\\\/demarche-ethique\\\/amanda\\\/#primaryimage\",\"url\":\"https:\\\/\\\/www.ayudart.org\\\/wp-content\\\/uploads\\\/2013\\\/05\\\/0.v2-150x150.jpg\",\"contentUrl\":\"https:\\\/\\\/www.ayudart.org\\\/wp-content\\\/uploads\\\/2013\\\/05\\\/0.v2-150x150.jpg\"},{\"@type\":\"BreadcrumbList\",\"@id\":\"https:\\\/\\\/www.ayudart.org\\\/demarche-ethique\\\/amanda\\\/#breadcrumb\",\"itemListElement\":[{\"@type\":\"ListItem\",\"position\":1,\"name\":\"Accueil\",\"item\":\"https:\\\/\\\/www.ayudart.org\\\/\"},{\"@type\":\"ListItem\",\"position\":2,\"name\":\"Le commerce \u00e9thique\",\"item\":\"https:\\\/\\\/www.ayudart.org\\\/demarche-ethique\\\/\"},{\"@type\":\"ListItem\",\"position\":3,\"name\":\"Amanda, cr\u00e8ches en fruits\"}]},{\"@type\":\"WebSite\",\"@id\":\"https:\\\/\\\/www.ayudart.org\\\/#website\",\"url\":\"https:\\\/\\\/www.ayudart.org\\\/\",\"name\":\"Ayud'Art - Association d'aide aux enfants des rues du P\u00e9rou\",\"description\":\"\",\"publisher\":{\"@id\":\"https:\\\/\\\/www.ayudart.org\\\/#organization\"},\"potentialAction\":[{\"@type\":\"SearchAction\",\"target\":{\"@type\":\"EntryPoint\",\"urlTemplate\":\"https:\\\/\\\/www.ayudart.org\\\/?s={search_term_string}\"},\"query-input\":{\"@type\":\"PropertyValueSpecification\",\"valueRequired\":true,\"valueName\":\"search_term_string\"}}],\"inLanguage\":\"en-US\"},{\"@type\":\"Organization\",\"@id\":\"https:\\\/\\\/www.ayudart.org\\\/#organization\",\"name\":\"Ayud'Art\",\"url\":\"https:\\\/\\\/www.ayudart.org\\\/\",\"logo\":{\"@type\":\"ImageObject\",\"inLanguage\":\"en-US\",\"@id\":\"https:\\\/\\\/www.ayudart.org\\\/#\\\/schema\\\/logo\\\/image\\\/\",\"url\":\"https:\\\/\\\/www.ayudart.org\\\/wp-content\\\/uploads\\\/2018\\\/03\\\/cropped-logo-1000-1.jpg\",\"contentUrl\":\"https:\\\/\\\/www.ayudart.org\\\/wp-content\\\/uploads\\\/2018\\\/03\\\/cropped-logo-1000-1.jpg\",\"width\":547,\"height\":250,\"caption\":\"Ayud'Art\"},\"image\":{\"@id\":\"https:\\\/\\\/www.ayudart.org\\\/#\\\/schema\\\/logo\\\/image\\\/\"},\"sameAs\":[\"https:\\\/\\\/www.facebook.com\\\/AyudArt\",\"https:\\\/\\\/www.instagram.com\\\/ayud.art\\\/\",\"https:\\\/\\\/www.linkedin.com\\\/groups\\\/27245\\\/profile\"]}]}<\/script>\n<!-- \/ Yoast SEO plugin. -->","yoast_head_json":{"title":"Amanda, fruit cribs","robots":{"index":"index","follow":"follow","max-snippet":"max-snippet:-1","max-image-preview":"max-image-preview:large","max-video-preview":"max-video-preview:-1"},"canonical":"https:\/\/www.ayudart.org\/en\/demarche-ethique\/amanda\/","og_locale":"en_US","og_type":"article","og_title":"[:fr]Amanda, cr\u00e8ches en fruits[:es]Amanda: nacimientos de mate burilado[:en]Amanda, fruit cribs[:] - Ayud'Art - Association d'aide aux enfants des rues du P\u00e9rou","og_description":"Amanda works in a makeshift workshop with her husband in Lima. Both from the North of Peru, they engrave and illustrate calabashes made by their parents in the \u201cchacra\u201d (farm exploitation) in their native town. They impose their children&nbsp; to go to school and they are very mindful of their school results. \u00a0 \u00a0 \u00a0","og_url":"https:\/\/www.ayudart.org\/en\/demarche-ethique\/amanda\/","og_site_name":"Ayud'Art - Association d'aide aux enfants des rues du P\u00e9rou","article_publisher":"https:\/\/www.facebook.com\/AyudArt","article_modified_time":"2018-12-21T20:38:22+00:00","og_image":[{"url":"https:\/\/www.ayudart.org\/wp-content\/uploads\/2013\/05\/0.v2-150x150.jpg","type":"","width":"","height":""}],"twitter_card":"summary_large_image","twitter_misc":{"Est. reading time":"1 minute"},"schema":{"@context":"https:\/\/schema.org","@graph":[{"@type":"WebPage","@id":"https:\/\/www.ayudart.org\/demarche-ethique\/amanda\/","url":"https:\/\/www.ayudart.org\/demarche-ethique\/amanda\/","name":"Amanda, fruit cribs","isPartOf":{"@id":"https:\/\/www.ayudart.org\/#website"},"primaryImageOfPage":{"@id":"https:\/\/www.ayudart.org\/demarche-ethique\/amanda\/#primaryimage"},"image":{"@id":"https:\/\/www.ayudart.org\/demarche-ethique\/amanda\/#primaryimage"},"thumbnailUrl":"https:\/\/www.ayudart.org\/wp-content\/uploads\/2013\/05\/0.v2-150x150.jpg","datePublished":"2013-05-20T07:18:48+00:00","dateModified":"2018-12-21T20:38:22+00:00","breadcrumb":{"@id":"https:\/\/www.ayudart.org\/demarche-ethique\/amanda\/#breadcrumb"},"inLanguage":"en-US","potentialAction":[{"@type":"ReadAction","target":["https:\/\/www.ayudart.org\/demarche-ethique\/amanda\/"]}]},{"@type":"ImageObject","inLanguage":"en-US","@id":"https:\/\/www.ayudart.org\/demarche-ethique\/amanda\/#primaryimage","url":"https:\/\/www.ayudart.org\/wp-content\/uploads\/2013\/05\/0.v2-150x150.jpg","contentUrl":"https:\/\/www.ayudart.org\/wp-content\/uploads\/2013\/05\/0.v2-150x150.jpg"},{"@type":"BreadcrumbList","@id":"https:\/\/www.ayudart.org\/demarche-ethique\/amanda\/#breadcrumb","itemListElement":[{"@type":"ListItem","position":1,"name":"Accueil","item":"https:\/\/www.ayudart.org\/"},{"@type":"ListItem","position":2,"name":"Le commerce \u00e9thique","item":"https:\/\/www.ayudart.org\/demarche-ethique\/"},{"@type":"ListItem","position":3,"name":"Amanda, cr\u00e8ches en fruits"}]},{"@type":"WebSite","@id":"https:\/\/www.ayudart.org\/#website","url":"https:\/\/www.ayudart.org\/","name":"Ayud'Art - Association d'aide aux enfants des rues du P\u00e9rou","description":"","publisher":{"@id":"https:\/\/www.ayudart.org\/#organization"},"potentialAction":[{"@type":"SearchAction","target":{"@type":"EntryPoint","urlTemplate":"https:\/\/www.ayudart.org\/?s={search_term_string}"},"query-input":{"@type":"PropertyValueSpecification","valueRequired":true,"valueName":"search_term_string"}}],"inLanguage":"en-US"},{"@type":"Organization","@id":"https:\/\/www.ayudart.org\/#organization","name":"Ayud'Art","url":"https:\/\/www.ayudart.org\/","logo":{"@type":"ImageObject","inLanguage":"en-US","@id":"https:\/\/www.ayudart.org\/#\/schema\/logo\/image\/","url":"https:\/\/www.ayudart.org\/wp-content\/uploads\/2018\/03\/cropped-logo-1000-1.jpg","contentUrl":"https:\/\/www.ayudart.org\/wp-content\/uploads\/2018\/03\/cropped-logo-1000-1.jpg","width":547,"height":250,"caption":"Ayud'Art"},"image":{"@id":"https:\/\/www.ayudart.org\/#\/schema\/logo\/image\/"},"sameAs":["https:\/\/www.facebook.com\/AyudArt","https:\/\/www.instagram.com\/ayud.art\/","https:\/\/www.linkedin.com\/groups\/27245\/profile"]}]}},"_links":{"self":[{"href":"https:\/\/www.ayudart.org\/en\/wp-json\/wp\/v2\/pages\/1914","targetHints":{"allow":["GET"]}}],"collection":[{"href":"https:\/\/www.ayudart.org\/en\/wp-json\/wp\/v2\/pages"}],"about":[{"href":"https:\/\/www.ayudart.org\/en\/wp-json\/wp\/v2\/types\/page"}],"author":[{"embeddable":true,"href":"https:\/\/www.ayudart.org\/en\/wp-json\/wp\/v2\/users\/2"}],"replies":[{"embeddable":true,"href":"https:\/\/www.ayudart.org\/en\/wp-json\/wp\/v2\/comments?post=1914"}],"version-history":[{"count":6,"href":"https:\/\/www.ayudart.org\/en\/wp-json\/wp\/v2\/pages\/1914\/revisions"}],"predecessor-version":[{"id":3792,"href":"https:\/\/www.ayudart.org\/en\/wp-json\/wp\/v2\/pages\/1914\/revisions\/3792"}],"up":[{"embeddable":true,"href":"https:\/\/www.ayudart.org\/en\/wp-json\/wp\/v2\/pages\/10"}],"wp:attachment":[{"href":"https:\/\/www.ayudart.org\/en\/wp-json\/wp\/v2\/media?parent=1914"}],"curies":[{"name":"wp","href":"https:\/\/api.w.org\/{rel}","templated":true}]}}