{"id":1719,"date":"2013-05-11T12:47:11","date_gmt":"2013-05-11T10:47:11","guid":{"rendered":"\/?page_id=1719"},"modified":"2018-04-26T08:42:58","modified_gmt":"2018-04-26T06:42:58","slug":"interventions-aupres-des-jeunes","status":"publish","type":"page","link":"https:\/\/www.ayudart.org\/en\/lassoication-ayudart\/interventions-aupres-des-jeunes\/","title":{"rendered":"Intervention with young people"},"content":{"rendered":"<div style=\"text-align: center;\">\n<p>Ayud\u2019Art has been created thanks to a \u00ab project\u00a0for young people\u00bb which still exists. Every adult who takes part into the association work was efore a young man or woman who was sensitized to international solidarity either at school or in the charity world. We think that it is one of our tasks to communicate and make aware those who will take over. To do so, we go to schools from kindergarten to high school, to universities and within projects we share our experiences in the long run.<\/p>\n<\/div>\n<div style=\"text-align: center;\"><\/div>\n<div style=\"text-align: center;\"><\/div>\n<p><strong>IN THE SCHOOL FIELD<\/strong><\/p>\n<table>\n<tbody>\n<tr>\n<td><a href=\"https:\/\/www.ayudart.org\/wp-content\/uploads\/2013\/05\/Interv-IRTS-2.v2.jpg\"><img loading=\"lazy\" decoding=\"async\" class=\"size-thumbnail wp-image-2647 aligncenter\" src=\"https:\/\/www.ayudart.org\/wp-content\/uploads\/2013\/05\/Interv-IRTS-2.v2-150x150.jpg\" alt=\"\" width=\"150\" height=\"150\" srcset=\"https:\/\/www.ayudart.org\/wp-content\/uploads\/2013\/05\/Interv-IRTS-2.v2-150x150.jpg 150w, https:\/\/www.ayudart.org\/wp-content\/uploads\/2013\/05\/Interv-IRTS-2.v2-100x100.jpg 100w\" sizes=\"auto, (max-width: 150px) 100vw, 150px\" \/><\/a><\/td>\n<td><a href=\"https:\/\/www.ayudart.org\/wp-content\/uploads\/2013\/05\/P1150742.v2.jpg\"><img loading=\"lazy\" decoding=\"async\" class=\"size-thumbnail wp-image-2649 aligncenter\" src=\"https:\/\/www.ayudart.org\/wp-content\/uploads\/2013\/05\/P1150742.v2-150x150.jpg\" alt=\"\" width=\"150\" height=\"150\" srcset=\"https:\/\/www.ayudart.org\/wp-content\/uploads\/2013\/05\/P1150742.v2-150x150.jpg 150w, https:\/\/www.ayudart.org\/wp-content\/uploads\/2013\/05\/P1150742.v2-100x100.jpg 100w\" sizes=\"auto, (max-width: 150px) 100vw, 150px\" \/><\/a><\/td>\n<td><a href=\"https:\/\/www.ayudart.org\/wp-content\/uploads\/2013\/05\/P1150735.v2.jpg\"><img loading=\"lazy\" decoding=\"async\" class=\"size-thumbnail wp-image-2648 aligncenter\" src=\"https:\/\/www.ayudart.org\/wp-content\/uploads\/2013\/05\/P1150735.v2-150x150.jpg\" alt=\"\" width=\"150\" height=\"150\" srcset=\"https:\/\/www.ayudart.org\/wp-content\/uploads\/2013\/05\/P1150735.v2-150x150.jpg 150w, https:\/\/www.ayudart.org\/wp-content\/uploads\/2013\/05\/P1150735.v2-100x100.jpg 100w\" sizes=\"auto, (max-width: 150px) 100vw, 150px\" \/><\/a><\/td>\n<td><a href=\"https:\/\/www.ayudart.org\/wp-content\/uploads\/2013\/05\/illuster-lintervention-ds-les-\u00e9coles-4.v2.jpg\"><img loading=\"lazy\" decoding=\"async\" class=\"size-thumbnail wp-image-2645 aligncenter\" src=\"https:\/\/www.ayudart.org\/wp-content\/uploads\/2013\/05\/illuster-lintervention-ds-les-\u00e9coles-4.v2-150x150.jpg\" alt=\"\" width=\"150\" height=\"150\" srcset=\"https:\/\/www.ayudart.org\/wp-content\/uploads\/2013\/05\/illuster-lintervention-ds-les-\u00e9coles-4.v2-150x150.jpg 150w, https:\/\/www.ayudart.org\/wp-content\/uploads\/2013\/05\/illuster-lintervention-ds-les-\u00e9coles-4.v2-100x100.jpg 100w\" sizes=\"auto, (max-width: 150px) 100vw, 150px\" \/><\/a><\/td>\n<\/tr>\n<tr>\n<td><a href=\"https:\/\/www.ayudart.org\/wp-content\/uploads\/2013\/05\/ag-011.v2.jpg\"><img loading=\"lazy\" decoding=\"async\" class=\"size-thumbnail wp-image-2656 aligncenter\" src=\"https:\/\/www.ayudart.org\/wp-content\/uploads\/2013\/05\/ag-011.v2-150x150.jpg\" alt=\"\" width=\"150\" height=\"150\" srcset=\"https:\/\/www.ayudart.org\/wp-content\/uploads\/2013\/05\/ag-011.v2-150x150.jpg 150w, https:\/\/www.ayudart.org\/wp-content\/uploads\/2013\/05\/ag-011.v2-100x100.jpg 100w\" sizes=\"auto, (max-width: 150px) 100vw, 150px\" \/><\/a><\/td>\n<td><a href=\"https:\/\/www.ayudart.org\/wp-content\/uploads\/2013\/05\/conf\u00e9rence-nomeny-et-carnaval2008-021.v2.jpg\"><img loading=\"lazy\" decoding=\"async\" class=\"size-thumbnail wp-image-2642 aligncenter\" src=\"https:\/\/www.ayudart.org\/wp-content\/uploads\/2013\/05\/conf\u00e9rence-nomeny-et-carnaval2008-021.v2-150x150.jpg\" alt=\"\" width=\"150\" height=\"150\" srcset=\"https:\/\/www.ayudart.org\/wp-content\/uploads\/2013\/05\/conf\u00e9rence-nomeny-et-carnaval2008-021.v2-150x150.jpg 150w, https:\/\/www.ayudart.org\/wp-content\/uploads\/2013\/05\/conf\u00e9rence-nomeny-et-carnaval2008-021.v2-100x100.jpg 100w\" sizes=\"auto, (max-width: 150px) 100vw, 150px\" \/><\/a><\/td>\n<td><a href=\"https:\/\/www.ayudart.org\/wp-content\/uploads\/2013\/05\/illuster-lintervention-ds-les-\u00e9coles-1.v2.jpg\"><img loading=\"lazy\" decoding=\"async\" class=\"size-thumbnail wp-image-2644 aligncenter\" src=\"https:\/\/www.ayudart.org\/wp-content\/uploads\/2013\/05\/illuster-lintervention-ds-les-\u00e9coles-1.v2-150x150.jpg\" alt=\"\" width=\"150\" height=\"150\" srcset=\"https:\/\/www.ayudart.org\/wp-content\/uploads\/2013\/05\/illuster-lintervention-ds-les-\u00e9coles-1.v2-150x150.jpg 150w, https:\/\/www.ayudart.org\/wp-content\/uploads\/2013\/05\/illuster-lintervention-ds-les-\u00e9coles-1.v2-100x100.jpg 100w\" sizes=\"auto, (max-width: 150px) 100vw, 150px\" \/><\/a><\/td>\n<td><a href=\"https:\/\/www.ayudart.org\/wp-content\/uploads\/2013\/05\/3.v2.jpg\"><img loading=\"lazy\" decoding=\"async\" class=\"size-thumbnail wp-image-2654 aligncenter\" src=\"https:\/\/www.ayudart.org\/wp-content\/uploads\/2013\/05\/3.v2-150x150.jpg\" alt=\"\" width=\"150\" height=\"150\" srcset=\"https:\/\/www.ayudart.org\/wp-content\/uploads\/2013\/05\/3.v2-150x150.jpg 150w, https:\/\/www.ayudart.org\/wp-content\/uploads\/2013\/05\/3.v2-300x300.jpg 300w, https:\/\/www.ayudart.org\/wp-content\/uploads\/2013\/05\/3.v2-100x100.jpg 100w, https:\/\/www.ayudart.org\/wp-content\/uploads\/2013\/05\/3.v2.jpg 450w\" sizes=\"auto, (max-width: 150px) 100vw, 150px\" \/><\/a><\/td>\n<\/tr>\n<tr>\n<td><a href=\"https:\/\/www.ayudart.org\/wp-content\/uploads\/2013\/05\/IMGP7990.v2.jpg\"><img loading=\"lazy\" decoding=\"async\" class=\"size-thumbnail wp-image-2646 aligncenter\" src=\"https:\/\/www.ayudart.org\/wp-content\/uploads\/2013\/05\/IMGP7990.v2-150x150.jpg\" alt=\"\" width=\"150\" height=\"150\" srcset=\"https:\/\/www.ayudart.org\/wp-content\/uploads\/2013\/05\/IMGP7990.v2-150x150.jpg 150w, https:\/\/www.ayudart.org\/wp-content\/uploads\/2013\/05\/IMGP7990.v2-100x100.jpg 100w\" sizes=\"auto, (max-width: 150px) 100vw, 150px\" \/><\/a><\/td>\n<td><a href=\"https:\/\/www.ayudart.org\/wp-content\/uploads\/2013\/05\/Est-Republicain-decembre-2012.v2.jpg\"><img loading=\"lazy\" decoding=\"async\" class=\"size-thumbnail wp-image-2643 aligncenter\" src=\"https:\/\/www.ayudart.org\/wp-content\/uploads\/2013\/05\/Est-Republicain-decembre-2012.v2-150x150.jpg\" alt=\"\" width=\"150\" height=\"150\" srcset=\"https:\/\/www.ayudart.org\/wp-content\/uploads\/2013\/05\/Est-Republicain-decembre-2012.v2-150x150.jpg 150w, https:\/\/www.ayudart.org\/wp-content\/uploads\/2013\/05\/Est-Republicain-decembre-2012.v2-100x100.jpg 100w\" sizes=\"auto, (max-width: 150px) 100vw, 150px\" \/><\/a><\/td>\n<td><a href=\"https:\/\/www.ayudart.org\/wp-content\/uploads\/2013\/05\/Attachment-1-711149.v2.jpg\"><img loading=\"lazy\" decoding=\"async\" class=\"size-thumbnail wp-image-2657 aligncenter\" src=\"https:\/\/www.ayudart.org\/wp-content\/uploads\/2013\/05\/Attachment-1-711149.v2-150x150.jpg\" alt=\"\" width=\"150\" height=\"150\" srcset=\"https:\/\/www.ayudart.org\/wp-content\/uploads\/2013\/05\/Attachment-1-711149.v2-150x150.jpg 150w, https:\/\/www.ayudart.org\/wp-content\/uploads\/2013\/05\/Attachment-1-711149.v2-100x100.jpg 100w\" sizes=\"auto, (max-width: 150px) 100vw, 150px\" \/><\/a><\/td>\n<td><a href=\"https:\/\/www.ayudart.org\/wp-content\/uploads\/2013\/05\/5.v22.jpg\"><img loading=\"lazy\" decoding=\"async\" class=\"size-thumbnail wp-image-2655 aligncenter\" src=\"https:\/\/www.ayudart.org\/wp-content\/uploads\/2013\/05\/5.v22-150x150.jpg\" alt=\"\" width=\"150\" height=\"150\" srcset=\"https:\/\/www.ayudart.org\/wp-content\/uploads\/2013\/05\/5.v22-150x150.jpg 150w, https:\/\/www.ayudart.org\/wp-content\/uploads\/2013\/05\/5.v22-100x100.jpg 100w\" sizes=\"auto, (max-width: 150px) 100vw, 150px\" \/><\/a><\/td>\n<\/tr>\n<tr>\n<td><a href=\"https:\/\/www.ayudart.org\/wp-content\/uploads\/2013\/05\/illuster-lintervention-ds-les-\u00e9coles-2.v2.jpg\"><img loading=\"lazy\" decoding=\"async\" class=\"size-thumbnail wp-image-2651 aligncenter\" src=\"https:\/\/www.ayudart.org\/wp-content\/uploads\/2013\/05\/illuster-lintervention-ds-les-\u00e9coles-2.v2-150x150.jpg\" alt=\"\" width=\"150\" height=\"150\" srcset=\"https:\/\/www.ayudart.org\/wp-content\/uploads\/2013\/05\/illuster-lintervention-ds-les-\u00e9coles-2.v2-150x150.jpg 150w, https:\/\/www.ayudart.org\/wp-content\/uploads\/2013\/05\/illuster-lintervention-ds-les-\u00e9coles-2.v2-100x100.jpg 100w\" sizes=\"auto, (max-width: 150px) 100vw, 150px\" \/><\/a><\/td>\n<td><a href=\"https:\/\/www.ayudart.org\/wp-content\/uploads\/2013\/05\/2.v2.jpg\"><img loading=\"lazy\" decoding=\"async\" class=\"size-thumbnail wp-image-2653 aligncenter\" src=\"https:\/\/www.ayudart.org\/wp-content\/uploads\/2013\/05\/2.v2-150x150.jpg\" alt=\"\" width=\"150\" height=\"150\" srcset=\"https:\/\/www.ayudart.org\/wp-content\/uploads\/2013\/05\/2.v2-150x150.jpg 150w, https:\/\/www.ayudart.org\/wp-content\/uploads\/2013\/05\/2.v2-300x300.jpg 300w, https:\/\/www.ayudart.org\/wp-content\/uploads\/2013\/05\/2.v2-100x100.jpg 100w, https:\/\/www.ayudart.org\/wp-content\/uploads\/2013\/05\/2.v2.jpg 400w\" sizes=\"auto, (max-width: 150px) 100vw, 150px\" \/><\/a><\/td>\n<td><a href=\"https:\/\/www.ayudart.org\/wp-content\/uploads\/2013\/05\/vl.v2.jpg\"><img loading=\"lazy\" decoding=\"async\" class=\"size-thumbnail wp-image-2652 aligncenter\" src=\"https:\/\/www.ayudart.org\/wp-content\/uploads\/2013\/05\/vl.v2-150x150.jpg\" alt=\"\" width=\"150\" height=\"150\" srcset=\"https:\/\/www.ayudart.org\/wp-content\/uploads\/2013\/05\/vl.v2-150x150.jpg 150w, https:\/\/www.ayudart.org\/wp-content\/uploads\/2013\/05\/vl.v2-100x100.jpg 100w\" sizes=\"auto, (max-width: 150px) 100vw, 150px\" \/><\/a><\/td>\n<td><a href=\"https:\/\/www.ayudart.org\/wp-content\/uploads\/2013\/05\/photo-708055.v2.jpg\"><img loading=\"lazy\" decoding=\"async\" class=\"size-thumbnail wp-image-2650 aligncenter\" src=\"https:\/\/www.ayudart.org\/wp-content\/uploads\/2013\/05\/photo-708055.v2-150x150.jpg\" alt=\"\" width=\"150\" height=\"150\" srcset=\"https:\/\/www.ayudart.org\/wp-content\/uploads\/2013\/05\/photo-708055.v2-150x150.jpg 150w, https:\/\/www.ayudart.org\/wp-content\/uploads\/2013\/05\/photo-708055.v2-100x100.jpg 100w\" sizes=\"auto, (max-width: 150px) 100vw, 150px\" \/><\/a><\/td>\n<\/tr>\n<\/tbody>\n<\/table>\n<p><strong>IN THE CHARITY FIELD<\/strong><\/p>\n<table>\n<tbody>\n<tr>\n<td><a href=\"https:\/\/www.ayudart.org\/wp-content\/uploads\/2013\/05\/IMG_1832.v2.jpg\"><img loading=\"lazy\" decoding=\"async\" class=\"aligncenter wp-image-2662 size-thumbnail\" title=\"Interest young people to themes like international solidarity or Peru by organizing snacks\" src=\"https:\/\/www.ayudart.org\/wp-content\/uploads\/2013\/05\/IMG_1832.v2-150x150.jpg\" alt=\"Interest young people to themes like international solidarity or Peru by organizing snacks\" width=\"150\" height=\"150\" srcset=\"https:\/\/www.ayudart.org\/wp-content\/uploads\/2013\/05\/IMG_1832.v2-150x150.jpg 150w, https:\/\/www.ayudart.org\/wp-content\/uploads\/2013\/05\/IMG_1832.v2-100x100.jpg 100w\" sizes=\"auto, (max-width: 150px) 100vw, 150px\" \/><\/a><\/td>\n<td><a href=\"https:\/\/www.ayudart.org\/wp-content\/uploads\/2013\/05\/2G4.v2.jpg\"><img loading=\"lazy\" decoding=\"async\" class=\"aligncenter wp-image-2661 size-thumbnail\" title=\"discovering Peruvian cuisine, \" src=\"https:\/\/www.ayudart.org\/wp-content\/uploads\/2013\/05\/2G4.v2-150x150.jpg\" alt=\"discovering Peruvian cuisine, \" width=\"150\" height=\"150\" srcset=\"https:\/\/www.ayudart.org\/wp-content\/uploads\/2013\/05\/2G4.v2-150x150.jpg 150w, https:\/\/www.ayudart.org\/wp-content\/uploads\/2013\/05\/2G4.v2-100x100.jpg 100w\" sizes=\"auto, (max-width: 150px) 100vw, 150px\" \/><\/a><\/td>\n<td><a href=\"https:\/\/www.ayudart.org\/wp-content\/uploads\/2013\/05\/2G3.v2.jpg\"><img loading=\"lazy\" decoding=\"async\" class=\"aligncenter wp-image-2660 size-thumbnail\" title=\", realizing flags with them \" src=\"https:\/\/www.ayudart.org\/wp-content\/uploads\/2013\/05\/2G3.v2-150x150.jpg\" alt=\", realizing flags with them \" width=\"150\" height=\"150\" srcset=\"https:\/\/www.ayudart.org\/wp-content\/uploads\/2013\/05\/2G3.v2-150x150.jpg 150w, https:\/\/www.ayudart.org\/wp-content\/uploads\/2013\/05\/2G3.v2-100x100.jpg 100w\" sizes=\"auto, (max-width: 150px) 100vw, 150px\" \/><\/a><\/td>\n<td><a href=\"https:\/\/www.ayudart.org\/wp-content\/uploads\/2013\/05\/2G2.v2.jpg\"><img loading=\"lazy\" decoding=\"async\" class=\"aligncenter wp-image-2659 size-thumbnail\" title=\"or explanatory signs and then show them to others. \" src=\"https:\/\/www.ayudart.org\/wp-content\/uploads\/2013\/05\/2G2.v2-150x150.jpg\" alt=\"or explanatory signs and then show them to others. \" width=\"150\" height=\"150\" srcset=\"https:\/\/www.ayudart.org\/wp-content\/uploads\/2013\/05\/2G2.v2-150x150.jpg 150w, https:\/\/www.ayudart.org\/wp-content\/uploads\/2013\/05\/2G2.v2-100x100.jpg 100w\" sizes=\"auto, (max-width: 150px) 100vw, 150px\" \/><\/a><\/td>\n<\/tr>\n<\/tbody>\n<\/table>\n","protected":false},"excerpt":{"rendered":"<p>Ayud\u2019Art has been created thanks to a \u00ab project\u00a0for young people\u00bb which still exists. Every adult who takes part into the association work was efore a young man or woman who was sensitized to international solidarity either at school or in the charity world. We think that it is one of our tasks to communicate &hellip; <\/p>\n<p class=\"link-more\"><a href=\"https:\/\/www.ayudart.org\/en\/lassoication-ayudart\/interventions-aupres-des-jeunes\/\" class=\"more-link\">Continue reading<span class=\"screen-reader-text\"> &#8220;Intervention with young people&#8221;<\/span><\/a><\/p>\n","protected":false},"author":2,"featured_media":0,"parent":6,"menu_order":0,"comment_status":"closed","ping_status":"closed","template":"","meta":{"footnotes":""},"class_list":["post-1719","page","type-page","status-publish","hentry"],"yoast_head":"<!-- This site is optimized with the Yoast SEO plugin v27.5 - https:\/\/yoast.com\/product\/yoast-seo-wordpress\/ -->\n<title>Intervention with young people<\/title>\n<meta name=\"robots\" content=\"index, follow, max-snippet:-1, max-image-preview:large, max-video-preview:-1\" \/>\n<link rel=\"canonical\" href=\"https:\/\/www.ayudart.org\/en\/lassoication-ayudart\/interventions-aupres-des-jeunes\/\" \/>\n<meta property=\"og:locale\" content=\"en_US\" \/>\n<meta property=\"og:locale:alternate\" content=\"fr_FR\" \/>\n<meta property=\"og:locale:alternate\" content=\"es_ES\" \/>\n<meta property=\"og:type\" content=\"article\" \/>\n<meta property=\"og:title\" content=\"Intervention with young people\" \/>\n<meta property=\"og:description\" content=\"Ayud\u2019Art has been created thanks to a \u00ab project\u00a0for young people\u00bb which still exists. Every adult who takes part into the association work was efore a young man or woman who was sensitized to international solidarity either at school or in the charity world. We think that it is one of our tasks to communicate &hellip; Continue reading &quot;Intervention with young people&quot;\" \/>\n<meta property=\"og:url\" content=\"https:\/\/www.ayudart.org\/en\/lassoication-ayudart\/interventions-aupres-des-jeunes\/\" \/>\n<meta property=\"og:site_name\" content=\"Ayud&#039;Art - Association d&#039;aide aux enfants des rues du P\u00e9rou\" \/>\n<meta property=\"article:publisher\" content=\"https:\/\/www.facebook.com\/AyudArt\" \/>\n<meta property=\"article:modified_time\" content=\"2018-04-26T06:42:58+00:00\" \/>\n<meta property=\"og:image\" content=\"https:\/\/www.ayudart.org\/wp-content\/uploads\/2013\/05\/Interv-IRTS-2.v2-150x150.jpg\" \/>\n<meta name=\"twitter:card\" content=\"summary_large_image\" \/>\n<meta name=\"twitter:label1\" content=\"Est. reading time\" \/>\n\t<meta name=\"twitter:data1\" content=\"1 minute\" \/>\n<script type=\"application\/ld+json\" class=\"yoast-schema-graph\">{\"@context\":\"https:\\\/\\\/schema.org\",\"@graph\":[{\"@type\":\"WebPage\",\"@id\":\"https:\\\/\\\/www.ayudart.org\\\/lassoication-ayudart\\\/interventions-aupres-des-jeunes\\\/\",\"url\":\"https:\\\/\\\/www.ayudart.org\\\/lassoication-ayudart\\\/interventions-aupres-des-jeunes\\\/\",\"name\":\"Intervention with young people\",\"isPartOf\":{\"@id\":\"https:\\\/\\\/www.ayudart.org\\\/#website\"},\"primaryImageOfPage\":{\"@id\":\"https:\\\/\\\/www.ayudart.org\\\/lassoication-ayudart\\\/interventions-aupres-des-jeunes\\\/#primaryimage\"},\"image\":{\"@id\":\"https:\\\/\\\/www.ayudart.org\\\/lassoication-ayudart\\\/interventions-aupres-des-jeunes\\\/#primaryimage\"},\"thumbnailUrl\":\"https:\\\/\\\/www.ayudart.org\\\/wp-content\\\/uploads\\\/2013\\\/05\\\/Interv-IRTS-2.v2-150x150.jpg\",\"datePublished\":\"2013-05-11T10:47:11+00:00\",\"dateModified\":\"2018-04-26T06:42:58+00:00\",\"breadcrumb\":{\"@id\":\"https:\\\/\\\/www.ayudart.org\\\/lassoication-ayudart\\\/interventions-aupres-des-jeunes\\\/#breadcrumb\"},\"inLanguage\":\"en-US\",\"potentialAction\":[{\"@type\":\"ReadAction\",\"target\":[\"https:\\\/\\\/www.ayudart.org\\\/lassoication-ayudart\\\/interventions-aupres-des-jeunes\\\/\"]}]},{\"@type\":\"ImageObject\",\"inLanguage\":\"en-US\",\"@id\":\"https:\\\/\\\/www.ayudart.org\\\/lassoication-ayudart\\\/interventions-aupres-des-jeunes\\\/#primaryimage\",\"url\":\"https:\\\/\\\/www.ayudart.org\\\/wp-content\\\/uploads\\\/2013\\\/05\\\/Interv-IRTS-2.v2-150x150.jpg\",\"contentUrl\":\"https:\\\/\\\/www.ayudart.org\\\/wp-content\\\/uploads\\\/2013\\\/05\\\/Interv-IRTS-2.v2-150x150.jpg\"},{\"@type\":\"BreadcrumbList\",\"@id\":\"https:\\\/\\\/www.ayudart.org\\\/lassoication-ayudart\\\/interventions-aupres-des-jeunes\\\/#breadcrumb\",\"itemListElement\":[{\"@type\":\"ListItem\",\"position\":1,\"name\":\"Accueil\",\"item\":\"https:\\\/\\\/www.ayudart.org\\\/\"},{\"@type\":\"ListItem\",\"position\":2,\"name\":\"L&rsquo;Association Ayud&rsquo;Art\",\"item\":\"https:\\\/\\\/www.ayudart.org\\\/lassoication-ayudart\\\/\"},{\"@type\":\"ListItem\",\"position\":3,\"name\":\"Interventions aupr\u00e8s des jeunes\"}]},{\"@type\":\"WebSite\",\"@id\":\"https:\\\/\\\/www.ayudart.org\\\/#website\",\"url\":\"https:\\\/\\\/www.ayudart.org\\\/\",\"name\":\"Ayud'Art - Association d'aide aux enfants des rues du P\u00e9rou\",\"description\":\"\",\"publisher\":{\"@id\":\"https:\\\/\\\/www.ayudart.org\\\/#organization\"},\"potentialAction\":[{\"@type\":\"SearchAction\",\"target\":{\"@type\":\"EntryPoint\",\"urlTemplate\":\"https:\\\/\\\/www.ayudart.org\\\/?s={search_term_string}\"},\"query-input\":{\"@type\":\"PropertyValueSpecification\",\"valueRequired\":true,\"valueName\":\"search_term_string\"}}],\"inLanguage\":\"en-US\"},{\"@type\":\"Organization\",\"@id\":\"https:\\\/\\\/www.ayudart.org\\\/#organization\",\"name\":\"Ayud'Art\",\"url\":\"https:\\\/\\\/www.ayudart.org\\\/\",\"logo\":{\"@type\":\"ImageObject\",\"inLanguage\":\"en-US\",\"@id\":\"https:\\\/\\\/www.ayudart.org\\\/#\\\/schema\\\/logo\\\/image\\\/\",\"url\":\"https:\\\/\\\/www.ayudart.org\\\/wp-content\\\/uploads\\\/2018\\\/03\\\/cropped-logo-1000-1.jpg\",\"contentUrl\":\"https:\\\/\\\/www.ayudart.org\\\/wp-content\\\/uploads\\\/2018\\\/03\\\/cropped-logo-1000-1.jpg\",\"width\":547,\"height\":250,\"caption\":\"Ayud'Art\"},\"image\":{\"@id\":\"https:\\\/\\\/www.ayudart.org\\\/#\\\/schema\\\/logo\\\/image\\\/\"},\"sameAs\":[\"https:\\\/\\\/www.facebook.com\\\/AyudArt\",\"https:\\\/\\\/www.instagram.com\\\/ayud.art\\\/\",\"https:\\\/\\\/www.linkedin.com\\\/groups\\\/27245\\\/profile\"]}]}<\/script>\n<!-- \/ Yoast SEO plugin. -->","yoast_head_json":{"title":"Intervention with young people","robots":{"index":"index","follow":"follow","max-snippet":"max-snippet:-1","max-image-preview":"max-image-preview:large","max-video-preview":"max-video-preview:-1"},"canonical":"https:\/\/www.ayudart.org\/en\/lassoication-ayudart\/interventions-aupres-des-jeunes\/","og_locale":"en_US","og_type":"article","og_title":"[:fr]Interventions aupr\u00e8s des jeunes[:es]Interventions aupr\u00e8s des jeunes[:en]Intervention with young people[:] - Ayud'Art - Association d'aide aux enfants des rues du P\u00e9rou","og_description":"Ayud\u2019Art has been created thanks to a \u00ab project\u00a0for young people\u00bb which still exists. Every adult who takes part into the association work was efore a young man or woman who was sensitized to international solidarity either at school or in the charity world. We think that it is one of our tasks to communicate &hellip; Continue reading \"Intervention with young people\"","og_url":"https:\/\/www.ayudart.org\/en\/lassoication-ayudart\/interventions-aupres-des-jeunes\/","og_site_name":"Ayud'Art - Association d'aide aux enfants des rues du P\u00e9rou","article_publisher":"https:\/\/www.facebook.com\/AyudArt","article_modified_time":"2018-04-26T06:42:58+00:00","og_image":[{"url":"https:\/\/www.ayudart.org\/wp-content\/uploads\/2013\/05\/Interv-IRTS-2.v2-150x150.jpg","type":"","width":"","height":""}],"twitter_card":"summary_large_image","twitter_misc":{"Est. reading time":"1 minute"},"schema":{"@context":"https:\/\/schema.org","@graph":[{"@type":"WebPage","@id":"https:\/\/www.ayudart.org\/lassoication-ayudart\/interventions-aupres-des-jeunes\/","url":"https:\/\/www.ayudart.org\/lassoication-ayudart\/interventions-aupres-des-jeunes\/","name":"Intervention with young people","isPartOf":{"@id":"https:\/\/www.ayudart.org\/#website"},"primaryImageOfPage":{"@id":"https:\/\/www.ayudart.org\/lassoication-ayudart\/interventions-aupres-des-jeunes\/#primaryimage"},"image":{"@id":"https:\/\/www.ayudart.org\/lassoication-ayudart\/interventions-aupres-des-jeunes\/#primaryimage"},"thumbnailUrl":"https:\/\/www.ayudart.org\/wp-content\/uploads\/2013\/05\/Interv-IRTS-2.v2-150x150.jpg","datePublished":"2013-05-11T10:47:11+00:00","dateModified":"2018-04-26T06:42:58+00:00","breadcrumb":{"@id":"https:\/\/www.ayudart.org\/lassoication-ayudart\/interventions-aupres-des-jeunes\/#breadcrumb"},"inLanguage":"en-US","potentialAction":[{"@type":"ReadAction","target":["https:\/\/www.ayudart.org\/lassoication-ayudart\/interventions-aupres-des-jeunes\/"]}]},{"@type":"ImageObject","inLanguage":"en-US","@id":"https:\/\/www.ayudart.org\/lassoication-ayudart\/interventions-aupres-des-jeunes\/#primaryimage","url":"https:\/\/www.ayudart.org\/wp-content\/uploads\/2013\/05\/Interv-IRTS-2.v2-150x150.jpg","contentUrl":"https:\/\/www.ayudart.org\/wp-content\/uploads\/2013\/05\/Interv-IRTS-2.v2-150x150.jpg"},{"@type":"BreadcrumbList","@id":"https:\/\/www.ayudart.org\/lassoication-ayudart\/interventions-aupres-des-jeunes\/#breadcrumb","itemListElement":[{"@type":"ListItem","position":1,"name":"Accueil","item":"https:\/\/www.ayudart.org\/"},{"@type":"ListItem","position":2,"name":"L&rsquo;Association Ayud&rsquo;Art","item":"https:\/\/www.ayudart.org\/lassoication-ayudart\/"},{"@type":"ListItem","position":3,"name":"Interventions aupr\u00e8s des jeunes"}]},{"@type":"WebSite","@id":"https:\/\/www.ayudart.org\/#website","url":"https:\/\/www.ayudart.org\/","name":"Ayud'Art - Association d'aide aux enfants des rues du P\u00e9rou","description":"","publisher":{"@id":"https:\/\/www.ayudart.org\/#organization"},"potentialAction":[{"@type":"SearchAction","target":{"@type":"EntryPoint","urlTemplate":"https:\/\/www.ayudart.org\/?s={search_term_string}"},"query-input":{"@type":"PropertyValueSpecification","valueRequired":true,"valueName":"search_term_string"}}],"inLanguage":"en-US"},{"@type":"Organization","@id":"https:\/\/www.ayudart.org\/#organization","name":"Ayud'Art","url":"https:\/\/www.ayudart.org\/","logo":{"@type":"ImageObject","inLanguage":"en-US","@id":"https:\/\/www.ayudart.org\/#\/schema\/logo\/image\/","url":"https:\/\/www.ayudart.org\/wp-content\/uploads\/2018\/03\/cropped-logo-1000-1.jpg","contentUrl":"https:\/\/www.ayudart.org\/wp-content\/uploads\/2018\/03\/cropped-logo-1000-1.jpg","width":547,"height":250,"caption":"Ayud'Art"},"image":{"@id":"https:\/\/www.ayudart.org\/#\/schema\/logo\/image\/"},"sameAs":["https:\/\/www.facebook.com\/AyudArt","https:\/\/www.instagram.com\/ayud.art\/","https:\/\/www.linkedin.com\/groups\/27245\/profile"]}]}},"_links":{"self":[{"href":"https:\/\/www.ayudart.org\/en\/wp-json\/wp\/v2\/pages\/1719","targetHints":{"allow":["GET"]}}],"collection":[{"href":"https:\/\/www.ayudart.org\/en\/wp-json\/wp\/v2\/pages"}],"about":[{"href":"https:\/\/www.ayudart.org\/en\/wp-json\/wp\/v2\/types\/page"}],"author":[{"embeddable":true,"href":"https:\/\/www.ayudart.org\/en\/wp-json\/wp\/v2\/users\/2"}],"replies":[{"embeddable":true,"href":"https:\/\/www.ayudart.org\/en\/wp-json\/wp\/v2\/comments?post=1719"}],"version-history":[{"count":3,"href":"https:\/\/www.ayudart.org\/en\/wp-json\/wp\/v2\/pages\/1719\/revisions"}],"predecessor-version":[{"id":3474,"href":"https:\/\/www.ayudart.org\/en\/wp-json\/wp\/v2\/pages\/1719\/revisions\/3474"}],"up":[{"embeddable":true,"href":"https:\/\/www.ayudart.org\/en\/wp-json\/wp\/v2\/pages\/6"}],"wp:attachment":[{"href":"https:\/\/www.ayudart.org\/en\/wp-json\/wp\/v2\/media?parent=1719"}],"curies":[{"name":"wp","href":"https:\/\/api.w.org\/{rel}","templated":true}]}}