{"id":10,"date":"2013-01-22T16:16:04","date_gmt":"2013-01-22T15:16:04","guid":{"rendered":"\/?page_id=10"},"modified":"2018-12-22T10:03:07","modified_gmt":"2018-12-22T09:03:07","slug":"demarche-ethique","status":"publish","type":"page","link":"https:\/\/www.ayudart.org\/en\/demarche-ethique\/","title":{"rendered":"Le commerce \u00e9thique"},"content":{"rendered":"<p><a href=\"https:\/\/www.ayudart.org\/wp-content\/uploads\/2013\/01\/carte-perou.v2.jpg\"><img loading=\"lazy\" decoding=\"async\" class=\"wp-image-1362 alignleft\" src=\"https:\/\/www.ayudart.org\/wp-content\/uploads\/2013\/01\/carte-perou.v2.jpg\" alt=\"carte-perou.v2\" width=\"230\" height=\"203\" srcset=\"https:\/\/www.ayudart.org\/wp-content\/uploads\/2013\/01\/carte-perou.v2.jpg 340w, https:\/\/www.ayudart.org\/wp-content\/uploads\/2013\/01\/carte-perou.v2-300x265.jpg 300w\" sizes=\"auto, (max-width: 230px) 100vw, 230px\" \/><\/a><\/p>\n<p style=\"text-align: justify;\">Pour soutenir financi\u00e8rement le CIMA, Ayud&#8217;Art vend des articles d&#8217;artisanat p\u00e9ruvien en France. Pour que notre action soit la plus juste et \u00e9quitable possible, l\u2019artisanat est achet\u00e9 directement au P\u00e9rou, en ville ou \u00e0 la campagne \u00e0 de petits producteurs, sans financer aucun interm\u00e9diaire et en nous conformant au co\u00fbt de production \u00e9nonc\u00e9 par ces derniers, sans \u00e9craser leur marge commerciale et ce quel que soit le volume d\u2019achat d\u2019Ayud\u2019Art .<\/p>\n<p style=\"text-align: justify;\"><a href=\"https:\/\/www.ayudart.org\/wp-content\/uploads\/2013\/01\/carte.v2.jpg\"><img loading=\"lazy\" decoding=\"async\" class=\" wp-image-1344 alignright\" src=\"https:\/\/www.ayudart.org\/wp-content\/uploads\/2013\/01\/carte.v2.jpg\" alt=\"carte.v2\" width=\"250\" height=\"196\" srcset=\"https:\/\/www.ayudart.org\/wp-content\/uploads\/2013\/01\/carte.v2.jpg 800w, https:\/\/www.ayudart.org\/wp-content\/uploads\/2013\/01\/carte.v2-300x236.jpg 300w, https:\/\/www.ayudart.org\/wp-content\/uploads\/2013\/01\/carte.v2-768x603.jpg 768w\" sizes=\"auto, (max-width: 250px) 100vw, 250px\" \/><\/a>Notre choix s\u2019est orient\u00e9 vers des familles modestes n\u2019appartenant \u00e0 aucune coop\u00e9rative identifi\u00e9e et structur\u00e9e, \u00e0 aucun groupement d\u2019achat et n\u2019ayant pas de label officiel \u00abcommerce \u00e9quitable\u00bb car souvent analphab\u00e8tes, isol\u00e9es et peu organis\u00e9es. Nous attachons une importance fondamentale \u00e0 conna\u00eetre personnellement chaque famille de producteurs que nous suivons dans le temps et \u00e0 laquelle nous rendons visite au moins une fois par an. La majeure partie de nos producteurs vit en zone rurale. Nous souhaitons leur permettre de produire le fruit de savoir-faire ancestraux et \u00e9viter ainsi un exode rural qui conduit bien des enfants au centre CIMA.<\/p>\n<p style=\"text-align: justify;\"><a href=\"https:\/\/www.ayudart.org\/wp-content\/uploads\/2013\/01\/image-intro.v2.jpg\"><img loading=\"lazy\" decoding=\"async\" class=\"size-medium wp-image-1329 alignleft\" src=\"https:\/\/www.ayudart.org\/wp-content\/uploads\/2013\/01\/image-intro.v2-300x200.jpg\" alt=\"image intro.v2\" width=\"300\" height=\"200\" srcset=\"https:\/\/www.ayudart.org\/wp-content\/uploads\/2013\/01\/image-intro.v2-300x200.jpg 300w, https:\/\/www.ayudart.org\/wp-content\/uploads\/2013\/01\/image-intro.v2.jpg 600w\" sizes=\"auto, (max-width: 300px) 100vw, 300px\" \/><\/a>Par cette d\u00e9marche, Ayud&#8217;Art souhaite agir \u00e0 plusieurs niveaux :<\/p>\n<ul style=\"text-align: justify;\">\n<li>Procurer un revenu digne \u00e0 des artisans pour la plupart modestes,<\/li>\n<\/ul>\n<ul style=\"text-align: justify;\">\n<li>Sensibiliser le public fran\u00e7ais \u00e0 la culture p\u00e9ruvienne et \u00e0 une d\u00e9marche de commerce plus juste,<\/li>\n<\/ul>\n<ul>\n<li style=\"text-align: justify;\">Participer concr\u00e8tement aux projets du CIMA, en lui versant le b\u00e9n\u00e9fice des ventes r\u00e9alis\u00e9es.<\/li>\n<\/ul>\n<p><a href=\"https:\/\/www.ayudart.org\/wp-content\/uploads\/2013\/01\/P1170817.v2.jpg\"><img loading=\"lazy\" decoding=\"async\" class=\" wp-image-1916 alignright\" src=\"https:\/\/www.ayudart.org\/wp-content\/uploads\/2013\/01\/P1170817.v2.jpg\" alt=\"P1170817.v2\" width=\"250\" height=\"188\" srcset=\"https:\/\/www.ayudart.org\/wp-content\/uploads\/2013\/01\/P1170817.v2.jpg 800w, https:\/\/www.ayudart.org\/wp-content\/uploads\/2013\/01\/P1170817.v2-300x225.jpg 300w, https:\/\/www.ayudart.org\/wp-content\/uploads\/2013\/01\/P1170817.v2-768x576.jpg 768w\" sizes=\"auto, (max-width: 250px) 100vw, 250px\" \/><\/a><\/p>\n<p style=\"text-align: justify;\">Jessica est notre contact \u00e0 Lima. Transitaire en douane, elle est un relais pr\u00e9cieux qui g\u00e8re une partie des achats d&#8217;artisanat, les relations avec nos producteurs et l&#8217;exportation de l&#8217;artisanat vers la France. C&#8217;est un maillon indispensable \u00e0 la cha\u00eene du commerce \u00e9thique d&#8217;Ayud&#8217;Art.<\/p>\n<p style=\"text-align: justify;\">En France, Ayud&#8217;Art appartient au r\u00e9seau Lorraine, territoire de commerce \u00e9quitable. Nous sommes fiers de vous pr\u00e9senter le travail de nos producteurs :<\/p>\n<table>\n<tbody>\n<tr>\n<td>\n<p style=\"text-align: center;\"><a href=\"\/en\/domingo-echarpeschales-etoles-en-laine-dalpaga\/\"><img loading=\"lazy\" decoding=\"async\" class=\"aligncenter wp-image-1188 size-thumbnail\" src=\"https:\/\/www.ayudart.org\/wp-content\/uploads\/2013\/01\/22222.v2-150x150.jpg\" alt=\"22222.v2\" width=\"150\" height=\"150\" srcset=\"https:\/\/www.ayudart.org\/wp-content\/uploads\/2013\/01\/22222.v2-150x150.jpg 150w, https:\/\/www.ayudart.org\/wp-content\/uploads\/2013\/01\/22222.v2-100x100.jpg 100w\" sizes=\"auto, (max-width: 150px) 100vw, 150px\" \/><\/a><a href=\"https:\/\/www.ayudart.org\/en\/demarche-ethique\/domingo-echarpeschales-etoles-en-laine-dalpaga\/\">Domingo,<\/a><br \/>\nscarf, shawl, alpaca wool stall<\/p>\n<\/td>\n<td><a name=\"flore\"><\/a><\/p>\n<p style=\"text-align: center;\"><a href=\"https:\/\/www.youtube.com\/watch?v=W7KrhAiunqU&#038;fs=1&#038;autoplay=1\" target=\"_blank\" rel=\"noopener\"><img loading=\"lazy\" decoding=\"async\" class=\"aligncenter wp-image-1626 size-thumbnail\" src=\"https:\/\/www.ayudart.org\/wp-content\/uploads\/2013\/01\/SANY0057.v2-150x150.jpg\" alt=\"\" width=\"150\" height=\"150\" srcset=\"https:\/\/www.ayudart.org\/wp-content\/uploads\/2013\/01\/SANY0057.v2-150x150.jpg 150w, https:\/\/www.ayudart.org\/wp-content\/uploads\/2013\/01\/SANY0057.v2-100x100.jpg 100w\" sizes=\"auto, (max-width: 150px) 100vw, 150px\" \/><\/a><a href=\"https:\/\/www.youtube.com\/watch?v=W7KrhAiunqU&#038;fs=1&#038;autoplay=1\" target=\"_blank\" rel=\"noopener\">Flore,<\/a><br \/>\nsmall jackets for children<\/p>\n<\/td>\n<td>\n<p style=\"text-align: center;\"><a href=\"\/en\/amanda\/\"><img loading=\"lazy\" decoding=\"async\" class=\"aligncenter wp-image-1180 size-thumbnail\" src=\"https:\/\/www.ayudart.org\/wp-content\/uploads\/2013\/01\/P10000871.v2-150x150.jpg\" alt=\"P1000087(1).v2\" width=\"150\" height=\"150\" srcset=\"https:\/\/www.ayudart.org\/wp-content\/uploads\/2013\/01\/P10000871.v2-150x150.jpg 150w, https:\/\/www.ayudart.org\/wp-content\/uploads\/2013\/01\/P10000871.v2-100x100.jpg 100w\" sizes=\"auto, (max-width: 150px) 100vw, 150px\" \/><\/a><a href=\"https:\/\/www.ayudart.org\/en\/demarche-ethique\/amanda\/\">Amanda,<\/a><br \/>\nfruit cribs<\/p>\n<\/td>\n<\/tr>\n<tr>\n<td>\n<p style=\"text-align: center;\"><a href=\"\/en\/pedro-producteur-de-bijoux-en-graines\/\"><img loading=\"lazy\" decoding=\"async\" class=\"aligncenter wp-image-1198 size-thumbnail\" src=\"https:\/\/www.ayudart.org\/wp-content\/uploads\/2013\/01\/producteur-de-bijoux.v2-150x150.jpg\" alt=\"producteur de bijoux.v2\" width=\"150\" height=\"150\" srcset=\"https:\/\/www.ayudart.org\/wp-content\/uploads\/2013\/01\/producteur-de-bijoux.v2-150x150.jpg 150w, https:\/\/www.ayudart.org\/wp-content\/uploads\/2013\/01\/producteur-de-bijoux.v2-100x100.jpg 100w\" sizes=\"auto, (max-width: 150px) 100vw, 150px\" \/><\/a><a href=\"https:\/\/www.ayudart.org\/en\/demarche-ethique\/pedro-producteur-de-bijoux-en-graines\/\">Pedro,<\/a><br \/>\nGrain jewel producer<\/p>\n<\/td>\n<td>\n<p style=\"text-align: center;\"><a href=\"\/en\/communaute-willoc-patacancha-mantas-et-teinture-de-la-laine\/\"><img loading=\"lazy\" decoding=\"async\" class=\"aligncenter wp-image-1211 size-thumbnail\" src=\"https:\/\/www.ayudart.org\/wp-content\/uploads\/2013\/01\/P1100261.v2-150x150.jpg\" alt=\"P1100261.v2\" width=\"150\" height=\"150\" srcset=\"https:\/\/www.ayudart.org\/wp-content\/uploads\/2013\/01\/P1100261.v2-150x150.jpg 150w, https:\/\/www.ayudart.org\/wp-content\/uploads\/2013\/01\/P1100261.v2-100x100.jpg 100w\" sizes=\"auto, (max-width: 150px) 100vw, 150px\" \/><\/a><a href=\"https:\/\/www.ayudart.org\/en\/demarche-ethique\/communaute-willoc-patacancha-mantas-et-teinture-de-la-laine\/\">Huilos Patacancha community<\/a><br \/>\nblanket and wool<\/p>\n<\/td>\n<td>\n<p style=\"text-align: center;\"><a href=\"\/en\/manuel-producteur-de-cuir\/ \"><img loading=\"lazy\" decoding=\"async\" class=\"aligncenter wp-image-1176 size-thumbnail\" src=\"https:\/\/www.ayudart.org\/wp-content\/uploads\/2013\/01\/manuel.v2-150x150.jpg\" alt=\"manuel.v2\" width=\"150\" height=\"150\" srcset=\"https:\/\/www.ayudart.org\/wp-content\/uploads\/2013\/01\/manuel.v2-150x150.jpg 150w, https:\/\/www.ayudart.org\/wp-content\/uploads\/2013\/01\/manuel.v2-100x100.jpg 100w\" sizes=\"auto, (max-width: 150px) 100vw, 150px\" \/><\/a><a href=\"https:\/\/www.ayudart.org\/en\/demarche-ethique\/manuel-producteur-de-cuir\/\">Manuel,<\/a><br \/>\nleather producer<\/p>\n<\/td>\n<\/tr>\n<tr>\n<td><a name=\"alicia\"><\/a><\/p>\n<p style=\"text-align: center;\"><a href=\"https:\/\/www.youtube.com\/watch?v=wZtyDeoLIqA&#038;fs=1&#038;autoplay=1\" target=\"_blank\" rel=\"noopener\"><img loading=\"lazy\" decoding=\"async\" class=\"aligncenter wp-image-1630 size-thumbnail\" src=\"https:\/\/www.ayudart.org\/wp-content\/uploads\/2013\/01\/3.v2-150x150.jpg\" alt=\"\" width=\"150\" height=\"150\" srcset=\"https:\/\/www.ayudart.org\/wp-content\/uploads\/2013\/01\/3.v2-150x150.jpg 150w, https:\/\/www.ayudart.org\/wp-content\/uploads\/2013\/01\/3.v2-100x100.jpg 100w\" sizes=\"auto, (max-width: 150px) 100vw, 150px\" \/><\/a>Alicia Huaman,<br \/>\nkits and bags<\/p>\n<\/td>\n<td>\n<p style=\"text-align: center;\"><a href=\"\/en\/cirilio-angelica\/\"><img loading=\"lazy\" decoding=\"async\" class=\"aligncenter wp-image-1655 size-thumbnail\" src=\"https:\/\/www.ayudart.org\/wp-content\/uploads\/2013\/01\/C8.v2-150x150.jpg\" alt=\"\" width=\"150\" height=\"150\" srcset=\"https:\/\/www.ayudart.org\/wp-content\/uploads\/2013\/01\/C8.v2-150x150.jpg 150w, https:\/\/www.ayudart.org\/wp-content\/uploads\/2013\/01\/C8.v2-100x100.jpg 100w\" sizes=\"auto, (max-width: 150px) 100vw, 150px\" \/><\/a><a href=\"https:\/\/www.ayudart.org\/en\/demarche-ethique\/cirilio-angelica\/\">Cirilio &#038; Angelica,<\/a><br \/>\nceramic crib<\/p>\n<\/td>\n<td><a name=\"julia\"><\/a><a href=\"https:\/\/www.youtube.com\/watch?v=_hwwf0keR4s&#038;fs=1&#038;autoplay=1\" target=\"_blank\" rel=\"noopener\"><img loading=\"lazy\" decoding=\"async\" class=\"aligncenter wp-image-2842 size-thumbnail\" src=\"https:\/\/www.ayudart.org\/wp-content\/uploads\/2013\/01\/bijou-argent.v2-150x150.jpg\" alt=\"\" width=\"150\" height=\"150\" srcset=\"https:\/\/www.ayudart.org\/wp-content\/uploads\/2013\/01\/bijou-argent.v2-150x150.jpg 150w, https:\/\/www.ayudart.org\/wp-content\/uploads\/2013\/01\/bijou-argent.v2-100x100.jpg 100w\" sizes=\"auto, (max-width: 150px) 100vw, 150px\" \/><\/a><\/p>\n<p style=\"text-align: center;\">Sergio,<br \/>\nsilver jewelry producer<\/p>\n<\/td>\n<\/tr>\n<tr>\n<td>\n<p style=\"text-align: center;\"><a href=\"\/en\/cleofecelia\/\"><img loading=\"lazy\" decoding=\"async\" class=\"aligncenter wp-image-1439 size-thumbnail\" src=\"https:\/\/www.ayudart.org\/wp-content\/uploads\/2013\/01\/p\u00e9rou1292.v2-150x150.jpg\" alt=\"p\u00e9rou1292.v2\" width=\"150\" height=\"150\" srcset=\"https:\/\/www.ayudart.org\/wp-content\/uploads\/2013\/01\/p\u00e9rou1292.v2-150x150.jpg 150w, https:\/\/www.ayudart.org\/wp-content\/uploads\/2013\/01\/p\u00e9rou1292.v2-100x100.jpg 100w\" sizes=\"auto, (max-width: 150px) 100vw, 150px\" \/><\/a><a href=\"https:\/\/www.ayudart.org\/en\/demarche-ethique\/cleofecelia\/\">Cleofecelia,<\/a><br \/>\nwhooly hat, gloves and sheep<\/p>\n<\/td>\n<td>\n<p style=\"text-align: center;\"><a href=\"\/en\/echiquiers\/\"><img loading=\"lazy\" decoding=\"async\" class=\"aligncenter wp-image-1448 size-thumbnail\" src=\"https:\/\/www.ayudart.org\/wp-content\/uploads\/2013\/01\/IMGP2870.v2-150x150.jpg\" alt=\"IMGP2870.v2\" width=\"150\" height=\"150\" srcset=\"https:\/\/www.ayudart.org\/wp-content\/uploads\/2013\/01\/IMGP2870.v2-150x150.jpg 150w, https:\/\/www.ayudart.org\/wp-content\/uploads\/2013\/01\/IMGP2870.v2-100x100.jpg 100w\" sizes=\"auto, (max-width: 150px) 100vw, 150px\" \/><\/a><a href=\"https:\/\/www.ayudart.org\/en\/demarche-ethique\/echiquiers\/\">The chessboard of <\/a><a href=\"https:\/\/www.ayudart.org\/en\/demarche-ethique\/echiquiers\/\">the Huaman family<\/a><\/p>\n<\/td>\n<td>\n<p style=\"text-align: center;\"><a href=\"\/en\/et\/\"><img loading=\"lazy\" decoding=\"async\" class=\"aligncenter wp-image-3177 size-thumbnail\" src=\"https:\/\/www.ayudart.org\/wp-content\/uploads\/2013\/01\/Assises-par-terre-\u00e0-Ayacucho..v21-150x150.jpg\" alt=\"\" width=\"150\" height=\"150\" srcset=\"https:\/\/www.ayudart.org\/wp-content\/uploads\/2013\/01\/Assises-par-terre-\u00e0-Ayacucho..v21-150x150.jpg 150w, https:\/\/www.ayudart.org\/wp-content\/uploads\/2013\/01\/Assises-par-terre-\u00e0-Ayacucho..v21-100x100.jpg 100w\" sizes=\"auto, (max-width: 150px) 100vw, 150px\" \/><\/a><a href=\"https:\/\/www.ayudart.org\/en\/demarche-ethique\/et\/\">And&#8230;<\/a><\/p>\n<div class=\"fancybox-hidden\">&nbsp;<\/div>\n<\/td>\n<\/tr>\n<\/tbody>\n<\/table>\n","protected":false},"excerpt":{"rendered":"<p>Pour soutenir financi\u00e8rement le CIMA, Ayud&#8217;Art vend des articles d&#8217;artisanat p\u00e9ruvien en France. Pour que notre action soit la plus juste et \u00e9quitable possible, l\u2019artisanat est achet\u00e9 directement au P\u00e9rou, en ville ou \u00e0 la campagne \u00e0 de petits producteurs, sans financer aucun interm\u00e9diaire et en nous conformant au co\u00fbt de production \u00e9nonc\u00e9 par ces &hellip; <\/p>\n<p class=\"link-more\"><a href=\"https:\/\/www.ayudart.org\/en\/demarche-ethique\/\" class=\"more-link\">Continue reading<span class=\"screen-reader-text\"> &#8220;Le commerce \u00e9thique&#8221;<\/span><\/a><\/p>\n","protected":false},"author":2,"featured_media":0,"parent":0,"menu_order":0,"comment_status":"closed","ping_status":"closed","template":"","meta":{"footnotes":""},"class_list":["post-10","page","type-page","status-publish","hentry"],"yoast_head":"<!-- This site is optimized with the Yoast SEO plugin v27.6 - https:\/\/yoast.com\/product\/yoast-seo-wordpress\/ -->\n<title>Le commerce \u00e9thique<\/title>\n<meta name=\"robots\" content=\"index, follow, max-snippet:-1, max-image-preview:large, max-video-preview:-1\" \/>\n<link rel=\"canonical\" href=\"https:\/\/www.ayudart.org\/en\/demarche-ethique\/\" \/>\n<meta property=\"og:locale\" content=\"en_US\" \/>\n<meta property=\"og:locale:alternate\" content=\"fr_FR\" \/>\n<meta property=\"og:locale:alternate\" content=\"es_ES\" \/>\n<meta property=\"og:type\" content=\"article\" \/>\n<meta property=\"og:title\" content=\"Le commerce \u00e9thique\" \/>\n<meta property=\"og:description\" content=\"Pour soutenir financi\u00e8rement le CIMA, Ayud&#8217;Art vend des articles d&#8217;artisanat p\u00e9ruvien en France. Pour que notre action soit la plus juste et \u00e9quitable possible, l\u2019artisanat est achet\u00e9 directement au P\u00e9rou, en ville ou \u00e0 la campagne \u00e0 de petits producteurs, sans financer aucun interm\u00e9diaire et en nous conformant au co\u00fbt de production \u00e9nonc\u00e9 par ces &hellip; Continue reading &quot;Le commerce \u00e9thique&quot;\" \/>\n<meta property=\"og:url\" content=\"https:\/\/www.ayudart.org\/en\/demarche-ethique\/\" \/>\n<meta property=\"og:site_name\" content=\"Ayud&#039;Art - Association d&#039;aide aux enfants des rues du P\u00e9rou\" \/>\n<meta property=\"article:publisher\" content=\"https:\/\/www.facebook.com\/AyudArt\" \/>\n<meta property=\"article:modified_time\" content=\"2018-12-22T09:03:07+00:00\" \/>\n<meta property=\"og:image\" content=\"https:\/\/www.ayudart.org\/wp-content\/uploads\/2013\/01\/carte-perou.v2.jpg\" \/>\n<meta name=\"twitter:card\" content=\"summary_large_image\" \/>\n<meta name=\"twitter:label1\" content=\"Est. reading time\" \/>\n\t<meta name=\"twitter:data1\" content=\"6 minutes\" \/>\n<script type=\"application\/ld+json\" class=\"yoast-schema-graph\">{\"@context\":\"https:\\\/\\\/schema.org\",\"@graph\":[{\"@type\":\"WebPage\",\"@id\":\"https:\\\/\\\/www.ayudart.org\\\/demarche-ethique\\\/\",\"url\":\"https:\\\/\\\/www.ayudart.org\\\/demarche-ethique\\\/\",\"name\":\"Le commerce \u00e9thique\",\"isPartOf\":{\"@id\":\"https:\\\/\\\/www.ayudart.org\\\/#website\"},\"primaryImageOfPage\":{\"@id\":\"https:\\\/\\\/www.ayudart.org\\\/demarche-ethique\\\/#primaryimage\"},\"image\":{\"@id\":\"https:\\\/\\\/www.ayudart.org\\\/demarche-ethique\\\/#primaryimage\"},\"thumbnailUrl\":\"https:\\\/\\\/www.ayudart.org\\\/wp-content\\\/uploads\\\/2013\\\/01\\\/carte-perou.v2.jpg\",\"datePublished\":\"2013-01-22T15:16:04+00:00\",\"dateModified\":\"2018-12-22T09:03:07+00:00\",\"breadcrumb\":{\"@id\":\"https:\\\/\\\/www.ayudart.org\\\/demarche-ethique\\\/#breadcrumb\"},\"inLanguage\":\"en-US\",\"potentialAction\":[{\"@type\":\"ReadAction\",\"target\":[\"https:\\\/\\\/www.ayudart.org\\\/demarche-ethique\\\/\"]}]},{\"@type\":\"ImageObject\",\"inLanguage\":\"en-US\",\"@id\":\"https:\\\/\\\/www.ayudart.org\\\/demarche-ethique\\\/#primaryimage\",\"url\":\"https:\\\/\\\/www.ayudart.org\\\/wp-content\\\/uploads\\\/2013\\\/01\\\/carte-perou.v2.jpg\",\"contentUrl\":\"https:\\\/\\\/www.ayudart.org\\\/wp-content\\\/uploads\\\/2013\\\/01\\\/carte-perou.v2.jpg\"},{\"@type\":\"BreadcrumbList\",\"@id\":\"https:\\\/\\\/www.ayudart.org\\\/demarche-ethique\\\/#breadcrumb\",\"itemListElement\":[{\"@type\":\"ListItem\",\"position\":1,\"name\":\"Accueil\",\"item\":\"https:\\\/\\\/www.ayudart.org\\\/\"},{\"@type\":\"ListItem\",\"position\":2,\"name\":\"Le commerce \u00e9thique\"}]},{\"@type\":\"WebSite\",\"@id\":\"https:\\\/\\\/www.ayudart.org\\\/#website\",\"url\":\"https:\\\/\\\/www.ayudart.org\\\/\",\"name\":\"Ayud'Art - Association d'aide aux enfants des rues du P\u00e9rou\",\"description\":\"\",\"publisher\":{\"@id\":\"https:\\\/\\\/www.ayudart.org\\\/#organization\"},\"potentialAction\":[{\"@type\":\"SearchAction\",\"target\":{\"@type\":\"EntryPoint\",\"urlTemplate\":\"https:\\\/\\\/www.ayudart.org\\\/?s={search_term_string}\"},\"query-input\":{\"@type\":\"PropertyValueSpecification\",\"valueRequired\":true,\"valueName\":\"search_term_string\"}}],\"inLanguage\":\"en-US\"},{\"@type\":\"Organization\",\"@id\":\"https:\\\/\\\/www.ayudart.org\\\/#organization\",\"name\":\"Ayud'Art\",\"url\":\"https:\\\/\\\/www.ayudart.org\\\/\",\"logo\":{\"@type\":\"ImageObject\",\"inLanguage\":\"en-US\",\"@id\":\"https:\\\/\\\/www.ayudart.org\\\/#\\\/schema\\\/logo\\\/image\\\/\",\"url\":\"https:\\\/\\\/www.ayudart.org\\\/wp-content\\\/uploads\\\/2018\\\/03\\\/cropped-logo-1000-1.jpg\",\"contentUrl\":\"https:\\\/\\\/www.ayudart.org\\\/wp-content\\\/uploads\\\/2018\\\/03\\\/cropped-logo-1000-1.jpg\",\"width\":547,\"height\":250,\"caption\":\"Ayud'Art\"},\"image\":{\"@id\":\"https:\\\/\\\/www.ayudart.org\\\/#\\\/schema\\\/logo\\\/image\\\/\"},\"sameAs\":[\"https:\\\/\\\/www.facebook.com\\\/AyudArt\",\"https:\\\/\\\/www.instagram.com\\\/ayud.art\\\/\",\"https:\\\/\\\/www.linkedin.com\\\/groups\\\/27245\\\/profile\"]}]}<\/script>\n<!-- \/ Yoast SEO plugin. -->","yoast_head_json":{"title":"Le commerce \u00e9thique","robots":{"index":"index","follow":"follow","max-snippet":"max-snippet:-1","max-image-preview":"max-image-preview:large","max-video-preview":"max-video-preview:-1"},"canonical":"https:\/\/www.ayudart.org\/en\/demarche-ethique\/","og_locale":"en_US","og_type":"article","og_title":"[:fr]Le commerce \u00e9thique[:es]El comercio \u00e9tico[:en]Le commerce \u00e9thique[:] - Ayud'Art - Association d'aide aux enfants des rues du P\u00e9rou","og_description":"Pour soutenir financi\u00e8rement le CIMA, Ayud&#8217;Art vend des articles d&#8217;artisanat p\u00e9ruvien en France. Pour que notre action soit la plus juste et \u00e9quitable possible, l\u2019artisanat est achet\u00e9 directement au P\u00e9rou, en ville ou \u00e0 la campagne \u00e0 de petits producteurs, sans financer aucun interm\u00e9diaire et en nous conformant au co\u00fbt de production \u00e9nonc\u00e9 par ces &hellip; Continue reading \"Le commerce \u00e9thique\"","og_url":"https:\/\/www.ayudart.org\/en\/demarche-ethique\/","og_site_name":"Ayud'Art - Association d'aide aux enfants des rues du P\u00e9rou","article_publisher":"https:\/\/www.facebook.com\/AyudArt","article_modified_time":"2018-12-22T09:03:07+00:00","og_image":[{"url":"https:\/\/www.ayudart.org\/wp-content\/uploads\/2013\/01\/carte-perou.v2.jpg","type":"","width":"","height":""}],"twitter_card":"summary_large_image","twitter_misc":{"Est. reading time":"6 minutes"},"schema":{"@context":"https:\/\/schema.org","@graph":[{"@type":"WebPage","@id":"https:\/\/www.ayudart.org\/demarche-ethique\/","url":"https:\/\/www.ayudart.org\/demarche-ethique\/","name":"Le commerce \u00e9thique","isPartOf":{"@id":"https:\/\/www.ayudart.org\/#website"},"primaryImageOfPage":{"@id":"https:\/\/www.ayudart.org\/demarche-ethique\/#primaryimage"},"image":{"@id":"https:\/\/www.ayudart.org\/demarche-ethique\/#primaryimage"},"thumbnailUrl":"https:\/\/www.ayudart.org\/wp-content\/uploads\/2013\/01\/carte-perou.v2.jpg","datePublished":"2013-01-22T15:16:04+00:00","dateModified":"2018-12-22T09:03:07+00:00","breadcrumb":{"@id":"https:\/\/www.ayudart.org\/demarche-ethique\/#breadcrumb"},"inLanguage":"en-US","potentialAction":[{"@type":"ReadAction","target":["https:\/\/www.ayudart.org\/demarche-ethique\/"]}]},{"@type":"ImageObject","inLanguage":"en-US","@id":"https:\/\/www.ayudart.org\/demarche-ethique\/#primaryimage","url":"https:\/\/www.ayudart.org\/wp-content\/uploads\/2013\/01\/carte-perou.v2.jpg","contentUrl":"https:\/\/www.ayudart.org\/wp-content\/uploads\/2013\/01\/carte-perou.v2.jpg"},{"@type":"BreadcrumbList","@id":"https:\/\/www.ayudart.org\/demarche-ethique\/#breadcrumb","itemListElement":[{"@type":"ListItem","position":1,"name":"Accueil","item":"https:\/\/www.ayudart.org\/"},{"@type":"ListItem","position":2,"name":"Le commerce \u00e9thique"}]},{"@type":"WebSite","@id":"https:\/\/www.ayudart.org\/#website","url":"https:\/\/www.ayudart.org\/","name":"Ayud'Art - Association d'aide aux enfants des rues du P\u00e9rou","description":"","publisher":{"@id":"https:\/\/www.ayudart.org\/#organization"},"potentialAction":[{"@type":"SearchAction","target":{"@type":"EntryPoint","urlTemplate":"https:\/\/www.ayudart.org\/?s={search_term_string}"},"query-input":{"@type":"PropertyValueSpecification","valueRequired":true,"valueName":"search_term_string"}}],"inLanguage":"en-US"},{"@type":"Organization","@id":"https:\/\/www.ayudart.org\/#organization","name":"Ayud'Art","url":"https:\/\/www.ayudart.org\/","logo":{"@type":"ImageObject","inLanguage":"en-US","@id":"https:\/\/www.ayudart.org\/#\/schema\/logo\/image\/","url":"https:\/\/www.ayudart.org\/wp-content\/uploads\/2018\/03\/cropped-logo-1000-1.jpg","contentUrl":"https:\/\/www.ayudart.org\/wp-content\/uploads\/2018\/03\/cropped-logo-1000-1.jpg","width":547,"height":250,"caption":"Ayud'Art"},"image":{"@id":"https:\/\/www.ayudart.org\/#\/schema\/logo\/image\/"},"sameAs":["https:\/\/www.facebook.com\/AyudArt","https:\/\/www.instagram.com\/ayud.art\/","https:\/\/www.linkedin.com\/groups\/27245\/profile"]}]}},"_links":{"self":[{"href":"https:\/\/www.ayudart.org\/en\/wp-json\/wp\/v2\/pages\/10","targetHints":{"allow":["GET"]}}],"collection":[{"href":"https:\/\/www.ayudart.org\/en\/wp-json\/wp\/v2\/pages"}],"about":[{"href":"https:\/\/www.ayudart.org\/en\/wp-json\/wp\/v2\/types\/page"}],"author":[{"embeddable":true,"href":"https:\/\/www.ayudart.org\/en\/wp-json\/wp\/v2\/users\/2"}],"replies":[{"embeddable":true,"href":"https:\/\/www.ayudart.org\/en\/wp-json\/wp\/v2\/comments?post=10"}],"version-history":[{"count":8,"href":"https:\/\/www.ayudart.org\/en\/wp-json\/wp\/v2\/pages\/10\/revisions"}],"predecessor-version":[{"id":3812,"href":"https:\/\/www.ayudart.org\/en\/wp-json\/wp\/v2\/pages\/10\/revisions\/3812"}],"wp:attachment":[{"href":"https:\/\/www.ayudart.org\/en\/wp-json\/wp\/v2\/media?parent=10"}],"curies":[{"name":"wp","href":"https:\/\/api.w.org\/{rel}","templated":true}]}}